{"id":100,"date":"2014-05-22T17:56:53","date_gmt":"2014-05-22T17:56:53","guid":{"rendered":"http:\/\/10.1.0.51\/blogdareitora\/?page_id=100"},"modified":"2017-10-05T14:12:38","modified_gmt":"2017-10-05T17:12:38","slug":"sobre-a-reitora-2","status":"publish","type":"page","link":"https:\/\/web.ifac.edu.br\/reitora\/sobre-a-reitora-2\/","title":{"rendered":"A Reitora"},"content":{"rendered":"<p style=\"text-align: center;\"><a href=\"http:\/\/web.ifac.edu.br\/reitora\/wp-content\/uploads\/sites\/30\/2014\/05\/Reitora-do-IFAC-Rosana-Cavalcante-dos-Santos.jpg\"><img fetchpriority=\"high\" decoding=\"async\" class=\"wp-image-31 alignleft\" src=\"http:\/\/web.ifac.edu.br\/reitora\/wp-content\/uploads\/sites\/30\/2014\/05\/Reitora-do-IFAC-Rosana-Cavalcante-dos-Santos-284x300.jpg\" alt=\"Rosana Cavalcante dos Santos\" width=\"227\" height=\"240\" \/><\/a><\/p>\n<p style=\"text-align: justify;\">Rosana Cavalcante dos Santos nasceu no dia 04 de abril de 1972, em Rio Branco, Acre.<\/p>\n<p style=\"text-align: justify;\">Formada em Engenharia Agron\u00f4mica, pela Universidade Federal do Acre (UFAC), iniciou sua carreira docente como professora da Secretaria de Estado de Educa\u00e7\u00e3o e Esporte (SEE\/AC). Em 1997, concluiu o curso de especializa\u00e7\u00e3o em Engenharia Ambiental e Sa\u00fade P\u00fablica, pela Universidade de S\u00e3o Paulo (USP).<\/p>\n<p style=\"text-align: justify;\">O mestrado, na \u00e1rea de Agronomia, foi realizado pela Universidade Estadual Paulista J\u00falio Mesquita Filho (UNESP), entre o per\u00edodo de 2000 e 2003. Concluiu o doutorado na mesma institui\u00e7\u00e3o de ensino, tamb\u00e9m em Agronomia. Al\u00e9m da atual forma\u00e7\u00e3o, Rosana Cavalcante dos Santos \u00e9 perita ambiental, com registro no Conselho Regional de Engenharia e Arquitetura do Rio Grande do Norte (CREA\/RN).<\/p>\n<p style=\"text-align: justify;\">Entre 2004 e 2010, assumiu a Diretoria de Controle e Monitoramento da Secretaria de Estado do Meio Ambiente (SEMA\/AC), atuando ainda como coordenadora do Invent\u00e1rio de Res\u00edduos S\u00f3lidos do Acre, do Plano Nacional de Preven\u00e7\u00e3o, Prepara\u00e7\u00e3o e Respostas R\u00e1pidas \u00e0s Emerg\u00eancias Ambientais, e do Plano Estadual de Res\u00edduos S\u00f3lidos.<\/p>\n<p style=\"text-align: justify;\">Ainda neste per\u00edodo, atuou como professora colaboradora no Programa de P\u00f3s-Gradua\u00e7\u00e3o da UFAC, docente no curso<em>latu sensu<\/em> de Manejo de Solos e Recupera\u00e7\u00e3o de \u00c1reas Degradadas da UNINORTE, e como coordenadora do projeto de Quantifica\u00e7\u00e3o de Res\u00edduos Florestais da Ind\u00fastria Madeireira do Acre na FUNTAC. Como pesquisadora, colaborou no projeto Compostagem e Vermicompostagem de Res\u00edduos Urbanos e Industriais do Acre.<\/p>\n<p style=\"text-align: justify;\">Em 2010, ap\u00f3s ser aprovada no concurso p\u00fablico, tomou posse como docente de Agroecologia do Instituto Federal do Acre. Tamb\u00e9m atuou como coordenadora de Pesquisa, Inova\u00e7\u00e3o e Extens\u00e3o, do campus Rio Branco, e criou o Centro Vocacional, Tecnol\u00f3gico de Refer\u00eancia em Agroecologia do Acre (CVT Agroecologia).<\/p>\n<p style=\"text-align: justify;\">Em 2014, assumiu o cargo de reitora <em>pro tempore<\/em> do IFAC. Em 2015, foi a primeira reitora eleita da institui\u00e7\u00e3o. Em abril de 2016, tomou posse como reitora do IFAC, durante cerim\u00f4nia realizada pelo Minist\u00e9rio da Educa\u00e7\u00e3o (MEC), em Bras\u00edlia.<\/p>\n<p style=\"text-align: justify;\"><span style=\"color: #0000ff;\"><a href=\"http:\/\/lattes.cnpq.br\/2754673352772277\"><span style=\"color: #0000ff;\"><em>Veja o curriculum completo na Plataforma Lattes<\/em><\/span><\/a><\/span><\/p>\n","protected":false},"excerpt":{"rendered":"<p>Rosana Cavalcante dos Santos nasceu no dia 04 de abril de 1972, em Rio Branco, Acre. Formada em Engenharia Agron\u00f4mica, pela Universidade Federal do Acre (UFAC), iniciou sua carreira docente como professora da Secretaria de Estado de Educa\u00e7\u00e3o e Esporte (SEE\/AC). Em 1997, concluiu o curso de especializa\u00e7\u00e3o em Engenharia Ambiental e Sa\u00fade P\u00fablica, pela [&hellip;]<\/p>\n","protected":false},"author":16,"featured_media":0,"parent":0,"menu_order":0,"comment_status":"closed","ping_status":"open","template":"page-templates\/full-width.php","meta":{"footnotes":""},"class_list":["post-100","page","type-page","status-publish","hentry"],"_links":{"self":[{"href":"https:\/\/web.ifac.edu.br\/reitora\/wp-json\/wp\/v2\/pages\/100","targetHints":{"allow":["GET"]}}],"collection":[{"href":"https:\/\/web.ifac.edu.br\/reitora\/wp-json\/wp\/v2\/pages"}],"about":[{"href":"https:\/\/web.ifac.edu.br\/reitora\/wp-json\/wp\/v2\/types\/page"}],"author":[{"embeddable":true,"href":"https:\/\/web.ifac.edu.br\/reitora\/wp-json\/wp\/v2\/users\/16"}],"replies":[{"embeddable":true,"href":"https:\/\/web.ifac.edu.br\/reitora\/wp-json\/wp\/v2\/comments?post=100"}],"version-history":[{"count":0,"href":"https:\/\/web.ifac.edu.br\/reitora\/wp-json\/wp\/v2\/pages\/100\/revisions"}],"wp:attachment":[{"href":"https:\/\/web.ifac.edu.br\/reitora\/wp-json\/wp\/v2\/media?parent=100"}],"curies":[{"name":"wp","href":"https:\/\/api.w.org\/{rel}","templated":true}]}}