{"id":3823,"date":"2025-04-11T15:06:45","date_gmt":"2025-04-11T18:06:45","guid":{"rendered":"https:\/\/web.ifac.edu.br\/profnit\/?page_id=3823"},"modified":"2025-04-11T15:25:24","modified_gmt":"2025-04-11T18:25:24","slug":"regimento","status":"publish","type":"page","link":"https:\/\/web.ifac.edu.br\/profnit\/regimento\/","title":{"rendered":"Regimento"},"content":{"rendered":"\t\t<div data-elementor-type=\"wp-page\" data-elementor-id=\"3823\" class=\"elementor elementor-3823\" data-elementor-settings=\"{&quot;ha_cmc_init_switcher&quot;:&quot;no&quot;}\" data-elementor-post-type=\"page\">\n\t\t\t\t\t\t<section class=\"elementor-section elementor-top-section elementor-element elementor-element-1049f539 elementor-section-boxed elementor-section-height-default elementor-section-height-default\" data-id=\"1049f539\" data-element_type=\"section\" data-e-type=\"section\" data-settings=\"{&quot;background_background&quot;:&quot;classic&quot;,&quot;_ha_eqh_enable&quot;:false}\">\n\t\t\t\t\t\t<div class=\"elementor-container elementor-column-gap-default\">\n\t\t\t\t\t<div class=\"elementor-column elementor-col-100 elementor-top-column elementor-element elementor-element-5d16ee12\" data-id=\"5d16ee12\" data-element_type=\"column\" data-e-type=\"column\">\n\t\t\t<div class=\"elementor-widget-wrap elementor-element-populated\">\n\t\t\t\t\t\t<div class=\"elementor-element elementor-element-49ba353c elementor-widget elementor-widget-heading\" data-id=\"49ba353c\" data-element_type=\"widget\" data-e-type=\"widget\" data-widget_type=\"heading.default\">\n\t\t\t\t<div class=\"elementor-widget-container\">\n\t\t\t\t\t<h1 class=\"elementor-heading-title elementor-size-default\">Regimento &amp; Normas<\/h1>\t\t\t\t<\/div>\n\t\t\t\t<\/div>\n\t\t\t\t<section class=\"elementor-section elementor-inner-section elementor-element elementor-element-6a98547c elementor-section-boxed elementor-section-height-default elementor-section-height-default\" data-id=\"6a98547c\" data-element_type=\"section\" data-e-type=\"section\" data-settings=\"{&quot;_ha_eqh_enable&quot;:false}\">\n\t\t\t\t\t\t<div class=\"elementor-container elementor-column-gap-default\">\n\t\t\t\t\t<div class=\"elementor-column elementor-col-33 elementor-inner-column elementor-element elementor-element-77964e39\" data-id=\"77964e39\" data-element_type=\"column\" data-e-type=\"column\">\n\t\t\t<div class=\"elementor-widget-wrap elementor-element-populated\">\n\t\t\t\t\t\t<div data-ha-element-link=\"{&quot;url&quot;:&quot;https:\\\/\\\/web.ifac.edu.br\\\/profnit\\\/wp-content\\\/uploads\\\/sites\\\/62\\\/2025\\\/04\\\/PROFNIT_Regimento-APROVADO-PELO-FORTEC-em-220601.pdf&quot;,&quot;is_external&quot;:&quot;&quot;,&quot;nofollow&quot;:&quot;&quot;}\" style=\"cursor: pointer\" class=\"elementor-element elementor-element-1ea3fd69 elementor-view-default elementor-position-block-start elementor-mobile-position-block-start elementor-widget elementor-widget-icon-box\" data-id=\"1ea3fd69\" data-element_type=\"widget\" data-e-type=\"widget\" data-widget_type=\"icon-box.default\">\n\t\t\t\t<div class=\"elementor-widget-container\">\n\t\t\t\t\t\t\t<div class=\"elementor-icon-box-wrapper\">\n\n\t\t\t\t\t\t<div class=\"elementor-icon-box-icon\">\n\t\t\t\t<a href=\"https:\/\/web.ifac.edu.br\/profnit\/wp-content\/uploads\/sites\/62\/2025\/04\/PROFNIT_Regimento-APROVADO-PELO-FORTEC-em-220601.pdf\" class=\"elementor-icon\" tabindex=\"-1\" aria-label=\"REGIMENTO NACIONAL  DO PROFNIT\">\n\t\t\t\t<i aria-hidden=\"true\" class=\"fas fa-book\"><\/i>\t\t\t\t<\/a>\n\t\t\t<\/div>\n\t\t\t\n\t\t\t\t\t\t<div class=\"elementor-icon-box-content\">\n\n\t\t\t\t\t\t\t\t\t<h4 class=\"elementor-icon-box-title\">\n\t\t\t\t\t\t<a href=\"https:\/\/web.ifac.edu.br\/profnit\/wp-content\/uploads\/sites\/62\/2025\/04\/PROFNIT_Regimento-APROVADO-PELO-FORTEC-em-220601.pdf\" >\n\t\t\t\t\t\t\tREGIMENTO NACIONAL  DO PROFNIT\t\t\t\t\t\t<\/a>\n\t\t\t\t\t<\/h4>\n\t\t\t\t\n\t\t\t\t\t\t\t\t\t<p class=\"elementor-icon-box-description\">\n\t\t\t\t\t\tAprovado pela Diretoria e Diret\u00f3rio do FORTEC em 01 de junho de 2022\t\t\t\t\t<\/p>\n\t\t\t\t\n\t\t\t<\/div>\n\t\t\t\n\t\t<\/div>\n\t\t\t\t\t\t<\/div>\n\t\t\t\t<\/div>\n\t\t\t\t\t<\/div>\n\t\t<\/div>\n\t\t\t\t<div class=\"elementor-column elementor-col-33 elementor-inner-column elementor-element elementor-element-54eaea11\" data-id=\"54eaea11\" data-element_type=\"column\" data-e-type=\"column\">\n\t\t\t<div class=\"elementor-widget-wrap elementor-element-populated\">\n\t\t\t\t\t\t<div data-ha-element-link=\"{&quot;url&quot;:&quot;https:\\\/\\\/web.ifac.edu.br\\\/profnit\\\/wp-content\\\/uploads\\\/sites\\\/62\\\/2025\\\/04\\\/PROFNIT-NormasAcademicas-em-210819_APROVADA_publicada.pdf&quot;,&quot;is_external&quot;:&quot;&quot;,&quot;nofollow&quot;:&quot;&quot;}\" style=\"cursor: pointer\" class=\"elementor-element elementor-element-516b9905 elementor-view-default elementor-position-block-start elementor-mobile-position-block-start elementor-widget elementor-widget-icon-box\" data-id=\"516b9905\" data-element_type=\"widget\" data-e-type=\"widget\" data-widget_type=\"icon-box.default\">\n\t\t\t\t<div class=\"elementor-widget-container\">\n\t\t\t\t\t\t\t<div class=\"elementor-icon-box-wrapper\">\n\n\t\t\t\t\t\t<div class=\"elementor-icon-box-icon\">\n\t\t\t\t<a href=\"https:\/\/web.ifac.edu.br\/profnit\/wp-content\/uploads\/sites\/62\/2025\/04\/PROFNIT-NormasAcademicas-em-210819_APROVADA_publicada.pdf\" class=\"elementor-icon\" tabindex=\"-1\" aria-label=\"NORMAS ACAD\u00caMICAS NACIONAIS\">\n\t\t\t\t<i aria-hidden=\"true\" class=\"fas fa-book-open\"><\/i>\t\t\t\t<\/a>\n\t\t\t<\/div>\n\t\t\t\n\t\t\t\t\t\t<div class=\"elementor-icon-box-content\">\n\n\t\t\t\t\t\t\t\t\t<h4 class=\"elementor-icon-box-title\">\n\t\t\t\t\t\t<a href=\"https:\/\/web.ifac.edu.br\/profnit\/wp-content\/uploads\/sites\/62\/2025\/04\/PROFNIT-NormasAcademicas-em-210819_APROVADA_publicada.pdf\" >\n\t\t\t\t\t\t\tNORMAS ACAD\u00caMICAS NACIONAIS\t\t\t\t\t\t<\/a>\n\t\t\t\t\t<\/h4>\n\t\t\t\t\n\t\t\t\t\t\t\t\t\t<p class=\"elementor-icon-box-description\">\n\t\t\t\t\t\tEste documento \u00e9 complementar ao Regimento Nacional do PROFNIT, compilando as decis\u00f5es da Comiss\u00e3o Acad\u00eamica Nacional\t\t\t\t\t<\/p>\n\t\t\t\t\n\t\t\t<\/div>\n\t\t\t\n\t\t<\/div>\n\t\t\t\t\t\t<\/div>\n\t\t\t\t<\/div>\n\t\t\t\t\t<\/div>\n\t\t<\/div>\n\t\t\t\t<div class=\"elementor-column elementor-col-33 elementor-inner-column elementor-element elementor-element-7dc843c0\" data-id=\"7dc843c0\" data-element_type=\"column\" data-e-type=\"column\">\n\t\t\t<div class=\"elementor-widget-wrap elementor-element-populated\">\n\t\t\t\t\t\t<div data-ha-element-link=\"{&quot;url&quot;:&quot;https:\\\/\\\/web.ifac.edu.br\\\/profnit\\\/wp-content\\\/uploads\\\/sites\\\/62\\\/2025\\\/04\\\/TCC-Cartilha-de-Prod-Tecnico-Tecnologicos-e-Bibliograficos-em-211018o-enviada-para-publicacao-em-04nov21.pdf&quot;,&quot;is_external&quot;:&quot;&quot;,&quot;nofollow&quot;:&quot;&quot;}\" style=\"cursor: pointer\" class=\"elementor-element elementor-element-33f82fc8 elementor-view-default elementor-position-block-start elementor-mobile-position-block-start elementor-widget elementor-widget-icon-box\" data-id=\"33f82fc8\" data-element_type=\"widget\" data-e-type=\"widget\" data-widget_type=\"icon-box.default\">\n\t\t\t\t<div class=\"elementor-widget-container\">\n\t\t\t\t\t\t\t<div class=\"elementor-icon-box-wrapper\">\n\n\t\t\t\t\t\t<div class=\"elementor-icon-box-icon\">\n\t\t\t\t<a href=\"https:\/\/web.ifac.edu.br\/profnit\/wp-content\/uploads\/sites\/62\/2025\/04\/TCC-Cartilha-de-Prod-Tecnico-Tecnologicos-e-Bibliograficos-em-211018o-enviada-para-publicacao-em-04nov21.pdf\" class=\"elementor-icon\" tabindex=\"-1\" aria-label=\"CARTILHA PROFNIT DE PRODUTOS T\u00c9CNICO TECNOL\u00d3GICOS E BIBLIOGR\u00c1FICOS \">\n\t\t\t\t<i aria-hidden=\"true\" class=\"hm hm-book\"><\/i>\t\t\t\t<\/a>\n\t\t\t<\/div>\n\t\t\t\n\t\t\t\t\t\t<div class=\"elementor-icon-box-content\">\n\n\t\t\t\t\t\t\t\t\t<h4 class=\"elementor-icon-box-title\">\n\t\t\t\t\t\t<a href=\"https:\/\/web.ifac.edu.br\/profnit\/wp-content\/uploads\/sites\/62\/2025\/04\/TCC-Cartilha-de-Prod-Tecnico-Tecnologicos-e-Bibliograficos-em-211018o-enviada-para-publicacao-em-04nov21.pdf\" >\n\t\t\t\t\t\t\tCARTILHA PROFNIT DE PRODUTOS T\u00c9CNICO TECNOL\u00d3GICOS E BIBLIOGR\u00c1FICOS \t\t\t\t\t\t<\/a>\n\t\t\t\t\t<\/h4>\n\t\t\t\t\n\t\t\t\t\t\t\t\t\t<p class=\"elementor-icon-box-description\">\n\t\t\t\t\t\tSubs\u00eddio para o desenvolvimento de Trabalhos de Conclus\u00e3o de Curso \t\t\t\t\t<\/p>\n\t\t\t\t\n\t\t\t<\/div>\n\t\t\t\n\t\t<\/div>\n\t\t\t\t\t\t<\/div>\n\t\t\t\t<\/div>\n\t\t\t\t\t<\/div>\n\t\t<\/div>\n\t\t\t\t\t<\/div>\n\t\t<\/section>\n\t\t\t\t<section class=\"elementor-section elementor-inner-section elementor-element elementor-element-41081746 elementor-section-boxed elementor-section-height-default elementor-section-height-default\" data-id=\"41081746\" data-element_type=\"section\" data-e-type=\"section\" data-settings=\"{&quot;_ha_eqh_enable&quot;:false}\">\n\t\t\t\t\t\t<div class=\"elementor-container elementor-column-gap-default\">\n\t\t\t\t\t<div class=\"elementor-column elementor-col-33 elementor-inner-column elementor-element elementor-element-2091fd09\" data-id=\"2091fd09\" data-element_type=\"column\" data-e-type=\"column\">\n\t\t\t<div class=\"elementor-widget-wrap elementor-element-populated\">\n\t\t\t\t\t\t<div data-ha-element-link=\"{&quot;url&quot;:&quot;https:\\\/\\\/web.ifac.edu.br\\\/profnit\\\/wp-content\\\/uploads\\\/sites\\\/62\\\/2025\\\/04\\\/TCC-Manual-Normas-Proj-Qualificacao-e-Defesa-atualizado.pdf&quot;,&quot;is_external&quot;:&quot;&quot;,&quot;nofollow&quot;:&quot;&quot;}\" style=\"cursor: pointer\" class=\"elementor-element elementor-element-5a6dc795 elementor-view-default elementor-position-block-start elementor-mobile-position-block-start elementor-widget elementor-widget-icon-box\" data-id=\"5a6dc795\" data-element_type=\"widget\" data-e-type=\"widget\" data-widget_type=\"icon-box.default\">\n\t\t\t\t<div class=\"elementor-widget-container\">\n\t\t\t\t\t\t\t<div class=\"elementor-icon-box-wrapper\">\n\n\t\t\t\t\t\t<div class=\"elementor-icon-box-icon\">\n\t\t\t\t<a href=\"https:\/\/web.ifac.edu.br\/profnit\/wp-content\/uploads\/sites\/62\/2025\/04\/TCC-Manual-Normas-Proj-Qualificacao-e-Defesa-atualizado.pdf\" class=\"elementor-icon\" tabindex=\"-1\" aria-label=\"MANUAL DE NORMAS\">\n\t\t\t\t<i aria-hidden=\"true\" class=\"huge huge-book-open-02\"><\/i>\t\t\t\t<\/a>\n\t\t\t<\/div>\n\t\t\t\n\t\t\t\t\t\t<div class=\"elementor-icon-box-content\">\n\n\t\t\t\t\t\t\t\t\t<h4 class=\"elementor-icon-box-title\">\n\t\t\t\t\t\t<a href=\"https:\/\/web.ifac.edu.br\/profnit\/wp-content\/uploads\/sites\/62\/2025\/04\/TCC-Manual-Normas-Proj-Qualificacao-e-Defesa-atualizado.pdf\" >\n\t\t\t\t\t\t\tMANUAL DE NORMAS\t\t\t\t\t\t<\/a>\n\t\t\t\t\t<\/h4>\n\t\t\t\t\n\t\t\t\t\t\t\t\t\t<p class=\"elementor-icon-box-description\">\n\t\t\t\t\t\tPara aprova\u00e7\u00e3o de projeto, exame de qualifica\u00e7\u00e3o e defesa de trabalho de conclus\u00e3o de curso\t\t\t\t\t<\/p>\n\t\t\t\t\n\t\t\t<\/div>\n\t\t\t\n\t\t<\/div>\n\t\t\t\t\t\t<\/div>\n\t\t\t\t<\/div>\n\t\t\t\t\t<\/div>\n\t\t<\/div>\n\t\t\t\t<div class=\"elementor-column elementor-col-33 elementor-inner-column elementor-element elementor-element-78c504aa\" data-id=\"78c504aa\" data-element_type=\"column\" data-e-type=\"column\">\n\t\t\t<div class=\"elementor-widget-wrap elementor-element-populated\">\n\t\t\t\t\t\t<div data-ha-element-link=\"{&quot;url&quot;:&quot;https:\\\/\\\/profnit.org.br\\\/marca-profnit\\\/&quot;,&quot;is_external&quot;:&quot;&quot;,&quot;nofollow&quot;:&quot;&quot;}\" style=\"cursor: pointer\" class=\"elementor-element elementor-element-2c72e706 elementor-view-default elementor-position-block-start elementor-mobile-position-block-start elementor-widget elementor-widget-icon-box\" data-id=\"2c72e706\" data-element_type=\"widget\" data-e-type=\"widget\" data-widget_type=\"icon-box.default\">\n\t\t\t\t<div class=\"elementor-widget-container\">\n\t\t\t\t\t\t\t<div class=\"elementor-icon-box-wrapper\">\n\n\t\t\t\t\t\t<div class=\"elementor-icon-box-icon\">\n\t\t\t\t<a href=\"https:\/\/profnit.org.br\/marca-profnit\/\" class=\"elementor-icon\" tabindex=\"-1\" aria-label=\"Marca FORTEC\/PROFNIT\">\n\t\t\t\t<i aria-hidden=\"true\" class=\"hm hm-logo-carousel\"><\/i>\t\t\t\t<\/a>\n\t\t\t<\/div>\n\t\t\t\n\t\t\t\t\t\t<div class=\"elementor-icon-box-content\">\n\n\t\t\t\t\t\t\t\t\t<h4 class=\"elementor-icon-box-title\">\n\t\t\t\t\t\t<a href=\"https:\/\/profnit.org.br\/marca-profnit\/\" >\n\t\t\t\t\t\t\tMarca FORTEC\/PROFNIT\t\t\t\t\t\t<\/a>\n\t\t\t\t\t<\/h4>\n\t\t\t\t\n\t\t\t\t\t\t\t\t\t<p class=\"elementor-icon-box-description\">\n\t\t\t\t\t\tManual da Marca PROFNIT\u00ae <br>\nManual da Marca FORTEC\u00ae\n\t\t\t\t\t<\/p>\n\t\t\t\t\n\t\t\t<\/div>\n\t\t\t\n\t\t<\/div>\n\t\t\t\t\t\t<\/div>\n\t\t\t\t<\/div>\n\t\t\t\t\t<\/div>\n\t\t<\/div>\n\t\t\t\t<div class=\"elementor-column elementor-col-33 elementor-inner-column elementor-element elementor-element-5a7cf3a6\" data-id=\"5a7cf3a6\" data-element_type=\"column\" data-e-type=\"column\">\n\t\t\t<div class=\"elementor-widget-wrap elementor-element-populated\">\n\t\t\t\t\t\t<div data-ha-element-link=\"{&quot;url&quot;:&quot;https:\\\/\\\/www.profnit.org.br\\\/wp-content\\\/uploads\\\/2025\\\/03\\\/PROFNIT_Calendario-Academico-2025_aprovado.pdf&quot;,&quot;is_external&quot;:&quot;&quot;,&quot;nofollow&quot;:&quot;&quot;}\" style=\"cursor: pointer\" class=\"elementor-element elementor-element-47e70ab elementor-view-default elementor-position-block-start elementor-mobile-position-block-start elementor-widget elementor-widget-icon-box\" data-id=\"47e70ab\" data-element_type=\"widget\" data-e-type=\"widget\" data-widget_type=\"icon-box.default\">\n\t\t\t\t<div class=\"elementor-widget-container\">\n\t\t\t\t\t\t\t<div class=\"elementor-icon-box-wrapper\">\n\n\t\t\t\t\t\t<div class=\"elementor-icon-box-icon\">\n\t\t\t\t<a href=\"https:\/\/www.profnit.org.br\/wp-content\/uploads\/2025\/03\/PROFNIT_Calendario-Academico-2025_aprovado.pdf\" class=\"elementor-icon\" tabindex=\"-1\" aria-label=\"Calend\u00e1rio Acad\u00eamico Nacional 2025\">\n\t\t\t\t<i aria-hidden=\"true\" class=\"huge huge-calendar-01\"><\/i>\t\t\t\t<\/a>\n\t\t\t<\/div>\n\t\t\t\n\t\t\t\t\t\t<div class=\"elementor-icon-box-content\">\n\n\t\t\t\t\t\t\t\t\t<h4 class=\"elementor-icon-box-title\">\n\t\t\t\t\t\t<a href=\"https:\/\/www.profnit.org.br\/wp-content\/uploads\/2025\/03\/PROFNIT_Calendario-Academico-2025_aprovado.pdf\" >\n\t\t\t\t\t\t\tCalend\u00e1rio Acad\u00eamico Nacional 2025\t\t\t\t\t\t<\/a>\n\t\t\t\t\t<\/h4>\n\t\t\t\t\n\t\t\t\t\t\t\t\t\t<p class=\"elementor-icon-box-description\">\n\t\t\t\t\t\t(aprovado em 19\/dez\/2024)\t\t\t\t\t<\/p>\n\t\t\t\t\n\t\t\t<\/div>\n\t\t\t\n\t\t<\/div>\n\t\t\t\t\t\t<\/div>\n\t\t\t\t<\/div>\n\t\t\t\t\t<\/div>\n\t\t<\/div>\n\t\t\t\t\t<\/div>\n\t\t<\/section>\n\t\t\t\t\t<\/div>\n\t\t<\/div>\n\t\t\t\t\t<\/div>\n\t\t<\/section>\n\t\t\t\t<\/div>\n\t\t","protected":false},"excerpt":{"rendered":"<p>Regimento &amp; Normas REGIMENTO NACIONAL DO PROFNIT Aprovado pela Diretoria e Diret\u00f3rio do FORTEC em 01 de junho de 2022 NORMAS ACAD\u00caMICAS NACIONAIS Este documento \u00e9 complementar ao Regimento Nacional do PROFNIT, compilando as decis\u00f5es da Comiss\u00e3o Acad\u00eamica Nacional CARTILHA PROFNIT DE PRODUTOS T\u00c9CNICO TECNOL\u00d3GICOS E BIBLIOGR\u00c1FICOS Subs\u00eddio para o desenvolvimento de Trabalhos de Conclus\u00e3o [&hellip;]<\/p>\n","protected":false},"author":15,"featured_media":0,"parent":0,"menu_order":0,"comment_status":"closed","ping_status":"closed","template":"","meta":{"footnotes":""},"class_list":["post-3823","page","type-page","status-publish","hentry"],"_links":{"self":[{"href":"https:\/\/web.ifac.edu.br\/profnit\/wp-json\/wp\/v2\/pages\/3823","targetHints":{"allow":["GET"]}}],"collection":[{"href":"https:\/\/web.ifac.edu.br\/profnit\/wp-json\/wp\/v2\/pages"}],"about":[{"href":"https:\/\/web.ifac.edu.br\/profnit\/wp-json\/wp\/v2\/types\/page"}],"author":[{"embeddable":true,"href":"https:\/\/web.ifac.edu.br\/profnit\/wp-json\/wp\/v2\/users\/15"}],"replies":[{"embeddable":true,"href":"https:\/\/web.ifac.edu.br\/profnit\/wp-json\/wp\/v2\/comments?post=3823"}],"version-history":[{"count":0,"href":"https:\/\/web.ifac.edu.br\/profnit\/wp-json\/wp\/v2\/pages\/3823\/revisions"}],"wp:attachment":[{"href":"https:\/\/web.ifac.edu.br\/profnit\/wp-json\/wp\/v2\/media?parent=3823"}],"curies":[{"name":"wp","href":"https:\/\/api.w.org\/{rel}","templated":true}]}}