{"id":3795,"date":"2025-04-11T14:18:29","date_gmt":"2025-04-11T17:18:29","guid":{"rendered":"https:\/\/web.ifac.edu.br\/profnit\/?page_id=3795"},"modified":"2025-04-11T14:48:36","modified_gmt":"2025-04-11T17:48:36","slug":"calendarios","status":"publish","type":"page","link":"https:\/\/web.ifac.edu.br\/profnit\/calendarios\/","title":{"rendered":"Calend\u00e1rios"},"content":{"rendered":"\t\t<div data-elementor-type=\"wp-page\" data-elementor-id=\"3795\" class=\"elementor elementor-3795\" data-elementor-settings=\"{&quot;ha_cmc_init_switcher&quot;:&quot;no&quot;}\" data-elementor-post-type=\"page\">\n\t\t\t\t\t\t<section class=\"elementor-section elementor-top-section elementor-element elementor-element-c4c4798 elementor-section-boxed elementor-section-height-default elementor-section-height-default\" data-id=\"c4c4798\" data-element_type=\"section\" data-e-type=\"section\" data-settings=\"{&quot;_ha_eqh_enable&quot;:false}\">\n\t\t\t\t\t\t<div class=\"elementor-container elementor-column-gap-default\">\n\t\t\t\t\t<div class=\"elementor-column elementor-col-50 elementor-top-column elementor-element elementor-element-3d006c96\" data-id=\"3d006c96\" data-element_type=\"column\" data-e-type=\"column\">\n\t\t\t<div class=\"elementor-widget-wrap elementor-element-populated\">\n\t\t\t\t\t\t<div class=\"elementor-element elementor-element-2490ea90 elementor-widget elementor-widget-image\" data-id=\"2490ea90\" data-element_type=\"widget\" data-e-type=\"widget\" data-widget_type=\"image.default\">\n\t\t\t\t<div class=\"elementor-widget-container\">\n\t\t\t\t\t\t\t\t\t\t\t\t\t\t\t<img fetchpriority=\"high\" decoding=\"async\" width=\"1536\" height=\"1024\" src=\"https:\/\/web.ifac.edu.br\/profnit\/wp-content\/uploads\/sites\/62\/2025\/04\/calendar_resized_under_1mb.jpg\" class=\"attachment-full size-full wp-image-3804\" alt=\"\" srcset=\"https:\/\/web.ifac.edu.br\/profnit\/wp-content\/uploads\/sites\/62\/2025\/04\/calendar_resized_under_1mb.jpg 1536w, https:\/\/web.ifac.edu.br\/profnit\/wp-content\/uploads\/sites\/62\/2025\/04\/calendar_resized_under_1mb-300x200.jpg 300w, https:\/\/web.ifac.edu.br\/profnit\/wp-content\/uploads\/sites\/62\/2025\/04\/calendar_resized_under_1mb-1024x683.jpg 1024w, https:\/\/web.ifac.edu.br\/profnit\/wp-content\/uploads\/sites\/62\/2025\/04\/calendar_resized_under_1mb-768x512.jpg 768w\" sizes=\"(max-width: 1536px) 100vw, 1536px\" \/>\t\t\t\t\t\t\t\t\t\t\t\t\t\t\t<\/div>\n\t\t\t\t<\/div>\n\t\t\t\t\t<\/div>\n\t\t<\/div>\n\t\t\t\t<div class=\"elementor-column elementor-col-50 elementor-top-column elementor-element elementor-element-7b190caf\" data-id=\"7b190caf\" data-element_type=\"column\" data-e-type=\"column\">\n\t\t\t<div class=\"elementor-widget-wrap elementor-element-populated\">\n\t\t\t\t\t\t<div class=\"elementor-element elementor-element-2ac5349c elementor-widget-divider--view-line elementor-widget elementor-widget-divider\" data-id=\"2ac5349c\" data-element_type=\"widget\" data-e-type=\"widget\" data-widget_type=\"divider.default\">\n\t\t\t\t<div class=\"elementor-widget-container\">\n\t\t\t\t\t\t\t<div class=\"elementor-divider\">\n\t\t\t<span class=\"elementor-divider-separator\">\n\t\t\t\t\t\t<\/span>\n\t\t<\/div>\n\t\t\t\t\t\t<\/div>\n\t\t\t\t<\/div>\n\t\t\t\t<div class=\"elementor-element elementor-element-d8b5953 elementor-widget elementor-widget-heading\" data-id=\"d8b5953\" data-element_type=\"widget\" data-e-type=\"widget\" data-widget_type=\"heading.default\">\n\t\t\t\t<div class=\"elementor-widget-container\">\n\t\t\t\t\t<h2 class=\"elementor-heading-title elementor-size-default\">CALEND\u00c1RIO ACAD\u00caMICO<\/h2>\t\t\t\t<\/div>\n\t\t\t\t<\/div>\n\t\t\t\t<div class=\"elementor-element elementor-element-68330d08 elementor-widget elementor-widget-text-editor\" data-id=\"68330d08\" data-element_type=\"widget\" data-e-type=\"widget\" data-widget_type=\"text-editor.default\">\n\t\t\t\t<div class=\"elementor-widget-container\">\n\t\t\t\t\t\t\t\t\t<p>Programa de P\u00f3s-Gradua\u00e7\u00e3o em Propriedade Intelectual e Transfer\u00eancia de Tecnologia para a Inova\u00e7\u00e3o PROFNIT\u00a0<\/p><p><b>CAMPUS RIO BRANCO<\/b><\/p>\t\t\t\t\t\t\t\t<\/div>\n\t\t\t\t<\/div>\n\t\t\t\t<div class=\"elementor-element elementor-element-44e42b1f elementor-widget elementor-widget-text-editor\" data-id=\"44e42b1f\" data-element_type=\"widget\" data-e-type=\"widget\" data-widget_type=\"text-editor.default\">\n\t\t\t\t<div class=\"elementor-widget-container\">\n\t\t\t\t\t\t\t\t\t<p>\u00a0<span style=\"font-weight: bolder\"><a title=\"\" href=\"https:\/\/web.ifac.edu.br\/profnit\/wp-content\/uploads\/sites\/62\/2025\/04\/Calendario-PROFNIT-2025.1-Finalizado.pdf\" target=\"_blank\" rel=\"noopener\" data-tippreview-image=\"\" data-tippreview-title=\"\" data-tippreview-enabled=\"false\">Calend\u00e1rio Acad\u00eamico 2025.1<\/a><\/span><\/p>\t\t\t\t\t\t\t\t<\/div>\n\t\t\t\t<\/div>\n\t\t\t\t\t<\/div>\n\t\t<\/div>\n\t\t\t\t\t<\/div>\n\t\t<\/section>\n\t\t<div class=\"elementor-element elementor-element-72c4be1 e-flex e-con-boxed e-con e-parent\" data-id=\"72c4be1\" data-element_type=\"container\" data-e-type=\"container\" data-settings=\"{&quot;_ha_eqh_enable&quot;:false}\">\n\t\t\t\t\t<div class=\"e-con-inner\">\n\t\t\t\t<div class=\"elementor-element elementor-element-ecf5b07 elementor-widget elementor-widget-heading\" data-id=\"ecf5b07\" data-element_type=\"widget\" data-e-type=\"widget\" data-widget_type=\"heading.default\">\n\t\t\t\t<div class=\"elementor-widget-container\">\n\t\t\t\t\t<h2 class=\"elementor-heading-title elementor-size-default\">Hist\u00f3rico<\/h2>\t\t\t\t<\/div>\n\t\t\t\t<\/div>\n\t\t\t\t<div class=\"elementor-element elementor-element-f9cfb79 elementor-widget elementor-widget-text-editor\" data-id=\"f9cfb79\" data-element_type=\"widget\" data-e-type=\"widget\" data-widget_type=\"text-editor.default\">\n\t\t\t\t<div class=\"elementor-widget-container\">\n\t\t\t\t\t\t\t\t\t<p style=\"font-size: 18px\"><span style=\"font-weight: bolder\"><a title=\"\" href=\"https:\/\/www.ifac.edu.br\/o-ifac\/ensino\/cursos\/campus-rio-branco\/mestrado\/Calendrio2023ProfnitFINAL.pdf\" target=\"_self\" data-tippreview-image=\"\" data-tippreview-title=\"\" data-tippreview-enabled=\"false\">Calend\u00e1rio Acad\u00eamico 2023.1<\/a><\/span><\/p><p style=\"font-size: 18px\"><span style=\"font-weight: bolder\"><a title=\"\" href=\"https:\/\/www.ifac.edu.br\/o-ifac\/ensino\/cursos\/campus-rio-branco\/mestrado\/Calendario_definitivo_PROFNIT_2023.2.pdf\" target=\"_self\" data-tippreview-image=\"\" data-tippreview-title=\"\" data-tippreview-enabled=\"false\">Calend\u00e1rio Acad\u00eamico 2023.2<\/a><\/span><\/p><p style=\"font-size: 18px\"><span style=\"font-weight: bolder\"><a title=\"\" href=\"https:\/\/www.ifac.edu.br\/o-ifac\/ensino\/cursos\/campus-rio-branco\/mestrado\/Calendario_definitivo_PROFNIT_2024.11.pdf\" target=\"_self\" data-tippreview-image=\"\" data-tippreview-title=\"\" data-tippreview-enabled=\"false\">Calend\u00e1rio Acad\u00eamico 2024.1<\/a><\/span><\/p><p style=\"font-size: 18px\"><span style=\"font-weight: bolder\"><a title=\"\" href=\"https:\/\/www.ifac.edu.br\/o-ifac\/ensino\/cursos\/campus-rio-branco\/mestrado\/SEI_IFAC0960801Portariaprofnit.pdf\" target=\"_self\" data-tippreview-image=\"\" data-tippreview-title=\"\" data-tippreview-enabled=\"false\">Calend\u00e1rio Acad\u00eamico 2024.1 &#8211; Alterado (p\u00f3s-greve)<\/a><\/span><\/p><p style=\"font-size: 18px\"><span style=\"font-weight: bolder\"><a title=\"\" href=\"https:\/\/www.ifac.edu.br\/o-ifac\/ensino\/cursos\/campus-rio-branco\/mestrado\/SEI_IFAC1072566PortariaCalendrioPROFNIT2024.2.pdf\" target=\"_self\" data-tippreview-image=\"\" data-tippreview-title=\"\" data-tippreview-enabled=\"false\">Calend\u00e1rio Acad\u00eamico 2024.2<\/a><\/span><\/p>\t\t\t\t\t\t\t\t<\/div>\n\t\t\t\t<\/div>\n\t\t\t\t\t<\/div>\n\t\t\t\t<\/div>\n\t\t\t\t<\/div>\n\t\t","protected":false},"excerpt":{"rendered":"<p>CALEND\u00c1RIO ACAD\u00caMICO Programa de P\u00f3s-Gradua\u00e7\u00e3o em Propriedade Intelectual e Transfer\u00eancia de Tecnologia para a Inova\u00e7\u00e3o PROFNIT\u00a0 CAMPUS RIO BRANCO \u00a0Calend\u00e1rio Acad\u00eamico 2025.1 Hist\u00f3rico Calend\u00e1rio Acad\u00eamico 2023.1 Calend\u00e1rio Acad\u00eamico 2023.2 Calend\u00e1rio Acad\u00eamico 2024.1 Calend\u00e1rio Acad\u00eamico 2024.1 &#8211; Alterado (p\u00f3s-greve) Calend\u00e1rio Acad\u00eamico 2024.2<\/p>\n","protected":false},"author":15,"featured_media":0,"parent":0,"menu_order":0,"comment_status":"closed","ping_status":"closed","template":"","meta":{"footnotes":""},"class_list":["post-3795","page","type-page","status-publish","hentry"],"_links":{"self":[{"href":"https:\/\/web.ifac.edu.br\/profnit\/wp-json\/wp\/v2\/pages\/3795","targetHints":{"allow":["GET"]}}],"collection":[{"href":"https:\/\/web.ifac.edu.br\/profnit\/wp-json\/wp\/v2\/pages"}],"about":[{"href":"https:\/\/web.ifac.edu.br\/profnit\/wp-json\/wp\/v2\/types\/page"}],"author":[{"embeddable":true,"href":"https:\/\/web.ifac.edu.br\/profnit\/wp-json\/wp\/v2\/users\/15"}],"replies":[{"embeddable":true,"href":"https:\/\/web.ifac.edu.br\/profnit\/wp-json\/wp\/v2\/comments?post=3795"}],"version-history":[{"count":0,"href":"https:\/\/web.ifac.edu.br\/profnit\/wp-json\/wp\/v2\/pages\/3795\/revisions"}],"wp:attachment":[{"href":"https:\/\/web.ifac.edu.br\/profnit\/wp-json\/wp\/v2\/media?parent=3795"}],"curies":[{"name":"wp","href":"https:\/\/api.w.org\/{rel}","templated":true}]}}