{"id":3526,"date":"2025-03-26T12:07:35","date_gmt":"2025-03-26T15:07:35","guid":{"rendered":"https:\/\/web.ifac.edu.br\/profnit\/?page_id=3526"},"modified":"2025-03-26T13:36:05","modified_gmt":"2025-03-26T16:36:05","slug":"docentes-credenciados","status":"publish","type":"page","link":"https:\/\/web.ifac.edu.br\/profnit\/docentes-credenciados\/","title":{"rendered":"Docentes do Programa"},"content":{"rendered":"\t\t<div data-elementor-type=\"wp-page\" data-elementor-id=\"3526\" class=\"elementor elementor-3526\" data-elementor-settings=\"{&quot;ha_cmc_init_switcher&quot;:&quot;no&quot;}\" data-elementor-post-type=\"page\">\n\t\t\t\t\t\t<section class=\"elementor-section elementor-top-section elementor-element elementor-element-1ac3ac16 elementor-section-boxed elementor-section-height-default elementor-section-height-default\" data-id=\"1ac3ac16\" data-element_type=\"section\" data-e-type=\"section\" data-settings=\"{&quot;background_background&quot;:&quot;classic&quot;,&quot;_ha_eqh_enable&quot;:false}\">\n\t\t\t\t\t\t<div class=\"elementor-container elementor-column-gap-default\">\n\t\t\t\t\t<div class=\"elementor-column elementor-col-100 elementor-top-column elementor-element elementor-element-36d2a5bc\" data-id=\"36d2a5bc\" data-element_type=\"column\" data-e-type=\"column\">\n\t\t\t<div class=\"elementor-widget-wrap elementor-element-populated\">\n\t\t\t\t\t\t<section class=\"elementor-section elementor-inner-section elementor-element elementor-element-41ae764d elementor-section-boxed elementor-section-height-default elementor-section-height-default\" data-id=\"41ae764d\" data-element_type=\"section\" data-e-type=\"section\" data-settings=\"{&quot;_ha_eqh_enable&quot;:false}\">\n\t\t\t\t\t\t<div class=\"elementor-container elementor-column-gap-default\">\n\t\t\t\t\t<div class=\"elementor-column elementor-col-100 elementor-inner-column elementor-element elementor-element-1d62447c\" data-id=\"1d62447c\" data-element_type=\"column\" data-e-type=\"column\">\n\t\t\t<div class=\"elementor-widget-wrap elementor-element-populated\">\n\t\t\t\t\t\t<div class=\"elementor-element elementor-element-4043a732 elementor-widget elementor-widget-heading\" data-id=\"4043a732\" data-element_type=\"widget\" data-e-type=\"widget\" data-widget_type=\"heading.default\">\n\t\t\t\t<div class=\"elementor-widget-container\">\n\t\t\t\t\t<h2 class=\"elementor-heading-title elementor-size-default\">Conhe\u00e7a nossos professores<\/h2>\t\t\t\t<\/div>\n\t\t\t\t<\/div>\n\t\t\t\t<div class=\"elementor-element elementor-element-33fd51d8 elementor-widget elementor-widget-text-editor\" data-id=\"33fd51d8\" data-element_type=\"widget\" data-e-type=\"widget\" data-widget_type=\"text-editor.default\">\n\t\t\t\t<div class=\"elementor-widget-container\">\n\t\t\t\t\t\t\t\t\t<p><strong class=\"\">Professores Orientadores do PPG PROFNIT 2024\/2025<\/strong><\/p>\t\t\t\t\t\t\t\t<\/div>\n\t\t\t\t<\/div>\n\t\t\t\t\t<\/div>\n\t\t<\/div>\n\t\t\t\t\t<\/div>\n\t\t<\/section>\n\t\t\t\t<section class=\"elementor-section elementor-inner-section elementor-element elementor-element-7ac0e8c7 elementor-section-boxed elementor-section-height-default elementor-section-height-default\" data-id=\"7ac0e8c7\" data-element_type=\"section\" data-e-type=\"section\" data-settings=\"{&quot;background_background&quot;:&quot;classic&quot;,&quot;_ha_eqh_enable&quot;:false}\">\n\t\t\t\t\t\t<div class=\"elementor-container elementor-column-gap-wide\">\n\t\t\t\t\t<div class=\"elementor-column elementor-col-33 elementor-inner-column elementor-element elementor-element-20f8c0a4\" data-id=\"20f8c0a4\" data-element_type=\"column\" data-e-type=\"column\">\n\t\t\t<div class=\"elementor-widget-wrap elementor-element-populated\">\n\t\t\t\t\t\t<div data-ha-element-link=\"{&quot;url&quot;:&quot;http:\\\/\\\/lattes.cnpq.br\\\/5888083451094786&quot;,&quot;is_external&quot;:&quot;&quot;,&quot;nofollow&quot;:&quot;&quot;}\" style=\"cursor: pointer\" class=\"elementor-element elementor-element-193ffee7 ha-has-bg-overlay elementor-widget elementor-widget-ha-member happy-addon ha-member\" data-id=\"193ffee7\" data-element_type=\"widget\" data-e-type=\"widget\" data-widget_type=\"ha-member.default\">\n\t\t\t\t<div class=\"elementor-widget-container\">\n\t\t\t\t\t\n\t\t\t\t\t<figure class=\"ha-member-figure\">\n\t\t\t\t<img fetchpriority=\"high\" decoding=\"async\" width=\"300\" height=\"300\" src=\"https:\/\/web.ifac.edu.br\/profnit\/wp-content\/uploads\/sites\/62\/2025\/03\/2-e1743003494263-300x300.png\" class=\"elementor-animation-disable-animation attachment-medium size-medium wp-image-3547\" alt=\"\" srcset=\"https:\/\/web.ifac.edu.br\/profnit\/wp-content\/uploads\/sites\/62\/2025\/03\/2-e1743003494263-300x300.png 300w, https:\/\/web.ifac.edu.br\/profnit\/wp-content\/uploads\/sites\/62\/2025\/03\/2-e1743003494263-150x150.png 150w, https:\/\/web.ifac.edu.br\/profnit\/wp-content\/uploads\/sites\/62\/2025\/03\/2-e1743003494263.png 612w\" sizes=\"(max-width: 300px) 100vw, 300px\" \/>\t\t\t<\/figure>\n\t\t\n\t\t<div class=\"ha-member-body\">\n\t\t\t<h2 class=\"ha-member-name\">Prof\u00aa.  Dr\u00aa.  Danielly de Sousa N\u00f3brega<\/h2>\n\t\t\t\t\t\t\t<div class=\"ha-member-position\">Doutora em Educa\u00e7\u00e3o <\/div>\n\t\t\t\n\t\t\t\t\t\t\t<div class=\"ha-member-bio\">\n\t\t\t\t\t<p>Disciplina:\n<br> \n<br>Pol\u00edticas P\u00fablicas de Ci\u00eancia, Tecnologia e Inova\u00e7\u00e3o e o Estado Brasileiro (POL)<\/p>\n\t\t\t\t<\/div>\n\t\t\t\n\t\t\t\n\t\t\t\t\t\t\t<div class=\"ha-member-links\">\n\t\t\t\t\t<a target=\"_blank\" rel=\"noopener\" href=\"mailto:&#100;ani&#101;&#108;&#108;&#121;&#046;nobr&#101;&#103;a&#064;&#105;&#102;&#097;c.&#101;d&#117;.br\" class=\"elementor-repeater-item-87f4f75\"><i class=\"fa fa-envelope far\" aria-hidden=\"true\"><\/i><\/a><a target=\"_blank\" rel=\"noopener\" href=\"http:\/\/lattes.cnpq.br\/5888083451094786\" class=\"elementor-repeater-item-34b63f0\"><i class=\"fa fa-globe far\" aria-hidden=\"true\"><\/i><\/a>\t\t\t\t<\/div>\n\t\t\t\n\t\t\t\t\t<\/div>\n\t\t\t\t\t\t<\/div>\n\t\t\t\t<\/div>\n\t\t\t\t\t<\/div>\n\t\t<\/div>\n\t\t\t\t<div class=\"elementor-column elementor-col-33 elementor-inner-column elementor-element elementor-element-37a31080\" data-id=\"37a31080\" data-element_type=\"column\" data-e-type=\"column\">\n\t\t\t<div class=\"elementor-widget-wrap elementor-element-populated\">\n\t\t\t\t\t\t<div class=\"elementor-element elementor-element-3de31693 ha-has-bg-overlay elementor-widget elementor-widget-ha-member happy-addon ha-member\" data-id=\"3de31693\" data-element_type=\"widget\" data-e-type=\"widget\" data-widget_type=\"ha-member.default\">\n\t\t\t\t<div class=\"elementor-widget-container\">\n\t\t\t\t\t\n\t\t\t\t\t<figure class=\"ha-member-figure\">\n\t\t\t\t<img decoding=\"async\" width=\"300\" height=\"300\" src=\"https:\/\/web.ifac.edu.br\/profnit\/wp-content\/uploads\/sites\/62\/2025\/03\/3-e1743003653395-300x300.png\" class=\"elementor-animation-disable-animation attachment-medium size-medium wp-image-3548\" alt=\"\" srcset=\"https:\/\/web.ifac.edu.br\/profnit\/wp-content\/uploads\/sites\/62\/2025\/03\/3-e1743003653395-300x300.png 300w, https:\/\/web.ifac.edu.br\/profnit\/wp-content\/uploads\/sites\/62\/2025\/03\/3-e1743003653395-150x150.png 150w, https:\/\/web.ifac.edu.br\/profnit\/wp-content\/uploads\/sites\/62\/2025\/03\/3-e1743003653395.png 690w\" sizes=\"(max-width: 300px) 100vw, 300px\" \/>\t\t\t<\/figure>\n\t\t\n\t\t<div class=\"ha-member-body\">\n\t\t\t<h2 class=\"ha-member-name\">Prof. Dr.  Genildo C. Ferreira Junior<\/h2>\n\t\t\t\t\t\t\t<div class=\"ha-member-position\">Doutor em Qu\u00edmica Anal\u00edtica <br>   Doutor em Ci\u00eancias  (Bioqu\u00edmica e Biotecnologia)<\/div>\n\t\t\t\n\t\t\t\t\t\t\t<div class=\"ha-member-bio\">\n\t\t\t\t\t<p>Disciplinas: \n<br>Prospec\u00e7\u00e3o Tecnol\u00f3gica \n<br>Empreendedorismos em Setores Tecnol\u00f3gicos<\/p>\n\t\t\t\t<\/div>\n\t\t\t\n\t\t\t\n\t\t\t\n\t\t\t\t\t<\/div>\n\t\t\t\t\t\t<\/div>\n\t\t\t\t<\/div>\n\t\t\t\t\t<\/div>\n\t\t<\/div>\n\t\t\t\t<div class=\"elementor-column elementor-col-33 elementor-inner-column elementor-element elementor-element-479bf272\" data-id=\"479bf272\" data-element_type=\"column\" data-e-type=\"column\">\n\t\t\t<div class=\"elementor-widget-wrap elementor-element-populated\">\n\t\t\t\t\t\t<div class=\"elementor-element elementor-element-7908ea98 ha-has-bg-overlay elementor-widget elementor-widget-ha-member happy-addon ha-member\" data-id=\"7908ea98\" data-element_type=\"widget\" data-e-type=\"widget\" data-widget_type=\"ha-member.default\">\n\t\t\t\t<div class=\"elementor-widget-container\">\n\t\t\t\t\t\n\t\t\t\t\t<figure class=\"ha-member-figure\">\n\t\t\t\t<img decoding=\"async\" width=\"300\" height=\"300\" src=\"https:\/\/web.ifac.edu.br\/profnit\/wp-content\/uploads\/sites\/62\/2025\/03\/4-e1743003720323-300x300.png\" class=\"elementor-animation-disable-animation attachment-medium size-medium wp-image-3549\" alt=\"\" srcset=\"https:\/\/web.ifac.edu.br\/profnit\/wp-content\/uploads\/sites\/62\/2025\/03\/4-e1743003720323-300x300.png 300w, https:\/\/web.ifac.edu.br\/profnit\/wp-content\/uploads\/sites\/62\/2025\/03\/4-e1743003720323-150x150.png 150w, https:\/\/web.ifac.edu.br\/profnit\/wp-content\/uploads\/sites\/62\/2025\/03\/4-e1743003720323.png 607w\" sizes=\"(max-width: 300px) 100vw, 300px\" \/>\t\t\t<\/figure>\n\t\t\n\t\t<div class=\"ha-member-body\">\n\t\t\t<h2 class=\"ha-member-name\">Prof. Dr.  Jefferson Henrique Tiago Barros<\/h2>\n\t\t\t\t\t\t\t<div class=\"ha-member-position\">Doutor em Tecnologia de Alimentos<\/div>\n\t\t\t\n\t\t\t\t\t\t\t<div class=\"ha-member-bio\">\n\t\t\t\t\t<p>Disciplinas:\n\n<br>Conceitos e Aplica\u00e7\u00f5es de Propriedade Intelectual <br>\nEmpreendedorismos em Setores Tecnol\u00f3gicos<\/p>\n\t\t\t\t<\/div>\n\t\t\t\n\t\t\t\n\t\t\t\n\t\t\t\t\t<\/div>\n\t\t\t\t\t\t<\/div>\n\t\t\t\t<\/div>\n\t\t\t\t\t<\/div>\n\t\t<\/div>\n\t\t\t\t\t<\/div>\n\t\t<\/section>\n\t\t\t\t<section class=\"elementor-section elementor-inner-section elementor-element elementor-element-441af05 elementor-section-boxed elementor-section-height-default elementor-section-height-default\" data-id=\"441af05\" data-element_type=\"section\" data-e-type=\"section\" data-settings=\"{&quot;background_background&quot;:&quot;classic&quot;,&quot;_ha_eqh_enable&quot;:false}\">\n\t\t\t\t\t\t<div class=\"elementor-container elementor-column-gap-wide\">\n\t\t\t\t\t<div class=\"elementor-column elementor-col-33 elementor-inner-column elementor-element elementor-element-229bc86\" data-id=\"229bc86\" data-element_type=\"column\" data-e-type=\"column\">\n\t\t\t<div class=\"elementor-widget-wrap elementor-element-populated\">\n\t\t\t\t\t\t<div class=\"elementor-element elementor-element-6b44001 ha-has-bg-overlay elementor-widget elementor-widget-ha-member happy-addon ha-member\" data-id=\"6b44001\" data-element_type=\"widget\" data-e-type=\"widget\" data-widget_type=\"ha-member.default\">\n\t\t\t\t<div class=\"elementor-widget-container\">\n\t\t\t\t\t\n\t\t\t\t\t<figure class=\"ha-member-figure\">\n\t\t\t\t<img loading=\"lazy\" decoding=\"async\" width=\"300\" height=\"300\" src=\"https:\/\/web.ifac.edu.br\/profnit\/wp-content\/uploads\/sites\/62\/2025\/03\/5-e1743003816178-300x300.png\" class=\"elementor-animation-disable-animation attachment-medium size-medium wp-image-3550\" alt=\"\" srcset=\"https:\/\/web.ifac.edu.br\/profnit\/wp-content\/uploads\/sites\/62\/2025\/03\/5-e1743003816178-300x300.png 300w, https:\/\/web.ifac.edu.br\/profnit\/wp-content\/uploads\/sites\/62\/2025\/03\/5-e1743003816178-150x150.png 150w, https:\/\/web.ifac.edu.br\/profnit\/wp-content\/uploads\/sites\/62\/2025\/03\/5-e1743003816178-768x768.png 768w, https:\/\/web.ifac.edu.br\/profnit\/wp-content\/uploads\/sites\/62\/2025\/03\/5-e1743003816178.png 810w\" sizes=\"(max-width: 300px) 100vw, 300px\" \/>\t\t\t<\/figure>\n\t\t\n\t\t<div class=\"ha-member-body\">\n\t\t\t<h2 class=\"ha-member-name\">Prof. Dr.  Luiz Eduardo Guedes<\/h2>\n\t\t\t\t\t\t\t<div class=\"ha-member-position\">Doutor em Letras: Linguagem e Identidade<\/div>\n\t\t\t\n\t\t\t\t\t\t\t<div class=\"ha-member-bio\">\n\t\t\t\t\t<p>Disciplina:\n<br> \n<br>Pol\u00edticas P\u00fablicas de Ci\u00eancia, Tecnologia e Inova\u00e7\u00e3o e o Estado Brasileiro (POL)<\/p>\n\t\t\t\t<\/div>\n\t\t\t\n\t\t\t\n\t\t\t\n\t\t\t\t\t<\/div>\n\t\t\t\t\t\t<\/div>\n\t\t\t\t<\/div>\n\t\t\t\t\t<\/div>\n\t\t<\/div>\n\t\t\t\t<div class=\"elementor-column elementor-col-33 elementor-inner-column elementor-element elementor-element-6daf0a4\" data-id=\"6daf0a4\" data-element_type=\"column\" data-e-type=\"column\">\n\t\t\t<div class=\"elementor-widget-wrap elementor-element-populated\">\n\t\t\t\t\t\t<div class=\"elementor-element elementor-element-5b7d8ab ha-has-bg-overlay elementor-widget elementor-widget-ha-member happy-addon ha-member\" data-id=\"5b7d8ab\" data-element_type=\"widget\" data-e-type=\"widget\" data-widget_type=\"ha-member.default\">\n\t\t\t\t<div class=\"elementor-widget-container\">\n\t\t\t\t\t\n\t\t\t\t\t<figure class=\"ha-member-figure\">\n\t\t\t\t<img loading=\"lazy\" decoding=\"async\" width=\"300\" height=\"300\" src=\"https:\/\/web.ifac.edu.br\/profnit\/wp-content\/uploads\/sites\/62\/2025\/03\/6-e1743003870535-300x300.png\" class=\"elementor-animation-disable-animation attachment-medium size-medium wp-image-3551\" alt=\"\" srcset=\"https:\/\/web.ifac.edu.br\/profnit\/wp-content\/uploads\/sites\/62\/2025\/03\/6-e1743003870535-300x300.png 300w, https:\/\/web.ifac.edu.br\/profnit\/wp-content\/uploads\/sites\/62\/2025\/03\/6-e1743003870535-150x150.png 150w, https:\/\/web.ifac.edu.br\/profnit\/wp-content\/uploads\/sites\/62\/2025\/03\/6-e1743003870535.png 648w\" sizes=\"(max-width: 300px) 100vw, 300px\" \/>\t\t\t<\/figure>\n\t\t\n\t\t<div class=\"ha-member-body\">\n\t\t\t<h2 class=\"ha-member-name\">Prof. Dr.  M\u00e1rio S\u00e9rgio Pedroza Lob\u00e3o<\/h2>\n\t\t\t\t\t\t\t<div class=\"ha-member-position\">Doutor em Desenvolvimento Regional e Agroneg\u00f3cio <\/div>\n\t\t\t\n\t\t\t\t\t\t\t<div class=\"ha-member-bio\">\n\t\t\t\t\t<p>Disciplinas: \n<br>Metodologia da Pesquisa Cient\u00edfico-Tecnol\u00f3gica e inova\u00e7\u00e3o  \n<br>Semin\u00e1rio de Projeto de Mestrado\n<\/p>\n\t\t\t\t<\/div>\n\t\t\t\n\t\t\t\n\t\t\t\n\t\t\t\t\t<\/div>\n\t\t\t\t\t\t<\/div>\n\t\t\t\t<\/div>\n\t\t\t\t\t<\/div>\n\t\t<\/div>\n\t\t\t\t<div class=\"elementor-column elementor-col-33 elementor-inner-column elementor-element elementor-element-72946c8\" data-id=\"72946c8\" data-element_type=\"column\" data-e-type=\"column\">\n\t\t\t<div class=\"elementor-widget-wrap elementor-element-populated\">\n\t\t\t\t\t\t<div class=\"elementor-element elementor-element-b231bd3 ha-has-bg-overlay elementor-widget elementor-widget-ha-member happy-addon ha-member\" data-id=\"b231bd3\" data-element_type=\"widget\" data-e-type=\"widget\" data-widget_type=\"ha-member.default\">\n\t\t\t\t<div class=\"elementor-widget-container\">\n\t\t\t\t\t\n\t\t\t\t\t<figure class=\"ha-member-figure\">\n\t\t\t\t<img loading=\"lazy\" decoding=\"async\" width=\"300\" height=\"300\" src=\"https:\/\/web.ifac.edu.br\/profnit\/wp-content\/uploads\/sites\/62\/2025\/03\/7-e1743003933494-300x300.png\" class=\"elementor-animation-disable-animation attachment-medium size-medium wp-image-3552\" alt=\"\" srcset=\"https:\/\/web.ifac.edu.br\/profnit\/wp-content\/uploads\/sites\/62\/2025\/03\/7-e1743003933494-300x300.png 300w, https:\/\/web.ifac.edu.br\/profnit\/wp-content\/uploads\/sites\/62\/2025\/03\/7-e1743003933494-150x150.png 150w, https:\/\/web.ifac.edu.br\/profnit\/wp-content\/uploads\/sites\/62\/2025\/03\/7-e1743003933494-768x768.png 768w, https:\/\/web.ifac.edu.br\/profnit\/wp-content\/uploads\/sites\/62\/2025\/03\/7-e1743003933494.png 866w\" sizes=\"(max-width: 300px) 100vw, 300px\" \/>\t\t\t<\/figure>\n\t\t\n\t\t<div class=\"ha-member-body\">\n\t\t\t<h2 class=\"ha-member-name\">Prof. Dr.  Paulo Jose dos Santos Pereira<\/h2>\n\t\t\t\t\t\t\t<div class=\"ha-member-position\">Doutor em Educa\u00e7\u00e3o em Ci\u00eancias e Matem\u00e1tica<\/div>\n\t\t\t\n\t\t\t\t\t\t\t<div class=\"ha-member-bio\">\n\t\t\t\t\t<p>Disciplina:\n\n<br>Semin\u00e1rio Integrador<\/p>\n\t\t\t\t<\/div>\n\t\t\t\n\t\t\t\n\t\t\t\n\t\t\t\t\t<\/div>\n\t\t\t\t\t\t<\/div>\n\t\t\t\t<\/div>\n\t\t\t\t\t<\/div>\n\t\t<\/div>\n\t\t\t\t\t<\/div>\n\t\t<\/section>\n\t\t\t\t<section class=\"elementor-section elementor-inner-section elementor-element elementor-element-4e3bf17 elementor-section-boxed elementor-section-height-default elementor-section-height-default\" data-id=\"4e3bf17\" data-element_type=\"section\" data-e-type=\"section\" data-settings=\"{&quot;background_background&quot;:&quot;classic&quot;,&quot;_ha_eqh_enable&quot;:false}\">\n\t\t\t\t\t\t<div class=\"elementor-container elementor-column-gap-wide\">\n\t\t\t\t\t<div class=\"elementor-column elementor-col-33 elementor-inner-column elementor-element elementor-element-32f80a2\" data-id=\"32f80a2\" data-element_type=\"column\" data-e-type=\"column\">\n\t\t\t<div class=\"elementor-widget-wrap elementor-element-populated\">\n\t\t\t\t\t\t<div class=\"elementor-element elementor-element-622d8e3 ha-has-bg-overlay elementor-widget elementor-widget-ha-member happy-addon ha-member\" data-id=\"622d8e3\" data-element_type=\"widget\" data-e-type=\"widget\" data-widget_type=\"ha-member.default\">\n\t\t\t\t<div class=\"elementor-widget-container\">\n\t\t\t\t\t\n\t\t\t\t\t<figure class=\"ha-member-figure\">\n\t\t\t\t<img loading=\"lazy\" decoding=\"async\" width=\"607\" height=\"607\" src=\"https:\/\/web.ifac.edu.br\/profnit\/wp-content\/uploads\/sites\/62\/2025\/03\/8-e1743003989473.png\" class=\"elementor-animation-disable-animation attachment-full size-full wp-image-3553\" alt=\"\" srcset=\"https:\/\/web.ifac.edu.br\/profnit\/wp-content\/uploads\/sites\/62\/2025\/03\/8-e1743003989473.png 607w, https:\/\/web.ifac.edu.br\/profnit\/wp-content\/uploads\/sites\/62\/2025\/03\/8-e1743003989473-300x300.png 300w, https:\/\/web.ifac.edu.br\/profnit\/wp-content\/uploads\/sites\/62\/2025\/03\/8-e1743003989473-150x150.png 150w\" sizes=\"(max-width: 607px) 100vw, 607px\" \/>\t\t\t<\/figure>\n\t\t\n\t\t<div class=\"ha-member-body\">\n\t\t\t<h2 class=\"ha-member-name\">Prof\u00aa.  Dr\u00aa.  Renata Gomes de Abreu Freitas<\/h2>\n\t\t\t\t\t\t\t<div class=\"ha-member-position\">Doutora em Ci\u00eancias<\/div>\n\t\t\t\n\t\t\t\t\t\t\t<div class=\"ha-member-bio\">\n\t\t\t\t\t<p>Disciplinas: \n<br>Metodologia da Pesquisa Cient\u00edfico-Tecnol\u00f3gica e inova\u00e7\u00e3o  \n<br>Semin\u00e1rio de Projeto de Mestrado\n<\/p>\n\t\t\t\t<\/div>\n\t\t\t\n\t\t\t\n\t\t\t\n\t\t\t\t\t<\/div>\n\t\t\t\t\t\t<\/div>\n\t\t\t\t<\/div>\n\t\t\t\t\t<\/div>\n\t\t<\/div>\n\t\t\t\t<div class=\"elementor-column elementor-col-33 elementor-inner-column elementor-element elementor-element-fbd3db5\" data-id=\"fbd3db5\" data-element_type=\"column\" data-e-type=\"column\">\n\t\t\t<div class=\"elementor-widget-wrap elementor-element-populated\">\n\t\t\t\t\t\t<div class=\"elementor-element elementor-element-a059f47 ha-has-bg-overlay elementor-widget elementor-widget-ha-member happy-addon ha-member\" data-id=\"a059f47\" data-element_type=\"widget\" data-e-type=\"widget\" data-widget_type=\"ha-member.default\">\n\t\t\t\t<div class=\"elementor-widget-container\">\n\t\t\t\t\t\n\t\t\t\t\t<figure class=\"ha-member-figure\">\n\t\t\t\t<img loading=\"lazy\" decoding=\"async\" width=\"300\" height=\"300\" src=\"https:\/\/web.ifac.edu.br\/profnit\/wp-content\/uploads\/sites\/62\/2025\/03\/9-e1743004030973-300x300.png\" class=\"elementor-animation-disable-animation attachment-medium size-medium wp-image-3544\" alt=\"\" srcset=\"https:\/\/web.ifac.edu.br\/profnit\/wp-content\/uploads\/sites\/62\/2025\/03\/9-e1743004030973-300x300.png 300w, https:\/\/web.ifac.edu.br\/profnit\/wp-content\/uploads\/sites\/62\/2025\/03\/9-e1743004030973-150x150.png 150w, https:\/\/web.ifac.edu.br\/profnit\/wp-content\/uploads\/sites\/62\/2025\/03\/9-e1743004030973-768x768.png 768w, https:\/\/web.ifac.edu.br\/profnit\/wp-content\/uploads\/sites\/62\/2025\/03\/9-e1743004030973.png 812w\" sizes=\"(max-width: 300px) 100vw, 300px\" \/>\t\t\t<\/figure>\n\t\t\n\t\t<div class=\"ha-member-body\">\n\t\t\t<h2 class=\"ha-member-name\">Prof. Dr.  Rodrigo Duarte Soliani<\/h2>\n\t\t\t\t\t\t\t<div class=\"ha-member-position\">Doutor em Tecnologia Ambiental<\/div>\n\t\t\t\n\t\t\t\t\t\t\t<div class=\"ha-member-bio\">\n\t\t\t\t\t<p>Disciplina: \n<br>Prospec\u00e7\u00e3o Tecnol\u00f3gica\n<\/p>\n\t\t\t\t<\/div>\n\t\t\t\n\t\t\t\n\t\t\t\n\t\t\t\t\t<\/div>\n\t\t\t\t\t\t<\/div>\n\t\t\t\t<\/div>\n\t\t\t\t\t<\/div>\n\t\t<\/div>\n\t\t\t\t<div class=\"elementor-column elementor-col-33 elementor-inner-column elementor-element elementor-element-076294b\" data-id=\"076294b\" data-element_type=\"column\" data-e-type=\"column\">\n\t\t\t<div class=\"elementor-widget-wrap elementor-element-populated\">\n\t\t\t\t\t\t<div class=\"elementor-element elementor-element-48478fd ha-has-bg-overlay elementor-widget elementor-widget-ha-member happy-addon ha-member\" data-id=\"48478fd\" data-element_type=\"widget\" data-e-type=\"widget\" data-widget_type=\"ha-member.default\">\n\t\t\t\t<div class=\"elementor-widget-container\">\n\t\t\t\t\t\n\t\t\t\t\t<figure class=\"ha-member-figure\">\n\t\t\t\t<img loading=\"lazy\" decoding=\"async\" width=\"300\" height=\"300\" src=\"https:\/\/web.ifac.edu.br\/profnit\/wp-content\/uploads\/sites\/62\/2025\/03\/10-e1743004090223-300x300.png\" class=\"elementor-animation-disable-animation attachment-medium size-medium wp-image-3545\" alt=\"\" srcset=\"https:\/\/web.ifac.edu.br\/profnit\/wp-content\/uploads\/sites\/62\/2025\/03\/10-e1743004090223-300x300.png 300w, https:\/\/web.ifac.edu.br\/profnit\/wp-content\/uploads\/sites\/62\/2025\/03\/10-e1743004090223-150x150.png 150w, https:\/\/web.ifac.edu.br\/profnit\/wp-content\/uploads\/sites\/62\/2025\/03\/10-e1743004090223.png 520w\" sizes=\"(max-width: 300px) 100vw, 300px\" \/>\t\t\t<\/figure>\n\t\t\n\t\t<div class=\"ha-member-body\">\n\t\t\t<h2 class=\"ha-member-name\">Prof\u00aa.  Dr\u00aa.  S\u00f4nia Marise Salles Carvalho<\/h2>\n\t\t\t\t\t\t\t<div class=\"ha-member-position\">Doutora em Sociologia<\/div>\n\t\t\t\n\t\t\t\t\t\t\t<div class=\"ha-member-bio\">\n\t\t\t\t\t<p>Disciplinas: \n<br>Metodologia da Pesquisa Cient\u00edfico-Tecnol\u00f3gica e inova\u00e7\u00e3o  \n<br>Semin\u00e1rio de Projeto de Mestrado\n<br> Empreendedorismos em Setores Tecnol\u00f3gicos<\/p>\n\t\t\t\t<\/div>\n\t\t\t\n\t\t\t\n\t\t\t\n\t\t\t\t\t<\/div>\n\t\t\t\t\t\t<\/div>\n\t\t\t\t<\/div>\n\t\t\t\t\t<\/div>\n\t\t<\/div>\n\t\t\t\t\t<\/div>\n\t\t<\/section>\n\t\t\t\t\t<\/div>\n\t\t<\/div>\n\t\t\t\t\t<\/div>\n\t\t<\/section>\n\t\t\t\t<\/div>\n\t\t","protected":false},"excerpt":{"rendered":"<p>Conhe\u00e7a nossos professores Professores Orientadores do PPG PROFNIT 2024\/2025 Prof\u00aa. Dr\u00aa. Danielly de Sousa N\u00f3brega Doutora em Educa\u00e7\u00e3o Disciplina: Pol\u00edticas P\u00fablicas de Ci\u00eancia, Tecnologia e Inova\u00e7\u00e3o e o Estado Brasileiro (POL) &nbsp; Prof. Dr. Genildo C. Ferreira Junior Doutor em Qu\u00edmica Anal\u00edtica Doutor em Ci\u00eancias (Bioqu\u00edmica e Biotecnologia) Disciplinas: Prospec\u00e7\u00e3o Tecnol\u00f3gica Empreendedorismos em Setores Tecnol\u00f3gicos [&hellip;]<\/p>\n","protected":false},"author":15,"featured_media":0,"parent":0,"menu_order":0,"comment_status":"closed","ping_status":"closed","template":"","meta":{"footnotes":""},"class_list":["post-3526","page","type-page","status-publish","hentry"],"_links":{"self":[{"href":"https:\/\/web.ifac.edu.br\/profnit\/wp-json\/wp\/v2\/pages\/3526","targetHints":{"allow":["GET"]}}],"collection":[{"href":"https:\/\/web.ifac.edu.br\/profnit\/wp-json\/wp\/v2\/pages"}],"about":[{"href":"https:\/\/web.ifac.edu.br\/profnit\/wp-json\/wp\/v2\/types\/page"}],"author":[{"embeddable":true,"href":"https:\/\/web.ifac.edu.br\/profnit\/wp-json\/wp\/v2\/users\/15"}],"replies":[{"embeddable":true,"href":"https:\/\/web.ifac.edu.br\/profnit\/wp-json\/wp\/v2\/comments?post=3526"}],"version-history":[{"count":0,"href":"https:\/\/web.ifac.edu.br\/profnit\/wp-json\/wp\/v2\/pages\/3526\/revisions"}],"wp:attachment":[{"href":"https:\/\/web.ifac.edu.br\/profnit\/wp-json\/wp\/v2\/media?parent=3526"}],"curies":[{"name":"wp","href":"https:\/\/api.w.org\/{rel}","templated":true}]}}