{"id":3319,"date":"2025-03-19T23:50:08","date_gmt":"2025-03-20T02:50:08","guid":{"rendered":"https:\/\/web.ifac.edu.br\/profnit\/?page_id=3319"},"modified":"2025-04-11T15:33:59","modified_gmt":"2025-04-11T18:33:59","slug":"sobre-o-programa","status":"publish","type":"page","link":"https:\/\/web.ifac.edu.br\/profnit\/sobre-o-programa\/","title":{"rendered":"Sobre o Programa"},"content":{"rendered":"\t\t<div data-elementor-type=\"wp-page\" data-elementor-id=\"3319\" class=\"elementor elementor-3319\" data-elementor-settings=\"{&quot;ha_cmc_init_switcher&quot;:&quot;no&quot;}\" data-elementor-post-type=\"page\">\n\t\t\t\t\t\t<section class=\"elementor-section elementor-top-section elementor-element elementor-element-607af3bd elementor-section-height-min-height elementor-section-content-middle elementor-section-boxed elementor-section-height-default elementor-section-items-middle\" data-id=\"607af3bd\" data-element_type=\"section\" data-e-type=\"section\" data-settings=\"{&quot;background_background&quot;:&quot;classic&quot;,&quot;_ha_eqh_enable&quot;:false}\">\n\t\t\t\t\t\t\t<div class=\"elementor-background-overlay\"><\/div>\n\t\t\t\t\t\t\t<div class=\"elementor-container elementor-column-gap-default\">\n\t\t\t\t\t<div class=\"elementor-column elementor-col-100 elementor-top-column elementor-element elementor-element-3ddea305\" data-id=\"3ddea305\" data-element_type=\"column\" data-e-type=\"column\">\n\t\t\t<div class=\"elementor-widget-wrap elementor-element-populated\">\n\t\t\t\t\t\t<div class=\"elementor-element elementor-element-cf36010 elementor-widget elementor-widget-heading\" data-id=\"cf36010\" data-element_type=\"widget\" data-e-type=\"widget\" data-widget_type=\"heading.default\">\n\t\t\t\t<div class=\"elementor-widget-container\">\n\t\t\t\t\t<h2 class=\"elementor-heading-title elementor-size-default\">Sobre o Programa\n<\/h2>\t\t\t\t<\/div>\n\t\t\t\t<\/div>\n\t\t\t\t<section class=\"elementor-section elementor-inner-section elementor-element elementor-element-351998b2 elementor-section-boxed elementor-section-height-default elementor-section-height-default\" data-id=\"351998b2\" data-element_type=\"section\" data-e-type=\"section\" data-settings=\"{&quot;_ha_eqh_enable&quot;:false}\">\n\t\t\t\t\t\t<div class=\"elementor-container elementor-column-gap-default\">\n\t\t\t\t\t<div class=\"elementor-column elementor-col-100 elementor-inner-column elementor-element elementor-element-4ee39222\" data-id=\"4ee39222\" data-element_type=\"column\" data-e-type=\"column\">\n\t\t\t<div class=\"elementor-widget-wrap elementor-element-populated\">\n\t\t\t\t\t\t<div class=\"elementor-element elementor-element-180b4f53 elementor-widget elementor-widget-heading\" data-id=\"180b4f53\" data-element_type=\"widget\" data-e-type=\"widget\" data-widget_type=\"heading.default\">\n\t\t\t\t<div class=\"elementor-widget-container\">\n\t\t\t\t\t<h5 class=\"elementor-heading-title elementor-size-default\">PROFNIT: Um Mestrado Profissional para os Ambientes de Inova\u00e7\u00e3o\n<\/h5>\t\t\t\t<\/div>\n\t\t\t\t<\/div>\n\t\t\t\t<div class=\"elementor-element elementor-element-5f967f2f elementor-widget elementor-widget-heading\" data-id=\"5f967f2f\" data-element_type=\"widget\" data-e-type=\"widget\" data-widget_type=\"heading.default\">\n\t\t\t\t<div class=\"elementor-widget-container\">\n\t\t\t\t\t<h2 class=\"elementor-heading-title elementor-size-default\">Mestrado Profissional em Propriedade Intelectual e Transfer\u00eancia de Tecnologia para Inova\u00e7\u00e3o (Profnit)<\/h2>\t\t\t\t<\/div>\n\t\t\t\t<\/div>\n\t\t\t\t<div class=\"elementor-element elementor-element-fbe76de elementor-widget elementor-widget-heading\" data-id=\"fbe76de\" data-element_type=\"widget\" data-e-type=\"widget\" data-widget_type=\"heading.default\">\n\t\t\t\t<div class=\"elementor-widget-container\">\n\t\t\t\t\t<h3 class=\"elementor-heading-title elementor-size-default\">Ponto Focal Acre<\/h3>\t\t\t\t<\/div>\n\t\t\t\t<\/div>\n\t\t\t\t<div class=\"elementor-element elementor-element-8c997b1 elementor-widget elementor-widget-text-editor\" data-id=\"8c997b1\" data-element_type=\"widget\" data-e-type=\"widget\" data-widget_type=\"text-editor.default\">\n\t\t\t\t<div class=\"elementor-widget-container\">\n\t\t\t\t\t\t\t\t\t<p class=\"\" data-start=\"1918\" data-end=\"2113\">O <strong data-start=\"1920\" data-end=\"1943\">Ponto Focal do Acre<\/strong>, com sede no <strong data-start=\"1957\" data-end=\"1978\">Campus Rio Branco<\/strong>, \u00e9 uma das unidades executoras do PROFNIT e desempenha papel essencial no fortalecimento do ecossistema de inova\u00e7\u00e3o local e regional.<\/p><p class=\"\" data-start=\"2115\" data-end=\"2374\">O mestrado contribui para a <strong data-start=\"2143\" data-end=\"2196\">capacita\u00e7\u00e3o de servidores e profissionais do Acre<\/strong>, promovendo a forma\u00e7\u00e3o de recursos humanos qualificados para atuar estrategicamente na gest\u00e3o do conhecimento, prote\u00e7\u00e3o da propriedade intelectual e transfer\u00eancia de tecnologia.<\/p>\t\t\t\t\t\t\t\t<\/div>\n\t\t\t\t<\/div>\n\t\t\t\t<div class=\"elementor-element elementor-element-8ef092c elementor-widget elementor-widget-spacer\" data-id=\"8ef092c\" data-element_type=\"widget\" data-e-type=\"widget\" data-widget_type=\"spacer.default\">\n\t\t\t\t<div class=\"elementor-widget-container\">\n\t\t\t\t\t\t\t<div class=\"elementor-spacer\">\n\t\t\t<div class=\"elementor-spacer-inner\"><\/div>\n\t\t<\/div>\n\t\t\t\t\t\t<\/div>\n\t\t\t\t<\/div>\n\t\t\t\t<div class=\"elementor-element elementor-element-75a5c967 elementor-widget elementor-widget-heading\" data-id=\"75a5c967\" data-element_type=\"widget\" data-e-type=\"widget\" data-widget_type=\"heading.default\">\n\t\t\t\t<div class=\"elementor-widget-container\">\n\t\t\t\t\t<h3 class=\"elementor-heading-title elementor-size-default\">Apresenta\u00e7\u00e3o PROFNIT\u00ae\n<\/h3>\t\t\t\t<\/div>\n\t\t\t\t<\/div>\n\t\t\t\t<div class=\"elementor-element elementor-element-b405ef5 elementor-widget elementor-widget-text-editor\" data-id=\"b405ef5\" data-element_type=\"widget\" data-e-type=\"widget\" data-widget_type=\"text-editor.default\">\n\t\t\t\t<div class=\"elementor-widget-container\">\n\t\t\t\t\t\t\t\t\t<p class=\"\" data-start=\"260\" data-end=\"693\">O <strong data-start=\"262\" data-end=\"375\">PROFNIT\u00ae \u2013 Programa de P\u00f3s-Gradua\u00e7\u00e3o em Propriedade Intelectual e Transfer\u00eancia de Tecnologia para a Inova\u00e7\u00e3o<\/strong> \u00e9 um mestrado <strong data-start=\"390\" data-end=\"407\">stricto sensu<\/strong>, gratuito, presencial e ofertado em rede nacional, voltado \u00e0 forma\u00e7\u00e3o de profissionais capacitados para atuar nas compet\u00eancias dos <strong data-start=\"539\" data-end=\"581\">N\u00facleos de Inova\u00e7\u00e3o Tecnol\u00f3gica (NITs)<\/strong> e nos diversos <strong data-start=\"597\" data-end=\"633\">Ambientes Promotores de Inova\u00e7\u00e3o<\/strong> dos setores acad\u00eamico, empresarial, governamental e social.<\/p><p class=\"\" data-start=\"695\" data-end=\"985\">Trata-se de um programa coordenado pelo <strong data-start=\"735\" data-end=\"816\">F\u00f3rum Nacional de Gestores de Inova\u00e7\u00e3o e Transfer\u00eancia de Tecnologia (FORTEC)<\/strong>, em associa\u00e7\u00e3o com Institui\u00e7\u00f5es de Ensino Superior. O PROFNIT \u00e9 oferecido anualmente, recomendado com <strong data-start=\"919\" data-end=\"940\">nota 4 pela CAPES<\/strong> e reconhecido por Portaria de Ato Normativo.<\/p><p class=\"\" data-start=\"987\" data-end=\"1064\"><a href=\"https:\/\/profnit.org.br\" target=\"_new\" rel=\"noopener\" data-start=\"987\" data-end=\"1064\">\ud83d\udd17 Acesse aqui a p\u00e1gina oficial do PROFNIT Nacional<\/a><\/p>\t\t\t\t\t\t\t\t<\/div>\n\t\t\t\t<\/div>\n\t\t\t\t<div class=\"elementor-element elementor-element-eadc31a elementor-widget elementor-widget-spacer\" data-id=\"eadc31a\" data-element_type=\"widget\" data-e-type=\"widget\" data-widget_type=\"spacer.default\">\n\t\t\t\t<div class=\"elementor-widget-container\">\n\t\t\t\t\t\t\t<div class=\"elementor-spacer\">\n\t\t\t<div class=\"elementor-spacer-inner\"><\/div>\n\t\t<\/div>\n\t\t\t\t\t\t<\/div>\n\t\t\t\t<\/div>\n\t\t\t\t<div class=\"elementor-element elementor-element-2e9ac64 elementor-widget elementor-widget-heading\" data-id=\"2e9ac64\" data-element_type=\"widget\" data-e-type=\"widget\" data-widget_type=\"heading.default\">\n\t\t\t\t<div class=\"elementor-widget-container\">\n\t\t\t\t\t<h3 class=\"elementor-heading-title elementor-size-default\"> Objetivos do PROFNIT<\/h3>\t\t\t\t<\/div>\n\t\t\t\t<\/div>\n\t\t\t\t<div class=\"elementor-element elementor-element-8465572 elementor-widget elementor-widget-text-editor\" data-id=\"8465572\" data-element_type=\"widget\" data-e-type=\"widget\" data-widget_type=\"text-editor.default\">\n\t\t\t\t<div class=\"elementor-widget-container\">\n\t\t\t\t\t\t\t\t\t<p class=\"\" data-start=\"1104\" data-end=\"1204\">O objetivo principal do PROFNIT \u00e9 <strong data-start=\"1138\" data-end=\"1175\">aprimorar a forma\u00e7\u00e3o profissional<\/strong> para que os egressos possam:<\/p><ul data-start=\"1206\" data-end=\"1627\"><li class=\"\" data-start=\"1206\" data-end=\"1240\"><p class=\"\" data-start=\"1208\" data-end=\"1240\">Atuar nas compet\u00eancias dos NITs;<\/p><\/li><li class=\"\" data-start=\"1241\" data-end=\"1313\"><p class=\"\" data-start=\"1243\" data-end=\"1313\">Conhecer e aplicar a legisla\u00e7\u00e3o de Propriedade Intelectual e Inova\u00e7\u00e3o;<\/p><\/li><li class=\"\" data-start=\"1314\" data-end=\"1389\"><p class=\"\" data-start=\"1316\" data-end=\"1389\">Propor e implementar pol\u00edticas de prote\u00e7\u00e3o e transfer\u00eancia de tecnologia;<\/p><\/li><li class=\"\" data-start=\"1390\" data-end=\"1446\"><p class=\"\" data-start=\"1392\" data-end=\"1446\">Avaliar e conduzir o processo de prote\u00e7\u00e3o de cria\u00e7\u00f5es;<\/p><\/li><li class=\"\" data-start=\"1447\" data-end=\"1500\"><p class=\"\" data-start=\"1449\" data-end=\"1500\">Negociar e gerenciar acordos de licenciamento e TT;<\/p><\/li><li class=\"\" data-start=\"1501\" data-end=\"1565\"><p class=\"\" data-start=\"1503\" data-end=\"1565\">Desenvolver prospec\u00e7\u00e3o tecnol\u00f3gica e intelig\u00eancia competitiva;<\/p><\/li><li class=\"\" data-start=\"1566\" data-end=\"1627\"><p class=\"\" data-start=\"1568\" data-end=\"1627\">Conectar academia, empresas e governo com foco em inova\u00e7\u00e3o.<\/p><\/li><\/ul><p class=\"\" data-start=\"1629\" data-end=\"1882\">O programa \u00e9 destinado especialmente a profissionais que atuam em <strong data-start=\"1695\" data-end=\"1742\">Institui\u00e7\u00f5es de Ci\u00eancia e Tecnologia (ICTs)<\/strong>, \u00f3rg\u00e3os p\u00fablicos, universidades, centros de inova\u00e7\u00e3o, e demais ambientes do <strong data-start=\"1819\" data-end=\"1881\">Sistema Nacional de Ci\u00eancia, Tecnologia e Inova\u00e7\u00e3o (SNCTI)<\/strong>.<\/p>\t\t\t\t\t\t\t\t<\/div>\n\t\t\t\t<\/div>\n\t\t\t\t<div class=\"elementor-element elementor-element-b8bb722 elementor-widget elementor-widget-spacer\" data-id=\"b8bb722\" data-element_type=\"widget\" data-e-type=\"widget\" data-widget_type=\"spacer.default\">\n\t\t\t\t<div class=\"elementor-widget-container\">\n\t\t\t\t\t\t\t<div class=\"elementor-spacer\">\n\t\t\t<div class=\"elementor-spacer-inner\"><\/div>\n\t\t<\/div>\n\t\t\t\t\t\t<\/div>\n\t\t\t\t<\/div>\n\t\t\t\t<div class=\"elementor-element elementor-element-5228e12 elementor-widget elementor-widget-heading\" data-id=\"5228e12\" data-element_type=\"widget\" data-e-type=\"widget\" data-widget_type=\"heading.default\">\n\t\t\t\t<div class=\"elementor-widget-container\">\n\t\t\t\t\t<h3 class=\"elementor-heading-title elementor-size-default\">\u00c1rea de concentra\u00e7\u00e3o, Linhas de Pesquisa e Temas Transversais PROFNIT<\/h3>\t\t\t\t<\/div>\n\t\t\t\t<\/div>\n\t\t\t\t<div class=\"elementor-element elementor-element-425feb9 elementor-widget elementor-widget-text-editor\" data-id=\"425feb9\" data-element_type=\"widget\" data-e-type=\"widget\" data-widget_type=\"text-editor.default\">\n\t\t\t\t<div class=\"elementor-widget-container\">\n\t\t\t\t\t\t\t\t\t<p><strong>Linha de Pesquisa: <br \/><\/strong>PROPRIEDADE INTELECTUAL E TRANSFER\u00caNCIA DE TECNOLOGIA PARA INOVA\u00c7\u00c3O EM N\u00daCLEOS DE INOVA\u00c7\u00c3O TECNOL\u00d3GICA (NITS).<\/p><p><strong>\u00c1rea de Concentra\u00e7\u00e3o:<\/strong><br \/>Propriedade Intelectual e Transfer\u00eancia de Tecnologia para Inova\u00e7\u00e3o.<\/p><p><strong>Descri\u00e7\u00e3o:<\/strong><br \/>Estudos anal\u00edticos e pr\u00e1ticos sobre as compet\u00eancias dos NITs e sua pol\u00edtica institucional de inova\u00e7\u00e3o tecnol\u00f3gica de acordo com o arcabou\u00e7o legal e pol\u00edticas setoriais. Est\u00edmulo \u00e0 prote\u00e7\u00e3o das cria\u00e7\u00f5es, resultados de pesquisa e desenvolvimento tecnol\u00f3gico, busca de anterioridade, processamento e manuten\u00e7\u00e3o dos t\u00edtulos de PI nas diversas \u00e1reas do conhecimento. Transfer\u00eancia de tecnologia nas suas diversas formas e nos v\u00e1rios setores estruturantes e seus inter-relacionamentos, identifica\u00e7\u00e3o de nichos de mercado e ambientes de inova\u00e7\u00e3o de base tecnol\u00f3gica e suas intera\u00e7\u00f5es sist\u00eamicas, empreendedorismo, identifica\u00e7\u00e3o de gargalos e de oportunidades de mercado para transferir tecnologia adequadamente (intelig\u00eancia competitiva), visando seu uso pela sociedade e contribuindo para o desenvolvimento e crescimento econ\u00f4mico nas esferas local, regional e global, melhorando as condi\u00e7\u00f5es de vida da popula\u00e7\u00e3o, alavancando o Produto Interno Bruto (PIB) e impulsionando o \u00cdndice de Desenvolvimento Humano (IDH).<\/p>\t\t\t\t\t\t\t\t<\/div>\n\t\t\t\t<\/div>\n\t\t\t\t\t<\/div>\n\t\t<\/div>\n\t\t\t\t\t<\/div>\n\t\t<\/section>\n\t\t\t\t<section class=\"elementor-section elementor-inner-section elementor-element elementor-element-2048332c elementor-section-boxed elementor-section-height-default elementor-section-height-default\" data-id=\"2048332c\" data-element_type=\"section\" data-e-type=\"section\" data-settings=\"{&quot;_ha_eqh_enable&quot;:false}\">\n\t\t\t\t\t\t<div class=\"elementor-container elementor-column-gap-extended\">\n\t\t\t\t\t<div class=\"elementor-column elementor-col-50 elementor-inner-column elementor-element elementor-element-e0861c7\" data-id=\"e0861c7\" data-element_type=\"column\" data-e-type=\"column\">\n\t\t\t<div class=\"elementor-widget-wrap\">\n\t\t\t\t\t\t\t<\/div>\n\t\t<\/div>\n\t\t\t\t<div class=\"elementor-column elementor-col-50 elementor-inner-column elementor-element elementor-element-3a1737b5\" data-id=\"3a1737b5\" data-element_type=\"column\" data-e-type=\"column\">\n\t\t\t<div class=\"elementor-widget-wrap\">\n\t\t\t\t\t\t\t<\/div>\n\t\t<\/div>\n\t\t\t\t\t<\/div>\n\t\t<\/section>\n\t\t\t\t<section class=\"elementor-section elementor-inner-section elementor-element elementor-element-bc83dc2 elementor-section-boxed elementor-section-height-default elementor-section-height-default\" data-id=\"bc83dc2\" data-element_type=\"section\" data-e-type=\"section\" data-settings=\"{&quot;_ha_eqh_enable&quot;:false}\">\n\t\t\t\t\t\t<div class=\"elementor-container elementor-column-gap-extended\">\n\t\t\t\t\t<div class=\"elementor-column elementor-col-50 elementor-inner-column elementor-element elementor-element-f1fac04\" data-id=\"f1fac04\" data-element_type=\"column\" data-e-type=\"column\">\n\t\t\t<div class=\"elementor-widget-wrap elementor-element-populated\">\n\t\t\t\t\t\t<div class=\"elementor-element elementor-element-abe7038 elementor-widget elementor-widget-heading\" data-id=\"abe7038\" data-element_type=\"widget\" data-e-type=\"widget\" data-widget_type=\"heading.default\">\n\t\t\t\t<div class=\"elementor-widget-container\">\n\t\t\t\t\t<h3 class=\"elementor-heading-title elementor-size-default\">Coordena\u00e7\u00e3o local<\/h3>\t\t\t\t<\/div>\n\t\t\t\t<\/div>\n\t\t\t\t<div class=\"elementor-element elementor-element-838f64e elementor-widget elementor-widget-text-editor\" data-id=\"838f64e\" data-element_type=\"widget\" data-e-type=\"widget\" data-widget_type=\"text-editor.default\">\n\t\t\t\t<div class=\"elementor-widget-container\">\n\t\t\t\t\t\t\t\t\t<p class=\"\" data-start=\"2562\" data-end=\"2584\"><strong data-start=\"2562\" data-end=\"2584\">Dados do servidor respons\u00e1vel pela Secretaria Acad\u00eamica do Ponto Focal:<\/strong><\/p><p data-start=\"2562\" data-end=\"2584\">\u00a0<\/p><ul data-start=\"2585\" data-end=\"2783\"><li class=\"\" data-start=\"2585\" data-end=\"2682\"><p class=\"\" data-start=\"2587\" data-end=\"2682\"><strong data-start=\"2587\" data-end=\"2604\">Coordenadora:<\/strong> Renata Freitas<br data-start=\"2622\" data-end=\"2625\" \/>\ud83d\udcde (68) 9999-9999 | \ud83d\udce7 <a class=\"m_-2476940893065318620primary-text m_-2476940893065318620underline-on-hover\" href=\"mailto:renata.freitas@ifac.edu.br\" target=\"_blank\" rel=\"noopener\"><span class=\"il\">renata.freitas@ifac.edu.br<\/span><\/a><\/p><\/li><\/ul><p>\u00a0<\/p><ul data-start=\"2585\" data-end=\"2783\"><li class=\"\" data-start=\"2683\" data-end=\"2783\"><p class=\"\" data-start=\"2685\" data-end=\"2783\"><strong data-start=\"2685\" data-end=\"2706\">Vice-Coordenador:<\/strong> Mario Sergio\u00a0<br data-start=\"2730\" data-end=\"2733\" \/>\ud83d\udcde (68) 9999-9999 | \ud83d\udce7 <a class=\"m_-2476940893065318620primary-text m_-2476940893065318620underline-on-hover\" href=\"mailto:mario.lobao@ifac.edu.br\" target=\"_blank\" rel=\"noopener\">mario.lobao@ifac.edu.br<\/a><\/p><\/li><\/ul><p>\u00a0<\/p><ul data-start=\"2585\" data-end=\"2783\"><li><strong data-start=\"2685\" data-end=\"2706\"><strong data-start=\"2685\" data-end=\"2706\">Auxiliar em Assuntos Educacionais:<\/strong><\/strong><p>J\u00falio Neto<\/p>\ud83d\udcde <strong>\u00a0<\/strong>(68) 99954-5566| \ud83d\udce7\u00a0<a href=\"mailto:julio.neto@ifac.edu.br\">julio.neto@ifac.edu.br<\/a><\/li><\/ul>\t\t\t\t\t\t\t\t<\/div>\n\t\t\t\t<\/div>\n\t\t\t\t\t<\/div>\n\t\t<\/div>\n\t\t\t\t<div class=\"elementor-column elementor-col-50 elementor-inner-column elementor-element elementor-element-39e3fd9\" data-id=\"39e3fd9\" data-element_type=\"column\" data-e-type=\"column\">\n\t\t\t<div class=\"elementor-widget-wrap elementor-element-populated\">\n\t\t\t\t\t\t<div class=\"elementor-element elementor-element-b8dc5b9 elementor-widget elementor-widget-heading\" data-id=\"b8dc5b9\" data-element_type=\"widget\" data-e-type=\"widget\" data-widget_type=\"heading.default\">\n\t\t\t\t<div class=\"elementor-widget-container\">\n\t\t\t\t\t<h3 class=\"elementor-heading-title elementor-size-default\">Infraestrutura dispon\u00edvel<\/h3>\t\t\t\t<\/div>\n\t\t\t\t<\/div>\n\t\t\t\t<div class=\"elementor-element elementor-element-5e9e2a3 elementor-widget elementor-widget-text-editor\" data-id=\"5e9e2a3\" data-element_type=\"widget\" data-e-type=\"widget\" data-widget_type=\"text-editor.default\">\n\t\t\t\t<div class=\"elementor-widget-container\">\n\t\t\t\t\t\t\t\t\t<ul data-start=\"2407\" data-end=\"2560\"><li class=\"\" data-start=\"2407\" data-end=\"2441\"><p class=\"\" data-start=\"2409\" data-end=\"2441\">Salas de aula e espa\u00e7os multiuso<\/p><\/li><li class=\"\" data-start=\"2442\" data-end=\"2471\"><p class=\"\" data-start=\"2444\" data-end=\"2471\">Laborat\u00f3rios de inform\u00e1tica<\/p><\/li><li class=\"\" data-start=\"2472\" data-end=\"2506\"><p class=\"\" data-start=\"2474\" data-end=\"2506\">Biblioteca com acervo atualizado<\/p><\/li><li class=\"\" data-start=\"2507\" data-end=\"2560\"><p class=\"\" data-start=\"2509\" data-end=\"2560\">Ambientes de conviv\u00eancia para pesquisa e integra\u00e7\u00e3o<\/p><\/li><\/ul>\t\t\t\t\t\t\t\t<\/div>\n\t\t\t\t<\/div>\n\t\t\t\t\t<\/div>\n\t\t<\/div>\n\t\t\t\t\t<\/div>\n\t\t<\/section>\n\t\t\t\t\t<\/div>\n\t\t<\/div>\n\t\t\t\t\t<\/div>\n\t\t<\/section>\n\t\t\t\t<section class=\"elementor-section elementor-top-section elementor-element elementor-element-53d53170 elementor-section-boxed elementor-section-height-default elementor-section-height-default\" data-id=\"53d53170\" data-element_type=\"section\" data-e-type=\"section\" data-settings=\"{&quot;_ha_eqh_enable&quot;:false}\">\n\t\t\t\t\t\t<div class=\"elementor-container elementor-column-gap-default\">\n\t\t\t\t\t<div class=\"elementor-column elementor-col-100 elementor-top-column elementor-element elementor-element-32553a68\" data-id=\"32553a68\" data-element_type=\"column\" data-e-type=\"column\">\n\t\t\t<div class=\"elementor-widget-wrap elementor-element-populated\">\n\t\t\t\t\t\t<div class=\"elementor-element elementor-element-500b01e elementor-widget elementor-widget-heading\" data-id=\"500b01e\" data-element_type=\"widget\" data-e-type=\"widget\" data-widget_type=\"heading.default\">\n\t\t\t\t<div class=\"elementor-widget-container\">\n\t\t\t\t\t<h3 class=\"elementor-heading-title elementor-size-default\">Conhe\u00e7a tamb\u00e9m<\/h3>\t\t\t\t<\/div>\n\t\t\t\t<\/div>\n\t\t\t\t<section class=\"elementor-section elementor-inner-section elementor-element elementor-element-3223d072 elementor-section-boxed elementor-section-height-default elementor-section-height-default\" data-id=\"3223d072\" data-element_type=\"section\" data-e-type=\"section\" data-settings=\"{&quot;_ha_eqh_enable&quot;:false}\">\n\t\t\t\t\t\t<div class=\"elementor-container elementor-column-gap-default\">\n\t\t\t\t\t<div class=\"elementor-column elementor-col-33 elementor-inner-column elementor-element elementor-element-2da9f085\" data-id=\"2da9f085\" data-element_type=\"column\" data-e-type=\"column\">\n\t\t\t<div class=\"elementor-widget-wrap elementor-element-populated\">\n\t\t\t\t\t\t<div data-ha-element-link=\"{&quot;url&quot;:&quot;https:\\\/\\\/web.ifac.edu.br\\\/profnit\\\/matriz_curricular\\\/&quot;,&quot;is_external&quot;:&quot;&quot;,&quot;nofollow&quot;:&quot;&quot;}\" style=\"cursor: pointer\" class=\"elementor-element elementor-element-68ded36 ha-infobox-media-dir-top elementor-widget elementor-widget-ha-infobox happy-addon ha-infobox\" data-id=\"68ded36\" data-element_type=\"widget\" data-e-type=\"widget\" data-widget_type=\"ha-infobox.default\">\n\t\t\t\t<div class=\"elementor-widget-container\">\n\t\t\t\t\t\n\t\t\t\t\t<figure class=\"ha-infobox-figure ha-infobox-figure--icon\">\n\t\t\t\t<i class=\"huge huge-matrix\"><\/i>\t\t\t<\/figure>\n\t\t\n\t\t<div class=\"ha-infobox-body\">\n\t\t\t<h2 class=\"ha-infobox-title\">Matriz Curricular<\/h2>\n\t\t\t\t\t\t\t<div class=\"ha-infobox-text\">\n\t\t\t\t\t<p>Conhe\u00e7a nossas Disciplinas \n<\/p>\n\t\t\t\t<\/div>\n\t\t\t\n\t\t\t<a class=\"ha-btn ha-btn--link\" href=\"https:\/\/web.ifac.edu.br\/profnit\/matriz_curricular\/\"><span class=\"ha-btn-text\">Saiba mais<\/span><\/a>\t\t<\/div>\n\t\t\t\t\t\t<\/div>\n\t\t\t\t<\/div>\n\t\t\t\t\t<\/div>\n\t\t<\/div>\n\t\t\t\t<div class=\"elementor-column elementor-col-33 elementor-inner-column elementor-element elementor-element-25adfe30\" data-id=\"25adfe30\" data-element_type=\"column\" data-e-type=\"column\">\n\t\t\t<div class=\"elementor-widget-wrap elementor-element-populated\">\n\t\t\t\t\t\t<div data-ha-element-link=\"{&quot;url&quot;:&quot;https:\\\/\\\/web.ifac.edu.br\\\/profnit\\\/docentes-credenciados\\\/&quot;,&quot;is_external&quot;:&quot;&quot;,&quot;nofollow&quot;:&quot;&quot;}\" style=\"cursor: pointer\" class=\"elementor-element elementor-element-2f5524b9 ha-infobox-media-dir-top elementor-widget elementor-widget-ha-infobox happy-addon ha-infobox\" data-id=\"2f5524b9\" data-element_type=\"widget\" data-e-type=\"widget\" data-widget_type=\"ha-infobox.default\">\n\t\t\t\t<div class=\"elementor-widget-container\">\n\t\t\t\t\t\n\t\t\t\t\t<figure class=\"ha-infobox-figure ha-infobox-figure--icon\">\n\t\t\t\t<i class=\"huge huge-teacher\"><\/i>\t\t\t<\/figure>\n\t\t\n\t\t<div class=\"ha-infobox-body\">\n\t\t\t<h2 class=\"ha-infobox-title\">Docentes do Programa<\/h2>\n\t\t\t\t\t\t\t<div class=\"ha-infobox-text\">\n\t\t\t\t\t<p>Conhe\u00e7a nossos professores\n<\/p>\n\t\t\t\t<\/div>\n\t\t\t\n\t\t\t<a class=\"ha-btn ha-btn--link\" href=\"https:\/\/web.ifac.edu.br\/profnit\/docentes-credenciados\/\"><span class=\"ha-btn-text\">Saiba mais<\/span><\/a>\t\t<\/div>\n\t\t\t\t\t\t<\/div>\n\t\t\t\t<\/div>\n\t\t\t\t\t<\/div>\n\t\t<\/div>\n\t\t\t\t<div class=\"elementor-column elementor-col-33 elementor-inner-column elementor-element elementor-element-6b2a9a9e\" data-id=\"6b2a9a9e\" data-element_type=\"column\" data-e-type=\"column\">\n\t\t\t<div class=\"elementor-widget-wrap elementor-element-populated\">\n\t\t\t\t\t\t<div data-ha-element-link=\"{&quot;url&quot;:&quot;https:\\\/\\\/web.ifac.edu.br\\\/profnit\\\/docentes-e-discentes\\\/&quot;,&quot;is_external&quot;:&quot;&quot;,&quot;nofollow&quot;:&quot;&quot;}\" style=\"cursor: pointer\" class=\"elementor-element elementor-element-ff0aee3 ha-infobox-media-dir-top elementor-widget elementor-widget-ha-infobox happy-addon ha-infobox\" data-id=\"ff0aee3\" data-element_type=\"widget\" data-e-type=\"widget\" data-widget_type=\"ha-infobox.default\">\n\t\t\t\t<div class=\"elementor-widget-container\">\n\t\t\t\t\t\n\t\t\t\t\t<figure class=\"ha-infobox-figure ha-infobox-figure--icon\">\n\t\t\t\t<i class=\"huge huge-student-card\"><\/i>\t\t\t<\/figure>\n\t\t\n\t\t<div class=\"ha-infobox-body\">\n\t\t\t<h2 class=\"ha-infobox-title\">Discentes PROFNIT Ifac<\/h2>\n\t\t\t\t\t\t\t<div class=\"ha-infobox-text\">\n\t\t\t\t\t<p>Conhe\u00e7a nossos mestrandos<\/p>\n\t\t\t\t<\/div>\n\t\t\t\n\t\t\t<a class=\"ha-btn ha-btn--link\" href=\"https:\/\/web.ifac.edu.br\/profnit\/docentes-e-discentes\/\"><span class=\"ha-btn-text\">Saiba mais<\/span><\/a>\t\t<\/div>\n\t\t\t\t\t\t<\/div>\n\t\t\t\t<\/div>\n\t\t\t\t\t<\/div>\n\t\t<\/div>\n\t\t\t\t\t<\/div>\n\t\t<\/section>\n\t\t\t\t\t<\/div>\n\t\t<\/div>\n\t\t\t\t\t<\/div>\n\t\t<\/section>\n\t\t\t\t<\/div>\n\t\t","protected":false},"excerpt":{"rendered":"<p>Sobre o Programa PROFNIT: Um Mestrado Profissional para os Ambientes de Inova\u00e7\u00e3o Mestrado Profissional em Propriedade Intelectual e Transfer\u00eancia de Tecnologia para Inova\u00e7\u00e3o (Profnit) Ponto Focal Acre O Ponto Focal do Acre, com sede no Campus Rio Branco, \u00e9 uma das unidades executoras do PROFNIT e desempenha papel essencial no fortalecimento do ecossistema de inova\u00e7\u00e3o [&hellip;]<\/p>\n","protected":false},"author":15,"featured_media":0,"parent":0,"menu_order":0,"comment_status":"closed","ping_status":"closed","template":"","meta":{"footnotes":""},"class_list":["post-3319","page","type-page","status-publish","hentry"],"_links":{"self":[{"href":"https:\/\/web.ifac.edu.br\/profnit\/wp-json\/wp\/v2\/pages\/3319","targetHints":{"allow":["GET"]}}],"collection":[{"href":"https:\/\/web.ifac.edu.br\/profnit\/wp-json\/wp\/v2\/pages"}],"about":[{"href":"https:\/\/web.ifac.edu.br\/profnit\/wp-json\/wp\/v2\/types\/page"}],"author":[{"embeddable":true,"href":"https:\/\/web.ifac.edu.br\/profnit\/wp-json\/wp\/v2\/users\/15"}],"replies":[{"embeddable":true,"href":"https:\/\/web.ifac.edu.br\/profnit\/wp-json\/wp\/v2\/comments?post=3319"}],"version-history":[{"count":0,"href":"https:\/\/web.ifac.edu.br\/profnit\/wp-json\/wp\/v2\/pages\/3319\/revisions"}],"wp:attachment":[{"href":"https:\/\/web.ifac.edu.br\/profnit\/wp-json\/wp\/v2\/media?parent=3319"}],"curies":[{"name":"wp","href":"https:\/\/api.w.org\/{rel}","templated":true}]}}