{"id":924,"date":"2022-01-13T12:25:54","date_gmt":"2022-01-13T15:25:54","guid":{"rendered":"https:\/\/web.ifac.edu.br\/profept\/?page_id=924"},"modified":"2023-08-09T13:21:51","modified_gmt":"2023-08-09T16:21:51","slug":"producao-cientifica","status":"publish","type":"page","link":"https:\/\/web.ifac.edu.br\/profept\/comunicacao\/producao-cientifica\/","title":{"rendered":"PRODU\u00c7\u00c3O CIENT\u00cdFICA"},"content":{"rendered":"<p>Confira abaixo as produ\u00e7\u00f5es cient\u00edficas de docentes, mestrandos e mestrandas do ProfEPT Ifac:<\/p>\n<p>&nbsp;<\/p>\n<ul>\n<li><a href=\"https:\/\/drive.google.com\/file\/d\/1cA7oNEH78x9D9FXmUD4XhDazllmJ_55r\/view\">A saga <em>star wars<\/em> ancorando reflex\u00f5es sobre a rebeldia como categoria epistemol\u00f3gica para uma forma\u00e7\u00e3o integral.<\/a> Cap\u00edtulo de livro. Autores: Maria Lionilde Ara\u00fajo da Silva, Ricardo dos Santos Pereira, Tania Araujo-Jorge e Josina Maria Pontes Ribeiro.<\/li>\n<li><a href=\"http:\/\/revistaparadigma.online\/ojs\/index.php\/paradigma\/article\/view\/1263\">Marcos hist\u00f3ricos de las pol\u00edticas de educaci\u00f3n profesional y tecnol\u00f3gica y socioeducativa en brasil (1930-2012)<\/a>. Artigo. Autores: Wilkerson Oliveira de Avilar,\u00a0 Josina Maria Pontes Ribeiro e\u00a0 Maria Nilvane Fernandes.<\/li>\n<li><a href=\"https:\/\/memoria.ifrn.edu.br\/handle\/1044\/2225\" target=\"_blank\" rel=\"noopener\">Perspectivas de forma\u00e7\u00e3o docente: influ\u00eancias da BNCC para a educa\u00e7\u00e3o profissional e tecnol\u00f3gica. Cap\u00edtulo de livro publicado em &#8220;Forma\u00e7\u00e3o de professores para a educa\u00e7\u00e3o profissional: entre mem\u00f3rias e pr\u00e1ticas&#8221; <\/a>&#8211; Autores: Valdenir Cardoso Gomes de Melo Junior; Am\u00e9lia Maria Lima Garcia.<\/li>\n<li><a href=\"http:\/\/ojs.ifes.edu.br\/index.php\/ept\/article\/view\/633\/464\" target=\"_blank\" rel=\"noopener\">Trekking como pr\u00e1tica pedag\u00f3gica em espa\u00e7os amaz\u00f4nicos: uma perspectiva aos Institutos Federais<\/a>. Autores: Jefferson Teixeira Sarmento de Lima; Am\u00e9lia Maria Lima Garcia; Cledir de Ara\u00fajo Amaral; Renata Gomes de Abreu Freitas; Valdin\u00e9ia Rodrigues Tomaz.<\/li>\n<li>\n<div class=\"oIy2qc\" data-message-text=\"Forma\u00e7\u00e3o polit\u00e9cnica em sa\u00fade na Amaz\u00f4nia Ocidental: integralidade e politecnia no ensino t\u00e9cnico de enfermagem a partir do plano pedag\u00f3gico do curso\"><a href=\"https:\/\/www.ifac.edu.br\/revistas\/revista-conexao-na-amazonia-rca\/revista-conexao-na-conexao-versao-pdf\/revista-conexao-na-amazonia.pdf\" target=\"_blank\" rel=\"noopener\">Forma\u00e7\u00e3o polit\u00e9cnica em sa\u00fade na Amaz\u00f4nia Ocidental: integralidade e politecnia no ensino t\u00e9cnico de enfermagem a partir do plano pedag\u00f3gico do curso<\/a> &#8211; Autores:\u00a0Edvan Ferreira de Meneses; Am\u00e9lia Maria Lima Garcia; Ricardo dos Santos Pereira.<\/div>\n<\/li>\n<li>\n<div class=\"oIy2qc\" data-message-text=\"Forma\u00e7\u00e3o polit\u00e9cnica em sa\u00fade na Amaz\u00f4nia Ocidental: capacita\u00e7\u00e3o emocional de alunos concludentes do curso t\u00e9cnico em enfermagem\"><a href=\"https:\/\/www2.ifrn.edu.br\/ojs\/index.php\/RBEPT\/article\/view\/11443\/pdf\" target=\"_blank\" rel=\"noopener\">Forma\u00e7\u00e3o polit\u00e9cnica em sa\u00fade na Amaz\u00f4nia Ocidental: capacita\u00e7\u00e3o emocional de alunos concludentes do curso t\u00e9cnico em enfermagem<\/a> &#8211; Autores:\u00a0Edvan Ferreira de Meneses; Am\u00e9lia Maria Lima Garcia; Ricardo dos Santos Pereira.<\/div>\n<\/li>\n<li><a href=\"https:\/\/drive.google.com\/file\/d\/1DxE4cj-DkXR-88fEELeLIuz8W9YhwE1d\/view\" target=\"_blank\" rel=\"noopener\">Pr\u00e1ticas corporais de aventura nos cursos do Ensino M\u00e9dio Integrado do Ifac-Campus Rio Branco <\/a>&#8211; Autores: Jefferson Teixeira Sarmento de Lima; Am\u00e9lia Maria Lima Garcia; Cledir de Ara\u00fajo Amaral; Renata Gomes de Abreu Freitas; Valdin\u00e9ia Rodrigues Tomaz .<\/li>\n<li><a href=\"https:\/\/drive.google.com\/file\/d\/1DxE4cj-DkXR-88fEELeLIuz8W9YhwE1d\/view\" target=\"_blank\" rel=\"noopener\">Tecnologia: breve caracteriza\u00e7\u00e3o e a Quarta Revolu\u00e7\u00e3o Industrial<\/a> &#8211; Autores: Valdenir Cardoso Gomes de Melo Junior; Mayara dos Santos Santiago; Am\u00e9lia Maria Lima Garcia .<\/li>\n<li><a href=\"https:\/\/drive.google.com\/file\/d\/1DxE4cj-DkXR-88fEELeLIuz8W9YhwE1d\/view\" target=\"_blank\" rel=\"noopener\">O ensino emocional no plano do curso t\u00e9cnico em enfermagem da escola Maria Moreira da Rocha<\/a> &#8211; Autores: Edvan Ferreira de Meneses; Am\u00e9lia Maria Lima Garcia .<\/li>\n<li><a href=\"https:\/\/drive.google.com\/file\/d\/1Z82XZ7ahlickanvy-tsGuRFATEmDveqD\/view\" target=\"_blank\" rel=\"noopener\">A forma\u00e7\u00e3o a partir de disciplinas compartimentadas e da nega\u00e7\u00e3o dos saberes emocionais: impactos formativos e profissionais<\/a> &#8211; Autores: Edvan Ferreira de Meneses; Am\u00e9lia Maria Lima Garcia .<\/li>\n<li><a href=\"https:\/\/www2.ifmg.edu.br\/portal\/noticias\/copy4_of_livroprofept.pdf\" target=\"_blank\" rel=\"noopener\">Hist\u00f3rias de vida e trabalho no Instituto Federal do Acre (Ifac)\/Campus Rio Branco: uma an\u00e1lise fenomenol\u00f3gica<\/a>. Autores: Elane Cristine Almeida da Silva; Josina Maria Pontes Ribeiro; Ricardo dos Santos Pereira.<\/li>\n<li>A inexist\u00eancia de um m\u00e9todo freiriano para a constru\u00e7\u00e3o dos in\u00e9ditos vi\u00e1veis: notas aos caminhantes. Autores: Josina Maria Pontes Ribeiro; Maria Lionilde Ara\u00fajo da Silva; Vicente Bessa Neto; Tania Cremonini de Ara\u00fajo-Jorge.<\/li>\n<li><a href=\"https:\/\/periodicos.uepa.br\/index.php\/cocar\/article\/view\/4582\" target=\"_blank\" rel=\"noopener\">Perman\u00eancia e \u00eaxito estudantil no ensino m\u00e9dio integrado no Instituto Federal do Acre, Campus Cruzeiro do Sul<\/a>. Autores: Mary Clicia da Costa Moraes; Jos\u00e9 Marlo Ara\u00fajo de Azevedo; Hellen Sandra Freires da Silva Azevedo.<\/li>\n<li><a href=\"https:\/\/rsdjournal.org\/index.php\/rsd\/article\/view\/28561\" target=\"_blank\" rel=\"noopener\">Um olhar sobre a Educa\u00e7\u00e3o Profissional: motivos e enfrentamento da evas\u00e3o no Instituto Federal do Acre<\/a>. Mary Clicia da Costa Moraes; Jos\u00e9 Marlo Ara\u00fajo de Azevedo; Hellen Sandra Freires da Silva Azevedo; Tiago Ramos de Souza.<\/li>\n<li><a href=\"http:\/\/www.academicstar.us\/issueshow.asp?daid=3932\" target=\"_blank\" rel=\"noopener\">Games: A Journey Through History to the Classroom<\/a>. Gabriel Assump\u00e7\u00e3o Firmo Dantas; Hellen Sandra Freires da Silva Az\u00eavedo; Jos\u00e9 Marlo de Ara\u00fajo Azevedo.<\/li>\n<li><a href=\"http:\/\/dx.doi.org\/10.1590\/0102-4698368535746\" target=\"_blank\" rel=\"noopener\">Educa\u00e7\u00e3o financeira no Ensino M\u00e9dio Integrado: construindo um curr\u00edculo transversal com base em temas geradores<\/a>.\u00a0Autores: Richarles de Ara\u00fajo Sousa; M\u00e1rio S\u00e9rgio Pedroza Lob\u00e3o; Renata Gomes de Abreu Freitas.\u00a0<a href=\"http:\/\/dx.doi.org\/10.1590\/0102-4698368535746T\" target=\"_blank\" rel=\"noopener\">Dispon\u00edvel tamb\u00e9m em ingl\u00eas<\/a>.<\/li>\n<li><a href=\"https:\/\/revistaensinoeeducacao.pgsskroton.com.br\/article\/view\/9294\" target=\"_blank\" rel=\"noopener\">Educa\u00e7\u00e3o patrimonial como tema transversal no Ensino M\u00e9dio Integrado: um olhar dos professores em uma Institui\u00e7\u00e3o de Educa\u00e7\u00e3o Profissional e Tecnol\u00f3gica<\/a>. Autores: <span class=\"name\">Regiane de Souza Oliveira Farias; M\u00e1rio S\u00e9rgio Pedroza Lob\u00e3o.<\/span><\/li>\n<li><a href=\"https:\/\/www2.ifrn.edu.br\/ojs\/index.php\/RBEPT\/article\/view\/12031\">Inicia\u00e7\u00e3o cient\u00edfica como caminho para a emancipa\u00e7\u00e3o do aluno vinculado ao Ensino M\u00e9dio Integrado<\/a>. Autores: Altino Farias de Morais; Richarles de Ara\u00fajo Sousa; Regiane de Souza Oliveira Farias; Priscila Ferreira Wolter; M\u00e1rio S\u00e9rgio Pedroza Lob\u00e3o.<\/li>\n<li>\n<div><a href=\"https:\/\/www.scielo.br\/j\/ep\/a\/W3rSB3FhJJpGy3vRwmBDxJg\/?lang=pt\" target=\"_blank\" rel=\"noopener\">A assist\u00eancia estudantil no processo educacional: possibilidades de atua\u00e7\u00e3o<\/a>. Autores: Priscila da Silva Soares; Cledir de Ara\u00fajo Amaral.<\/div>\n<\/li>\n<li><a href=\"https:\/\/www.revistas.unijui.edu.br\/index.php\/contextoeducacao\/article\/view\/11742\" target=\"_blank\" rel=\"noopener\">A saga Star Wars e a pol\u00edtica: discuss\u00f5es e possibilidades de conceitos-imagens da saga para o ensino de filosofia<\/a>. Autores: Maria Lionilde Ara\u00fajo da Silva; Josina Maria Pontes Ribeiro e Ricardo dos Santos Pereira.<\/li>\n<li><a href=\"https:\/\/www.eumed.net\/rev\/caribe\/2019\/03\/instituto-federal-educacao.html\" target=\"_blank\" rel=\"noopener\">A experi\u00eancia do Instituto Federal de Educa\u00e7\u00e3o, Ci\u00eancia e Tecnologia do Acre com a forma\u00e7ao dos trabalhadores da educa\u00e7\u00e3o b\u00e1sica no Vale do Juru\u00e1<\/a>. Autores: Marcondes de Lima Nic\u00e1cio; Jos\u00e9 J\u00falio Cesar do Nascimento Ara\u00fajo e Selma Suely Ba\u00e7al de Oliveira.<\/li>\n<li><a href=\"https:\/\/periodicos.uninove.br\/eccos\/article\/view\/8572\" target=\"_blank\" rel=\"noopener\">Pol\u00edticas de forma\u00e7\u00e3o dos profissionais n\u00e3o docentes da educa\u00e7\u00e3o b\u00e1sica no Brasil: uma an\u00e1lise do curso superior de tecnologia em processos escolares<\/a>. Autores: Marcondes de Lima Nic\u00e1cio; Jos\u00e9 J\u00falio Cesar do Nascimento Ara\u00fajo e Selma Suely Ba\u00e7al de Oliveira.<\/li>\n<li><a href=\"https:\/\/www.cp2.g12.br\/ojs\/index.php\/cadernos\/article\/view\/3259\/0\" target=\"_blank\" rel=\"noopener\">Por pol\u00edticas educacionais para os imigrantes\/refugiados no Brasil: an\u00e1lise preliminar a partir da realidade acreana<\/a>. Autores: Jos\u00e9 J\u00falio C\u00e9sar Nascimento Ara\u00fajo, Nelson Jaime C\u00f3; Marcondes Lima Nic\u00e1cio; Cleilton Sampaio de Farias.<\/li>\n<li><a href=\"https:\/\/www.cp2.g12.br\/ojs\/index.php\/cadernos\/article\/view\/3328\" target=\"_blank\" rel=\"noopener\">Uma experi\u00eancia de instru\u00e7\u00e3o por pares no mestrado profissional em Educa\u00e7\u00e3o Profissional e Tecnol\u00f3gica: ProfEPT para a aprendizagem significativa<\/a>. Autores: Cleilton Sampaio de Farias; Jos\u00e9 J\u00falio C\u00e9sar do Nascimento Ara\u00fajo; Edilene da Silva Ferreira; C\u00e9sar Gomes de Freitas.<\/li>\n<li><a href=\"https:\/\/periodicos.set.edu.br\/educacao\/article\/view\/8367\" target=\"_blank\" rel=\"noopener\">A educa\u00e7\u00e3o profissional e tecnol\u00f3gica no Brasil: anota\u00e7\u00e3o a partir dos governos de Collor, Fernando H. Cardoso e Lula<\/a>. Autor: Jos\u00e9 J\u00falio C\u00e9sar do Nascimento Ara\u00fajo.<\/li>\n<li><a href=\"https:\/\/www.revistas.usp.br\/ep\/article\/view\/186946\" target=\"_blank\" rel=\"noopener\">O trabalho prec\u00e1rio nos Institutos Federais: uma an\u00e1lise dos processos de intensifica\u00e7\u00e3o do trabalho verticalizado<\/a>. Autor: Jos\u00e9 J\u00falio C\u00e9sar do Nascimento Ara\u00fajo.<\/li>\n<li><a href=\"https:\/\/www2.ifrn.edu.br\/ojs\/index.php\/RBEPT\/article\/view\/9897\" target=\"_blank\" rel=\"noopener\">Interface entre Filosofia e Pedagogia freiriana: contribui\u00e7\u00f5es para uma forma\u00e7\u00e3o humana integral<\/a>. Autores: Maria Lionilde Ara\u00fajo da Silva; Josina Maria Pontes Ribeiro e Ricardo dos Santos Pereira.<\/li>\n<li><a href=\"https:\/\/periodicos.ifac.edu.br\/index.php\/revistarca\/article\/view\/88\" target=\"_blank\" rel=\"noopener\">O Projeto Pol\u00edtico Pedag\u00f3gico: uma discuss\u00e3o sobre identidade e identidades na Rede Federal de Educa\u00e7\u00e3o Profissional e Tecnol\u00f3gica (EPT)<\/a>. Autores: Patricia Haeser Ferreira Nery e Josina Maria Pontes Ribeiro.<\/li>\n<li><a href=\"https:\/\/periodicos.ifac.edu.br\/index.php\/revistarca\/article\/view\/51\/31\" target=\"_blank\" rel=\"noopener\">Mem\u00f3ria, identidade e cultura: rela\u00e7\u00f5es necess\u00e1rias para pensar a educa\u00e7\u00e3o profissional e tecnol\u00f3gica<\/a>. Autores: Elane Cristine Almeida da Silva; Josina Maria Pontes Ribeiro e Ricardo dos Santos Pereira.<\/li>\n<li><a href=\"https:\/\/ojs.ifes.edu.br\/index.php\/ept\/article\/view\/926\/859\" target=\"_blank\" rel=\"noopener\">Esperan\u00e7a e utopia como horizonte para o ensino m\u00e9dio integrado ao t\u00e9cnico: aproxima\u00e7\u00f5es entre filosofia freiriana e a Saga Star Wars<\/a>. Autores: Maria Lionilde Ara\u00fajo da Silva; Josina Maria Pontes Ribeiro e Ricardo dos Santos Pereira.<\/li>\n<li><a href=\"https:\/\/revistas.unijui.edu.br\/index.php\/contextoeducacao\/article\/view\/11742\" target=\"_blank\" rel=\"noopener\">A Saga Star Wars e a Pol\u00edtica: discuss\u00f5es e possibilidades de conceitos-imagens da Saga para o ensino de filosofia. Autores<\/a>: Maria Lionilde Ara\u00fajo da Silva; Josina Maria Pontes Ribeiro e Ricardo dos Santos Pereira.<\/li>\n<li><a href=\"https:\/\/sistemascmc.ifam.edu.br\/educitec\/index.php\/educitec\/article\/view\/1735\" target=\"_blank\" rel=\"noopener\">Avalia\u00e7\u00e3o da aprendizagem: uma proposta de forma\u00e7\u00e3o continuada aos docentes da Educa\u00e7\u00e3o Profissional e Tecnol\u00f3gica<\/a>. Autores: <span data-sheets-value=\"{&quot;1&quot;:2,&quot;2&quot;:&quot;Ronegildo de Souza Silva; Jos\u00e9 Marlo de Ara\u00fajo de Azevedo; Hellen Sandra Freires da Silva Az\u00eavedo&quot;}\" data-sheets-userformat=\"{&quot;2&quot;:14781,&quot;3&quot;:{&quot;1&quot;:0,&quot;3&quot;:1},&quot;5&quot;:{&quot;1&quot;:[{&quot;1&quot;:2,&quot;2&quot;:0,&quot;5&quot;:{&quot;1&quot;:2,&quot;2&quot;:0}},{&quot;1&quot;:0,&quot;2&quot;:0,&quot;3&quot;:3},{&quot;1&quot;:1,&quot;2&quot;:0,&quot;4&quot;:1}]},&quot;6&quot;:{&quot;1&quot;:[{&quot;1&quot;:2,&quot;2&quot;:0,&quot;5&quot;:{&quot;1&quot;:2,&quot;2&quot;:0}},{&quot;1&quot;:0,&quot;2&quot;:0,&quot;3&quot;:3},{&quot;1&quot;:1,&quot;2&quot;:0,&quot;4&quot;:1}]},&quot;7&quot;:{&quot;1&quot;:[{&quot;1&quot;:2,&quot;2&quot;:0,&quot;5&quot;:{&quot;1&quot;:2,&quot;2&quot;:0}},{&quot;1&quot;:0,&quot;2&quot;:0,&quot;3&quot;:3},{&quot;1&quot;:1,&quot;2&quot;:0,&quot;4&quot;:1}]},&quot;8&quot;:{&quot;1&quot;:[{&quot;1&quot;:2,&quot;2&quot;:0,&quot;5&quot;:{&quot;1&quot;:2,&quot;2&quot;:0}},{&quot;1&quot;:0,&quot;2&quot;:0,&quot;3&quot;:3},{&quot;1&quot;:1,&quot;2&quot;:0,&quot;4&quot;:1}]},&quot;10&quot;:0,&quot;11&quot;:4,&quot;14&quot;:{&quot;1&quot;:3,&quot;3&quot;:1},&quot;15&quot;:&quot;Times New Roman&quot;,&quot;16&quot;:12}\">Ronegildo de Souza Silva; Jos\u00e9 Marlo de Ara\u00fajo de Azevedo; Hellen Sandra Freires da Silva Az\u00eavedo.<\/span><\/li>\n<li><a href=\"https:\/\/www.atenaeditora.com.br\/post-artigo\/49732\" target=\"_blank\" rel=\"noopener\">Gamifica\u00e7\u00e3o como alternativa metodol\u00f3gica na educa\u00e7\u00e3o Profissional e tecnol\u00f3gica<\/a>. Autores: Gabriel Assump\u00e7\u00e3o Firmo Dantas; Hellen Sandra Freires Da Silva Azevedo; Jos\u00e9 Marlo Ara\u00fajo De Azevedo<\/li>\n<li><a href=\"https:\/\/periodicos.uepa.br\/index.php\/cocar\/article\/view\/4164\" target=\"_blank\" rel=\"noopener\">A arte de criar jogos para educa\u00e7\u00e3o profissional e tecnol\u00f3gica: um roteiro fundamentado por Boller e Kapp e Dickmann<\/a>. Autores: Gabriel Assump\u00e7\u00e3o Firmo Dantas; Hellen Sandra Freires da Silva Az\u00eavedo; Jos\u00e9 Marlo Ara\u00fajo de Azevedo.<\/li>\n<li><a href=\"https:\/\/ojs.ifes.edu.br\/index.php\/ept\/article\/view\/639\" target=\"_blank\" rel=\"noopener\">Acolhimento institucional e integra\u00e7\u00e3o docente: articula\u00e7\u00e3o necess\u00e1ria ao in\u00edcio da doc\u00eancia na educa\u00e7\u00e3o profissional no extremo oeste da Amaz\u00f4nia<\/a>. Autores: Francislene Rosas da Silva; Ronegildo de Souza Silva; Patr\u00edcia Mendes Calixto; Jos\u00e9 Marlo Ara\u00fajo de Azevedo.<\/li>\n<li><a href=\"https:\/\/periodicos.uepa.br\/index.php\/cocar\/article\/view\/3345\" target=\"_blank\" rel=\"noopener\">Contribui\u00e7\u00f5es do Instituto Federal para a forma\u00e7\u00e3o profissional e avan\u00e7os educacionais no extremooeste da Amaz\u00f4nia<\/a>. Autores: Ronegildo de Souza Silva; Francislene Rosas da Silva; Jos\u00e9 Marlo Ara\u00fajo de Azevedo.<\/li>\n<li><a href=\"https:\/\/brazilianjournals.com\/index.php\/BRJD\/article\/view\/11978\" target=\"_blank\" rel=\"noopener\">Gest\u00e3o da cultura organizacional no Instituto Federal: limites, desafios e rotatividade docente na Amaz\u00f4nia Sul Ocidental<\/a>. Autores: Francislene Rosas da Silva; Ronegildo de Souza Silva; Hellen Sandra Freires da Silva Az\u00eavedo; Jos\u00e9 Marlo Ara\u00fajo de Azevedo.<\/li>\n<li><a href=\"https:\/\/www2.ifrn.edu.br\/ojs\/index.php\/RBEPT\/article\/view\/9769\" target=\"_blank\" rel=\"noopener\">Trabalho docente na educa\u00e7\u00e3o profissional: das escolas de aprendizes art\u00edfices aos Institutos Federais e os desafios do ensino verticalizado<\/a>. Autores: Francislene Rosas da Silva; Ronegildo de Souza Silva; Hellen Sandra Freires da Silva Az\u00eavedo; Jos\u00e9 Marlo Ara\u00fajo de Azevedo.<\/li>\n<li><a href=\"https:\/\/www2.ifrn.edu.br\/ojs\/index.php\/RBEPT\/article\/view\/10075\" target=\"_blank\" rel=\"noopener\">Saberes docentes na educa\u00e7\u00e3o proped\u00eautica e educa\u00e7\u00e3o profissional: o olhar dos professores expressos no discurso no Instituto Federal<\/a>. Autores: Ronegildo de Souza Silva, Hellen Sandra Freires da Silva Az\u00eavedo, Francislene Rosas da Silva, Jos\u00e9 Marlo Araujo de Azevedo.<\/li>\n<li><a href=\"https:\/\/ojs.ifes.edu.br\/index.php\/ept\/article\/view\/603\" target=\"_blank\" rel=\"noopener\">Forma\u00e7\u00e3o docente na educa\u00e7\u00e3o profissional e tecnol\u00f3gica: desafios e contribui\u00e7\u00f5es da forma\u00e7\u00e3o continuada para atua\u00e7\u00e3o docente<\/a>. Autores: Ronegildo de Souza Silva, Hellen Sandra Freires da Silva Az\u00eavedo, Francislene Rosas da Silva, Jos\u00e9 Marlo Araujo de Azevedo.<\/li>\n<li><a href=\"https:\/\/periodicos.uepa.br\/index.php\/cocar\/article\/view\/4221\" target=\"_blank\" rel=\"noopener\">Pesquisa como princ\u00edpio pedag\u00f3gico no ensino m\u00e9dio integrado: percep\u00e7\u00e3o dos gestores de ensino<\/a>. Autores: Altino Faria de Moraes; M\u00e1rio S\u00e9rgio Pedroza Lob\u00e3o.<\/li>\n<li><a href=\"https:\/\/cp2.g12.br\/ojs\/index.php\/cadernos\/article\/view\/3007\" target=\"_blank\" rel=\"noopener\">Que abacaxi!<\/a>. Autores: Altino Faria de Moaraes; Regiane de Souza Oliveira Farias; Cleilton Sampaio de Farias; M\u00e1rio S\u00e9rgio Pedroza Lob\u00e3o.<\/li>\n<li><a href=\"https:\/\/revistas.marilia.unesp.br\/index.php\/educacaoemrevista\/article\/view\/11827\" target=\"_blank\" rel=\"noopener\">Ensino m\u00e9dio integado e educa\u00e7\u00e3o patrimonial como tema transversal<\/a>. Autores: Regiane de Souza Oliveira Farias; M\u00e1rio S\u00e9rgio Pedroza Lob\u00e3o.<\/li>\n<li><a href=\"https:\/\/periodicos.ifac.edu.br\/index.php\/revistarca\/article\/view\/70\" target=\"_blank\" rel=\"noopener\">Gest\u00e3o democr\u00e1tica e participativa: notas te\u00f3ricas sobre desafios \u00e0 constru\u00e7\u00e3o de uma educa\u00e7\u00e3o no contexto do Institutos Federais<\/a>. Autores: Wemerson Fittipaldy; Lorena Rodrigues Barbosa; M\u00e1rio S\u00e9rgio Pedroza Lob\u00e3o.<\/li>\n<li><a href=\"https:\/\/seer.ufu.br\/index.php\/reveducpop\/article\/view\/62887\/33799\">Educa\u00e7\u00e3o Profissional e Educa\u00e7\u00e3o de Jovens e Adultos na Rede Federal: de um entrelace hist\u00f3rico a uma a\u00e7\u00e3o contempor\u00e2nea<\/a>. Autores: Irismar Severino da Silva Fernandes; Mario S\u00e9rgio Pedroza Lob\u00e3o; Renata Gomes de Abreu Freitas.<\/li>\n<\/ul>\n<div class=\"ms-editor-squiggler\"><\/div>\n<p>@media print {<br \/>\n.ms-editor-squiggler {<br \/>\ndisplay:none !important;<br \/>\n}<br \/>\n}<br \/>\n.ms-editor-squiggler {<br \/>\nall: initial;<br \/>\ndisplay: block !important;<br \/>\nheight: 0px !important;<br \/>\nwidth: 0px !important;<br \/>\n}<\/p>\n<div class=\"ms-editor-squiggler\"><\/div>\n","protected":false},"excerpt":{"rendered":"<p>Confira abaixo as produ\u00e7\u00f5es cient\u00edficas de docentes, mestrandos e mestrandas do ProfEPT Ifac: &nbsp; A saga star wars ancorando reflex\u00f5es sobre a rebeldia como categoria epistemol\u00f3gica para uma forma\u00e7\u00e3o integral. Cap\u00edtulo de livro. Autores: Maria Lionilde Ara\u00fajo da Silva, Ricardo dos Santos Pereira, Tania Araujo-Jorge e Josina Maria Pontes Ribeiro. Marcos hist\u00f3ricos de las pol\u00edticas &#8230; <a title=\"PRODU\u00c7\u00c3O CIENT\u00cdFICA\" class=\"read-more\" href=\"https:\/\/web.ifac.edu.br\/profept\/comunicacao\/producao-cientifica\/\" aria-label=\"Read more about PRODU\u00c7\u00c3O CIENT\u00cdFICA\">Ler mais<\/a><\/p>\n","protected":false},"author":27,"featured_media":0,"parent":16,"menu_order":0,"comment_status":"closed","ping_status":"closed","template":"","meta":{"footnotes":""},"class_list":["post-924","page","type-page","status-publish"],"_links":{"self":[{"href":"https:\/\/web.ifac.edu.br\/profept\/wp-json\/wp\/v2\/pages\/924","targetHints":{"allow":["GET"]}}],"collection":[{"href":"https:\/\/web.ifac.edu.br\/profept\/wp-json\/wp\/v2\/pages"}],"about":[{"href":"https:\/\/web.ifac.edu.br\/profept\/wp-json\/wp\/v2\/types\/page"}],"author":[{"embeddable":true,"href":"https:\/\/web.ifac.edu.br\/profept\/wp-json\/wp\/v2\/users\/27"}],"replies":[{"embeddable":true,"href":"https:\/\/web.ifac.edu.br\/profept\/wp-json\/wp\/v2\/comments?post=924"}],"version-history":[{"count":0,"href":"https:\/\/web.ifac.edu.br\/profept\/wp-json\/wp\/v2\/pages\/924\/revisions"}],"up":[{"embeddable":true,"href":"https:\/\/web.ifac.edu.br\/profept\/wp-json\/wp\/v2\/pages\/16"}],"wp:attachment":[{"href":"https:\/\/web.ifac.edu.br\/profept\/wp-json\/wp\/v2\/media?parent=924"}],"curies":[{"name":"wp","href":"https:\/\/api.w.org\/{rel}","templated":true}]}}