{"id":49,"date":"2019-12-10T18:17:38","date_gmt":"2019-12-10T20:17:38","guid":{"rendered":"http:\/\/web.ifac.edu.br\/profept\/?page_id=49"},"modified":"2025-04-01T14:04:40","modified_gmt":"2025-04-01T17:04:40","slug":"calendario-horarios","status":"publish","type":"page","link":"https:\/\/web.ifac.edu.br\/profept\/documentos\/calendario-horarios\/","title":{"rendered":"CALEND\u00c1RIO E HOR\u00c1RIOS"},"content":{"rendered":"<p><strong>2025<\/strong><\/p>\n<p><strong><a href=\"https:\/\/web.ifac.edu.br\/profept\/wp-content\/uploads\/sites\/53\/2025\/04\/Calendario_Academico_1095307_calendario_letivo_profept_2025_1_correcao.pdf\">Calend\u00e1rio Letivo 2025.1 do Profept corrigido<\/a><\/strong><\/p>\n<p><a href=\"https:\/\/web.ifac.edu.br\/profept\/wp-content\/uploads\/sites\/53\/2025\/03\/Calendario_1084833_calendario_letivo_profept_2025_1.pdf\"><strong>Calend\u00e1rio Letivo2025.1 do Profept<\/strong><\/a><\/p>\n<p><strong>2024<\/strong><\/p>\n<p><a href=\"https:\/\/web.ifac.edu.br\/profept\/wp-content\/uploads\/sites\/53\/2024\/08\/Calendario_Academico__letivo_profept_2024.2.docx\"><strong>Calend\u00e1rio Letivo 2024.2 do ProfEPT<\/strong><\/a><\/p>\n<p><a href=\"https:\/\/web.ifac.edu.br\/profept\/wp-content\/uploads\/sites\/53\/2024\/08\/Calendario_Academico_0964434_calendario_letivo_profept_2024_1_ADAPTADO_corrigido.pdf\"><b>Calend\u00e1rio Letivo 2024.1 do ProfEPT adaptado corrigido<\/b><\/a><\/p>\n<p><a href=\"https:\/\/web.ifac.edu.br\/profept\/wp-content\/uploads\/sites\/53\/2024\/07\/calendario_letivo_profept_2024_1-ADAPTADO.pdf\"><strong>Calend\u00e1rio Letivo 2024.1 do ProfEPT adaptado<\/strong><\/a><\/p>\n<p><strong><a href=\"https:\/\/web.ifac.edu.br\/profept\/wp-content\/uploads\/sites\/53\/2024\/02\/Caledario-Letivo-ProfEPT-2024.1-AT.pdf\">Calend\u00e1rio Letivo 2024.1 do ProfEPT<\/a><\/strong><\/p>\n<p><strong>2023<\/strong><\/p>\n<p><strong><a href=\"https:\/\/web.ifac.edu.br\/profept\/wp-content\/uploads\/sites\/53\/2023\/06\/calendario_letivo_profept_2023.2-AT.pdf\">Calend\u00e1rio Letivo 2023.2 do <\/a><a href=\"https:\/\/web.ifac.edu.br\/profept\/wp-content\/uploads\/sites\/53\/2023\/06\/calendario_letivo_profept_2023.2-AT.pdf\">ProfEPT<\/a><\/strong><\/p>\n<p><strong><a href=\"https:\/\/web.ifac.edu.br\/profept\/wp-content\/uploads\/sites\/53\/2023\/04\/calendario_letivo_profept_2023_1-atuaalizado-05-04-2023.pdf\">Calend\u00e1rio Letivo 2023.1 do ProfEPT<\/a><\/strong><\/p>\n<p><strong>2022<\/strong><\/p>\n<p><strong><a href=\"https:\/\/web.ifac.edu.br\/profept\/wp-content\/uploads\/sites\/53\/2022\/07\/Calendario_0565158_calendario_letivo_profept_2022_2.pdf\">Calend\u00e1rio Letivo 2022.2 do ProfEPT<\/a><\/strong><\/p>\n<p><strong><a href=\"https:\/\/web.ifac.edu.br\/profept\/wp-content\/uploads\/sites\/53\/2021\/12\/Calendario_Academico_0452891_calendario_letivo_profept_2022_1.pdf\" target=\"_blank\" rel=\"noopener\">Calend\u00e1rio Letivo 2022.1 do ProfEPT<\/a><\/strong><\/p>\n<p><strong>2021<\/strong><\/p>\n<p><strong><a href=\"https:\/\/web.ifac.edu.br\/profept\/wp-content\/uploads\/sites\/53\/2021\/05\/calendario_letivo_profept_2021_2.pdf\" target=\"_blank\" rel=\"noopener\">Calend\u00e1rio Letivo 2021.2 do ProfEPT<\/a><\/strong><\/p>\n<p><strong><a href=\"https:\/\/web.ifac.edu.br\/profept\/wp-content\/uploads\/sites\/53\/2021\/01\/calendario_letivo_profept_2021_1.pdf\" target=\"_blank\" rel=\"noopener\">Calend\u00e1rio Letivo 2021.1 do ProfEPT<\/a><\/strong><\/p>\n<pre><strong>2020<\/strong><\/pre>\n<p><strong><a href=\"https:\/\/web.ifac.edu.br\/profept\/wp-content\/uploads\/sites\/53\/2021\/01\/calendario_letivo_profept_2020.pdf\" target=\"_blank\" rel=\"noopener\">Calend\u00e1rio Letivo 2020 do ProfEPT<\/a><\/strong><\/p>\n<table width=\"0\">\n<tbody>\n<tr>\n<td width=\"614\">\n<p style=\"text-align: center\"><strong>HOR\u00c1RIO DAS AULAS<\/strong><\/p>\n<\/td>\n<\/tr>\n<tr>\n<td width=\"614\">\n<p style=\"text-align: center\">08h \u00e0s 12h<\/p>\n<p style=\"text-align: center\">14h \u00e0s 18h<\/p>\n<p style=\"text-align: center\">Campus Rio Branco: Sala B-111<\/p>\n<\/td>\n<\/tr>\n<\/tbody>\n<\/table>\n","protected":false},"excerpt":{"rendered":"<p>2025 Calend\u00e1rio Letivo 2025.1 do Profept corrigido Calend\u00e1rio Letivo2025.1 do Profept 2024 Calend\u00e1rio Letivo 2024.2 do ProfEPT Calend\u00e1rio Letivo 2024.1 do ProfEPT adaptado corrigido Calend\u00e1rio Letivo 2024.1 do ProfEPT adaptado Calend\u00e1rio Letivo 2024.1 do ProfEPT 2023 Calend\u00e1rio Letivo 2023.2 do ProfEPT Calend\u00e1rio Letivo 2023.1 do ProfEPT 2022 Calend\u00e1rio Letivo 2022.2 do ProfEPT Calend\u00e1rio Letivo 2022.1 &#8230; <a title=\"CALEND\u00c1RIO E HOR\u00c1RIOS\" class=\"read-more\" href=\"https:\/\/web.ifac.edu.br\/profept\/documentos\/calendario-horarios\/\" aria-label=\"Read more about CALEND\u00c1RIO E HOR\u00c1RIOS\">Ler mais<\/a><\/p>\n","protected":false},"author":27,"featured_media":0,"parent":18,"menu_order":5,"comment_status":"closed","ping_status":"closed","template":"","meta":{"footnotes":""},"class_list":["post-49","page","type-page","status-publish"],"_links":{"self":[{"href":"https:\/\/web.ifac.edu.br\/profept\/wp-json\/wp\/v2\/pages\/49","targetHints":{"allow":["GET"]}}],"collection":[{"href":"https:\/\/web.ifac.edu.br\/profept\/wp-json\/wp\/v2\/pages"}],"about":[{"href":"https:\/\/web.ifac.edu.br\/profept\/wp-json\/wp\/v2\/types\/page"}],"author":[{"embeddable":true,"href":"https:\/\/web.ifac.edu.br\/profept\/wp-json\/wp\/v2\/users\/27"}],"replies":[{"embeddable":true,"href":"https:\/\/web.ifac.edu.br\/profept\/wp-json\/wp\/v2\/comments?post=49"}],"version-history":[{"count":0,"href":"https:\/\/web.ifac.edu.br\/profept\/wp-json\/wp\/v2\/pages\/49\/revisions"}],"up":[{"embeddable":true,"href":"https:\/\/web.ifac.edu.br\/profept\/wp-json\/wp\/v2\/pages\/18"}],"wp:attachment":[{"href":"https:\/\/web.ifac.edu.br\/profept\/wp-json\/wp\/v2\/media?parent=49"}],"curies":[{"name":"wp","href":"https:\/\/api.w.org\/{rel}","templated":true}]}}