{"id":39,"date":"2019-12-10T18:16:00","date_gmt":"2019-12-10T20:16:00","guid":{"rendered":"http:\/\/web.ifac.edu.br\/profept\/?page_id=39"},"modified":"2023-05-24T17:57:47","modified_gmt":"2023-05-24T20:57:47","slug":"regulamento","status":"publish","type":"page","link":"https:\/\/web.ifac.edu.br\/profept\/documentos\/regulamento\/","title":{"rendered":"REGULAMENTOS"},"content":{"rendered":"<ul>\n<li><a href=\"https:\/\/profept.ifes.edu.br\/regulamentoprofept\" target=\"_blank\" rel=\"noopener noreferrer\">Regulamentos Nacionais<\/a><\/li>\n<li><a href=\"https:\/\/web.ifac.edu.br\/profept\/wp-content\/uploads\/sites\/53\/2023\/05\/Regulamento-Geral-ProfEPT-2022-1.pdf\">Novo Regulamento Geral<\/a><\/li>\n<\/ul>\n<p>&nbsp;<\/p>\n<ul>\n<li>Regulamentos locais:<\/li>\n<\/ul>\n<ul>\n<li style=\"list-style-type: none\">\n<ul>\n<li><a href=\"https:\/\/web.ifac.edu.br\/profept\/wp-content\/uploads\/sites\/53\/2021\/01\/2018_Regulamento-local-ProfEPT-IFAC.pdf\" target=\"_blank\" rel=\"noopener\">Regulamento Acad\u00eamico Local<\/a>;<\/li>\n<li><a href=\"https:\/\/web.ifac.edu.br\/profept\/wp-content\/uploads\/sites\/53\/2022\/06\/20220524_REGULAMENTO_PROFEPT_SEI_IFAC_0539061.pdf\" target=\"_blank\" rel=\"noopener\">Regulamento Acad\u00eamico Local (atualizado)<\/a>;<\/li>\n<li><a href=\"https:\/\/web.ifac.edu.br\/profept\/wp-content\/uploads\/sites\/53\/2021\/01\/048_-_Aprova_Ad_Referendum_pos-_graduacao_strito_sensu.pdf\" target=\"_blank\" rel=\"noopener\">Regimento P\u00f3s Gradua\u00e7\u00e3o Stricto Sensu<\/a>;<\/li>\n<li><a href=\"https:\/\/web.ifac.edu.br\/profept\/wp-content\/uploads\/sites\/53\/2021\/05\/Novo-Regimento-Stricto-Sensu.pdf\" target=\"_blank\" rel=\"noopener\">Regimento P\u00f3s-Gradua\u00e7\u00e3o Stricto Sensu (atualizado)<\/a>;<\/li>\n<li><a href=\"https:\/\/web.ifac.edu.br\/profept\/wp-content\/uploads\/sites\/53\/2021\/01\/050_-_Politica_de_Acoes_Afirmativas_para_inclusao_de_negros_pretos_e_pardos_indigenas_e_pessoas_com_deficiencia_nos_Programas_de_Pos-graduacao_lato_e_stricto_sensu.pdf\" target=\"_blank\" rel=\"noopener\">Pol\u00edtica de A\u00e7\u00f5es Afirmativas, para inclus\u00e3o de negros (pretos e pardos), ind\u00edgenas e pessoas com defici\u00eancia nos Programas de P\u00f3s-gradua\u00e7\u00e3o lato e stricto sensu do Instituto Federal de Educa\u00e7\u00e3o, Ci\u00eancia e Tecnologia do Acre<\/a>.<\/li>\n<\/ul>\n<\/li>\n<\/ul>\n","protected":false},"excerpt":{"rendered":"<p>Regulamentos Nacionais Novo Regulamento Geral &nbsp; Regulamentos locais: Regulamento Acad\u00eamico Local; Regulamento Acad\u00eamico Local (atualizado); Regimento P\u00f3s Gradua\u00e7\u00e3o Stricto Sensu; Regimento P\u00f3s-Gradua\u00e7\u00e3o Stricto Sensu (atualizado); Pol\u00edtica de A\u00e7\u00f5es Afirmativas, para inclus\u00e3o de negros (pretos e pardos), ind\u00edgenas e pessoas com defici\u00eancia nos Programas de P\u00f3s-gradua\u00e7\u00e3o lato e stricto sensu do Instituto Federal de Educa\u00e7\u00e3o, Ci\u00eancia &#8230; <a title=\"REGULAMENTOS\" class=\"read-more\" href=\"https:\/\/web.ifac.edu.br\/profept\/documentos\/regulamento\/\" aria-label=\"Read more about REGULAMENTOS\">Ler mais<\/a><\/p>\n","protected":false},"author":27,"featured_media":0,"parent":18,"menu_order":0,"comment_status":"closed","ping_status":"closed","template":"","meta":{"footnotes":""},"class_list":["post-39","page","type-page","status-publish"],"_links":{"self":[{"href":"https:\/\/web.ifac.edu.br\/profept\/wp-json\/wp\/v2\/pages\/39","targetHints":{"allow":["GET"]}}],"collection":[{"href":"https:\/\/web.ifac.edu.br\/profept\/wp-json\/wp\/v2\/pages"}],"about":[{"href":"https:\/\/web.ifac.edu.br\/profept\/wp-json\/wp\/v2\/types\/page"}],"author":[{"embeddable":true,"href":"https:\/\/web.ifac.edu.br\/profept\/wp-json\/wp\/v2\/users\/27"}],"replies":[{"embeddable":true,"href":"https:\/\/web.ifac.edu.br\/profept\/wp-json\/wp\/v2\/comments?post=39"}],"version-history":[{"count":0,"href":"https:\/\/web.ifac.edu.br\/profept\/wp-json\/wp\/v2\/pages\/39\/revisions"}],"up":[{"embeddable":true,"href":"https:\/\/web.ifac.edu.br\/profept\/wp-json\/wp\/v2\/pages\/18"}],"wp:attachment":[{"href":"https:\/\/web.ifac.edu.br\/profept\/wp-json\/wp\/v2\/media?parent=39"}],"curies":[{"name":"wp","href":"https:\/\/api.w.org\/{rel}","templated":true}]}}