{"id":247,"date":"2020-02-07T13:45:45","date_gmt":"2020-02-07T15:45:45","guid":{"rendered":"http:\/\/web.ifac.edu.br\/profept\/?page_id=247"},"modified":"2023-12-20T11:38:56","modified_gmt":"2023-12-20T14:38:56","slug":"formularios","status":"publish","type":"page","link":"https:\/\/web.ifac.edu.br\/profept\/formularios\/","title":{"rendered":"FORMUL\u00c1RIOS"},"content":{"rendered":"<ul>\n<li><em><strong>Formul\u00e1rios<\/strong><\/em><\/li>\n<\/ul>\n<p><a href=\"https:\/\/web.ifac.edu.br\/profept\/wp-content\/uploads\/sites\/53\/2020\/04\/FORMUL\u00c1RIO-DE-MATR\u00cdCULA-MESTRADO.pdf\" target=\"_blank\" rel=\"noopener noreferrer\">Formul\u00e1rio de Matr\u00edcula<\/a><\/p>\n<p><a href=\"https:\/\/web.ifac.edu.br\/profept\/wp-content\/uploads\/sites\/53\/2020\/04\/MATR\u00cdCULA-POR-PROCURA\u00c7\u00c3O.pdf\" target=\"_blank\" rel=\"noopener noreferrer\">Formul\u00e1rio de Matr\u00edcula por Procura\u00e7\u00e3o<\/a><\/p>\n<p><a href=\"https:\/\/web.ifac.edu.br\/profept\/wp-content\/uploads\/sites\/53\/2020\/04\/FORMUL\u00c1RIO-DE-SOLICITA\u00c7\u00c3O-DE-OF\u00cdCIOS.pdf\" target=\"_blank\" rel=\"noopener noreferrer\">Formul\u00e1rio de Solicita\u00e7\u00e3o de Of\u00edcios<\/a><\/p>\n<ul>\n<li><em><strong>Requerimentos<\/strong><\/em><\/li>\n<\/ul>\n<p><a href=\"https:\/\/web.ifac.edu.br\/profept\/wp-content\/uploads\/sites\/53\/2020\/04\/REQUERIMENTO-DE-INCLUS\u00c3O-EXCLUS\u00c3O-DE-NOME-SOCIAL.pdf\" target=\"_blank\" rel=\"noopener noreferrer\">Requerimento de Inclus\u00e3o\/Exclus\u00e3o de Nome Social<\/a><\/p>\n<p><a href=\"https:\/\/web.ifac.edu.br\/profept\/wp-content\/uploads\/sites\/53\/2020\/06\/requerimento_protocolo.xlsx\" target=\"_blank\" rel=\"noopener noreferrer\">Requerimento para Solicita\u00e7\u00f5es &#8211; Protocolo Campus Rio Branco<\/a><\/p>\n<p><a href=\"https:\/\/web.ifac.edu.br\/profept\/wp-content\/uploads\/sites\/53\/2020\/08\/emissao_diploma.pdf\" target=\"_blank\" rel=\"noopener noreferrer\">Requerimento para Solicita\u00e7\u00e3o &#8211; Certificado\/Diploma<\/a><\/p>\n<p><a href=\"https:\/\/web.ifac.edu.br\/profept\/wp-content\/uploads\/sites\/53\/2020\/07\/PRORROGA\u00c7\u00c3O-PRAZO_NOVO.docx\" target=\"_blank\" rel=\"noopener noreferrer\">Requerimento de Prorroga\u00e7\u00e3o de Prazo<\/a><\/p>\n<p><a href=\"https:\/\/web.ifac.edu.br\/profept\/wp-content\/uploads\/sites\/53\/2021\/07\/SOLICITACAO-QUALIFICACAO-DEFESA.docx\" target=\"_blank\" rel=\"noopener\">Requerimento para Solicita\u00e7\u00e3o de Qualifica\u00e7\u00e3o e Defesa<\/a><\/p>\n<ul>\n<li><em><strong>Termos<\/strong><\/em><\/li>\n<\/ul>\n<p><a href=\"https:\/\/web.ifac.edu.br\/profept\/wp-content\/uploads\/sites\/53\/2020\/04\/TERMO-DE-ACEITE-COORIENTA\u00c7\u00c3O.pdf\" target=\"_blank\" rel=\"noopener noreferrer\">Termo de Aceite de Coorienta\u00e7\u00e3o<\/a><\/p>\n<p><a href=\"https:\/\/web.ifac.edu.br\/profept\/wp-content\/uploads\/sites\/53\/2020\/11\/termo_entrega_documentos_autorizacao.docx\" target=\"_blank\" rel=\"noopener noreferrer\">Termo de Entrega de Documento e Autoriza\u00e7\u00f5es<\/a><\/p>\n<ul>\n<li><em><strong>Modelos<\/strong><\/em><\/li>\n<\/ul>\n<p><a href=\"https:\/\/web.ifac.edu.br\/profept\/wp-content\/uploads\/sites\/53\/2020\/04\/MODELO-PLANO-DE-ENSINO-DOCENTE.pdf\" target=\"_blank\" rel=\"noopener noreferrer\">Modelo de Plano de Ensino<\/a><\/p>\n<p><a href=\"https:\/\/web.ifac.edu.br\/profept\/wp-content\/uploads\/sites\/53\/2022\/11\/2022-09-MODELO-PROJETO-PESQUISA.docx\" target=\"_blank\" rel=\"noopener\">Modelo de Projeto de Pesquisa<\/a><\/p>\n<p><a href=\"https:\/\/web.ifac.edu.br\/profept\/wp-content\/uploads\/sites\/53\/2021\/08\/MODELO-DISSERTACAO-31-07-2021.docx\" target=\"_blank\" rel=\"noopener\">Modelo de Disserta\u00e7\u00e3o at\u00e9 Turma 2022<\/a><\/p>\n<p><a href=\"https:\/\/web.ifac.edu.br\/profept\/wp-content\/uploads\/sites\/53\/2023\/12\/Novo-Modelo-Dissertacao.docx\" target=\"_blank\" rel=\"noopener\">Novo Modelo de Disserta\u00e7\u00e3o<\/a><\/p>\n<p><a href=\"https:\/\/web.ifac.edu.br\/profept\/wp-content\/uploads\/sites\/53\/2020\/08\/modelo_-convite_profept.pptx\" target=\"_blank\" rel=\"noopener noreferrer\">Modelo de Convite<\/a><\/p>\n<p><a href=\"https:\/\/web.ifac.edu.br\/profept\/wp-content\/uploads\/sites\/53\/2022\/08\/Ficha-de-Validacao-Produto-Educacional-versao-final.docx\" target=\"_blank\" rel=\"noopener\">Modelo de Ficha de Avalia\u00e7\u00e3o de Produto Educacional<\/a><\/p>\n<ul>\n<li><em><strong>Fluxos e Orienta\u00e7\u00f5es<\/strong><\/em><\/li>\n<\/ul>\n<p><a href=\"https:\/\/web.ifac.edu.br\/profept\/wp-content\/uploads\/sites\/53\/2021\/05\/Fluxo-pedido-de-co-orientacao-1.pdf\" target=\"_blank\" rel=\"noopener\">Fluxo para Pedido de Co-orienta\u00e7\u00e3o<\/a><\/p>\n<p><a href=\"https:\/\/web.ifac.edu.br\/profept\/wp-content\/uploads\/sites\/53\/2021\/05\/Fluxo-pedido-de-prorrogacao-de-prazo-para-qualificacao.pdf\" target=\"_blank\" rel=\"noopener\">Fluxo para Pedido de Prorroga\u00e7\u00e3o de Prazo para Qualifica\u00e7\u00e3o<\/a><\/p>\n<p><a href=\"https:\/\/web.ifac.edu.br\/profept\/wp-content\/uploads\/sites\/53\/2021\/05\/Fluxo-qualificacao.pdf\" target=\"_blank\" rel=\"noopener\">Fluxo para Qualifica\u00e7\u00e3o<\/a><\/p>\n<p><a href=\"https:\/\/web.ifac.edu.br\/profept\/wp-content\/uploads\/sites\/53\/2021\/05\/Fluxo-pedido-de-prorrogacao-de-prazo-para-defesa.pdf\" target=\"_blank\" rel=\"noopener\">Fluxo para Pedido de Prorroga\u00e7\u00e3o de Prazo para Defesa<\/a><\/p>\n<p><a href=\"https:\/\/web.ifac.edu.br\/profept\/wp-content\/uploads\/sites\/53\/2023\/11\/Fluxo-defesa-1.pdf\" target=\"_blank\" rel=\"noopener\">Fluxo para Defesa<\/a><\/p>\n<p><a href=\"https:\/\/web.ifac.edu.br\/profept\/wp-content\/uploads\/sites\/53\/2021\/05\/Fluxo-pedido-de-trancamento.pdf\" target=\"_blank\" rel=\"noopener\">Fluxo para Pedido de Trancamento<\/a><\/p>\n<p><a href=\"https:\/\/web.ifac.edu.br\/profept\/wp-content\/uploads\/sites\/53\/2021\/05\/Fluxo-de-desligamento-de-aluno.pdf\" target=\"_blank\" rel=\"noopener\">Fluxo para Desligamento de Aluno<\/a><\/p>\n<p><a href=\"https:\/\/web.ifac.edu.br\/profept\/wp-content\/uploads\/sites\/53\/2020\/12\/Orientacoes-para-solicitacao-da-Ficha-Catalografica.docx\" target=\"_blank\" rel=\"noopener noreferrer\">Orienta\u00e7\u00f5es para Solicita\u00e7\u00e3o de Ficha Catalogr\u00e1fica<\/a><\/p>\n","protected":false},"excerpt":{"rendered":"<p>Formul\u00e1rios Formul\u00e1rio de Matr\u00edcula Formul\u00e1rio de Matr\u00edcula por Procura\u00e7\u00e3o Formul\u00e1rio de Solicita\u00e7\u00e3o de Of\u00edcios Requerimentos Requerimento de Inclus\u00e3o\/Exclus\u00e3o de Nome Social Requerimento para Solicita\u00e7\u00f5es &#8211; Protocolo Campus Rio Branco Requerimento para Solicita\u00e7\u00e3o &#8211; Certificado\/Diploma Requerimento de Prorroga\u00e7\u00e3o de Prazo Requerimento para Solicita\u00e7\u00e3o de Qualifica\u00e7\u00e3o e Defesa Termos Termo de Aceite de Coorienta\u00e7\u00e3o Termo de Entrega &#8230; <a title=\"FORMUL\u00c1RIOS\" class=\"read-more\" href=\"https:\/\/web.ifac.edu.br\/profept\/formularios\/\" aria-label=\"Read more about FORMUL\u00c1RIOS\">Ler mais<\/a><\/p>\n","protected":false},"author":27,"featured_media":0,"parent":0,"menu_order":0,"comment_status":"closed","ping_status":"closed","template":"","meta":{"footnotes":""},"class_list":["post-247","page","type-page","status-publish"],"_links":{"self":[{"href":"https:\/\/web.ifac.edu.br\/profept\/wp-json\/wp\/v2\/pages\/247","targetHints":{"allow":["GET"]}}],"collection":[{"href":"https:\/\/web.ifac.edu.br\/profept\/wp-json\/wp\/v2\/pages"}],"about":[{"href":"https:\/\/web.ifac.edu.br\/profept\/wp-json\/wp\/v2\/types\/page"}],"author":[{"embeddable":true,"href":"https:\/\/web.ifac.edu.br\/profept\/wp-json\/wp\/v2\/users\/27"}],"replies":[{"embeddable":true,"href":"https:\/\/web.ifac.edu.br\/profept\/wp-json\/wp\/v2\/comments?post=247"}],"version-history":[{"count":0,"href":"https:\/\/web.ifac.edu.br\/profept\/wp-json\/wp\/v2\/pages\/247\/revisions"}],"wp:attachment":[{"href":"https:\/\/web.ifac.edu.br\/profept\/wp-json\/wp\/v2\/media?parent=247"}],"curies":[{"name":"wp","href":"https:\/\/api.w.org\/{rel}","templated":true}]}}