{"id":2954,"date":"2018-10-17T22:37:20","date_gmt":"2018-10-17T22:37:20","guid":{"rendered":"http:\/\/web.ifac.edu.br\/processoseletivo\/?page_id=2954"},"modified":"2018-10-18T21:16:59","modified_gmt":"2018-10-18T21:16:59","slug":"agroecologia","status":"publish","type":"page","link":"https:\/\/web.ifac.edu.br\/processoseletivo\/agroecologia\/","title":{"rendered":"T\u00e9cnico em Agroecologia"},"content":{"rendered":"\t\t<div data-elementor-type=\"wp-post\" data-elementor-id=\"2954\" class=\"elementor elementor-2954 elementor-bc-flex-widget\" data-elementor-settings=\"{&quot;ha_cmc_init_switcher&quot;:&quot;no&quot;}\" data-elementor-post-type=\"page\">\n\t\t\t\t\t\t<section class=\"elementor-section elementor-top-section elementor-element elementor-element-ab29796 elementor-section-boxed elementor-section-height-default elementor-section-height-default\" data-id=\"ab29796\" data-element_type=\"section\" data-e-type=\"section\" data-settings=\"{&quot;_ha_eqh_enable&quot;:false}\">\n\t\t\t\t\t\t<div class=\"elementor-container elementor-column-gap-default\">\n\t\t\t\t\t<div class=\"elementor-column elementor-col-100 elementor-top-column elementor-element elementor-element-c9ab6a1\" data-id=\"c9ab6a1\" data-element_type=\"column\" data-e-type=\"column\">\n\t\t\t<div class=\"elementor-widget-wrap elementor-element-populated\">\n\t\t\t\t\t\t<div class=\"elementor-element elementor-element-82a1655 elementor-widget elementor-widget-image\" data-id=\"82a1655\" data-element_type=\"widget\" data-e-type=\"widget\" data-widget_type=\"image.default\">\n\t\t\t\t<div class=\"elementor-widget-container\">\n\t\t\t\t\t\t\t\t\t\t\t\t\t\t\t<img fetchpriority=\"high\" decoding=\"async\" width=\"500\" height=\"333\" src=\"https:\/\/web.ifac.edu.br\/processoseletivo\/wp-content\/uploads\/sites\/15\/2015\/11\/Floresta-Amazo\u0302nica.jpg\" class=\"attachment-large size-large wp-image-244\" alt=\"\" srcset=\"https:\/\/web.ifac.edu.br\/processoseletivo\/wp-content\/uploads\/sites\/15\/2015\/11\/Floresta-Amazo\u0302nica.jpg 500w, https:\/\/web.ifac.edu.br\/processoseletivo\/wp-content\/uploads\/sites\/15\/2015\/11\/Floresta-Amazo\u0302nica-300x200.jpg 300w, https:\/\/web.ifac.edu.br\/processoseletivo\/wp-content\/uploads\/sites\/15\/2015\/11\/Floresta-Amazo\u0302nica-306x205.jpg 306w\" sizes=\"(max-width: 500px) 100vw, 500px\" \/>\t\t\t\t\t\t\t\t\t\t\t\t\t\t\t<\/div>\n\t\t\t\t<\/div>\n\t\t\t\t\t<\/div>\n\t\t<\/div>\n\t\t\t\t\t<\/div>\n\t\t<\/section>\n\t\t\t\t<section class=\"elementor-section elementor-top-section elementor-element elementor-element-6af8db3 elementor-section-boxed elementor-section-height-default elementor-section-height-default\" data-id=\"6af8db3\" data-element_type=\"section\" data-e-type=\"section\" data-settings=\"{&quot;_ha_eqh_enable&quot;:false}\">\n\t\t\t\t\t\t<div class=\"elementor-container elementor-column-gap-default\">\n\t\t\t\t\t<div class=\"elementor-column elementor-col-100 elementor-top-column elementor-element elementor-element-055aca4\" data-id=\"055aca4\" data-element_type=\"column\" data-e-type=\"column\">\n\t\t\t<div class=\"elementor-widget-wrap elementor-element-populated\">\n\t\t\t\t\t\t<div class=\"elementor-element elementor-element-9c56e60 elementor-widget elementor-widget-heading\" data-id=\"9c56e60\" data-element_type=\"widget\" data-e-type=\"widget\" data-widget_type=\"heading.default\">\n\t\t\t\t<div class=\"elementor-widget-container\">\n\t\t\t\t\t<h2 class=\"elementor-heading-title elementor-size-default\">Adicione o texto do seu t\u00edtulo aqui<\/h2>\t\t\t\t<\/div>\n\t\t\t\t<\/div>\n\t\t\t\t\t<\/div>\n\t\t<\/div>\n\t\t\t\t\t<\/div>\n\t\t<\/section>\n\t\t\t\t<section class=\"elementor-section elementor-top-section elementor-element elementor-element-8f32bfd elementor-section-boxed elementor-section-height-default elementor-section-height-default\" data-id=\"8f32bfd\" data-element_type=\"section\" data-e-type=\"section\" data-settings=\"{&quot;_ha_eqh_enable&quot;:false}\">\n\t\t\t\t\t\t<div class=\"elementor-container elementor-column-gap-default\">\n\t\t\t\t\t<div class=\"elementor-column elementor-col-100 elementor-top-column elementor-element elementor-element-25599ce\" data-id=\"25599ce\" data-element_type=\"column\" data-e-type=\"column\">\n\t\t\t<div class=\"elementor-widget-wrap elementor-element-populated\">\n\t\t\t\t\t\t<section class=\"elementor-section elementor-inner-section elementor-element elementor-element-752c95d elementor-section-boxed elementor-section-height-default elementor-section-height-default\" data-id=\"752c95d\" data-element_type=\"section\" data-e-type=\"section\" data-settings=\"{&quot;_ha_eqh_enable&quot;:false}\">\n\t\t\t\t\t\t<div class=\"elementor-container elementor-column-gap-default\">\n\t\t\t\t\t<div class=\"elementor-column elementor-col-50 elementor-inner-column elementor-element elementor-element-1cae2a0\" data-id=\"1cae2a0\" data-element_type=\"column\" data-e-type=\"column\">\n\t\t\t<div class=\"elementor-widget-wrap elementor-element-populated\">\n\t\t\t\t\t\t<div class=\"elementor-element elementor-element-3e980a1 elementor-widget elementor-widget-text-editor\" data-id=\"3e980a1\" data-element_type=\"widget\" data-e-type=\"widget\" data-widget_type=\"text-editor.default\">\n\t\t\t\t<div class=\"elementor-widget-container\">\n\t\t\t\t\t\t\t\t\t<p><strong>Curso: <\/strong>T\u00e9cnico em Agroecologia<\/p><p><strong>Eixo Tecnol\u00f3gico:<\/strong> \u00a0Recursos Naturais<\/p><p><strong>Modalidade:<\/strong> Presencial<\/p><p><strong>Forma de Oferta:<\/strong> Subsequente ao Ensino M\u00e9dio<\/p><p><strong>Carga hor\u00e1ria:<\/strong> 1.400 horas<\/p><p><strong>Dura\u00e7\u00e3o:<\/strong> 3 semestres<\/p><p><strong>Turno de oferta:<\/strong> \u00a0Vespertino<\/p>\t\t\t\t\t\t\t\t<\/div>\n\t\t\t\t<\/div>\n\t\t\t\t\t<\/div>\n\t\t<\/div>\n\t\t\t\t<div class=\"elementor-column elementor-col-50 elementor-inner-column elementor-element elementor-element-8fbc2ff\" data-id=\"8fbc2ff\" data-element_type=\"column\" data-e-type=\"column\">\n\t\t\t<div class=\"elementor-widget-wrap elementor-element-populated\">\n\t\t\t\t\t\t<div class=\"elementor-element elementor-element-4a7048c elementor-widget elementor-widget-text-editor\" data-id=\"4a7048c\" data-element_type=\"widget\" data-e-type=\"widget\" data-widget_type=\"text-editor.default\">\n\t\t\t\t<div class=\"elementor-widget-container\">\n\t\t\t\t\t\t\t\t\t<p><strong>Descri\u00e7\u00e3o:<\/strong> Atua em sistemas de produ\u00e7\u00e3o agropecu\u00e1ria e extrativistas fundamentados em princ\u00edpios agroecol\u00f3gicos e t\u00e9cnicas de sistemas org\u00e2nicos de produ\u00e7\u00e3o. Desenvolve a\u00e7\u00f5es integradas, unindo a preserva\u00e7\u00e3o e conserva\u00e7\u00e3o de recursos naturais \u00e0 sustentabilidade social e econ\u00f4mica dos sistemas produtivos. Atua na conserva\u00e7\u00e3o do solo e da \u00e1gua. Auxilia a\u00e7\u00f5es integradas de agricultura familiar, considerando a sustentabilidade da pequena propriedade e os sistemas produtivos. Participa de a\u00e7\u00f5es de conserva\u00e7\u00e3o e armazenamento de mat\u00e9ria-prima e de processamento e industrializa\u00e7\u00e3o de produtos agroecol\u00f3gicos.<\/p><p><strong>Possibilidades de atua\u00e7\u00e3o:<\/strong> Cooperativas e Associa\u00e7\u00f5es. Empresas de certifica\u00e7\u00e3o. Empresas de planejamento, desenvolvimento de projetos, assessoramento t\u00e9cnico e consultoria. Empresas, propriedades rurais e empreendimentos de agricultura familiar. Organiza\u00e7\u00f5es n\u00e3o-governamentais. \u00d3rg\u00e3os p\u00fablicos. Institutos e Centros de Pesquisa. Institui\u00e7\u00f5es de Ensino, mediante forma\u00e7\u00e3o requerida pela legisla\u00e7\u00e3o vigente.<\/p>\t\t\t\t\t\t\t\t<\/div>\n\t\t\t\t<\/div>\n\t\t\t\t\t<\/div>\n\t\t<\/div>\n\t\t\t\t\t<\/div>\n\t\t<\/section>\n\t\t\t\t\t<\/div>\n\t\t<\/div>\n\t\t\t\t\t<\/div>\n\t\t<\/section>\n\t\t\t\t<\/div>\n\t\t","protected":false},"excerpt":{"rendered":"<p>Adicione o texto do seu t\u00edtulo aqui Curso: T\u00e9cnico em Agroecologia Eixo Tecnol\u00f3gico: \u00a0Recursos Naturais Modalidade: Presencial Forma de Oferta: Subsequente ao Ensino M\u00e9dio Carga hor\u00e1ria: 1.400 horas Dura\u00e7\u00e3o: 3 semestres Turno de oferta: \u00a0Vespertino Descri\u00e7\u00e3o: Atua em sistemas de produ\u00e7\u00e3o agropecu\u00e1ria e extrativistas fundamentados em princ\u00edpios agroecol\u00f3gicos e t\u00e9cnicas de sistemas org\u00e2nicos de produ\u00e7\u00e3o. [&hellip;]<\/p>\n","protected":false},"author":21,"featured_media":0,"parent":0,"menu_order":0,"comment_status":"closed","ping_status":"closed","template":"","meta":{"_acf_changed":false,"footnotes":""},"class_list":["post-2954","page","type-page","status-publish","hentry"],"acf":[],"_links":{"self":[{"href":"https:\/\/web.ifac.edu.br\/processoseletivo\/wp-json\/wp\/v2\/pages\/2954","targetHints":{"allow":["GET"]}}],"collection":[{"href":"https:\/\/web.ifac.edu.br\/processoseletivo\/wp-json\/wp\/v2\/pages"}],"about":[{"href":"https:\/\/web.ifac.edu.br\/processoseletivo\/wp-json\/wp\/v2\/types\/page"}],"author":[{"embeddable":true,"href":"https:\/\/web.ifac.edu.br\/processoseletivo\/wp-json\/wp\/v2\/users\/21"}],"replies":[{"embeddable":true,"href":"https:\/\/web.ifac.edu.br\/processoseletivo\/wp-json\/wp\/v2\/comments?post=2954"}],"version-history":[{"count":0,"href":"https:\/\/web.ifac.edu.br\/processoseletivo\/wp-json\/wp\/v2\/pages\/2954\/revisions"}],"wp:attachment":[{"href":"https:\/\/web.ifac.edu.br\/processoseletivo\/wp-json\/wp\/v2\/media?parent=2954"}],"curies":[{"name":"wp","href":"https:\/\/api.w.org\/{rel}","templated":true}]}}