{"id":2946,"date":"2018-10-17T22:27:25","date_gmt":"2018-10-17T22:27:25","guid":{"rendered":"http:\/\/web.ifac.edu.br\/processoseletivo\/?page_id=2946"},"modified":"2018-10-17T22:29:16","modified_gmt":"2018-10-17T22:29:16","slug":"zootecnia","status":"publish","type":"page","link":"https:\/\/web.ifac.edu.br\/processoseletivo\/zootecnia\/","title":{"rendered":"Zootecnia"},"content":{"rendered":"\t\t<div data-elementor-type=\"wp-post\" data-elementor-id=\"2946\" class=\"elementor elementor-2946 elementor-bc-flex-widget\" data-elementor-settings=\"{&quot;ha_cmc_init_switcher&quot;:&quot;no&quot;}\" data-elementor-post-type=\"page\">\n\t\t\t\t\t\t<section class=\"elementor-section elementor-top-section elementor-element elementor-element-924679b elementor-section-boxed elementor-section-height-default elementor-section-height-default\" data-id=\"924679b\" data-element_type=\"section\" data-e-type=\"section\" data-settings=\"{&quot;_ha_eqh_enable&quot;:false}\">\n\t\t\t\t\t\t<div class=\"elementor-container elementor-column-gap-default\">\n\t\t\t\t\t<div class=\"elementor-column elementor-col-100 elementor-top-column elementor-element elementor-element-ba19a0d\" data-id=\"ba19a0d\" data-element_type=\"column\" data-e-type=\"column\">\n\t\t\t<div class=\"elementor-widget-wrap elementor-element-populated\">\n\t\t\t\t\t\t<div class=\"elementor-element elementor-element-b52f211 elementor-widget elementor-widget-image\" data-id=\"b52f211\" data-element_type=\"widget\" data-e-type=\"widget\" data-widget_type=\"image.default\">\n\t\t\t\t<div class=\"elementor-widget-container\">\n\t\t\t\t\t\t\t\t\t\t\t\t\t\t\t<img fetchpriority=\"high\" decoding=\"async\" width=\"440\" height=\"200\" src=\"https:\/\/web.ifac.edu.br\/processoseletivo\/wp-content\/uploads\/sites\/15\/2017\/01\/zootecnia.jpg\" class=\"attachment-large size-large wp-image-668\" alt=\"\" srcset=\"https:\/\/web.ifac.edu.br\/processoseletivo\/wp-content\/uploads\/sites\/15\/2017\/01\/zootecnia.jpg 440w, https:\/\/web.ifac.edu.br\/processoseletivo\/wp-content\/uploads\/sites\/15\/2017\/01\/zootecnia-300x136.jpg 300w\" sizes=\"(max-width: 440px) 100vw, 440px\" \/>\t\t\t\t\t\t\t\t\t\t\t\t\t\t\t<\/div>\n\t\t\t\t<\/div>\n\t\t\t\t\t<\/div>\n\t\t<\/div>\n\t\t\t\t\t<\/div>\n\t\t<\/section>\n\t\t\t\t<section class=\"elementor-section elementor-top-section elementor-element elementor-element-d916456 elementor-section-boxed elementor-section-height-default elementor-section-height-default\" data-id=\"d916456\" data-element_type=\"section\" data-e-type=\"section\" data-settings=\"{&quot;_ha_eqh_enable&quot;:false}\">\n\t\t\t\t\t\t<div class=\"elementor-container elementor-column-gap-default\">\n\t\t\t\t\t<div class=\"elementor-column elementor-col-100 elementor-top-column elementor-element elementor-element-7aca33b\" data-id=\"7aca33b\" data-element_type=\"column\" data-e-type=\"column\">\n\t\t\t<div class=\"elementor-widget-wrap elementor-element-populated\">\n\t\t\t\t\t\t<div class=\"elementor-element elementor-element-839b803 elementor-widget elementor-widget-heading\" data-id=\"839b803\" data-element_type=\"widget\" data-e-type=\"widget\" data-widget_type=\"heading.default\">\n\t\t\t\t<div class=\"elementor-widget-container\">\n\t\t\t\t\t<h2 class=\"elementor-heading-title elementor-size-default\">T\u00e9cnico em Zootecnia<\/h2>\t\t\t\t<\/div>\n\t\t\t\t<\/div>\n\t\t\t\t\t<\/div>\n\t\t<\/div>\n\t\t\t\t\t<\/div>\n\t\t<\/section>\n\t\t\t\t<section class=\"elementor-section elementor-top-section elementor-element elementor-element-ed588fe elementor-section-boxed elementor-section-height-default elementor-section-height-default\" data-id=\"ed588fe\" data-element_type=\"section\" data-e-type=\"section\" data-settings=\"{&quot;_ha_eqh_enable&quot;:false}\">\n\t\t\t\t\t\t<div class=\"elementor-container elementor-column-gap-default\">\n\t\t\t\t\t<div class=\"elementor-column elementor-col-100 elementor-top-column elementor-element elementor-element-5143aa0\" data-id=\"5143aa0\" data-element_type=\"column\" data-e-type=\"column\">\n\t\t\t<div class=\"elementor-widget-wrap elementor-element-populated\">\n\t\t\t\t\t\t<section class=\"elementor-section elementor-inner-section elementor-element elementor-element-34bdc3a elementor-section-boxed elementor-section-height-default elementor-section-height-default\" data-id=\"34bdc3a\" data-element_type=\"section\" data-e-type=\"section\" data-settings=\"{&quot;_ha_eqh_enable&quot;:false}\">\n\t\t\t\t\t\t<div class=\"elementor-container elementor-column-gap-default\">\n\t\t\t\t\t<div class=\"elementor-column elementor-col-50 elementor-inner-column elementor-element elementor-element-0d6e149\" data-id=\"0d6e149\" data-element_type=\"column\" data-e-type=\"column\">\n\t\t\t<div class=\"elementor-widget-wrap elementor-element-populated\">\n\t\t\t\t\t\t<div class=\"elementor-element elementor-element-b9fbf76 elementor-widget elementor-widget-text-editor\" data-id=\"b9fbf76\" data-element_type=\"widget\" data-e-type=\"widget\" data-widget_type=\"text-editor.default\">\n\t\t\t\t<div class=\"elementor-widget-container\">\n\t\t\t\t\t\t\t\t\t<p><strong>Curso: <\/strong>T\u00e9cnico em Zootecnia<\/p><p><strong>Eixo Tecnol\u00f3gico:<\/strong>\u00a0 Recursos Naturais<\/p><p><strong>Modalidade:<\/strong> Presencial<\/p><p><strong>Forma de Oferta:<\/strong> Subsequente ao Ensino M\u00e9dio<\/p><p><strong>Carga Hor\u00e1ria:<\/strong> 1.200 horas<\/p><p><strong>Dura\u00e7\u00e3o:<\/strong> 3 anos<\/p><p><strong>Turno:<\/strong> Matutino<\/p>\t\t\t\t\t\t\t\t<\/div>\n\t\t\t\t<\/div>\n\t\t\t\t\t<\/div>\n\t\t<\/div>\n\t\t\t\t<div class=\"elementor-column elementor-col-50 elementor-inner-column elementor-element elementor-element-8b37eb5\" data-id=\"8b37eb5\" data-element_type=\"column\" data-e-type=\"column\">\n\t\t\t<div class=\"elementor-widget-wrap elementor-element-populated\">\n\t\t\t\t\t\t<div class=\"elementor-element elementor-element-546b85b elementor-widget elementor-widget-text-editor\" data-id=\"546b85b\" data-element_type=\"widget\" data-e-type=\"widget\" data-widget_type=\"text-editor.default\">\n\t\t\t\t<div class=\"elementor-widget-container\">\n\t\t\t\t\t\t\t\t\t<p><strong>Descri\u00e7\u00e3o:<\/strong> O egresso do curso T\u00e9cnico Integrado ao Ensino M\u00e9dio em Agropecu\u00e1ria realiza as seguintes atividades: Maneja, de forma sustent\u00e1vel, a fertilidade do solo e os recursos naturais; Planeja e executa projetos ligados a sistemas de irriga\u00e7\u00e3o e uso da \u00e1gua; Seleciona, produz e aplica insumos (sementes, fertilizantes, defensivos, pastagens, concentrados, sal mineral, medicamentos e vacinas); Desenvolve estrat\u00e9gias para reserva de alimenta\u00e7\u00e3o animal e \u00e1gua; Realiza atividades de produ\u00e7\u00e3o de sementes e mudas, transplantio e plantio; Realiza colheita e p\u00f3s-colheita; Realiza trabalhos na \u00e1rea agroindustrial; Opera m\u00e1quinas e equipamentos; Maneja animais por categoria e finalidade (cria\u00e7\u00e3o, reprodu\u00e7\u00e3o, alimenta\u00e7\u00e3o e sanidade); Comercializa animais; Desenvolve atividade de gest\u00e3o rural; Observa a legisla\u00e7\u00e3o para produ\u00e7\u00e3o e comercializa\u00e7\u00e3o de produtos agropecu\u00e1rios, a legisla\u00e7\u00e3o ambiental e os procedimentos de seguran\u00e7a no trabalho; Projeta instala\u00e7\u00f5es rurais; Realiza manejo integrado de pragas, doen\u00e7as e plantas espont\u00e2neas; Realiza medi\u00e7\u00e3o, demarca\u00e7\u00e3o e levantamentos topogr\u00e1ficos rurais. Planeja e efetua atividades de tratos culturais.<\/p><p><strong>Possibilidades de atua\u00e7\u00e3o:<\/strong> Propriedades rurais. Empresas comerciais. Estabelecimentos agroindustriais. Empresas de assist\u00eancia t\u00e9cnica, extens\u00e3o rural e pesquisa. Parques e reservas naturais.<\/p>\t\t\t\t\t\t\t\t<\/div>\n\t\t\t\t<\/div>\n\t\t\t\t\t<\/div>\n\t\t<\/div>\n\t\t\t\t\t<\/div>\n\t\t<\/section>\n\t\t\t\t\t<\/div>\n\t\t<\/div>\n\t\t\t\t\t<\/div>\n\t\t<\/section>\n\t\t\t\t<\/div>\n\t\t","protected":false},"excerpt":{"rendered":"<p>T\u00e9cnico em Zootecnia Curso: T\u00e9cnico em Zootecnia Eixo Tecnol\u00f3gico:\u00a0 Recursos Naturais Modalidade: Presencial Forma de Oferta: Subsequente ao Ensino M\u00e9dio Carga Hor\u00e1ria: 1.200 horas Dura\u00e7\u00e3o: 3 anos Turno: Matutino Descri\u00e7\u00e3o: O egresso do curso T\u00e9cnico Integrado ao Ensino M\u00e9dio em Agropecu\u00e1ria realiza as seguintes atividades: Maneja, de forma sustent\u00e1vel, a fertilidade do solo e os [&hellip;]<\/p>\n","protected":false},"author":21,"featured_media":0,"parent":0,"menu_order":0,"comment_status":"closed","ping_status":"closed","template":"","meta":{"_acf_changed":false,"footnotes":""},"class_list":["post-2946","page","type-page","status-publish","hentry"],"acf":[],"_links":{"self":[{"href":"https:\/\/web.ifac.edu.br\/processoseletivo\/wp-json\/wp\/v2\/pages\/2946","targetHints":{"allow":["GET"]}}],"collection":[{"href":"https:\/\/web.ifac.edu.br\/processoseletivo\/wp-json\/wp\/v2\/pages"}],"about":[{"href":"https:\/\/web.ifac.edu.br\/processoseletivo\/wp-json\/wp\/v2\/types\/page"}],"author":[{"embeddable":true,"href":"https:\/\/web.ifac.edu.br\/processoseletivo\/wp-json\/wp\/v2\/users\/21"}],"replies":[{"embeddable":true,"href":"https:\/\/web.ifac.edu.br\/processoseletivo\/wp-json\/wp\/v2\/comments?post=2946"}],"version-history":[{"count":0,"href":"https:\/\/web.ifac.edu.br\/processoseletivo\/wp-json\/wp\/v2\/pages\/2946\/revisions"}],"wp:attachment":[{"href":"https:\/\/web.ifac.edu.br\/processoseletivo\/wp-json\/wp\/v2\/media?parent=2946"}],"curies":[{"name":"wp","href":"https:\/\/api.w.org\/{rel}","templated":true}]}}