{"id":2942,"date":"2018-10-17T22:22:22","date_gmt":"2018-10-17T22:22:22","guid":{"rendered":"http:\/\/web.ifac.edu.br\/processoseletivo\/?page_id=2942"},"modified":"2018-10-18T21:18:41","modified_gmt":"2018-10-18T21:18:41","slug":"servicos_juridicos","status":"publish","type":"page","link":"https:\/\/web.ifac.edu.br\/processoseletivo\/servicos_juridicos\/","title":{"rendered":"T\u00e9cnico em Servi\u00e7os Jur\u00eddicos"},"content":{"rendered":"\t\t<div data-elementor-type=\"wp-post\" data-elementor-id=\"2942\" class=\"elementor elementor-2942 elementor-bc-flex-widget\" data-elementor-settings=\"{&quot;ha_cmc_init_switcher&quot;:&quot;no&quot;}\" data-elementor-post-type=\"page\">\n\t\t\t\t\t\t<section class=\"elementor-section elementor-top-section elementor-element elementor-element-a55eb25 elementor-section-boxed elementor-section-height-default elementor-section-height-default\" data-id=\"a55eb25\" data-element_type=\"section\" data-e-type=\"section\" data-settings=\"{&quot;_ha_eqh_enable&quot;:false}\">\n\t\t\t\t\t\t<div class=\"elementor-container elementor-column-gap-default\">\n\t\t\t\t\t<div class=\"elementor-column elementor-col-100 elementor-top-column elementor-element elementor-element-2008a09\" data-id=\"2008a09\" data-element_type=\"column\" data-e-type=\"column\">\n\t\t\t<div class=\"elementor-widget-wrap elementor-element-populated\">\n\t\t\t\t\t\t<div class=\"elementor-element elementor-element-9ccae24 elementor-widget elementor-widget-image\" data-id=\"9ccae24\" data-element_type=\"widget\" data-e-type=\"widget\" data-widget_type=\"image.default\">\n\t\t\t\t<div class=\"elementor-widget-container\">\n\t\t\t\t\t\t\t\t\t\t\t\t\t\t\t<img fetchpriority=\"high\" decoding=\"async\" width=\"1024\" height=\"392\" src=\"https:\/\/web.ifac.edu.br\/processoseletivo\/wp-content\/uploads\/sites\/15\/2017\/07\/T\u00e9cnico-em-Servi\u00e7os-Jur\u00eddicos-1024x392.jpg\" class=\"attachment-large size-large wp-image-744\" alt=\"\" srcset=\"https:\/\/web.ifac.edu.br\/processoseletivo\/wp-content\/uploads\/sites\/15\/2017\/07\/T\u00e9cnico-em-Servi\u00e7os-Jur\u00eddicos-1024x392.jpg 1024w, https:\/\/web.ifac.edu.br\/processoseletivo\/wp-content\/uploads\/sites\/15\/2017\/07\/T\u00e9cnico-em-Servi\u00e7os-Jur\u00eddicos-300x115.jpg 300w, https:\/\/web.ifac.edu.br\/processoseletivo\/wp-content\/uploads\/sites\/15\/2017\/07\/T\u00e9cnico-em-Servi\u00e7os-Jur\u00eddicos-768x294.jpg 768w\" sizes=\"(max-width: 1024px) 100vw, 1024px\" \/>\t\t\t\t\t\t\t\t\t\t\t\t\t\t\t<\/div>\n\t\t\t\t<\/div>\n\t\t\t\t\t<\/div>\n\t\t<\/div>\n\t\t\t\t\t<\/div>\n\t\t<\/section>\n\t\t\t\t<section class=\"elementor-section elementor-top-section elementor-element elementor-element-30ca802 elementor-section-boxed elementor-section-height-default elementor-section-height-default\" data-id=\"30ca802\" data-element_type=\"section\" data-e-type=\"section\" data-settings=\"{&quot;_ha_eqh_enable&quot;:false}\">\n\t\t\t\t\t\t<div class=\"elementor-container elementor-column-gap-default\">\n\t\t\t\t\t<div class=\"elementor-column elementor-col-100 elementor-top-column elementor-element elementor-element-a2c5be2\" data-id=\"a2c5be2\" data-element_type=\"column\" data-e-type=\"column\">\n\t\t\t<div class=\"elementor-widget-wrap elementor-element-populated\">\n\t\t\t\t\t\t<div class=\"elementor-element elementor-element-bab6916 elementor-widget elementor-widget-heading\" data-id=\"bab6916\" data-element_type=\"widget\" data-e-type=\"widget\" data-widget_type=\"heading.default\">\n\t\t\t\t<div class=\"elementor-widget-container\">\n\t\t\t\t\t<h2 class=\"elementor-heading-title elementor-size-default\">T\u00e9cnico em Servi\u00e7os Jur\u00eddicos<\/h2>\t\t\t\t<\/div>\n\t\t\t\t<\/div>\n\t\t\t\t\t<\/div>\n\t\t<\/div>\n\t\t\t\t\t<\/div>\n\t\t<\/section>\n\t\t\t\t<section class=\"elementor-section elementor-top-section elementor-element elementor-element-6d9b7ac elementor-section-boxed elementor-section-height-default elementor-section-height-default\" data-id=\"6d9b7ac\" data-element_type=\"section\" data-e-type=\"section\" data-settings=\"{&quot;_ha_eqh_enable&quot;:false}\">\n\t\t\t\t\t\t<div class=\"elementor-container elementor-column-gap-default\">\n\t\t\t\t\t<div class=\"elementor-column elementor-col-100 elementor-top-column elementor-element elementor-element-c29523f\" data-id=\"c29523f\" data-element_type=\"column\" data-e-type=\"column\">\n\t\t\t<div class=\"elementor-widget-wrap elementor-element-populated\">\n\t\t\t\t\t\t<section class=\"elementor-section elementor-inner-section elementor-element elementor-element-0ab1e58 elementor-section-boxed elementor-section-height-default elementor-section-height-default\" data-id=\"0ab1e58\" data-element_type=\"section\" data-e-type=\"section\" data-settings=\"{&quot;_ha_eqh_enable&quot;:false}\">\n\t\t\t\t\t\t<div class=\"elementor-container elementor-column-gap-default\">\n\t\t\t\t\t<div class=\"elementor-column elementor-col-50 elementor-inner-column elementor-element elementor-element-6df8a2c\" data-id=\"6df8a2c\" data-element_type=\"column\" data-e-type=\"column\">\n\t\t\t<div class=\"elementor-widget-wrap elementor-element-populated\">\n\t\t\t\t\t\t<div class=\"elementor-element elementor-element-5f77db7 elementor-widget elementor-widget-text-editor\" data-id=\"5f77db7\" data-element_type=\"widget\" data-e-type=\"widget\" data-widget_type=\"text-editor.default\">\n\t\t\t\t<div class=\"elementor-widget-container\">\n\t\t\t\t\t\t\t\t\t<p><strong>Curso:<\/strong> T\u00e9cnico em Servi\u00e7os Jur\u00eddicos<\/p><p><strong>Eixo Tecnol\u00f3gico:<\/strong>\u00a0 Gest\u00e3o e Neg\u00f3cios<\/p><p><strong>Modalidade:<\/strong> Presencial<\/p><p><strong>Forma de oferta:<\/strong> Subsequente<\/p><p><strong>Carga Hor\u00e1ria:<\/strong> 885 horas<\/p><p><strong>Dura\u00e7\u00e3o:<\/strong> 3 semestres<\/p><p><strong>Turno de oferta:<\/strong> Noturno<\/p>\t\t\t\t\t\t\t\t<\/div>\n\t\t\t\t<\/div>\n\t\t\t\t\t<\/div>\n\t\t<\/div>\n\t\t\t\t<div class=\"elementor-column elementor-col-50 elementor-inner-column elementor-element elementor-element-8c444b8\" data-id=\"8c444b8\" data-element_type=\"column\" data-e-type=\"column\">\n\t\t\t<div class=\"elementor-widget-wrap elementor-element-populated\">\n\t\t\t\t\t\t<div class=\"elementor-element elementor-element-d67cb9f elementor-widget elementor-widget-text-editor\" data-id=\"d67cb9f\" data-element_type=\"widget\" data-e-type=\"widget\" data-widget_type=\"text-editor.default\">\n\t\t\t\t<div class=\"elementor-widget-container\">\n\t\t\t\t\t\t\t\t\t<p><strong>Descri\u00e7\u00e3o:<\/strong> O T\u00e9cnico em Servi\u00e7os Jur\u00eddicos executa servi\u00e7os de suporte e apoio t\u00e9cnico-administrativo a atividades de natureza jur\u00eddica; coordena e executa o arquivamento de processos e documentos t\u00e9cnicos; presta atendimento ao p\u00fablico; cumpre determina\u00e7\u00f5es atribu\u00eddas a cart\u00f3rios judiciais ou extrajudiciais por meio de execu\u00e7\u00e3o de procedimentos e registros; gerencia e arquiva processos e documentos t\u00e9cnicos.<\/p><p><strong>Possibilidades de atua\u00e7\u00e3o:<\/strong> \u00a0Escrit\u00f3rios de advocacia. Escrit\u00f3rios de auditoria jur\u00eddica. Setor de recursos humanos. Departamentos administrativos de empresas privadas e de institui\u00e7\u00f5es p\u00fablicas. Cart\u00f3rios.<\/p>\t\t\t\t\t\t\t\t<\/div>\n\t\t\t\t<\/div>\n\t\t\t\t\t<\/div>\n\t\t<\/div>\n\t\t\t\t\t<\/div>\n\t\t<\/section>\n\t\t\t\t\t<\/div>\n\t\t<\/div>\n\t\t\t\t\t<\/div>\n\t\t<\/section>\n\t\t\t\t<\/div>\n\t\t","protected":false},"excerpt":{"rendered":"<p>T\u00e9cnico em Servi\u00e7os Jur\u00eddicos Curso: T\u00e9cnico em Servi\u00e7os Jur\u00eddicos Eixo Tecnol\u00f3gico:\u00a0 Gest\u00e3o e Neg\u00f3cios Modalidade: Presencial Forma de oferta: Subsequente Carga Hor\u00e1ria: 885 horas Dura\u00e7\u00e3o: 3 semestres Turno de oferta: Noturno Descri\u00e7\u00e3o: O T\u00e9cnico em Servi\u00e7os Jur\u00eddicos executa servi\u00e7os de suporte e apoio t\u00e9cnico-administrativo a atividades de natureza jur\u00eddica; coordena e executa o arquivamento de [&hellip;]<\/p>\n","protected":false},"author":21,"featured_media":0,"parent":0,"menu_order":0,"comment_status":"closed","ping_status":"closed","template":"","meta":{"_acf_changed":false,"footnotes":""},"class_list":["post-2942","page","type-page","status-publish","hentry"],"acf":[],"_links":{"self":[{"href":"https:\/\/web.ifac.edu.br\/processoseletivo\/wp-json\/wp\/v2\/pages\/2942","targetHints":{"allow":["GET"]}}],"collection":[{"href":"https:\/\/web.ifac.edu.br\/processoseletivo\/wp-json\/wp\/v2\/pages"}],"about":[{"href":"https:\/\/web.ifac.edu.br\/processoseletivo\/wp-json\/wp\/v2\/types\/page"}],"author":[{"embeddable":true,"href":"https:\/\/web.ifac.edu.br\/processoseletivo\/wp-json\/wp\/v2\/users\/21"}],"replies":[{"embeddable":true,"href":"https:\/\/web.ifac.edu.br\/processoseletivo\/wp-json\/wp\/v2\/comments?post=2942"}],"version-history":[{"count":0,"href":"https:\/\/web.ifac.edu.br\/processoseletivo\/wp-json\/wp\/v2\/pages\/2942\/revisions"}],"wp:attachment":[{"href":"https:\/\/web.ifac.edu.br\/processoseletivo\/wp-json\/wp\/v2\/media?parent=2942"}],"curies":[{"name":"wp","href":"https:\/\/api.w.org\/{rel}","templated":true}]}}