{"id":2937,"date":"2018-10-17T22:19:49","date_gmt":"2018-10-17T22:19:49","guid":{"rendered":"http:\/\/web.ifac.edu.br\/processoseletivo\/?page_id=2937"},"modified":"2018-10-18T21:21:18","modified_gmt":"2018-10-18T21:21:18","slug":"libras","status":"publish","type":"page","link":"https:\/\/web.ifac.edu.br\/processoseletivo\/libras\/","title":{"rendered":"T\u00e9cnico em Tradu\u00e7\u00e3o e Interpreta\u00e7\u00e3o de Libras"},"content":{"rendered":"\t\t<div data-elementor-type=\"wp-post\" data-elementor-id=\"2937\" class=\"elementor elementor-2937 elementor-bc-flex-widget\" data-elementor-settings=\"{&quot;ha_cmc_init_switcher&quot;:&quot;no&quot;}\" data-elementor-post-type=\"page\">\n\t\t\t\t\t\t<section class=\"elementor-section elementor-top-section elementor-element elementor-element-1ecffc3 elementor-section-boxed elementor-section-height-default elementor-section-height-default\" data-id=\"1ecffc3\" data-element_type=\"section\" data-e-type=\"section\" data-settings=\"{&quot;_ha_eqh_enable&quot;:false}\">\n\t\t\t\t\t\t<div class=\"elementor-container elementor-column-gap-default\">\n\t\t\t\t\t<div class=\"elementor-column elementor-col-100 elementor-top-column elementor-element elementor-element-f8c3936\" data-id=\"f8c3936\" data-element_type=\"column\" data-e-type=\"column\">\n\t\t\t<div class=\"elementor-widget-wrap elementor-element-populated\">\n\t\t\t\t\t\t<div class=\"elementor-element elementor-element-c231723 elementor-widget elementor-widget-image\" data-id=\"c231723\" data-element_type=\"widget\" data-e-type=\"widget\" data-widget_type=\"image.default\">\n\t\t\t\t<div class=\"elementor-widget-container\">\n\t\t\t\t\t\t\t\t\t\t\t\t\t\t\t<img fetchpriority=\"high\" decoding=\"async\" width=\"960\" height=\"430\" src=\"https:\/\/web.ifac.edu.br\/processoseletivo\/wp-content\/uploads\/sites\/15\/2016\/01\/libras_usp.jpg\" class=\"attachment-large size-large wp-image-720\" alt=\"\" srcset=\"https:\/\/web.ifac.edu.br\/processoseletivo\/wp-content\/uploads\/sites\/15\/2016\/01\/libras_usp.jpg 960w, https:\/\/web.ifac.edu.br\/processoseletivo\/wp-content\/uploads\/sites\/15\/2016\/01\/libras_usp-300x134.jpg 300w, https:\/\/web.ifac.edu.br\/processoseletivo\/wp-content\/uploads\/sites\/15\/2016\/01\/libras_usp-768x344.jpg 768w\" sizes=\"(max-width: 960px) 100vw, 960px\" \/>\t\t\t\t\t\t\t\t\t\t\t\t\t\t\t<\/div>\n\t\t\t\t<\/div>\n\t\t\t\t\t<\/div>\n\t\t<\/div>\n\t\t\t\t\t<\/div>\n\t\t<\/section>\n\t\t\t\t<section class=\"elementor-section elementor-top-section elementor-element elementor-element-eece3c9 elementor-section-boxed elementor-section-height-default elementor-section-height-default\" data-id=\"eece3c9\" data-element_type=\"section\" data-e-type=\"section\" data-settings=\"{&quot;_ha_eqh_enable&quot;:false}\">\n\t\t\t\t\t\t<div class=\"elementor-container elementor-column-gap-default\">\n\t\t\t\t\t<div class=\"elementor-column elementor-col-100 elementor-top-column elementor-element elementor-element-70a392e\" data-id=\"70a392e\" data-element_type=\"column\" data-e-type=\"column\">\n\t\t\t<div class=\"elementor-widget-wrap elementor-element-populated\">\n\t\t\t\t\t\t<div class=\"elementor-element elementor-element-afed7e5 elementor-widget elementor-widget-heading\" data-id=\"afed7e5\" data-element_type=\"widget\" data-e-type=\"widget\" data-widget_type=\"heading.default\">\n\t\t\t\t<div class=\"elementor-widget-container\">\n\t\t\t\t\t<h2 class=\"elementor-heading-title elementor-size-default\">T\u00e9cnico em Tradu\u00e7\u00e3o e Interpreta\u00e7\u00e3o de Libras<\/h2>\t\t\t\t<\/div>\n\t\t\t\t<\/div>\n\t\t\t\t\t<\/div>\n\t\t<\/div>\n\t\t\t\t\t<\/div>\n\t\t<\/section>\n\t\t\t\t<section class=\"elementor-section elementor-top-section elementor-element elementor-element-c0d56fc elementor-section-boxed elementor-section-height-default elementor-section-height-default\" data-id=\"c0d56fc\" data-element_type=\"section\" data-e-type=\"section\" data-settings=\"{&quot;_ha_eqh_enable&quot;:false}\">\n\t\t\t\t\t\t<div class=\"elementor-container elementor-column-gap-default\">\n\t\t\t\t\t<div class=\"elementor-column elementor-col-100 elementor-top-column elementor-element elementor-element-d14dbe4\" data-id=\"d14dbe4\" data-element_type=\"column\" data-e-type=\"column\">\n\t\t\t<div class=\"elementor-widget-wrap elementor-element-populated\">\n\t\t\t\t\t\t<section class=\"elementor-section elementor-inner-section elementor-element elementor-element-5bc0289 elementor-section-boxed elementor-section-height-default elementor-section-height-default\" data-id=\"5bc0289\" data-element_type=\"section\" data-e-type=\"section\" data-settings=\"{&quot;_ha_eqh_enable&quot;:false}\">\n\t\t\t\t\t\t<div class=\"elementor-container elementor-column-gap-default\">\n\t\t\t\t\t<div class=\"elementor-column elementor-col-50 elementor-inner-column elementor-element elementor-element-0b0fb22\" data-id=\"0b0fb22\" data-element_type=\"column\" data-e-type=\"column\">\n\t\t\t<div class=\"elementor-widget-wrap elementor-element-populated\">\n\t\t\t\t\t\t<div class=\"elementor-element elementor-element-0dc3254 elementor-widget elementor-widget-text-editor\" data-id=\"0dc3254\" data-element_type=\"widget\" data-e-type=\"widget\" data-widget_type=\"text-editor.default\">\n\t\t\t\t<div class=\"elementor-widget-container\">\n\t\t\t\t\t\t\t\t\t<p><strong>Curso: <\/strong>T\u00e9cnico em Tradu\u00e7\u00e3o e Interpreta\u00e7\u00e3o de Libras<\/p><p><strong>Eixo Tecnol\u00f3gico:<\/strong> Desenvolvimento educacional e social<\/p><p><strong>Modalidade:<\/strong> presencial<\/p><p><strong>Forma de oferta:<\/strong> Subsequente<\/p><p><strong>Carga hor\u00e1ria:<\/strong> 1.200 horas<\/p><p><strong>Dura\u00e7\u00e3o:<\/strong> 4 semestres<\/p><p><strong>Turno de oferta<\/strong>: Diurno\/Vespertino<\/p>\t\t\t\t\t\t\t\t<\/div>\n\t\t\t\t<\/div>\n\t\t\t\t\t<\/div>\n\t\t<\/div>\n\t\t\t\t<div class=\"elementor-column elementor-col-50 elementor-inner-column elementor-element elementor-element-3f3a5c6\" data-id=\"3f3a5c6\" data-element_type=\"column\" data-e-type=\"column\">\n\t\t\t<div class=\"elementor-widget-wrap elementor-element-populated\">\n\t\t\t\t\t\t<div class=\"elementor-element elementor-element-e496b7a elementor-widget elementor-widget-text-editor\" data-id=\"e496b7a\" data-element_type=\"widget\" data-e-type=\"widget\" data-widget_type=\"text-editor.default\">\n\t\t\t\t<div class=\"elementor-widget-container\">\n\t\t\t\t\t\t\t\t\t<p><strong>Descri\u00e7\u00e3o:<\/strong> O egresso do Curso T\u00e9cnico Subsequente ao Ensino M\u00e9dio em Tradu\u00e7\u00e3o e Interpreta\u00e7\u00e3o de\u00a0Libras \u00e9 habilitado a realizar a interpreta\u00e7\u00e3o simult\u00e2nea entre a L\u00edngua Brasileira de Sinais (Libras) e a L\u00edngua Portuguesa, com flu\u00eancia e coer\u00eancia, em diferentes espa\u00e7os e situa\u00e7\u00f5es. Pode atuar tamb\u00e9m na tradu\u00e7\u00e3o de publica\u00e7\u00f5es e v\u00eddeos. Para realizar seu trabalho, o profissional dessa \u00e1rea leva em considera\u00e7\u00e3o os referenciais visuais, identit\u00e1rios e lingu\u00edsticos da comunidade surda.<\/p><p><strong>Possibilidades de atua\u00e7\u00e3o:<\/strong> Os egressos do curso t\u00e9cnico em Tradu\u00e7\u00e3o e Interpreta\u00e7\u00e3o de Libras poder\u00e3o atuar juntamente \u00e0s comunidades surdas em todos os n\u00edveis de exig\u00eancias e em diferentes \u00e1reas de atua\u00e7\u00e3o, em institui\u00e7\u00f5es de \u00e1reas diversas, privadas, municipais, estaduais ou federais em que haja a necessidade de intermedia\u00e7\u00e3o da comunica\u00e7\u00e3o entre pessoas surdas e ouvintes. Ser\u00e1, portanto, o profissional habilitado para ter vis\u00e3o ampla e generalista da comunica\u00e7\u00e3o e interpreta\u00e7\u00e3o da Libras, preparado para atuar nas \u00e1reas de conhecimento e de aplica\u00e7\u00e3o onde o sujeito surdo e a Libras se fazem presentes: escolas, empresas, com\u00e9rcio, hospitais, concursos, espa\u00e7os jur\u00eddicos, entre outros.<\/p>\t\t\t\t\t\t\t\t<\/div>\n\t\t\t\t<\/div>\n\t\t\t\t\t<\/div>\n\t\t<\/div>\n\t\t\t\t\t<\/div>\n\t\t<\/section>\n\t\t\t\t\t<\/div>\n\t\t<\/div>\n\t\t\t\t\t<\/div>\n\t\t<\/section>\n\t\t\t\t<\/div>\n\t\t","protected":false},"excerpt":{"rendered":"<p>T\u00e9cnico em Tradu\u00e7\u00e3o e Interpreta\u00e7\u00e3o de Libras Curso: T\u00e9cnico em Tradu\u00e7\u00e3o e Interpreta\u00e7\u00e3o de Libras Eixo Tecnol\u00f3gico: Desenvolvimento educacional e social Modalidade: presencial Forma de oferta: Subsequente Carga hor\u00e1ria: 1.200 horas Dura\u00e7\u00e3o: 4 semestres Turno de oferta: Diurno\/Vespertino Descri\u00e7\u00e3o: O egresso do Curso T\u00e9cnico Subsequente ao Ensino M\u00e9dio em Tradu\u00e7\u00e3o e Interpreta\u00e7\u00e3o de\u00a0Libras \u00e9 habilitado [&hellip;]<\/p>\n","protected":false},"author":21,"featured_media":0,"parent":0,"menu_order":0,"comment_status":"closed","ping_status":"closed","template":"","meta":{"_acf_changed":false,"footnotes":""},"class_list":["post-2937","page","type-page","status-publish","hentry"],"acf":[],"_links":{"self":[{"href":"https:\/\/web.ifac.edu.br\/processoseletivo\/wp-json\/wp\/v2\/pages\/2937","targetHints":{"allow":["GET"]}}],"collection":[{"href":"https:\/\/web.ifac.edu.br\/processoseletivo\/wp-json\/wp\/v2\/pages"}],"about":[{"href":"https:\/\/web.ifac.edu.br\/processoseletivo\/wp-json\/wp\/v2\/types\/page"}],"author":[{"embeddable":true,"href":"https:\/\/web.ifac.edu.br\/processoseletivo\/wp-json\/wp\/v2\/users\/21"}],"replies":[{"embeddable":true,"href":"https:\/\/web.ifac.edu.br\/processoseletivo\/wp-json\/wp\/v2\/comments?post=2937"}],"version-history":[{"count":0,"href":"https:\/\/web.ifac.edu.br\/processoseletivo\/wp-json\/wp\/v2\/pages\/2937\/revisions"}],"wp:attachment":[{"href":"https:\/\/web.ifac.edu.br\/processoseletivo\/wp-json\/wp\/v2\/media?parent=2937"}],"curies":[{"name":"wp","href":"https:\/\/api.w.org\/{rel}","templated":true}]}}