{"id":2927,"date":"2018-10-17T22:14:26","date_gmt":"2018-10-17T22:14:26","guid":{"rendered":"http:\/\/web.ifac.edu.br\/processoseletivo\/?page_id=2927"},"modified":"2021-02-08T16:46:50","modified_gmt":"2021-02-08T16:46:50","slug":"seguranca_trabalho","status":"publish","type":"page","link":"https:\/\/web.ifac.edu.br\/processoseletivo\/seguranca_trabalho\/","title":{"rendered":"T\u00e9cnico em Seguran\u00e7a do Trabalho"},"content":{"rendered":"\t\t<div data-elementor-type=\"wp-post\" data-elementor-id=\"2927\" class=\"elementor elementor-2927\" data-elementor-settings=\"{&quot;ha_cmc_init_switcher&quot;:&quot;no&quot;}\" data-elementor-post-type=\"page\">\n\t\t\t\t\t\t<section class=\"elementor-section elementor-top-section elementor-element elementor-element-8104dc9 elementor-section-boxed elementor-section-height-default elementor-section-height-default\" data-id=\"8104dc9\" data-element_type=\"section\" data-e-type=\"section\" data-settings=\"{&quot;_ha_eqh_enable&quot;:false}\">\n\t\t\t\t\t\t<div class=\"elementor-container elementor-column-gap-default\">\n\t\t\t\t\t<div class=\"elementor-column elementor-col-100 elementor-top-column elementor-element elementor-element-af1d12e\" data-id=\"af1d12e\" data-element_type=\"column\" data-e-type=\"column\">\n\t\t\t<div class=\"elementor-widget-wrap elementor-element-populated\">\n\t\t\t\t\t\t<div class=\"elementor-element elementor-element-d7d546e elementor-widget elementor-widget-image\" data-id=\"d7d546e\" data-element_type=\"widget\" data-e-type=\"widget\" data-widget_type=\"image.default\">\n\t\t\t\t<div class=\"elementor-widget-container\">\n\t\t\t\t\t\t\t\t\t\t\t\t\t\t\t<img fetchpriority=\"high\" decoding=\"async\" width=\"900\" height=\"608\" src=\"https:\/\/web.ifac.edu.br\/processoseletivo\/wp-content\/uploads\/sites\/15\/2015\/11\/245effadf41c6129f4fe7accc564ef86_XL.jpg\" class=\"attachment-large size-large wp-image-213\" alt=\"\" srcset=\"https:\/\/web.ifac.edu.br\/processoseletivo\/wp-content\/uploads\/sites\/15\/2015\/11\/245effadf41c6129f4fe7accc564ef86_XL.jpg 900w, https:\/\/web.ifac.edu.br\/processoseletivo\/wp-content\/uploads\/sites\/15\/2015\/11\/245effadf41c6129f4fe7accc564ef86_XL-300x203.jpg 300w\" sizes=\"(max-width: 900px) 100vw, 900px\" \/>\t\t\t\t\t\t\t\t\t\t\t\t\t\t\t<\/div>\n\t\t\t\t<\/div>\n\t\t\t\t\t<\/div>\n\t\t<\/div>\n\t\t\t\t\t<\/div>\n\t\t<\/section>\n\t\t\t\t<section class=\"elementor-section elementor-top-section elementor-element elementor-element-d421785 elementor-section-boxed elementor-section-height-default elementor-section-height-default\" data-id=\"d421785\" data-element_type=\"section\" data-e-type=\"section\" data-settings=\"{&quot;_ha_eqh_enable&quot;:false}\">\n\t\t\t\t\t\t<div class=\"elementor-container elementor-column-gap-default\">\n\t\t\t\t\t<div class=\"elementor-column elementor-col-100 elementor-top-column elementor-element elementor-element-ec80836\" data-id=\"ec80836\" data-element_type=\"column\" data-e-type=\"column\">\n\t\t\t<div class=\"elementor-widget-wrap elementor-element-populated\">\n\t\t\t\t\t\t<div class=\"elementor-element elementor-element-f018601 elementor-widget elementor-widget-heading\" data-id=\"f018601\" data-element_type=\"widget\" data-e-type=\"widget\" data-widget_type=\"heading.default\">\n\t\t\t\t<div class=\"elementor-widget-container\">\n\t\t\t\t\t<h2 class=\"elementor-heading-title elementor-size-default\">T\u00e9cnico Subsequente em Seguran\u00e7a do Trabalho<\/h2>\t\t\t\t<\/div>\n\t\t\t\t<\/div>\n\t\t\t\t\t<\/div>\n\t\t<\/div>\n\t\t\t\t\t<\/div>\n\t\t<\/section>\n\t\t\t\t<section class=\"elementor-section elementor-top-section elementor-element elementor-element-cf654fe elementor-section-boxed elementor-section-height-default elementor-section-height-default\" data-id=\"cf654fe\" data-element_type=\"section\" data-e-type=\"section\" data-settings=\"{&quot;_ha_eqh_enable&quot;:false}\">\n\t\t\t\t\t\t<div class=\"elementor-container elementor-column-gap-default\">\n\t\t\t\t\t<div class=\"elementor-column elementor-col-100 elementor-top-column elementor-element elementor-element-4be8087\" data-id=\"4be8087\" data-element_type=\"column\" data-e-type=\"column\">\n\t\t\t<div class=\"elementor-widget-wrap elementor-element-populated\">\n\t\t\t\t\t\t<section class=\"elementor-section elementor-inner-section elementor-element elementor-element-f2288ce elementor-section-boxed elementor-section-height-default elementor-section-height-default\" data-id=\"f2288ce\" data-element_type=\"section\" data-e-type=\"section\" data-settings=\"{&quot;_ha_eqh_enable&quot;:false}\">\n\t\t\t\t\t\t<div class=\"elementor-container elementor-column-gap-default\">\n\t\t\t\t\t<div class=\"elementor-column elementor-col-50 elementor-inner-column elementor-element elementor-element-2801366\" data-id=\"2801366\" data-element_type=\"column\" data-e-type=\"column\">\n\t\t\t<div class=\"elementor-widget-wrap elementor-element-populated\">\n\t\t\t\t\t\t<div class=\"elementor-element elementor-element-d144750 elementor-widget elementor-widget-text-editor\" data-id=\"d144750\" data-element_type=\"widget\" data-e-type=\"widget\" data-widget_type=\"text-editor.default\">\n\t\t\t\t<div class=\"elementor-widget-container\">\n\t\t\t\t\t\t\t\t\t<p><strong>Curso: <\/strong>T\u00e9cnico Subsequente em Seguran\u00e7a do Trabalho<\/p><p><strong>Eixo Tecnol\u00f3gico:<\/strong> Seguran\u00e7a<\/p><p><strong>Modalidade:<\/strong> Presencial<\/p><p><strong>Carga hor\u00e1ria:<\/strong> 1.500 horas<\/p><p><strong>Dura\u00e7\u00e3o:<\/strong> 4 semestres<\/p><p><strong>Turno de funcionamento<\/strong>: Diurno\/Noturno<\/p><p><b>Requisito para ingresso:<\/b> Ter conclu\u00eddo o Ensino M\u00e9dio<\/p><p><b>Forma de ingresso:<\/b> Processo Seletivo (semestral)<\/p>\t\t\t\t\t\t\t\t<\/div>\n\t\t\t\t<\/div>\n\t\t\t\t\t<\/div>\n\t\t<\/div>\n\t\t\t\t<div class=\"elementor-column elementor-col-50 elementor-inner-column elementor-element elementor-element-77e05d4\" data-id=\"77e05d4\" data-element_type=\"column\" data-e-type=\"column\">\n\t\t\t<div class=\"elementor-widget-wrap elementor-element-populated\">\n\t\t\t\t\t\t<div class=\"elementor-element elementor-element-f084070 elementor-widget elementor-widget-text-editor\" data-id=\"f084070\" data-element_type=\"widget\" data-e-type=\"widget\" data-widget_type=\"text-editor.default\">\n\t\t\t\t<div class=\"elementor-widget-container\">\n\t\t\t\t\t\t\t\t\t<p><strong>Descri\u00e7\u00e3o:<\/strong> O t\u00e9cnico em Seguran\u00e7a do Trabalho realiza as seguintes atividades: analisa os m\u00e9todos e os processos laborais. Identifica fatores de risco de acidentes do trabalho, de doen\u00e7as profissionais e de trabalho e de presen\u00e7a de agentes ambientais agressivos ao trabalhador; realiza procedimentos de orienta\u00e7\u00e3o sobre medidas de elimina\u00e7\u00e3o e neutraliza\u00e7\u00e3o de riscos; elabora procedimentos de acordo com a natureza da empresa. Promove programas, eventos e capacita\u00e7\u00f5es; divulga normas e procedimentos de seguran\u00e7a e higiene ocupacional; indica, solicita e inspeciona equipamentos de prote\u00e7\u00e3o coletiva e individual contra inc\u00eandio; levanta e utiliza dados estat\u00edsticos de doen\u00e7as e acidentes de trabalho para ajustes das a\u00e7\u00f5es prevencionistas; produz relat\u00f3rios referentes \u00e0 seguran\u00e7a e \u00e0 sa\u00fade do trabalhador.<\/p><p><strong>Possibilidades de atua\u00e7\u00e3o:<\/strong> Ind\u00fastrias, hospitais, com\u00e9rcios, constru\u00e7\u00e3o civil, portos e aeroportos, centrais de log\u00edstica, institui\u00e7\u00f5es de ensino, fabrica\u00e7\u00e3o e representa\u00e7\u00e3o de equipamentos de seguran\u00e7a, empresas e consultorias para capacita\u00e7\u00f5es em seguran\u00e7a do trabalho.<\/p>\t\t\t\t\t\t\t\t<\/div>\n\t\t\t\t<\/div>\n\t\t\t\t\t<\/div>\n\t\t<\/div>\n\t\t\t\t\t<\/div>\n\t\t<\/section>\n\t\t\t\t\t<\/div>\n\t\t<\/div>\n\t\t\t\t\t<\/div>\n\t\t<\/section>\n\t\t\t\t<\/div>\n\t\t","protected":false},"excerpt":{"rendered":"<p>T\u00e9cnico Subsequente em Seguran\u00e7a do Trabalho Curso: T\u00e9cnico Subsequente em Seguran\u00e7a do Trabalho Eixo Tecnol\u00f3gico: Seguran\u00e7a Modalidade: Presencial Carga hor\u00e1ria: 1.500 horas Dura\u00e7\u00e3o: 4 semestres Turno de funcionamento: Diurno\/Noturno Requisito para ingresso: Ter conclu\u00eddo o Ensino M\u00e9dio Forma de ingresso: Processo Seletivo (semestral) Descri\u00e7\u00e3o: O t\u00e9cnico em Seguran\u00e7a do Trabalho realiza as seguintes atividades: analisa [&hellip;]<\/p>\n","protected":false},"author":21,"featured_media":0,"parent":0,"menu_order":0,"comment_status":"closed","ping_status":"closed","template":"","meta":{"_acf_changed":false,"footnotes":""},"class_list":["post-2927","page","type-page","status-publish","hentry"],"acf":[],"_links":{"self":[{"href":"https:\/\/web.ifac.edu.br\/processoseletivo\/wp-json\/wp\/v2\/pages\/2927","targetHints":{"allow":["GET"]}}],"collection":[{"href":"https:\/\/web.ifac.edu.br\/processoseletivo\/wp-json\/wp\/v2\/pages"}],"about":[{"href":"https:\/\/web.ifac.edu.br\/processoseletivo\/wp-json\/wp\/v2\/types\/page"}],"author":[{"embeddable":true,"href":"https:\/\/web.ifac.edu.br\/processoseletivo\/wp-json\/wp\/v2\/users\/21"}],"replies":[{"embeddable":true,"href":"https:\/\/web.ifac.edu.br\/processoseletivo\/wp-json\/wp\/v2\/comments?post=2927"}],"version-history":[{"count":0,"href":"https:\/\/web.ifac.edu.br\/processoseletivo\/wp-json\/wp\/v2\/pages\/2927\/revisions"}],"wp:attachment":[{"href":"https:\/\/web.ifac.edu.br\/processoseletivo\/wp-json\/wp\/v2\/media?parent=2927"}],"curies":[{"name":"wp","href":"https:\/\/api.w.org\/{rel}","templated":true}]}}