{"id":2900,"date":"2018-10-17T21:50:51","date_gmt":"2018-10-17T21:50:51","guid":{"rendered":"http:\/\/web.ifac.edu.br\/processoseletivo\/?page_id=2900"},"modified":"2018-10-17T21:54:19","modified_gmt":"2018-10-17T21:54:19","slug":"agricultura","status":"publish","type":"page","link":"https:\/\/web.ifac.edu.br\/processoseletivo\/agricultura\/","title":{"rendered":"T\u00e9cnico em Agricultura"},"content":{"rendered":"\t\t<div data-elementor-type=\"wp-post\" data-elementor-id=\"2900\" class=\"elementor elementor-2900 elementor-bc-flex-widget\" data-elementor-settings=\"{&quot;ha_cmc_init_switcher&quot;:&quot;no&quot;}\" data-elementor-post-type=\"page\">\n\t\t\t\t\t\t<section class=\"elementor-section elementor-top-section elementor-element elementor-element-c761636 elementor-section-boxed elementor-section-height-default elementor-section-height-default\" data-id=\"c761636\" data-element_type=\"section\" data-e-type=\"section\" data-settings=\"{&quot;_ha_eqh_enable&quot;:false}\">\n\t\t\t\t\t\t<div class=\"elementor-container elementor-column-gap-default\">\n\t\t\t\t\t<div class=\"elementor-column elementor-col-100 elementor-top-column elementor-element elementor-element-b8b6f3f\" data-id=\"b8b6f3f\" data-element_type=\"column\" data-e-type=\"column\">\n\t\t\t<div class=\"elementor-widget-wrap elementor-element-populated\">\n\t\t\t\t\t\t<div class=\"elementor-element elementor-element-6bfb54f elementor-widget elementor-widget-image\" data-id=\"6bfb54f\" data-element_type=\"widget\" data-e-type=\"widget\" data-widget_type=\"image.default\">\n\t\t\t\t<div class=\"elementor-widget-container\">\n\t\t\t\t\t\t\t\t\t\t\t\t\t\t\t<img fetchpriority=\"high\" decoding=\"async\" width=\"1024\" height=\"682\" src=\"https:\/\/web.ifac.edu.br\/processoseletivo\/wp-content\/uploads\/sites\/15\/2015\/11\/agri-1024x682.jpg\" class=\"attachment-large size-large wp-image-238\" alt=\"\" srcset=\"https:\/\/web.ifac.edu.br\/processoseletivo\/wp-content\/uploads\/sites\/15\/2015\/11\/agri-1024x682.jpg 1024w, https:\/\/web.ifac.edu.br\/processoseletivo\/wp-content\/uploads\/sites\/15\/2015\/11\/agri-300x200.jpg 300w, https:\/\/web.ifac.edu.br\/processoseletivo\/wp-content\/uploads\/sites\/15\/2015\/11\/agri-306x205.jpg 306w, https:\/\/web.ifac.edu.br\/processoseletivo\/wp-content\/uploads\/sites\/15\/2015\/11\/agri.jpg 1600w\" sizes=\"(max-width: 1024px) 100vw, 1024px\" \/>\t\t\t\t\t\t\t\t\t\t\t\t\t\t\t<\/div>\n\t\t\t\t<\/div>\n\t\t\t\t\t<\/div>\n\t\t<\/div>\n\t\t\t\t\t<\/div>\n\t\t<\/section>\n\t\t\t\t<section class=\"elementor-section elementor-top-section elementor-element elementor-element-547e139 elementor-section-boxed elementor-section-height-default elementor-section-height-default\" data-id=\"547e139\" data-element_type=\"section\" data-e-type=\"section\" data-settings=\"{&quot;_ha_eqh_enable&quot;:false}\">\n\t\t\t\t\t\t<div class=\"elementor-container elementor-column-gap-default\">\n\t\t\t\t\t<div class=\"elementor-column elementor-col-100 elementor-top-column elementor-element elementor-element-20786e4\" data-id=\"20786e4\" data-element_type=\"column\" data-e-type=\"column\">\n\t\t\t<div class=\"elementor-widget-wrap elementor-element-populated\">\n\t\t\t\t\t\t<div class=\"elementor-element elementor-element-1d12f8e elementor-widget elementor-widget-heading\" data-id=\"1d12f8e\" data-element_type=\"widget\" data-e-type=\"widget\" data-widget_type=\"heading.default\">\n\t\t\t\t<div class=\"elementor-widget-container\">\n\t\t\t\t\t<h2 class=\"elementor-heading-title elementor-size-default\">T\u00e9cnico em Agricultura <\/h2>\t\t\t\t<\/div>\n\t\t\t\t<\/div>\n\t\t\t\t\t<\/div>\n\t\t<\/div>\n\t\t\t\t\t<\/div>\n\t\t<\/section>\n\t\t\t\t<section class=\"elementor-section elementor-top-section elementor-element elementor-element-c2fdad2 elementor-section-boxed elementor-section-height-default elementor-section-height-default\" data-id=\"c2fdad2\" data-element_type=\"section\" data-e-type=\"section\" data-settings=\"{&quot;_ha_eqh_enable&quot;:false}\">\n\t\t\t\t\t\t<div class=\"elementor-container elementor-column-gap-default\">\n\t\t\t\t\t<div class=\"elementor-column elementor-col-100 elementor-top-column elementor-element elementor-element-f59e840\" data-id=\"f59e840\" data-element_type=\"column\" data-e-type=\"column\">\n\t\t\t<div class=\"elementor-widget-wrap elementor-element-populated\">\n\t\t\t\t\t\t<section class=\"elementor-section elementor-inner-section elementor-element elementor-element-c9efe4b elementor-section-boxed elementor-section-height-default elementor-section-height-default\" data-id=\"c9efe4b\" data-element_type=\"section\" data-e-type=\"section\" data-settings=\"{&quot;_ha_eqh_enable&quot;:false}\">\n\t\t\t\t\t\t<div class=\"elementor-container elementor-column-gap-default\">\n\t\t\t\t\t<div class=\"elementor-column elementor-col-50 elementor-inner-column elementor-element elementor-element-9e66624\" data-id=\"9e66624\" data-element_type=\"column\" data-e-type=\"column\">\n\t\t\t<div class=\"elementor-widget-wrap elementor-element-populated\">\n\t\t\t\t\t\t<div class=\"elementor-element elementor-element-b638a77 elementor-widget elementor-widget-text-editor\" data-id=\"b638a77\" data-element_type=\"widget\" data-e-type=\"widget\" data-widget_type=\"text-editor.default\">\n\t\t\t\t<div class=\"elementor-widget-container\">\n\t\t\t\t\t\t\t\t\t<p><strong>Curso: <\/strong>T\u00e9cnico em Agricultura<\/p><p><strong>Eixo Tecnol\u00f3gico:<\/strong> Recursos Naturais<\/p><p><strong>Modalidade:<\/strong> Presencial<\/p><p><strong>Forma de Oferta: <\/strong>Integrado ao Ensino M\u00e9dio<\/p><p><strong>Carga Hor\u00e1ria<\/strong>: 3.200 horas<\/p><p><strong>Dura\u00e7\u00e3o:\u00a0 <\/strong>3 anos<\/p><p><strong>Turno de oferta:<\/strong> Matutino<\/p>\t\t\t\t\t\t\t\t<\/div>\n\t\t\t\t<\/div>\n\t\t\t\t\t<\/div>\n\t\t<\/div>\n\t\t\t\t<div class=\"elementor-column elementor-col-50 elementor-inner-column elementor-element elementor-element-1142abe\" data-id=\"1142abe\" data-element_type=\"column\" data-e-type=\"column\">\n\t\t\t<div class=\"elementor-widget-wrap elementor-element-populated\">\n\t\t\t\t\t\t<div class=\"elementor-element elementor-element-5158ada elementor-widget elementor-widget-text-editor\" data-id=\"5158ada\" data-element_type=\"widget\" data-e-type=\"widget\" data-widget_type=\"text-editor.default\">\n\t\t\t\t<div class=\"elementor-widget-container\">\n\t\t\t\t\t\t\t\t\t<p><strong>Descri\u00e7\u00e3o:<\/strong> O egresso do Curso T\u00e9cnico Integrado ao Ensino M\u00e9dio em Agricultura, no IF Campus Tarauac\u00e1, recebe forma\u00e7\u00e3o que o habilita para planejar, executar e monitorar etapas da produ\u00ad\u00e7\u00e3o agr\u00edcola. Planeja e acompanha a colheita e a p\u00f3s-colheita das principais culturas. Auxilia na implanta\u00e7\u00e3o e gerenciamento de sistemas de controle de qualidade na produ\u00e7\u00e3o agr\u00edcola. Identifica e aplica t\u00e9cnicas adequadas para distribui\u00e7\u00e3o e comercializa\u00e7\u00e3o de produtos. Elabora laudos, per\u00edcias, pareceres, relat\u00f3rios e projetos. Atua em atividades de extens\u00e3o e associativismo.<\/p><p><strong>Possibilidades de atua\u00e7\u00e3o:<\/strong> Institui\u00e7\u00f5es p\u00fablicas, privadas e do terceiro setor. Institui\u00e7\u00f5es de pesquisa, assist\u00eancia t\u00e9cnica e extens\u00e3o rural.<\/p>\t\t\t\t\t\t\t\t<\/div>\n\t\t\t\t<\/div>\n\t\t\t\t\t<\/div>\n\t\t<\/div>\n\t\t\t\t\t<\/div>\n\t\t<\/section>\n\t\t\t\t\t<\/div>\n\t\t<\/div>\n\t\t\t\t\t<\/div>\n\t\t<\/section>\n\t\t\t\t<\/div>\n\t\t","protected":false},"excerpt":{"rendered":"<p>T\u00e9cnico em Agricultura Curso: T\u00e9cnico em Agricultura Eixo Tecnol\u00f3gico: Recursos Naturais Modalidade: Presencial Forma de Oferta: Integrado ao Ensino M\u00e9dio Carga Hor\u00e1ria: 3.200 horas Dura\u00e7\u00e3o:\u00a0 3 anos Turno de oferta: Matutino Descri\u00e7\u00e3o: O egresso do Curso T\u00e9cnico Integrado ao Ensino M\u00e9dio em Agricultura, no IF Campus Tarauac\u00e1, recebe forma\u00e7\u00e3o que o habilita para planejar, executar [&hellip;]<\/p>\n","protected":false},"author":21,"featured_media":0,"parent":0,"menu_order":0,"comment_status":"closed","ping_status":"closed","template":"","meta":{"_acf_changed":false,"footnotes":""},"class_list":["post-2900","page","type-page","status-publish","hentry"],"acf":[],"_links":{"self":[{"href":"https:\/\/web.ifac.edu.br\/processoseletivo\/wp-json\/wp\/v2\/pages\/2900","targetHints":{"allow":["GET"]}}],"collection":[{"href":"https:\/\/web.ifac.edu.br\/processoseletivo\/wp-json\/wp\/v2\/pages"}],"about":[{"href":"https:\/\/web.ifac.edu.br\/processoseletivo\/wp-json\/wp\/v2\/types\/page"}],"author":[{"embeddable":true,"href":"https:\/\/web.ifac.edu.br\/processoseletivo\/wp-json\/wp\/v2\/users\/21"}],"replies":[{"embeddable":true,"href":"https:\/\/web.ifac.edu.br\/processoseletivo\/wp-json\/wp\/v2\/comments?post=2900"}],"version-history":[{"count":0,"href":"https:\/\/web.ifac.edu.br\/processoseletivo\/wp-json\/wp\/v2\/pages\/2900\/revisions"}],"wp:attachment":[{"href":"https:\/\/web.ifac.edu.br\/processoseletivo\/wp-json\/wp\/v2\/media?parent=2900"}],"curies":[{"name":"wp","href":"https:\/\/api.w.org\/{rel}","templated":true}]}}