{"id":2825,"date":"2018-10-11T22:07:17","date_gmt":"2018-10-11T22:07:17","guid":{"rendered":"http:\/\/web.ifac.edu.br\/processoseletivo\/?page_id=2825"},"modified":"2018-10-18T15:50:38","modified_gmt":"2018-10-18T15:50:38","slug":"biotecnologia-2","status":"publish","type":"page","link":"https:\/\/web.ifac.edu.br\/processoseletivo\/biotecnologia-2\/","title":{"rendered":"T\u00e9cnico em Biotecnologia"},"content":{"rendered":"\t\t<div data-elementor-type=\"wp-post\" data-elementor-id=\"2825\" class=\"elementor elementor-2825 elementor-bc-flex-widget\" data-elementor-settings=\"{&quot;ha_cmc_init_switcher&quot;:&quot;no&quot;}\" data-elementor-post-type=\"page\">\n\t\t\t\t\t\t<section class=\"elementor-section elementor-top-section elementor-element elementor-element-a4cbccd elementor-section-boxed elementor-section-height-default elementor-section-height-default\" data-id=\"a4cbccd\" data-element_type=\"section\" data-e-type=\"section\" data-settings=\"{&quot;_ha_eqh_enable&quot;:false}\">\n\t\t\t\t\t\t<div class=\"elementor-container elementor-column-gap-default\">\n\t\t\t\t\t<div class=\"elementor-column elementor-col-100 elementor-top-column elementor-element elementor-element-c6d09e4\" data-id=\"c6d09e4\" data-element_type=\"column\" data-e-type=\"column\">\n\t\t\t<div class=\"elementor-widget-wrap elementor-element-populated\">\n\t\t\t\t\t\t<div class=\"elementor-element elementor-element-20f02c0 elementor-widget elementor-widget-image\" data-id=\"20f02c0\" data-element_type=\"widget\" data-e-type=\"widget\" data-widget_type=\"image.default\">\n\t\t\t\t<div class=\"elementor-widget-container\">\n\t\t\t\t\t\t\t\t\t\t\t\t\t\t\t<img fetchpriority=\"high\" decoding=\"async\" width=\"900\" height=\"608\" src=\"https:\/\/web.ifac.edu.br\/processoseletivo\/wp-content\/uploads\/sites\/15\/2015\/11\/1d73e13563b8be946c0f00bab252d7ea_XL.jpg\" class=\"attachment-large size-large wp-image-231\" alt=\"\" srcset=\"https:\/\/web.ifac.edu.br\/processoseletivo\/wp-content\/uploads\/sites\/15\/2015\/11\/1d73e13563b8be946c0f00bab252d7ea_XL.jpg 900w, https:\/\/web.ifac.edu.br\/processoseletivo\/wp-content\/uploads\/sites\/15\/2015\/11\/1d73e13563b8be946c0f00bab252d7ea_XL-300x203.jpg 300w\" sizes=\"(max-width: 900px) 100vw, 900px\" \/>\t\t\t\t\t\t\t\t\t\t\t\t\t\t\t<\/div>\n\t\t\t\t<\/div>\n\t\t\t\t\t<\/div>\n\t\t<\/div>\n\t\t\t\t\t<\/div>\n\t\t<\/section>\n\t\t\t\t<section class=\"elementor-section elementor-top-section elementor-element elementor-element-1aa5f82 elementor-section-boxed elementor-section-height-default elementor-section-height-default\" data-id=\"1aa5f82\" data-element_type=\"section\" data-e-type=\"section\" data-settings=\"{&quot;_ha_eqh_enable&quot;:false}\">\n\t\t\t\t\t\t<div class=\"elementor-container elementor-column-gap-default\">\n\t\t\t\t\t<div class=\"elementor-column elementor-col-100 elementor-top-column elementor-element elementor-element-74ffed4\" data-id=\"74ffed4\" data-element_type=\"column\" data-e-type=\"column\">\n\t\t\t<div class=\"elementor-widget-wrap elementor-element-populated\">\n\t\t\t\t\t\t<div class=\"elementor-element elementor-element-3a74523 elementor-widget elementor-widget-heading\" data-id=\"3a74523\" data-element_type=\"widget\" data-e-type=\"widget\" data-widget_type=\"heading.default\">\n\t\t\t\t<div class=\"elementor-widget-container\">\n\t\t\t\t\t<h2 class=\"elementor-heading-title elementor-size-default\">T\u00e9cnico em Biotecnologia<\/h2>\t\t\t\t<\/div>\n\t\t\t\t<\/div>\n\t\t\t\t\t<\/div>\n\t\t<\/div>\n\t\t\t\t\t<\/div>\n\t\t<\/section>\n\t\t\t\t<section class=\"elementor-section elementor-top-section elementor-element elementor-element-163ae31 elementor-section-boxed elementor-section-height-default elementor-section-height-default\" data-id=\"163ae31\" data-element_type=\"section\" data-e-type=\"section\" data-settings=\"{&quot;_ha_eqh_enable&quot;:false}\">\n\t\t\t\t\t\t<div class=\"elementor-container elementor-column-gap-default\">\n\t\t\t\t\t<div class=\"elementor-column elementor-col-100 elementor-top-column elementor-element elementor-element-517f0bf\" data-id=\"517f0bf\" data-element_type=\"column\" data-e-type=\"column\">\n\t\t\t<div class=\"elementor-widget-wrap elementor-element-populated\">\n\t\t\t\t\t\t<section class=\"elementor-section elementor-inner-section elementor-element elementor-element-a7f98ce elementor-section-boxed elementor-section-height-default elementor-section-height-default\" data-id=\"a7f98ce\" data-element_type=\"section\" data-e-type=\"section\" data-settings=\"{&quot;_ha_eqh_enable&quot;:false}\">\n\t\t\t\t\t\t<div class=\"elementor-container elementor-column-gap-default\">\n\t\t\t\t\t<div class=\"elementor-column elementor-col-50 elementor-inner-column elementor-element elementor-element-c2ce96e\" data-id=\"c2ce96e\" data-element_type=\"column\" data-e-type=\"column\">\n\t\t\t<div class=\"elementor-widget-wrap elementor-element-populated\">\n\t\t\t\t\t\t<div class=\"elementor-element elementor-element-0fe9120 elementor-widget elementor-widget-text-editor\" data-id=\"0fe9120\" data-element_type=\"widget\" data-e-type=\"widget\" data-widget_type=\"text-editor.default\">\n\t\t\t\t<div class=\"elementor-widget-container\">\n\t\t\t\t\t\t\t\t\t<p><strong>Curso: <\/strong>T\u00e9cnico em Biotecnologia<\/p><p><strong>Eixo Tecnol\u00f3gico:<\/strong>\u00a0 Ambiente e Sa\u00fade<\/p><p><strong>Modalidade:<\/strong> Presencial<\/p><p><strong>Forma de Oferta: <\/strong>Integrado ao Ensino M\u00e9dio<\/p><p><strong>Carga Hor\u00e1ria: <\/strong>3.600 horas<\/p><p><strong>Dura\u00e7\u00e3o:<\/strong> 3 anos<\/p><p><strong>Turno de funcionamento:<\/strong>\u00a0 Matutino e Vespertino<\/p>\t\t\t\t\t\t\t\t<\/div>\n\t\t\t\t<\/div>\n\t\t\t\t\t<\/div>\n\t\t<\/div>\n\t\t\t\t<div class=\"elementor-column elementor-col-50 elementor-inner-column elementor-element elementor-element-ac4df77\" data-id=\"ac4df77\" data-element_type=\"column\" data-e-type=\"column\">\n\t\t\t<div class=\"elementor-widget-wrap elementor-element-populated\">\n\t\t\t\t\t\t<div class=\"elementor-element elementor-element-59e6abd elementor-widget elementor-widget-text-editor\" data-id=\"59e6abd\" data-element_type=\"widget\" data-e-type=\"widget\" data-widget_type=\"text-editor.default\">\n\t\t\t\t<div class=\"elementor-widget-container\">\n\t\t\t\t\t\t\t\t\t<p><strong>Perfil:<\/strong> O egresso do curso t\u00e9cnico integrado ao Ensino M\u00e9dio em Biotecnologia est\u00e1 apto a desempenhar atividades laboratoriais e industriais na \u00e1rea de biotecnologia em centros de pesquisa, ind\u00fastrias e empresas nos setores de sa\u00fade humana e animal, ambiental e agropecu\u00e1ria, buscando solu\u00e7\u00f5es aos desafios e problemas da pr\u00e1tica profissional, com cidadania e respeito ao meio ambiente e aos princ\u00edpios \u00e9ticos e pol\u00edticos, mediante associa\u00e7\u00e3o de conhecimentos t\u00e9cnicos e cient\u00edficos para continuidade dos estudos em n\u00edvel superior.<\/p><p><strong>Possibilidades de atua\u00e7\u00e3o:<\/strong> Institui\u00e7\u00f5es de pesquisa e desenvolvimento de produ\u00e7\u00e3o de vacinas e kits de diagn\u00f3stico. Laborat\u00f3rios de controle de qualidade. Ind\u00fastrias e setor agropecu\u00e1rio.<\/p>\t\t\t\t\t\t\t\t<\/div>\n\t\t\t\t<\/div>\n\t\t\t\t\t<\/div>\n\t\t<\/div>\n\t\t\t\t\t<\/div>\n\t\t<\/section>\n\t\t\t\t\t<\/div>\n\t\t<\/div>\n\t\t\t\t\t<\/div>\n\t\t<\/section>\n\t\t\t\t<\/div>\n\t\t","protected":false},"excerpt":{"rendered":"<p>T\u00e9cnico em Biotecnologia Curso: T\u00e9cnico em Biotecnologia Eixo Tecnol\u00f3gico:\u00a0 Ambiente e Sa\u00fade Modalidade: Presencial Forma de Oferta: Integrado ao Ensino M\u00e9dio Carga Hor\u00e1ria: 3.600 horas Dura\u00e7\u00e3o: 3 anos Turno de funcionamento:\u00a0 Matutino e Vespertino Perfil: O egresso do curso t\u00e9cnico integrado ao Ensino M\u00e9dio em Biotecnologia est\u00e1 apto a desempenhar atividades laboratoriais e industriais na [&hellip;]<\/p>\n","protected":false},"author":21,"featured_media":0,"parent":0,"menu_order":0,"comment_status":"closed","ping_status":"closed","template":"","meta":{"_acf_changed":false,"footnotes":""},"class_list":["post-2825","page","type-page","status-publish","hentry"],"acf":[],"_links":{"self":[{"href":"https:\/\/web.ifac.edu.br\/processoseletivo\/wp-json\/wp\/v2\/pages\/2825","targetHints":{"allow":["GET"]}}],"collection":[{"href":"https:\/\/web.ifac.edu.br\/processoseletivo\/wp-json\/wp\/v2\/pages"}],"about":[{"href":"https:\/\/web.ifac.edu.br\/processoseletivo\/wp-json\/wp\/v2\/types\/page"}],"author":[{"embeddable":true,"href":"https:\/\/web.ifac.edu.br\/processoseletivo\/wp-json\/wp\/v2\/users\/21"}],"replies":[{"embeddable":true,"href":"https:\/\/web.ifac.edu.br\/processoseletivo\/wp-json\/wp\/v2\/comments?post=2825"}],"version-history":[{"count":0,"href":"https:\/\/web.ifac.edu.br\/processoseletivo\/wp-json\/wp\/v2\/pages\/2825\/revisions"}],"wp:attachment":[{"href":"https:\/\/web.ifac.edu.br\/processoseletivo\/wp-json\/wp\/v2\/media?parent=2825"}],"curies":[{"name":"wp","href":"https:\/\/api.w.org\/{rel}","templated":true}]}}