{"id":2817,"date":"2018-10-11T21:54:49","date_gmt":"2018-10-11T21:54:49","guid":{"rendered":"http:\/\/web.ifac.edu.br\/processoseletivo\/?page_id=2817"},"modified":"2018-10-17T21:44:57","modified_gmt":"2018-10-17T21:44:57","slug":"edificacoes","status":"publish","type":"page","link":"https:\/\/web.ifac.edu.br\/processoseletivo\/edificacoes\/","title":{"rendered":"T\u00e9cnico em Edifica\u00e7\u00f5es"},"content":{"rendered":"\t\t<div data-elementor-type=\"wp-post\" data-elementor-id=\"2817\" class=\"elementor elementor-2817 elementor-bc-flex-widget\" data-elementor-settings=\"{&quot;ha_cmc_init_switcher&quot;:&quot;no&quot;}\" data-elementor-post-type=\"page\">\n\t\t\t\t\t\t<section class=\"elementor-section elementor-top-section elementor-element elementor-element-d9d59d2 elementor-section-boxed elementor-section-height-default elementor-section-height-default\" data-id=\"d9d59d2\" data-element_type=\"section\" data-e-type=\"section\" data-settings=\"{&quot;_ha_eqh_enable&quot;:false}\">\n\t\t\t\t\t\t<div class=\"elementor-container elementor-column-gap-default\">\n\t\t\t\t\t<div class=\"elementor-column elementor-col-100 elementor-top-column elementor-element elementor-element-7ec68bd\" data-id=\"7ec68bd\" data-element_type=\"column\" data-e-type=\"column\">\n\t\t\t<div class=\"elementor-widget-wrap elementor-element-populated\">\n\t\t\t\t\t\t<div class=\"elementor-element elementor-element-4cd237a elementor-widget elementor-widget-image\" data-id=\"4cd237a\" data-element_type=\"widget\" data-e-type=\"widget\" data-widget_type=\"image.default\">\n\t\t\t\t<div class=\"elementor-widget-container\">\n\t\t\t\t\t\t\t\t\t\t\t\t\t\t\t<img fetchpriority=\"high\" decoding=\"async\" width=\"900\" height=\"608\" src=\"https:\/\/web.ifac.edu.br\/processoseletivo\/wp-content\/uploads\/sites\/15\/2015\/11\/a27a3b73d355048c6bab885897085f62_XL.jpg\" class=\"attachment-large size-large wp-image-234\" alt=\"\" srcset=\"https:\/\/web.ifac.edu.br\/processoseletivo\/wp-content\/uploads\/sites\/15\/2015\/11\/a27a3b73d355048c6bab885897085f62_XL.jpg 900w, https:\/\/web.ifac.edu.br\/processoseletivo\/wp-content\/uploads\/sites\/15\/2015\/11\/a27a3b73d355048c6bab885897085f62_XL-300x203.jpg 300w\" sizes=\"(max-width: 900px) 100vw, 900px\" \/>\t\t\t\t\t\t\t\t\t\t\t\t\t\t\t<\/div>\n\t\t\t\t<\/div>\n\t\t\t\t<div class=\"elementor-element elementor-element-9dc235c elementor-widget elementor-widget-heading\" data-id=\"9dc235c\" data-element_type=\"widget\" data-e-type=\"widget\" data-widget_type=\"heading.default\">\n\t\t\t\t<div class=\"elementor-widget-container\">\n\t\t\t\t\t<h2 class=\"elementor-heading-title elementor-size-default\">T\u00e9cnico em Edifica\u00e7\u00f5es<\/h2>\t\t\t\t<\/div>\n\t\t\t\t<\/div>\n\t\t\t\t<section class=\"elementor-section elementor-inner-section elementor-element elementor-element-b0ca4de elementor-section-boxed elementor-section-height-default elementor-section-height-default\" data-id=\"b0ca4de\" data-element_type=\"section\" data-e-type=\"section\" data-settings=\"{&quot;_ha_eqh_enable&quot;:false}\">\n\t\t\t\t\t\t<div class=\"elementor-container elementor-column-gap-default\">\n\t\t\t\t\t<div class=\"elementor-column elementor-col-50 elementor-inner-column elementor-element elementor-element-394eb59\" data-id=\"394eb59\" data-element_type=\"column\" data-e-type=\"column\">\n\t\t\t<div class=\"elementor-widget-wrap elementor-element-populated\">\n\t\t\t\t\t\t<div class=\"elementor-element elementor-element-db5bb60 elementor-widget elementor-widget-text-editor\" data-id=\"db5bb60\" data-element_type=\"widget\" data-e-type=\"widget\" data-widget_type=\"text-editor.default\">\n\t\t\t\t<div class=\"elementor-widget-container\">\n\t\t\t\t\t\t\t\t\t<p><strong>Curso: <\/strong>T\u00e9cnico em Edifica\u00e7\u00f5es<\/p><p><strong>Eixo Tecnol\u00f3gico:<\/strong> Infraestrutura<\/p><p><strong>Modalidade:<\/strong> presencial<\/p><p><strong>Forma de Oferta: <\/strong>Integrado ao Ensino M\u00e9dio<\/p><p><strong>Carga Hor\u00e1ria<\/strong>: 3.270 horas<\/p><p><strong>Dura\u00e7\u00e3o:<\/strong>\u00a0 3 anos<\/p><p><strong>Turno de oferta:<\/strong> Matutino<\/p>\t\t\t\t\t\t\t\t<\/div>\n\t\t\t\t<\/div>\n\t\t\t\t\t<\/div>\n\t\t<\/div>\n\t\t\t\t<div class=\"elementor-column elementor-col-50 elementor-inner-column elementor-element elementor-element-729f222\" data-id=\"729f222\" data-element_type=\"column\" data-e-type=\"column\">\n\t\t\t<div class=\"elementor-widget-wrap elementor-element-populated\">\n\t\t\t\t\t\t<div class=\"elementor-element elementor-element-8e05700 elementor-widget elementor-widget-text-editor\" data-id=\"8e05700\" data-element_type=\"widget\" data-e-type=\"widget\" data-widget_type=\"text-editor.default\">\n\t\t\t\t<div class=\"elementor-widget-container\">\n\t\t\t\t\t\t\t\t\t<p><strong>Descri\u00e7\u00e3o:<\/strong> O egresso do curso T\u00e9cnico Integrado ao Ensino M\u00e9dio em Edifica\u00e7\u00f5es \u00e9 um profissional com compet\u00eancia para: desenvolver e executar projetos de edifica\u00e7\u00f5es; planejar a execu\u00e7\u00e3o e a elabora\u00e7\u00e3o de or\u00e7amento de obras; desenvolver projetos e pesquisas tecnol\u00f3gicas na \u00e1rea de edifica\u00e7\u00f5es; coordenar a execu\u00e7\u00e3o de servi\u00e7os de manuten\u00e7\u00e3o de equipamentos e de instala\u00e7\u00f5es em edifica\u00e7\u00f5es; conduzir trabalhos de sua especialidade, projetados e dirigidos por profissionais legalmente habilitados nos termos do art. 1\u00ba do decreto n.\u00ba 23.569, de 11 de dezembro de 1933; projetar e dirigir, mediante pr\u00e9via autoriza\u00e7\u00e3o do Conselho Regional de Engenharia e Arquitetura, trabalhos de sua especialidade que n\u00e3o exijam pela sua natureza a responsabilidade de profissional legalmente habilitado de acordo com o mencionado no item anterior; exercer a fun\u00e7\u00e3o de desenhista, de sua especialidade; projetar e dirigir trabalhos de sua especialidade, a t\u00edtulo prec\u00e1rio nas localidades em que n\u00e3o houver profissionais habilitados nos termos do art. 1\u00ba do decreto n.\u00ba 23.569, de 11 dezembro de 1933; exercer as fun\u00e7\u00f5es de Auxiliar de Engenheiro e Arquitetos nas reparti\u00e7\u00f5es p\u00fablicas da Uni\u00e3o, dos Estados e dos Munic\u00edpios, independentemente da prova de capacidade exigida no Par\u00e1grafo \u00fanico do art. 20 do decreto n.\u00ba 8.620, de 10 de janeiro de 1946; projetar e dirigir constru\u00e7\u00f5es residenciais, de pequena \u00e1rea, com um s\u00f3 pavimento, isoladas, que n\u00e3o constituam conjuntos residenciais, nem possuam arcabou\u00e7os ou pisos de concreto armado, bem como as de pequenos acr\u00e9scimos em edif\u00edcios residenciais existentes, a ju\u00edzo dos Conselhos Regionais de Engenharia e Arquitetura (art. 32, do decreto-lei n.\u00ba 8.620, de 10 de janeiro de 1946); desenvolver vis\u00e3o human\u00edstica, cr\u00edtica e consistente sobre o impacto de sua atua\u00e7\u00e3o na sociedade e o contexto em que est\u00e1 inserido, e utilizar as formas contempor\u00e2neas de linguagem, com vistas ao exerc\u00edcio da cidadania e \u00e0 prepara\u00e7\u00e3o para o trabalho, incluindo a forma\u00e7\u00e3o \u00e9tica e o desenvolvimento da autonomia intelectual.<\/p><p><strong>Possibilidades de atua\u00e7\u00e3o:<\/strong> Empresas de constru\u00e7\u00e3o civil. Escrit\u00f3rios de projetos e de constru\u00e7\u00e3o civil. Canteiros de obras. Laborat\u00f3rios de pesquisa e desenvolvimento. Profissional aut\u00f4nomo.<\/p>\t\t\t\t\t\t\t\t<\/div>\n\t\t\t\t<\/div>\n\t\t\t\t\t<\/div>\n\t\t<\/div>\n\t\t\t\t\t<\/div>\n\t\t<\/section>\n\t\t\t\t\t<\/div>\n\t\t<\/div>\n\t\t\t\t\t<\/div>\n\t\t<\/section>\n\t\t\t\t<\/div>\n\t\t","protected":false},"excerpt":{"rendered":"<p>T\u00e9cnico em Edifica\u00e7\u00f5es Curso: T\u00e9cnico em Edifica\u00e7\u00f5es Eixo Tecnol\u00f3gico: Infraestrutura Modalidade: presencial Forma de Oferta: Integrado ao Ensino M\u00e9dio Carga Hor\u00e1ria: 3.270 horas Dura\u00e7\u00e3o:\u00a0 3 anos Turno de oferta: Matutino Descri\u00e7\u00e3o: O egresso do curso T\u00e9cnico Integrado ao Ensino M\u00e9dio em Edifica\u00e7\u00f5es \u00e9 um profissional com compet\u00eancia para: desenvolver e executar projetos de edifica\u00e7\u00f5es; planejar [&hellip;]<\/p>\n","protected":false},"author":21,"featured_media":0,"parent":0,"menu_order":0,"comment_status":"closed","ping_status":"closed","template":"","meta":{"_acf_changed":false,"footnotes":""},"class_list":["post-2817","page","type-page","status-publish","hentry"],"acf":[],"_links":{"self":[{"href":"https:\/\/web.ifac.edu.br\/processoseletivo\/wp-json\/wp\/v2\/pages\/2817","targetHints":{"allow":["GET"]}}],"collection":[{"href":"https:\/\/web.ifac.edu.br\/processoseletivo\/wp-json\/wp\/v2\/pages"}],"about":[{"href":"https:\/\/web.ifac.edu.br\/processoseletivo\/wp-json\/wp\/v2\/types\/page"}],"author":[{"embeddable":true,"href":"https:\/\/web.ifac.edu.br\/processoseletivo\/wp-json\/wp\/v2\/users\/21"}],"replies":[{"embeddable":true,"href":"https:\/\/web.ifac.edu.br\/processoseletivo\/wp-json\/wp\/v2\/comments?post=2817"}],"version-history":[{"count":0,"href":"https:\/\/web.ifac.edu.br\/processoseletivo\/wp-json\/wp\/v2\/pages\/2817\/revisions"}],"wp:attachment":[{"href":"https:\/\/web.ifac.edu.br\/processoseletivo\/wp-json\/wp\/v2\/media?parent=2817"}],"curies":[{"name":"wp","href":"https:\/\/api.w.org\/{rel}","templated":true}]}}