{"id":2770,"date":"2022-12-19T13:45:00","date_gmt":"2022-12-19T18:45:00","guid":{"rendered":"https:\/\/web.ifac.edu.br\/incubac\/?page_id=2770"},"modified":"2023-01-27T15:01:22","modified_gmt":"2023-01-27T20:01:22","slug":"peixe-sadio","status":"publish","type":"page","link":"https:\/\/web.ifac.edu.br\/incubac\/peixe-sadio\/","title":{"rendered":"Peixe Sadio"},"content":{"rendered":"\t\t<div data-elementor-type=\"wp-page\" data-elementor-id=\"2770\" class=\"elementor elementor-2770\" data-elementor-settings=\"{&quot;ha_cmc_init_switcher&quot;:&quot;no&quot;}\" data-elementor-post-type=\"page\">\n\t\t\t\t\t\t<section class=\"elementor-section elementor-top-section elementor-element elementor-element-210b6b77 elementor-section-content-middle elementor-section-boxed elementor-section-height-default elementor-section-height-default\" data-id=\"210b6b77\" data-element_type=\"section\" data-e-type=\"section\" data-settings=\"{&quot;_ha_eqh_enable&quot;:false}\">\n\t\t\t\t\t\t<div class=\"elementor-container elementor-column-gap-no\">\n\t\t\t\t\t<div class=\"elementor-column elementor-col-50 elementor-top-column elementor-element elementor-element-5add8721\" data-id=\"5add8721\" data-element_type=\"column\" data-e-type=\"column\">\n\t\t\t<div class=\"elementor-widget-wrap elementor-element-populated\">\n\t\t\t\t\t\t<div class=\"elementor-element elementor-element-d2e5e59 elementor-widget elementor-widget-image\" data-id=\"d2e5e59\" data-element_type=\"widget\" data-e-type=\"widget\" data-widget_type=\"image.default\">\n\t\t\t\t<div class=\"elementor-widget-container\">\n\t\t\t\t\t\t\t\t\t\t\t\t\t\t\t<img fetchpriority=\"high\" decoding=\"async\" width=\"300\" height=\"300\" src=\"https:\/\/web.ifac.edu.br\/incubac\/wp-content\/uploads\/sites\/49\/2022\/12\/peixe-sadio.png\" class=\"attachment-large size-large wp-image-2516\" alt=\"\" srcset=\"https:\/\/web.ifac.edu.br\/incubac\/wp-content\/uploads\/sites\/49\/2022\/12\/peixe-sadio.png 300w, https:\/\/web.ifac.edu.br\/incubac\/wp-content\/uploads\/sites\/49\/2022\/12\/peixe-sadio-150x150.png 150w\" sizes=\"(max-width: 300px) 100vw, 300px\" \/>\t\t\t\t\t\t\t\t\t\t\t\t\t\t\t<\/div>\n\t\t\t\t<\/div>\n\t\t\t\t<div class=\"elementor-element elementor-element-60017d01 elementor-widget-divider--view-line elementor-widget elementor-widget-divider\" data-id=\"60017d01\" data-element_type=\"widget\" data-e-type=\"widget\" data-widget_type=\"divider.default\">\n\t\t\t\t<div class=\"elementor-widget-container\">\n\t\t\t\t\t\t\t<div class=\"elementor-divider\">\n\t\t\t<span class=\"elementor-divider-separator\">\n\t\t\t\t\t\t<\/span>\n\t\t<\/div>\n\t\t\t\t\t\t<\/div>\n\t\t\t\t<\/div>\n\t\t\t\t<div class=\"elementor-element elementor-element-e886116 elementor-widget elementor-widget-heading\" data-id=\"e886116\" data-element_type=\"widget\" data-e-type=\"widget\" data-widget_type=\"heading.default\">\n\t\t\t\t<div class=\"elementor-widget-container\">\n\t\t\t\t\t<h5 class=\"elementor-heading-title elementor-size-default\">Peixe Sadio<\/h5>\t\t\t\t<\/div>\n\t\t\t\t<\/div>\n\t\t\t\t<div class=\"elementor-element elementor-element-7c42345 elementor-widget elementor-widget-text-editor\" data-id=\"7c42345\" data-element_type=\"widget\" data-e-type=\"widget\" data-widget_type=\"text-editor.default\">\n\t\t\t\t<div class=\"elementor-widget-container\">\n\t\t\t\t\t\t\t\t\t<p dir=\"ltr\"><strong>Respons\u00e1veis pela empresa:<\/strong><\/p><p><strong>S\u00f3cia:<\/strong> Maralina\u00a0 Silva\u00a0 <br \/><strong>S\u00f3cio: <\/strong>Pedro Cavalcante <br \/><strong>S\u00f3cio Administrador:<\/strong> Caio Lira <\/p><p><b>Contato:<\/b> 68 99984-4402<br \/><b>E-mail: <\/b>peixesadioltda@gmail.com<\/p>\t\t\t\t\t\t\t\t<\/div>\n\t\t\t\t<\/div>\n\t\t\t\t<div class=\"elementor-element elementor-element-42c2ee1 e-grid-align-left elementor-shape-rounded elementor-grid-0 elementor-widget elementor-widget-social-icons\" data-id=\"42c2ee1\" data-element_type=\"widget\" data-e-type=\"widget\" data-widget_type=\"social-icons.default\">\n\t\t\t\t<div class=\"elementor-widget-container\">\n\t\t\t\t\t\t\t<div class=\"elementor-social-icons-wrapper elementor-grid\" role=\"list\">\n\t\t\t\t\t\t\t<span class=\"elementor-grid-item\" role=\"listitem\">\n\t\t\t\t\t<a class=\"elementor-icon elementor-social-icon elementor-social-icon-facebook elementor-repeater-item-c9deef5\" href=\"mailto:peixesadioltda@gmail.com\" target=\"_blank\">\n\t\t\t\t\t\t<span class=\"elementor-screen-only\">Facebook<\/span>\n\t\t\t\t\t\t\t\t\t\t\t\t\t<i class=\"fa fa-facebook\" aria-hidden=\"true\"><\/i>\n\t\t\t\t\t\t\t\t\t\t\t<\/a>\n\t\t\t\t<\/span>\n\t\t\t\t\t\t\t<span class=\"elementor-grid-item\" role=\"listitem\">\n\t\t\t\t\t<a class=\"elementor-icon elementor-social-icon elementor-social-icon-x-twitter elementor-repeater-item-d62e3df\" href=\"https:\/\/wa.me\/5568999844402\" target=\"_blank\">\n\t\t\t\t\t\t<span class=\"elementor-screen-only\">X-twitter<\/span>\n\t\t\t\t\t\t\t\t\t\t\t\t\t<i class=\"fa fa-x-twitter\" aria-hidden=\"true\"><\/i>\n\t\t\t\t\t\t\t\t\t\t\t<\/a>\n\t\t\t\t<\/span>\n\t\t\t\t\t\t\t<span class=\"elementor-grid-item\" role=\"listitem\">\n\t\t\t\t\t<a class=\"elementor-icon elementor-social-icon elementor-social-icon-google-plus elementor-repeater-item-419a1e1\" target=\"_blank\">\n\t\t\t\t\t\t<span class=\"elementor-screen-only\">Google-plus<\/span>\n\t\t\t\t\t\t\t\t\t\t\t\t\t<i class=\"fa fa-google-plus\" aria-hidden=\"true\"><\/i>\n\t\t\t\t\t\t\t\t\t\t\t<\/a>\n\t\t\t\t<\/span>\n\t\t\t\t\t\t\t<span class=\"elementor-grid-item\" role=\"listitem\">\n\t\t\t\t\t<a class=\"elementor-icon elementor-social-icon elementor-social-icon-wordpress elementor-repeater-item-26eec6b\" href=\"\" target=\"_blank\">\n\t\t\t\t\t\t<span class=\"elementor-screen-only\">WordPress<\/span>\n\t\t\t\t\t\t\t\t\t\t\t\t\t<i class=\"fa fa-wordpress\" aria-hidden=\"true\"><\/i>\n\t\t\t\t\t\t\t\t\t\t\t<\/a>\n\t\t\t\t<\/span>\n\t\t\t\t\t<\/div>\n\t\t\t\t\t\t<\/div>\n\t\t\t\t<\/div>\n\t\t\t\t\t<\/div>\n\t\t<\/div>\n\t\t\t\t<div class=\"elementor-column elementor-col-50 elementor-top-column elementor-element elementor-element-12faf9fc\" data-id=\"12faf9fc\" data-element_type=\"column\" data-e-type=\"column\">\n\t\t\t<div class=\"elementor-widget-wrap elementor-element-populated\">\n\t\t\t\t\t\t<div class=\"elementor-element elementor-element-befb7b8 elementor-widget elementor-widget-text-editor\" data-id=\"befb7b8\" data-element_type=\"widget\" data-e-type=\"widget\" data-widget_type=\"text-editor.default\">\n\t\t\t\t<div class=\"elementor-widget-container\">\n\t\t\t\t\t\t\t\t\t<p><b>Descri\u00e7\u00e3o da Empresa:<br \/><\/b>A empresa Peixe Sadio tem por objetivo criar uma solu\u00e7\u00e3o tecnol\u00f3gica que auxiliar\u00e1 o piscicultor na identifica\u00e7\u00e3o dos agentes etiol\u00f3gicos causadores de doen\u00e7as na piscicultura, auxiliando na preven\u00e7\u00e3o e mitiga\u00e7\u00e3o das enfermidades, evitando preju\u00edzos financeiros e diminuindo danos ao ecossistema aqu\u00e1tico. A plataforma vai auxiliar na detec\u00e7\u00e3o de doen\u00e7as de peixes por meio de dispositivos m\u00f3veis, em tempo real e sem a necessidade de conex\u00e3o com a internet. O aplicativo ser\u00e1 pr\u00e1tico, intuitivo e f\u00e1cil de usar, fornecendo uma s\u00e9rie de imagens que auxiliar\u00e3o no diagn\u00f3stico das enfermidades.<\/p>\t\t\t\t\t\t\t\t<\/div>\n\t\t\t\t<\/div>\n\t\t\t\t<div class=\"elementor-element elementor-element-5cb67883 elementor-widget elementor-widget-text-editor\" data-id=\"5cb67883\" data-element_type=\"widget\" data-e-type=\"widget\" data-widget_type=\"text-editor.default\">\n\t\t\t\t<div class=\"elementor-widget-container\">\n\t\t\t\t\t\t\t\t\t<div><p><b>Segmento de mercado: <\/b>Atividades de apoio \u00e0 aquicultura em \u00e1gua doce<\/p><\/div><div>\u00a0<\/div>\t\t\t\t\t\t\t\t<\/div>\n\t\t\t\t<\/div>\n\t\t\t\t<div class=\"elementor-element elementor-element-5638dc7 elementor-widget elementor-widget-image\" data-id=\"5638dc7\" data-element_type=\"widget\" data-e-type=\"widget\" data-widget_type=\"image.default\">\n\t\t\t\t<div class=\"elementor-widget-container\">\n\t\t\t\t\t\t\t\t\t\t\t\t\t\t\t<img decoding=\"async\" width=\"1024\" height=\"512\" src=\"https:\/\/web.ifac.edu.br\/incubac\/wp-content\/uploads\/sites\/49\/2023\/01\/peixe-sadio-1.png\" class=\"attachment-large size-large wp-image-2929\" alt=\"\" srcset=\"https:\/\/web.ifac.edu.br\/incubac\/wp-content\/uploads\/sites\/49\/2023\/01\/peixe-sadio-1.png 1024w, https:\/\/web.ifac.edu.br\/incubac\/wp-content\/uploads\/sites\/49\/2023\/01\/peixe-sadio-1-300x150.png 300w, https:\/\/web.ifac.edu.br\/incubac\/wp-content\/uploads\/sites\/49\/2023\/01\/peixe-sadio-1-768x384.png 768w\" sizes=\"(max-width: 1024px) 100vw, 1024px\" \/>\t\t\t\t\t\t\t\t\t\t\t\t\t\t\t<\/div>\n\t\t\t\t<\/div>\n\t\t\t\t\t<\/div>\n\t\t<\/div>\n\t\t\t\t\t<\/div>\n\t\t<\/section>\n\t\t\t\t<section class=\"elementor-section elementor-top-section elementor-element elementor-element-66533ee elementor-section-boxed elementor-section-height-default elementor-section-height-default\" data-id=\"66533ee\" data-element_type=\"section\" data-e-type=\"section\" data-settings=\"{&quot;_ha_eqh_enable&quot;:false}\">\n\t\t\t\t\t\t<div class=\"elementor-container elementor-column-gap-default\">\n\t\t\t\t\t<div class=\"elementor-column elementor-col-100 elementor-top-column elementor-element elementor-element-36a397a\" data-id=\"36a397a\" data-element_type=\"column\" data-e-type=\"column\">\n\t\t\t<div class=\"elementor-widget-wrap elementor-element-populated\">\n\t\t\t\t\t\t<div class=\"elementor-element elementor-element-488160b elementor-widget elementor-widget-heading\" data-id=\"488160b\" data-element_type=\"widget\" data-e-type=\"widget\" data-widget_type=\"heading.default\">\n\t\t\t\t<div class=\"elementor-widget-container\">\n\t\t\t\t\t<h3 class=\"elementor-heading-title elementor-size-default\">Conhe\u00e7a um pouco mais sobre os outros empreendimentos Incubados <\/h3>\t\t\t\t<\/div>\n\t\t\t\t<\/div>\n\t\t\t\t\t<\/div>\n\t\t<\/div>\n\t\t\t\t\t<\/div>\n\t\t<\/section>\n\t\t\t\t<section class=\"elementor-section elementor-top-section elementor-element elementor-element-f51ae96 elementor-section-boxed elementor-section-height-default elementor-section-height-default\" data-id=\"f51ae96\" data-element_type=\"section\" data-e-type=\"section\" data-settings=\"{&quot;_ha_eqh_enable&quot;:false}\">\n\t\t\t\t\t\t<div class=\"elementor-container elementor-column-gap-default\">\n\t\t\t\t\t<div class=\"elementor-column elementor-col-100 elementor-top-column elementor-element elementor-element-8b80066\" data-id=\"8b80066\" data-element_type=\"column\" data-e-type=\"column\">\n\t\t\t<div class=\"elementor-widget-wrap elementor-element-populated\">\n\t\t\t\t\t\t<section class=\"elementor-section elementor-inner-section elementor-element elementor-element-8382ce2 elementor-section-content-middle elementor-section-boxed elementor-section-height-default elementor-section-height-default\" data-id=\"8382ce2\" data-element_type=\"section\" data-e-type=\"section\" data-settings=\"{&quot;_ha_eqh_enable&quot;:false}\">\n\t\t\t\t\t\t<div class=\"elementor-container elementor-column-gap-no\">\n\t\t\t\t\t<div class=\"elementor-column elementor-col-20 elementor-inner-column elementor-element elementor-element-906314c\" data-id=\"906314c\" data-element_type=\"column\" data-e-type=\"column\">\n\t\t\t<div class=\"elementor-widget-wrap elementor-element-populated\">\n\t\t\t\t\t\t<div class=\"elementor-element elementor-element-1bf5a35 elementor-widget elementor-widget-image\" data-id=\"1bf5a35\" data-element_type=\"widget\" data-e-type=\"widget\" data-widget_type=\"image.default\">\n\t\t\t\t<div class=\"elementor-widget-container\">\n\t\t\t\t\t\t\t\t\t\t\t\t\t\t\t\t<a href=\"https:\/\/web.ifac.edu.br\/incubac\/encantos-da-floresta\/\">\n\t\t\t\t\t\t\t<img decoding=\"async\" width=\"300\" height=\"300\" src=\"https:\/\/web.ifac.edu.br\/incubac\/wp-content\/uploads\/sites\/49\/2022\/12\/encantos-da-floresta.png\" class=\"attachment-large size-large wp-image-2510\" alt=\"\" srcset=\"https:\/\/web.ifac.edu.br\/incubac\/wp-content\/uploads\/sites\/49\/2022\/12\/encantos-da-floresta.png 300w, https:\/\/web.ifac.edu.br\/incubac\/wp-content\/uploads\/sites\/49\/2022\/12\/encantos-da-floresta-150x150.png 150w\" sizes=\"(max-width: 300px) 100vw, 300px\" \/>\t\t\t\t\t\t\t\t<\/a>\n\t\t\t\t\t\t\t\t\t\t\t\t\t\t\t<\/div>\n\t\t\t\t<\/div>\n\t\t\t\t\t<\/div>\n\t\t<\/div>\n\t\t\t\t<div class=\"elementor-column elementor-col-20 elementor-inner-column elementor-element elementor-element-6c7cd7c\" data-id=\"6c7cd7c\" data-element_type=\"column\" data-e-type=\"column\">\n\t\t\t<div class=\"elementor-widget-wrap elementor-element-populated\">\n\t\t\t\t\t\t<div class=\"elementor-element elementor-element-f9f9116 elementor-widget elementor-widget-image\" data-id=\"f9f9116\" data-element_type=\"widget\" data-e-type=\"widget\" data-widget_type=\"image.default\">\n\t\t\t\t<div class=\"elementor-widget-container\">\n\t\t\t\t\t\t\t\t\t\t\t\t\t\t\t\t<a href=\"https:\/\/web.ifac.edu.br\/incubac\/cosmeticos-nova-esperanca\/\">\n\t\t\t\t\t\t\t<img loading=\"lazy\" decoding=\"async\" width=\"300\" height=\"300\" src=\"https:\/\/web.ifac.edu.br\/incubac\/wp-content\/uploads\/sites\/49\/2022\/12\/nova-esperanca.png\" class=\"attachment-large size-large wp-image-2515\" alt=\"\" srcset=\"https:\/\/web.ifac.edu.br\/incubac\/wp-content\/uploads\/sites\/49\/2022\/12\/nova-esperanca.png 300w, https:\/\/web.ifac.edu.br\/incubac\/wp-content\/uploads\/sites\/49\/2022\/12\/nova-esperanca-150x150.png 150w\" sizes=\"(max-width: 300px) 100vw, 300px\" \/>\t\t\t\t\t\t\t\t<\/a>\n\t\t\t\t\t\t\t\t\t\t\t\t\t\t\t<\/div>\n\t\t\t\t<\/div>\n\t\t\t\t\t<\/div>\n\t\t<\/div>\n\t\t\t\t<div class=\"elementor-column elementor-col-20 elementor-inner-column elementor-element elementor-element-9489f9c\" data-id=\"9489f9c\" data-element_type=\"column\" data-e-type=\"column\">\n\t\t\t<div class=\"elementor-widget-wrap elementor-element-populated\">\n\t\t\t\t\t\t<div class=\"elementor-element elementor-element-695a4f7 elementor-widget elementor-widget-image\" data-id=\"695a4f7\" data-element_type=\"widget\" data-e-type=\"widget\" data-widget_type=\"image.default\">\n\t\t\t\t<div class=\"elementor-widget-container\">\n\t\t\t\t\t\t\t\t\t\t\t\t\t\t\t\t<a href=\"https:\/\/web.ifac.edu.br\/incubac\/nexplas\/\">\n\t\t\t\t\t\t\t<img loading=\"lazy\" decoding=\"async\" width=\"300\" height=\"300\" src=\"https:\/\/web.ifac.edu.br\/incubac\/wp-content\/uploads\/sites\/49\/2022\/12\/nexplas.png\" class=\"attachment-large size-large wp-image-2514\" alt=\"\" srcset=\"https:\/\/web.ifac.edu.br\/incubac\/wp-content\/uploads\/sites\/49\/2022\/12\/nexplas.png 300w, https:\/\/web.ifac.edu.br\/incubac\/wp-content\/uploads\/sites\/49\/2022\/12\/nexplas-150x150.png 150w\" sizes=\"(max-width: 300px) 100vw, 300px\" \/>\t\t\t\t\t\t\t\t<\/a>\n\t\t\t\t\t\t\t\t\t\t\t\t\t\t\t<\/div>\n\t\t\t\t<\/div>\n\t\t\t\t\t<\/div>\n\t\t<\/div>\n\t\t\t\t<div class=\"elementor-column elementor-col-20 elementor-inner-column elementor-element elementor-element-b6e9ce9\" data-id=\"b6e9ce9\" data-element_type=\"column\" data-e-type=\"column\">\n\t\t\t<div class=\"elementor-widget-wrap elementor-element-populated\">\n\t\t\t\t\t\t<div class=\"elementor-element elementor-element-0a0f48a elementor-widget elementor-widget-image\" data-id=\"0a0f48a\" data-element_type=\"widget\" data-e-type=\"widget\" data-widget_type=\"image.default\">\n\t\t\t\t<div class=\"elementor-widget-container\">\n\t\t\t\t\t\t\t\t\t\t\t\t\t\t\t\t<a href=\"https:\/\/web.ifac.edu.br\/incubac\/mateiro-digital\/\">\n\t\t\t\t\t\t\t<img loading=\"lazy\" decoding=\"async\" width=\"300\" height=\"300\" src=\"https:\/\/web.ifac.edu.br\/incubac\/wp-content\/uploads\/sites\/49\/2022\/12\/mateiro-digital.png\" class=\"attachment-large size-large wp-image-2513\" alt=\"\" srcset=\"https:\/\/web.ifac.edu.br\/incubac\/wp-content\/uploads\/sites\/49\/2022\/12\/mateiro-digital.png 300w, https:\/\/web.ifac.edu.br\/incubac\/wp-content\/uploads\/sites\/49\/2022\/12\/mateiro-digital-150x150.png 150w\" sizes=\"(max-width: 300px) 100vw, 300px\" \/>\t\t\t\t\t\t\t\t<\/a>\n\t\t\t\t\t\t\t\t\t\t\t\t\t\t\t<\/div>\n\t\t\t\t<\/div>\n\t\t\t\t\t<\/div>\n\t\t<\/div>\n\t\t\t\t<div class=\"elementor-column elementor-col-20 elementor-inner-column elementor-element elementor-element-fe00c10\" data-id=\"fe00c10\" data-element_type=\"column\" data-e-type=\"column\">\n\t\t\t<div class=\"elementor-widget-wrap elementor-element-populated\">\n\t\t\t\t\t\t<div class=\"elementor-element elementor-element-9aabfe3 elementor-widget elementor-widget-image\" data-id=\"9aabfe3\" data-element_type=\"widget\" data-e-type=\"widget\" data-widget_type=\"image.default\">\n\t\t\t\t<div class=\"elementor-widget-container\">\n\t\t\t\t\t\t\t\t\t\t\t\t\t\t\t\t<a href=\"https:\/\/web.ifac.edu.br\/incubac\/geolab\/\">\n\t\t\t\t\t\t\t<img loading=\"lazy\" decoding=\"async\" width=\"300\" height=\"248\" src=\"https:\/\/web.ifac.edu.br\/incubac\/wp-content\/uploads\/sites\/49\/2022\/12\/GeoLAB.png\" class=\"attachment-large size-large wp-image-2512\" alt=\"\" \/>\t\t\t\t\t\t\t\t<\/a>\n\t\t\t\t\t\t\t\t\t\t\t\t\t\t\t<\/div>\n\t\t\t\t<\/div>\n\t\t\t\t\t<\/div>\n\t\t<\/div>\n\t\t\t\t\t<\/div>\n\t\t<\/section>\n\t\t\t\t\t<\/div>\n\t\t<\/div>\n\t\t\t\t\t<\/div>\n\t\t<\/section>\n\t\t\t\t<section class=\"elementor-section elementor-top-section elementor-element elementor-element-966467a elementor-section-boxed elementor-section-height-default elementor-section-height-default\" data-id=\"966467a\" data-element_type=\"section\" data-e-type=\"section\" data-settings=\"{&quot;_ha_eqh_enable&quot;:false}\">\n\t\t\t\t\t\t<div class=\"elementor-container elementor-column-gap-default\">\n\t\t\t\t\t<div class=\"elementor-column elementor-col-100 elementor-top-column elementor-element elementor-element-1ed161f\" data-id=\"1ed161f\" data-element_type=\"column\" data-e-type=\"column\">\n\t\t\t<div class=\"elementor-widget-wrap elementor-element-populated\">\n\t\t\t\t\t\t<section class=\"elementor-section elementor-inner-section elementor-element elementor-element-150647c elementor-section-content-middle elementor-section-boxed elementor-section-height-default elementor-section-height-default\" data-id=\"150647c\" data-element_type=\"section\" data-e-type=\"section\" data-settings=\"{&quot;_ha_eqh_enable&quot;:false}\">\n\t\t\t\t\t\t<div class=\"elementor-container elementor-column-gap-no\">\n\t\t\t\t\t<div class=\"elementor-column elementor-col-25 elementor-inner-column elementor-element elementor-element-e1822c5\" data-id=\"e1822c5\" data-element_type=\"column\" data-e-type=\"column\">\n\t\t\t<div class=\"elementor-widget-wrap elementor-element-populated\">\n\t\t\t\t\t\t<div class=\"elementor-element elementor-element-5d3f0ed elementor-widget elementor-widget-image\" data-id=\"5d3f0ed\" data-element_type=\"widget\" data-e-type=\"widget\" data-widget_type=\"image.default\">\n\t\t\t\t<div class=\"elementor-widget-container\">\n\t\t\t\t\t\t\t\t\t\t\t\t\t\t\t\t<a href=\"https:\/\/web.ifac.edu.br\/incubac\/encontrei-saude\/\">\n\t\t\t\t\t\t\t<img loading=\"lazy\" decoding=\"async\" width=\"300\" height=\"300\" src=\"https:\/\/web.ifac.edu.br\/incubac\/wp-content\/uploads\/sites\/49\/2022\/12\/encontrei-saude.png\" class=\"attachment-large size-large wp-image-2511\" alt=\"\" srcset=\"https:\/\/web.ifac.edu.br\/incubac\/wp-content\/uploads\/sites\/49\/2022\/12\/encontrei-saude.png 300w, https:\/\/web.ifac.edu.br\/incubac\/wp-content\/uploads\/sites\/49\/2022\/12\/encontrei-saude-150x150.png 150w\" sizes=\"(max-width: 300px) 100vw, 300px\" \/>\t\t\t\t\t\t\t\t<\/a>\n\t\t\t\t\t\t\t\t\t\t\t\t\t\t\t<\/div>\n\t\t\t\t<\/div>\n\t\t\t\t\t<\/div>\n\t\t<\/div>\n\t\t\t\t<div class=\"elementor-column elementor-col-25 elementor-inner-column elementor-element elementor-element-e9e2c54\" data-id=\"e9e2c54\" data-element_type=\"column\" data-e-type=\"column\">\n\t\t\t<div class=\"elementor-widget-wrap elementor-element-populated\">\n\t\t\t\t\t\t<div class=\"elementor-element elementor-element-e0f45f6 elementor-widget elementor-widget-image\" data-id=\"e0f45f6\" data-element_type=\"widget\" data-e-type=\"widget\" data-widget_type=\"image.default\">\n\t\t\t\t<div class=\"elementor-widget-container\">\n\t\t\t\t\t\t\t\t\t\t\t\t\t\t\t\t<a href=\"https:\/\/web.ifac.edu.br\/incubac\/peixe-sadio\/\">\n\t\t\t\t\t\t\t<img fetchpriority=\"high\" decoding=\"async\" width=\"300\" height=\"300\" src=\"https:\/\/web.ifac.edu.br\/incubac\/wp-content\/uploads\/sites\/49\/2022\/12\/peixe-sadio.png\" class=\"attachment-large size-large wp-image-2516\" alt=\"\" srcset=\"https:\/\/web.ifac.edu.br\/incubac\/wp-content\/uploads\/sites\/49\/2022\/12\/peixe-sadio.png 300w, https:\/\/web.ifac.edu.br\/incubac\/wp-content\/uploads\/sites\/49\/2022\/12\/peixe-sadio-150x150.png 150w\" sizes=\"(max-width: 300px) 100vw, 300px\" \/>\t\t\t\t\t\t\t\t<\/a>\n\t\t\t\t\t\t\t\t\t\t\t\t\t\t\t<\/div>\n\t\t\t\t<\/div>\n\t\t\t\t\t<\/div>\n\t\t<\/div>\n\t\t\t\t<div class=\"elementor-column elementor-col-25 elementor-inner-column elementor-element elementor-element-0e54f2d\" data-id=\"0e54f2d\" data-element_type=\"column\" data-e-type=\"column\">\n\t\t\t<div class=\"elementor-widget-wrap elementor-element-populated\">\n\t\t\t\t\t\t<div class=\"elementor-element elementor-element-d8dfa1a elementor-widget elementor-widget-image\" data-id=\"d8dfa1a\" data-element_type=\"widget\" data-e-type=\"widget\" data-widget_type=\"image.default\">\n\t\t\t\t<div class=\"elementor-widget-container\">\n\t\t\t\t\t\t\t\t\t\t\t\t\t\t\t\t<a href=\"https:\/\/web.ifac.edu.br\/incubac\/biomassa-da-amazonia-banbioss\/\">\n\t\t\t\t\t\t\t<img loading=\"lazy\" decoding=\"async\" width=\"1024\" height=\"1024\" src=\"https:\/\/web.ifac.edu.br\/incubac\/wp-content\/uploads\/sites\/49\/2022\/12\/Boxing-day-deals-1024x1024.png\" class=\"attachment-large size-large wp-image-2580\" alt=\"\" srcset=\"https:\/\/web.ifac.edu.br\/incubac\/wp-content\/uploads\/sites\/49\/2022\/12\/Boxing-day-deals-1024x1024.png 1024w, https:\/\/web.ifac.edu.br\/incubac\/wp-content\/uploads\/sites\/49\/2022\/12\/Boxing-day-deals-300x300.png 300w, https:\/\/web.ifac.edu.br\/incubac\/wp-content\/uploads\/sites\/49\/2022\/12\/Boxing-day-deals-150x150.png 150w, https:\/\/web.ifac.edu.br\/incubac\/wp-content\/uploads\/sites\/49\/2022\/12\/Boxing-day-deals-768x768.png 768w, https:\/\/web.ifac.edu.br\/incubac\/wp-content\/uploads\/sites\/49\/2022\/12\/Boxing-day-deals.png 1080w\" sizes=\"(max-width: 1024px) 100vw, 1024px\" \/>\t\t\t\t\t\t\t\t<\/a>\n\t\t\t\t\t\t\t\t\t\t\t\t\t\t\t<\/div>\n\t\t\t\t<\/div>\n\t\t\t\t\t<\/div>\n\t\t<\/div>\n\t\t\t\t<div class=\"elementor-column elementor-col-25 elementor-inner-column elementor-element elementor-element-333e466\" data-id=\"333e466\" data-element_type=\"column\" data-e-type=\"column\">\n\t\t\t<div class=\"elementor-widget-wrap elementor-element-populated\">\n\t\t\t\t\t\t<div class=\"elementor-element elementor-element-2813a8d elementor-widget elementor-widget-image\" data-id=\"2813a8d\" data-element_type=\"widget\" data-e-type=\"widget\" data-widget_type=\"image.default\">\n\t\t\t\t<div class=\"elementor-widget-container\">\n\t\t\t\t\t\t\t\t\t\t\t\t\t\t\t\t<a href=\"https:\/\/web.ifac.edu.br\/incubac\/apis-hertz\/\">\n\t\t\t\t\t\t\t<img loading=\"lazy\" decoding=\"async\" width=\"300\" height=\"300\" src=\"https:\/\/web.ifac.edu.br\/incubac\/wp-content\/uploads\/sites\/49\/2022\/12\/apis-hertz.png\" class=\"attachment-large size-large wp-image-2508\" alt=\"\" srcset=\"https:\/\/web.ifac.edu.br\/incubac\/wp-content\/uploads\/sites\/49\/2022\/12\/apis-hertz.png 300w, https:\/\/web.ifac.edu.br\/incubac\/wp-content\/uploads\/sites\/49\/2022\/12\/apis-hertz-150x150.png 150w\" sizes=\"(max-width: 300px) 100vw, 300px\" \/>\t\t\t\t\t\t\t\t<\/a>\n\t\t\t\t\t\t\t\t\t\t\t\t\t\t\t<\/div>\n\t\t\t\t<\/div>\n\t\t\t\t\t<\/div>\n\t\t<\/div>\n\t\t\t\t\t<\/div>\n\t\t<\/section>\n\t\t\t\t\t<\/div>\n\t\t<\/div>\n\t\t\t\t\t<\/div>\n\t\t<\/section>\n\t\t\t\t<\/div>\n\t\t","protected":false},"excerpt":{"rendered":"<p>Peixe Sadio Respons\u00e1veis pela empresa: S\u00f3cia: Maralina\u00a0 Silva\u00a0 S\u00f3cio: Pedro Cavalcante S\u00f3cio Administrador: Caio Lira Contato: 68 99984-4402E-mail: peixesadioltda@gmail.com Envelope Whatsapp Instagram Facebook Descri\u00e7\u00e3o da Empresa:A empresa Peixe Sadio tem por objetivo criar uma solu\u00e7\u00e3o tecnol\u00f3gica que auxiliar\u00e1 o piscicultor na identifica\u00e7\u00e3o dos agentes etiol\u00f3gicos causadores de doen\u00e7as na piscicultura, auxiliando na preven\u00e7\u00e3o e mitiga\u00e7\u00e3o [&hellip;]<\/p>\n","protected":false},"author":15,"featured_media":0,"parent":0,"menu_order":0,"comment_status":"closed","ping_status":"closed","template":"","meta":{"footnotes":""},"class_list":["post-2770","page","type-page","status-publish","hentry"],"_links":{"self":[{"href":"https:\/\/web.ifac.edu.br\/incubac\/wp-json\/wp\/v2\/pages\/2770","targetHints":{"allow":["GET"]}}],"collection":[{"href":"https:\/\/web.ifac.edu.br\/incubac\/wp-json\/wp\/v2\/pages"}],"about":[{"href":"https:\/\/web.ifac.edu.br\/incubac\/wp-json\/wp\/v2\/types\/page"}],"author":[{"embeddable":true,"href":"https:\/\/web.ifac.edu.br\/incubac\/wp-json\/wp\/v2\/users\/15"}],"replies":[{"embeddable":true,"href":"https:\/\/web.ifac.edu.br\/incubac\/wp-json\/wp\/v2\/comments?post=2770"}],"version-history":[{"count":0,"href":"https:\/\/web.ifac.edu.br\/incubac\/wp-json\/wp\/v2\/pages\/2770\/revisions"}],"wp:attachment":[{"href":"https:\/\/web.ifac.edu.br\/incubac\/wp-json\/wp\/v2\/media?parent=2770"}],"curies":[{"name":"wp","href":"https:\/\/api.w.org\/{rel}","templated":true}]}}