{"id":2565,"date":"2022-12-16T12:57:56","date_gmt":"2022-12-16T17:57:56","guid":{"rendered":"https:\/\/web.ifac.edu.br\/incubac\/?page_id=2565"},"modified":"2022-12-21T14:42:26","modified_gmt":"2022-12-21T19:42:26","slug":"biomassa-da-amazonia-banbioss","status":"publish","type":"page","link":"https:\/\/web.ifac.edu.br\/incubac\/biomassa-da-amazonia-banbioss\/","title":{"rendered":"Biomassa da Amaz\u00f4nia &#8211; Banbioss"},"content":{"rendered":"\t\t<div data-elementor-type=\"wp-page\" data-elementor-id=\"2565\" class=\"elementor elementor-2565\" data-elementor-settings=\"{&quot;ha_cmc_init_switcher&quot;:&quot;no&quot;}\" data-elementor-post-type=\"page\">\n\t\t\t\t\t\t<section class=\"elementor-section elementor-top-section elementor-element elementor-element-40f45872 elementor-section-content-middle elementor-section-boxed elementor-section-height-default elementor-section-height-default\" data-id=\"40f45872\" data-element_type=\"section\" data-e-type=\"section\" data-settings=\"{&quot;_ha_eqh_enable&quot;:false}\">\n\t\t\t\t\t\t<div class=\"elementor-container elementor-column-gap-no\">\n\t\t\t\t\t<div class=\"elementor-column elementor-col-50 elementor-top-column elementor-element elementor-element-2648a329\" data-id=\"2648a329\" data-element_type=\"column\" data-e-type=\"column\">\n\t\t\t<div class=\"elementor-widget-wrap elementor-element-populated\">\n\t\t\t\t\t\t<div class=\"elementor-element elementor-element-b12df01 elementor-widget elementor-widget-image\" data-id=\"b12df01\" data-element_type=\"widget\" data-e-type=\"widget\" data-widget_type=\"image.default\">\n\t\t\t\t<div class=\"elementor-widget-container\">\n\t\t\t\t\t\t\t\t\t\t\t\t\t\t\t<img fetchpriority=\"high\" decoding=\"async\" width=\"1024\" height=\"576\" src=\"https:\/\/web.ifac.edu.br\/incubac\/wp-content\/uploads\/sites\/49\/2022\/12\/WhatsApp-Image-2022-12-16-at-12.31.27-PM-1024x576.jpeg\" class=\"attachment-large size-large wp-image-2570\" alt=\"\" srcset=\"https:\/\/web.ifac.edu.br\/incubac\/wp-content\/uploads\/sites\/49\/2022\/12\/WhatsApp-Image-2022-12-16-at-12.31.27-PM-1024x576.jpeg 1024w, https:\/\/web.ifac.edu.br\/incubac\/wp-content\/uploads\/sites\/49\/2022\/12\/WhatsApp-Image-2022-12-16-at-12.31.27-PM-300x169.jpeg 300w, https:\/\/web.ifac.edu.br\/incubac\/wp-content\/uploads\/sites\/49\/2022\/12\/WhatsApp-Image-2022-12-16-at-12.31.27-PM-768x432.jpeg 768w, https:\/\/web.ifac.edu.br\/incubac\/wp-content\/uploads\/sites\/49\/2022\/12\/WhatsApp-Image-2022-12-16-at-12.31.27-PM.jpeg 1280w\" sizes=\"(max-width: 1024px) 100vw, 1024px\" \/>\t\t\t\t\t\t\t\t\t\t\t\t\t\t\t<\/div>\n\t\t\t\t<\/div>\n\t\t\t\t<div class=\"elementor-element elementor-element-572d4b50 elementor-widget-divider--view-line elementor-widget elementor-widget-divider\" data-id=\"572d4b50\" data-element_type=\"widget\" data-e-type=\"widget\" data-widget_type=\"divider.default\">\n\t\t\t\t<div class=\"elementor-widget-container\">\n\t\t\t\t\t\t\t<div class=\"elementor-divider\">\n\t\t\t<span class=\"elementor-divider-separator\">\n\t\t\t\t\t\t<\/span>\n\t\t<\/div>\n\t\t\t\t\t\t<\/div>\n\t\t\t\t<\/div>\n\t\t\t\t<div class=\"elementor-element elementor-element-8130804 elementor-widget elementor-widget-heading\" data-id=\"8130804\" data-element_type=\"widget\" data-e-type=\"widget\" data-widget_type=\"heading.default\">\n\t\t\t\t<div class=\"elementor-widget-container\">\n\t\t\t\t\t<h5 class=\"elementor-heading-title elementor-size-default\">Biomassa da Amaz\u00f4nia \nBanbioss\n<\/h5>\t\t\t\t<\/div>\n\t\t\t\t<\/div>\n\t\t\t\t<div class=\"elementor-element elementor-element-a4889c0 elementor-widget elementor-widget-text-editor\" data-id=\"a4889c0\" data-element_type=\"widget\" data-e-type=\"widget\" data-widget_type=\"text-editor.default\">\n\t\t\t\t<div class=\"elementor-widget-container\">\n\t\t\t\t\t\t\t\t\t<p><b>Respons\u00e1veis pela empresa:\u00a0<br \/><\/b><\/p><p><strong>CEO:<\/strong> Machael Lima<br \/><strong>CPO:<\/strong> Maria Vanessa<br \/><strong>CFO:<\/strong> Silvia Lima<\/p><p><b>Contato: <\/b>68 992928370<br \/><b>E-mail:<br \/><\/b>machael.bezerra@gmail.com<\/p>\t\t\t\t\t\t\t\t<\/div>\n\t\t\t\t<\/div>\n\t\t\t\t<div class=\"elementor-element elementor-element-0f0df5f e-grid-align-left elementor-shape-rounded elementor-grid-0 elementor-widget elementor-widget-social-icons\" data-id=\"0f0df5f\" data-element_type=\"widget\" data-e-type=\"widget\" data-widget_type=\"social-icons.default\">\n\t\t\t\t<div class=\"elementor-widget-container\">\n\t\t\t\t\t\t\t<div class=\"elementor-social-icons-wrapper elementor-grid\" role=\"list\">\n\t\t\t\t\t\t\t<span class=\"elementor-grid-item\" role=\"listitem\">\n\t\t\t\t\t<a class=\"elementor-icon elementor-social-icon elementor-social-icon-facebook elementor-repeater-item-c9deef5\" href=\"mailto:machael.bezerra@gmail.com\" target=\"_blank\">\n\t\t\t\t\t\t<span class=\"elementor-screen-only\">Facebook<\/span>\n\t\t\t\t\t\t\t\t\t\t\t\t\t<i class=\"fa fa-facebook\" aria-hidden=\"true\"><\/i>\n\t\t\t\t\t\t\t\t\t\t\t<\/a>\n\t\t\t\t<\/span>\n\t\t\t\t\t\t\t<span class=\"elementor-grid-item\" role=\"listitem\">\n\t\t\t\t\t<a class=\"elementor-icon elementor-social-icon elementor-social-icon-x-twitter elementor-repeater-item-d62e3df\" href=\"https:\/\/wa.me\/5568992928370\" target=\"_blank\">\n\t\t\t\t\t\t<span class=\"elementor-screen-only\">X-twitter<\/span>\n\t\t\t\t\t\t\t\t\t\t\t\t\t<i class=\"fa fa-x-twitter\" aria-hidden=\"true\"><\/i>\n\t\t\t\t\t\t\t\t\t\t\t<\/a>\n\t\t\t\t<\/span>\n\t\t\t\t\t\t\t<span class=\"elementor-grid-item\" role=\"listitem\">\n\t\t\t\t\t<a class=\"elementor-icon elementor-social-icon elementor-social-icon-google-plus elementor-repeater-item-419a1e1\" target=\"_blank\">\n\t\t\t\t\t\t<span class=\"elementor-screen-only\">Google-plus<\/span>\n\t\t\t\t\t\t\t\t\t\t\t\t\t<i class=\"fa fa-google-plus\" aria-hidden=\"true\"><\/i>\n\t\t\t\t\t\t\t\t\t\t\t<\/a>\n\t\t\t\t<\/span>\n\t\t\t\t\t\t\t<span class=\"elementor-grid-item\" role=\"listitem\">\n\t\t\t\t\t<a class=\"elementor-icon elementor-social-icon elementor-social-icon-wordpress elementor-repeater-item-26eec6b\" target=\"_blank\">\n\t\t\t\t\t\t<span class=\"elementor-screen-only\">WordPress<\/span>\n\t\t\t\t\t\t\t\t\t\t\t\t\t<i class=\"fa fa-wordpress\" aria-hidden=\"true\"><\/i>\n\t\t\t\t\t\t\t\t\t\t\t<\/a>\n\t\t\t\t<\/span>\n\t\t\t\t\t<\/div>\n\t\t\t\t\t\t<\/div>\n\t\t\t\t<\/div>\n\t\t\t\t\t<\/div>\n\t\t<\/div>\n\t\t\t\t<div class=\"elementor-column elementor-col-50 elementor-top-column elementor-element elementor-element-336052e1\" data-id=\"336052e1\" data-element_type=\"column\" data-e-type=\"column\">\n\t\t\t<div class=\"elementor-widget-wrap elementor-element-populated\">\n\t\t\t\t\t\t<div class=\"elementor-element elementor-element-7236ae27 elementor-widget elementor-widget-text-editor\" data-id=\"7236ae27\" data-element_type=\"widget\" data-e-type=\"widget\" data-widget_type=\"text-editor.default\">\n\t\t\t\t<div class=\"elementor-widget-container\">\n\t\t\t\t\t\t\t\t\t<p><b>Descri\u00e7\u00e3o da Empresa: <\/b><\/p><p>A BANBIOSS e uma startup que trabalha com a biomassa da banana verde da Amaz\u00f4nia. Desenvolvendo um mix de produtos org\u00e2nicos e veganos a partir da banana. A BANBIOS possui como trip\u00e9 o social, econ\u00f4mico e ambiental. Nossa inten\u00e7\u00e3o \u00e9 industrializar os produtos de origem amaz\u00f4nica. Colocando o produtor da regi\u00e3o no centro da produ\u00e7\u00e3o.<\/p>\t\t\t\t\t\t\t\t<\/div>\n\t\t\t\t<\/div>\n\t\t\t\t<div class=\"elementor-element elementor-element-29f5bca5 elementor-widget elementor-widget-text-editor\" data-id=\"29f5bca5\" data-element_type=\"widget\" data-e-type=\"widget\" data-widget_type=\"text-editor.default\">\n\t\t\t\t<div class=\"elementor-widget-container\">\n\t\t\t\t\t\t\t\t\t<p><b>Segmento de mercado: <\/b>Alimentos org\u00e2nicos. Agroind\u00fastria.<\/p>\t\t\t\t\t\t\t\t<\/div>\n\t\t\t\t<\/div>\n\t\t\t\t<div class=\"elementor-element elementor-element-4d51bdf elementor-widget elementor-widget-image\" data-id=\"4d51bdf\" data-element_type=\"widget\" data-e-type=\"widget\" data-widget_type=\"image.default\">\n\t\t\t\t<div class=\"elementor-widget-container\">\n\t\t\t\t\t\t\t\t\t\t\t\t\t\t\t<img decoding=\"async\" width=\"960\" height=\"632\" src=\"https:\/\/web.ifac.edu.br\/incubac\/wp-content\/uploads\/sites\/49\/2022\/12\/WhatsApp-Image-2022-12-16-at-12.31.26-00PM.jpg\" class=\"attachment-large size-large wp-image-2572\" alt=\"\" srcset=\"https:\/\/web.ifac.edu.br\/incubac\/wp-content\/uploads\/sites\/49\/2022\/12\/WhatsApp-Image-2022-12-16-at-12.31.26-00PM.jpg 960w, https:\/\/web.ifac.edu.br\/incubac\/wp-content\/uploads\/sites\/49\/2022\/12\/WhatsApp-Image-2022-12-16-at-12.31.26-00PM-300x198.jpg 300w, https:\/\/web.ifac.edu.br\/incubac\/wp-content\/uploads\/sites\/49\/2022\/12\/WhatsApp-Image-2022-12-16-at-12.31.26-00PM-768x506.jpg 768w\" sizes=\"(max-width: 960px) 100vw, 960px\" \/>\t\t\t\t\t\t\t\t\t\t\t\t\t\t\t<\/div>\n\t\t\t\t<\/div>\n\t\t\t\t\t<\/div>\n\t\t<\/div>\n\t\t\t\t\t<\/div>\n\t\t<\/section>\n\t\t\t\t<section class=\"elementor-section elementor-top-section elementor-element elementor-element-a3fda90 elementor-section-boxed elementor-section-height-default elementor-section-height-default\" data-id=\"a3fda90\" data-element_type=\"section\" data-e-type=\"section\" data-settings=\"{&quot;_ha_eqh_enable&quot;:false}\">\n\t\t\t\t\t\t<div class=\"elementor-container elementor-column-gap-default\">\n\t\t\t\t\t<div class=\"elementor-column elementor-col-100 elementor-top-column elementor-element elementor-element-4ddafab\" data-id=\"4ddafab\" data-element_type=\"column\" data-e-type=\"column\">\n\t\t\t<div class=\"elementor-widget-wrap elementor-element-populated\">\n\t\t\t\t\t\t<div class=\"elementor-element elementor-element-dcb764f elementor-widget elementor-widget-heading\" data-id=\"dcb764f\" data-element_type=\"widget\" data-e-type=\"widget\" data-widget_type=\"heading.default\">\n\t\t\t\t<div class=\"elementor-widget-container\">\n\t\t\t\t\t<h3 class=\"elementor-heading-title elementor-size-default\">Conhe\u00e7a um pouco mais sobre os outros empreendimentos Incubados <\/h3>\t\t\t\t<\/div>\n\t\t\t\t<\/div>\n\t\t\t\t\t<\/div>\n\t\t<\/div>\n\t\t\t\t\t<\/div>\n\t\t<\/section>\n\t\t\t\t<section class=\"elementor-section elementor-top-section elementor-element elementor-element-f12e459 elementor-section-boxed elementor-section-height-default elementor-section-height-default\" data-id=\"f12e459\" data-element_type=\"section\" data-e-type=\"section\" data-settings=\"{&quot;_ha_eqh_enable&quot;:false}\">\n\t\t\t\t\t\t<div class=\"elementor-container elementor-column-gap-default\">\n\t\t\t\t\t<div class=\"elementor-column elementor-col-100 elementor-top-column elementor-element elementor-element-95f4e3b\" data-id=\"95f4e3b\" data-element_type=\"column\" data-e-type=\"column\">\n\t\t\t<div class=\"elementor-widget-wrap elementor-element-populated\">\n\t\t\t\t\t\t<section class=\"elementor-section elementor-inner-section elementor-element elementor-element-e88c92f elementor-section-content-middle elementor-section-boxed elementor-section-height-default elementor-section-height-default\" data-id=\"e88c92f\" data-element_type=\"section\" data-e-type=\"section\" data-settings=\"{&quot;_ha_eqh_enable&quot;:false}\">\n\t\t\t\t\t\t<div class=\"elementor-container elementor-column-gap-no\">\n\t\t\t\t\t<div class=\"elementor-column elementor-col-20 elementor-inner-column elementor-element elementor-element-8bfd159\" data-id=\"8bfd159\" data-element_type=\"column\" data-e-type=\"column\">\n\t\t\t<div class=\"elementor-widget-wrap elementor-element-populated\">\n\t\t\t\t\t\t<div class=\"elementor-element elementor-element-1acd9dc elementor-widget elementor-widget-image\" data-id=\"1acd9dc\" data-element_type=\"widget\" data-e-type=\"widget\" data-widget_type=\"image.default\">\n\t\t\t\t<div class=\"elementor-widget-container\">\n\t\t\t\t\t\t\t\t\t\t\t\t\t\t\t\t<a href=\"https:\/\/web.ifac.edu.br\/incubac\/encantos-da-floresta\/\">\n\t\t\t\t\t\t\t<img decoding=\"async\" width=\"300\" height=\"300\" src=\"https:\/\/web.ifac.edu.br\/incubac\/wp-content\/uploads\/sites\/49\/2022\/12\/encantos-da-floresta.png\" class=\"attachment-large size-large wp-image-2510\" alt=\"\" srcset=\"https:\/\/web.ifac.edu.br\/incubac\/wp-content\/uploads\/sites\/49\/2022\/12\/encantos-da-floresta.png 300w, https:\/\/web.ifac.edu.br\/incubac\/wp-content\/uploads\/sites\/49\/2022\/12\/encantos-da-floresta-150x150.png 150w\" sizes=\"(max-width: 300px) 100vw, 300px\" \/>\t\t\t\t\t\t\t\t<\/a>\n\t\t\t\t\t\t\t\t\t\t\t\t\t\t\t<\/div>\n\t\t\t\t<\/div>\n\t\t\t\t\t<\/div>\n\t\t<\/div>\n\t\t\t\t<div class=\"elementor-column elementor-col-20 elementor-inner-column elementor-element elementor-element-7a08ada\" data-id=\"7a08ada\" data-element_type=\"column\" data-e-type=\"column\">\n\t\t\t<div class=\"elementor-widget-wrap elementor-element-populated\">\n\t\t\t\t\t\t<div class=\"elementor-element elementor-element-709b01c elementor-widget elementor-widget-image\" data-id=\"709b01c\" data-element_type=\"widget\" data-e-type=\"widget\" data-widget_type=\"image.default\">\n\t\t\t\t<div class=\"elementor-widget-container\">\n\t\t\t\t\t\t\t\t\t\t\t\t\t\t\t\t<a href=\"https:\/\/web.ifac.edu.br\/incubac\/cosmeticos-nova-esperanca\/\">\n\t\t\t\t\t\t\t<img loading=\"lazy\" decoding=\"async\" width=\"300\" height=\"300\" src=\"https:\/\/web.ifac.edu.br\/incubac\/wp-content\/uploads\/sites\/49\/2022\/12\/nova-esperanca.png\" class=\"attachment-large size-large wp-image-2515\" alt=\"\" srcset=\"https:\/\/web.ifac.edu.br\/incubac\/wp-content\/uploads\/sites\/49\/2022\/12\/nova-esperanca.png 300w, https:\/\/web.ifac.edu.br\/incubac\/wp-content\/uploads\/sites\/49\/2022\/12\/nova-esperanca-150x150.png 150w\" sizes=\"(max-width: 300px) 100vw, 300px\" \/>\t\t\t\t\t\t\t\t<\/a>\n\t\t\t\t\t\t\t\t\t\t\t\t\t\t\t<\/div>\n\t\t\t\t<\/div>\n\t\t\t\t\t<\/div>\n\t\t<\/div>\n\t\t\t\t<div class=\"elementor-column elementor-col-20 elementor-inner-column elementor-element elementor-element-3a84c31\" data-id=\"3a84c31\" data-element_type=\"column\" data-e-type=\"column\">\n\t\t\t<div class=\"elementor-widget-wrap elementor-element-populated\">\n\t\t\t\t\t\t<div class=\"elementor-element elementor-element-a512de9 elementor-widget elementor-widget-image\" data-id=\"a512de9\" data-element_type=\"widget\" data-e-type=\"widget\" data-widget_type=\"image.default\">\n\t\t\t\t<div class=\"elementor-widget-container\">\n\t\t\t\t\t\t\t\t\t\t\t\t\t\t\t\t<a href=\"https:\/\/web.ifac.edu.br\/incubac\/nexplas\/\">\n\t\t\t\t\t\t\t<img loading=\"lazy\" decoding=\"async\" width=\"300\" height=\"300\" src=\"https:\/\/web.ifac.edu.br\/incubac\/wp-content\/uploads\/sites\/49\/2022\/12\/nexplas.png\" class=\"attachment-large size-large wp-image-2514\" alt=\"\" srcset=\"https:\/\/web.ifac.edu.br\/incubac\/wp-content\/uploads\/sites\/49\/2022\/12\/nexplas.png 300w, https:\/\/web.ifac.edu.br\/incubac\/wp-content\/uploads\/sites\/49\/2022\/12\/nexplas-150x150.png 150w\" sizes=\"(max-width: 300px) 100vw, 300px\" \/>\t\t\t\t\t\t\t\t<\/a>\n\t\t\t\t\t\t\t\t\t\t\t\t\t\t\t<\/div>\n\t\t\t\t<\/div>\n\t\t\t\t\t<\/div>\n\t\t<\/div>\n\t\t\t\t<div class=\"elementor-column elementor-col-20 elementor-inner-column elementor-element elementor-element-d979501\" data-id=\"d979501\" data-element_type=\"column\" data-e-type=\"column\">\n\t\t\t<div class=\"elementor-widget-wrap elementor-element-populated\">\n\t\t\t\t\t\t<div class=\"elementor-element elementor-element-69752a5 elementor-widget elementor-widget-image\" data-id=\"69752a5\" data-element_type=\"widget\" data-e-type=\"widget\" data-widget_type=\"image.default\">\n\t\t\t\t<div class=\"elementor-widget-container\">\n\t\t\t\t\t\t\t\t\t\t\t\t\t\t\t\t<a href=\"https:\/\/web.ifac.edu.br\/incubac\/mateiro-digital\/\">\n\t\t\t\t\t\t\t<img loading=\"lazy\" decoding=\"async\" width=\"300\" height=\"300\" src=\"https:\/\/web.ifac.edu.br\/incubac\/wp-content\/uploads\/sites\/49\/2022\/12\/mateiro-digital.png\" class=\"attachment-large size-large wp-image-2513\" alt=\"\" srcset=\"https:\/\/web.ifac.edu.br\/incubac\/wp-content\/uploads\/sites\/49\/2022\/12\/mateiro-digital.png 300w, https:\/\/web.ifac.edu.br\/incubac\/wp-content\/uploads\/sites\/49\/2022\/12\/mateiro-digital-150x150.png 150w\" sizes=\"(max-width: 300px) 100vw, 300px\" \/>\t\t\t\t\t\t\t\t<\/a>\n\t\t\t\t\t\t\t\t\t\t\t\t\t\t\t<\/div>\n\t\t\t\t<\/div>\n\t\t\t\t\t<\/div>\n\t\t<\/div>\n\t\t\t\t<div class=\"elementor-column elementor-col-20 elementor-inner-column elementor-element elementor-element-9995e2f\" data-id=\"9995e2f\" data-element_type=\"column\" data-e-type=\"column\">\n\t\t\t<div class=\"elementor-widget-wrap elementor-element-populated\">\n\t\t\t\t\t\t<div class=\"elementor-element elementor-element-bdeb48d elementor-widget elementor-widget-image\" data-id=\"bdeb48d\" data-element_type=\"widget\" data-e-type=\"widget\" data-widget_type=\"image.default\">\n\t\t\t\t<div class=\"elementor-widget-container\">\n\t\t\t\t\t\t\t\t\t\t\t\t\t\t\t\t<a href=\"https:\/\/web.ifac.edu.br\/incubac\/geolab\/\">\n\t\t\t\t\t\t\t<img loading=\"lazy\" decoding=\"async\" width=\"300\" height=\"248\" src=\"https:\/\/web.ifac.edu.br\/incubac\/wp-content\/uploads\/sites\/49\/2022\/12\/GeoLAB.png\" class=\"attachment-large size-large wp-image-2512\" alt=\"\" \/>\t\t\t\t\t\t\t\t<\/a>\n\t\t\t\t\t\t\t\t\t\t\t\t\t\t\t<\/div>\n\t\t\t\t<\/div>\n\t\t\t\t\t<\/div>\n\t\t<\/div>\n\t\t\t\t\t<\/div>\n\t\t<\/section>\n\t\t\t\t\t<\/div>\n\t\t<\/div>\n\t\t\t\t\t<\/div>\n\t\t<\/section>\n\t\t\t\t<section class=\"elementor-section elementor-top-section elementor-element elementor-element-1d04d1f elementor-section-boxed elementor-section-height-default elementor-section-height-default\" data-id=\"1d04d1f\" data-element_type=\"section\" data-e-type=\"section\" data-settings=\"{&quot;_ha_eqh_enable&quot;:false}\">\n\t\t\t\t\t\t<div class=\"elementor-container elementor-column-gap-default\">\n\t\t\t\t\t<div class=\"elementor-column elementor-col-100 elementor-top-column elementor-element elementor-element-c0e790e\" data-id=\"c0e790e\" data-element_type=\"column\" data-e-type=\"column\">\n\t\t\t<div class=\"elementor-widget-wrap elementor-element-populated\">\n\t\t\t\t\t\t<section class=\"elementor-section elementor-inner-section elementor-element elementor-element-a2c043b elementor-section-content-middle elementor-section-boxed elementor-section-height-default elementor-section-height-default\" data-id=\"a2c043b\" data-element_type=\"section\" data-e-type=\"section\" data-settings=\"{&quot;_ha_eqh_enable&quot;:false}\">\n\t\t\t\t\t\t<div class=\"elementor-container elementor-column-gap-no\">\n\t\t\t\t\t<div class=\"elementor-column elementor-col-25 elementor-inner-column elementor-element elementor-element-518c301\" data-id=\"518c301\" data-element_type=\"column\" data-e-type=\"column\">\n\t\t\t<div class=\"elementor-widget-wrap elementor-element-populated\">\n\t\t\t\t\t\t<div class=\"elementor-element elementor-element-0a37a80 elementor-widget elementor-widget-image\" data-id=\"0a37a80\" data-element_type=\"widget\" data-e-type=\"widget\" data-widget_type=\"image.default\">\n\t\t\t\t<div class=\"elementor-widget-container\">\n\t\t\t\t\t\t\t\t\t\t\t\t\t\t\t\t<a href=\"https:\/\/web.ifac.edu.br\/incubac\/encontrei-saude\/\">\n\t\t\t\t\t\t\t<img loading=\"lazy\" decoding=\"async\" width=\"300\" height=\"300\" src=\"https:\/\/web.ifac.edu.br\/incubac\/wp-content\/uploads\/sites\/49\/2022\/12\/encontrei-saude.png\" class=\"attachment-large size-large wp-image-2511\" alt=\"\" srcset=\"https:\/\/web.ifac.edu.br\/incubac\/wp-content\/uploads\/sites\/49\/2022\/12\/encontrei-saude.png 300w, https:\/\/web.ifac.edu.br\/incubac\/wp-content\/uploads\/sites\/49\/2022\/12\/encontrei-saude-150x150.png 150w\" sizes=\"(max-width: 300px) 100vw, 300px\" \/>\t\t\t\t\t\t\t\t<\/a>\n\t\t\t\t\t\t\t\t\t\t\t\t\t\t\t<\/div>\n\t\t\t\t<\/div>\n\t\t\t\t\t<\/div>\n\t\t<\/div>\n\t\t\t\t<div class=\"elementor-column elementor-col-25 elementor-inner-column elementor-element elementor-element-dc47606\" data-id=\"dc47606\" data-element_type=\"column\" data-e-type=\"column\">\n\t\t\t<div class=\"elementor-widget-wrap elementor-element-populated\">\n\t\t\t\t\t\t<div class=\"elementor-element elementor-element-9e30598 elementor-widget elementor-widget-image\" data-id=\"9e30598\" data-element_type=\"widget\" data-e-type=\"widget\" data-widget_type=\"image.default\">\n\t\t\t\t<div class=\"elementor-widget-container\">\n\t\t\t\t\t\t\t\t\t\t\t\t\t\t\t\t<a href=\"https:\/\/web.ifac.edu.br\/incubac\/peixe-sadio\/\">\n\t\t\t\t\t\t\t<img loading=\"lazy\" decoding=\"async\" width=\"300\" height=\"300\" src=\"https:\/\/web.ifac.edu.br\/incubac\/wp-content\/uploads\/sites\/49\/2022\/12\/peixe-sadio.png\" class=\"attachment-large size-large wp-image-2516\" alt=\"\" srcset=\"https:\/\/web.ifac.edu.br\/incubac\/wp-content\/uploads\/sites\/49\/2022\/12\/peixe-sadio.png 300w, https:\/\/web.ifac.edu.br\/incubac\/wp-content\/uploads\/sites\/49\/2022\/12\/peixe-sadio-150x150.png 150w\" sizes=\"(max-width: 300px) 100vw, 300px\" \/>\t\t\t\t\t\t\t\t<\/a>\n\t\t\t\t\t\t\t\t\t\t\t\t\t\t\t<\/div>\n\t\t\t\t<\/div>\n\t\t\t\t\t<\/div>\n\t\t<\/div>\n\t\t\t\t<div class=\"elementor-column elementor-col-25 elementor-inner-column elementor-element elementor-element-f52fd29\" data-id=\"f52fd29\" data-element_type=\"column\" data-e-type=\"column\">\n\t\t\t<div class=\"elementor-widget-wrap elementor-element-populated\">\n\t\t\t\t\t\t<div class=\"elementor-element elementor-element-7e8a8cc elementor-widget elementor-widget-image\" data-id=\"7e8a8cc\" data-element_type=\"widget\" data-e-type=\"widget\" data-widget_type=\"image.default\">\n\t\t\t\t<div class=\"elementor-widget-container\">\n\t\t\t\t\t\t\t\t\t\t\t\t\t\t\t\t<a href=\"https:\/\/web.ifac.edu.br\/incubac\/biomassa-da-amazonia-banbioss\/\">\n\t\t\t\t\t\t\t<img loading=\"lazy\" decoding=\"async\" width=\"1024\" height=\"1024\" src=\"https:\/\/web.ifac.edu.br\/incubac\/wp-content\/uploads\/sites\/49\/2022\/12\/Boxing-day-deals-1024x1024.png\" class=\"attachment-large size-large wp-image-2580\" alt=\"\" srcset=\"https:\/\/web.ifac.edu.br\/incubac\/wp-content\/uploads\/sites\/49\/2022\/12\/Boxing-day-deals-1024x1024.png 1024w, https:\/\/web.ifac.edu.br\/incubac\/wp-content\/uploads\/sites\/49\/2022\/12\/Boxing-day-deals-300x300.png 300w, https:\/\/web.ifac.edu.br\/incubac\/wp-content\/uploads\/sites\/49\/2022\/12\/Boxing-day-deals-150x150.png 150w, https:\/\/web.ifac.edu.br\/incubac\/wp-content\/uploads\/sites\/49\/2022\/12\/Boxing-day-deals-768x768.png 768w, https:\/\/web.ifac.edu.br\/incubac\/wp-content\/uploads\/sites\/49\/2022\/12\/Boxing-day-deals.png 1080w\" sizes=\"(max-width: 1024px) 100vw, 1024px\" \/>\t\t\t\t\t\t\t\t<\/a>\n\t\t\t\t\t\t\t\t\t\t\t\t\t\t\t<\/div>\n\t\t\t\t<\/div>\n\t\t\t\t\t<\/div>\n\t\t<\/div>\n\t\t\t\t<div class=\"elementor-column elementor-col-25 elementor-inner-column elementor-element elementor-element-41e7c6c\" data-id=\"41e7c6c\" data-element_type=\"column\" data-e-type=\"column\">\n\t\t\t<div class=\"elementor-widget-wrap elementor-element-populated\">\n\t\t\t\t\t\t<div class=\"elementor-element elementor-element-da9ffe7 elementor-widget elementor-widget-image\" data-id=\"da9ffe7\" data-element_type=\"widget\" data-e-type=\"widget\" data-widget_type=\"image.default\">\n\t\t\t\t<div class=\"elementor-widget-container\">\n\t\t\t\t\t\t\t\t\t\t\t\t\t\t\t\t<a href=\"https:\/\/web.ifac.edu.br\/incubac\/apis-hertz\/\">\n\t\t\t\t\t\t\t<img loading=\"lazy\" decoding=\"async\" width=\"300\" height=\"300\" src=\"https:\/\/web.ifac.edu.br\/incubac\/wp-content\/uploads\/sites\/49\/2022\/12\/apis-hertz.png\" class=\"attachment-large size-large wp-image-2508\" alt=\"\" srcset=\"https:\/\/web.ifac.edu.br\/incubac\/wp-content\/uploads\/sites\/49\/2022\/12\/apis-hertz.png 300w, https:\/\/web.ifac.edu.br\/incubac\/wp-content\/uploads\/sites\/49\/2022\/12\/apis-hertz-150x150.png 150w\" sizes=\"(max-width: 300px) 100vw, 300px\" \/>\t\t\t\t\t\t\t\t<\/a>\n\t\t\t\t\t\t\t\t\t\t\t\t\t\t\t<\/div>\n\t\t\t\t<\/div>\n\t\t\t\t\t<\/div>\n\t\t<\/div>\n\t\t\t\t\t<\/div>\n\t\t<\/section>\n\t\t\t\t\t<\/div>\n\t\t<\/div>\n\t\t\t\t\t<\/div>\n\t\t<\/section>\n\t\t\t\t<\/div>\n\t\t","protected":false},"excerpt":{"rendered":"<p>Biomassa da Amaz\u00f4nia Banbioss Respons\u00e1veis pela empresa:\u00a0 CEO: Machael LimaCPO: Maria VanessaCFO: Silvia Lima Contato: 68 992928370E-mail:machael.bezerra@gmail.com Envelope Whatsapp Instagram Facebook Descri\u00e7\u00e3o da Empresa: A BANBIOSS e uma startup que trabalha com a biomassa da banana verde da Amaz\u00f4nia. Desenvolvendo um mix de produtos org\u00e2nicos e veganos a partir da banana. A BANBIOS possui como [&hellip;]<\/p>\n","protected":false},"author":15,"featured_media":0,"parent":0,"menu_order":0,"comment_status":"closed","ping_status":"closed","template":"","meta":{"footnotes":""},"class_list":["post-2565","page","type-page","status-publish","hentry"],"_links":{"self":[{"href":"https:\/\/web.ifac.edu.br\/incubac\/wp-json\/wp\/v2\/pages\/2565","targetHints":{"allow":["GET"]}}],"collection":[{"href":"https:\/\/web.ifac.edu.br\/incubac\/wp-json\/wp\/v2\/pages"}],"about":[{"href":"https:\/\/web.ifac.edu.br\/incubac\/wp-json\/wp\/v2\/types\/page"}],"author":[{"embeddable":true,"href":"https:\/\/web.ifac.edu.br\/incubac\/wp-json\/wp\/v2\/users\/15"}],"replies":[{"embeddable":true,"href":"https:\/\/web.ifac.edu.br\/incubac\/wp-json\/wp\/v2\/comments?post=2565"}],"version-history":[{"count":0,"href":"https:\/\/web.ifac.edu.br\/incubac\/wp-json\/wp\/v2\/pages\/2565\/revisions"}],"wp:attachment":[{"href":"https:\/\/web.ifac.edu.br\/incubac\/wp-json\/wp\/v2\/media?parent=2565"}],"curies":[{"name":"wp","href":"https:\/\/api.w.org\/{rel}","templated":true}]}}