{"id":1855,"date":"2019-12-23T11:28:52","date_gmt":"2019-12-23T16:28:52","guid":{"rendered":"http:\/\/web.ifac.edu.br\/incubac\/?page_id=1855"},"modified":"2019-12-23T16:24:12","modified_gmt":"2019-12-23T21:24:12","slug":"metodologia-de-incubacao-empreendimentos-economicos-solidarios","status":"publish","type":"page","link":"https:\/\/web.ifac.edu.br\/incubac\/metodologia-de-incubacao-empreendimentos-economicos-solidarios\/","title":{"rendered":"Metodologia de Incuba\u00e7\u00e3o &#8211; Empreendimentos Econ\u00f4micos Solid\u00e1rios"},"content":{"rendered":"\t\t<div data-elementor-type=\"wp-page\" data-elementor-id=\"1855\" class=\"elementor elementor-1855\" data-elementor-settings=\"{&quot;ha_cmc_init_switcher&quot;:&quot;no&quot;}\" data-elementor-post-type=\"page\">\n\t\t\t\t\t\t<section class=\"elementor-section elementor-top-section elementor-element elementor-element-1aab256c elementor-section-boxed elementor-section-height-default elementor-section-height-default\" data-id=\"1aab256c\" data-element_type=\"section\" data-e-type=\"section\" data-settings=\"{&quot;background_background&quot;:&quot;classic&quot;,&quot;_ha_eqh_enable&quot;:false}\">\n\t\t\t\t\t\t<div class=\"elementor-container elementor-column-gap-default\">\n\t\t\t\t\t<div class=\"elementor-column elementor-col-100 elementor-top-column elementor-element elementor-element-23f454ae\" data-id=\"23f454ae\" data-element_type=\"column\" data-e-type=\"column\">\n\t\t\t<div class=\"elementor-widget-wrap elementor-element-populated\">\n\t\t\t\t\t\t<div class=\"elementor-element elementor-element-47b084e4 elementor-widget elementor-widget-heading\" data-id=\"47b084e4\" data-element_type=\"widget\" data-e-type=\"widget\" data-widget_type=\"heading.default\">\n\t\t\t\t<div class=\"elementor-widget-container\">\n\t\t\t\t\t<h1 class=\"elementor-heading-title elementor-size-large\">Empreendimentos \npopulares solid\u00e1rios<\/h1>\t\t\t\t<\/div>\n\t\t\t\t<\/div>\n\t\t\t\t<div class=\"elementor-element elementor-element-6775784d elementor-widget elementor-widget-text-editor\" data-id=\"6775784d\" data-element_type=\"widget\" data-e-type=\"widget\" data-widget_type=\"text-editor.default\">\n\t\t\t\t<div class=\"elementor-widget-container\">\n\t\t\t\t\t\t\t\t\t<p style=\"text-align: left\"><span style=\"color: #ffffff\">A Metodologia de Incuba\u00e7\u00e3o de Empreendimentos populares solid\u00e1rios desenvolvida na Incubac, \u00e9 fundamentada no seguinte trip\u00e9:<\/span><\/p><ul><li style=\"text-align: left\"><span style=\"color: #ffffff\">O trabalho como elemento central.<\/span><\/li><li style=\"text-align: left\"><span style=\"color: #ffffff\">A manuten\u00e7\u00e3o dos postos de trabalho .<\/span><\/li><li style=\"text-align: left\"><span style=\"color: #ffffff\">A acumula\u00e7\u00e3o subordinada ao atendimento das necessidades coletiva.<\/span><\/li><\/ul>\t\t\t\t\t\t\t\t<\/div>\n\t\t\t\t<\/div>\n\t\t\t\t<div class=\"elementor-element elementor-element-85b94e1 elementor-widget elementor-widget-image\" data-id=\"85b94e1\" data-element_type=\"widget\" data-e-type=\"widget\" data-widget_type=\"image.default\">\n\t\t\t\t<div class=\"elementor-widget-container\">\n\t\t\t\t\t\t\t\t\t\t\t\t\t\t\t<img fetchpriority=\"high\" decoding=\"async\" width=\"1811\" height=\"2560\" src=\"https:\/\/web.ifac.edu.br\/incubac\/wp-content\/uploads\/sites\/49\/2019\/12\/Metodologia-de-Incubacao-scaled.jpg\" class=\"attachment-full size-full wp-image-1857\" alt=\"\" srcset=\"https:\/\/web.ifac.edu.br\/incubac\/wp-content\/uploads\/sites\/49\/2019\/12\/Metodologia-de-Incubacao-scaled.jpg 1811w, https:\/\/web.ifac.edu.br\/incubac\/wp-content\/uploads\/sites\/49\/2019\/12\/Metodologia-de-Incubacao-212x300.jpg 212w, https:\/\/web.ifac.edu.br\/incubac\/wp-content\/uploads\/sites\/49\/2019\/12\/Metodologia-de-Incubacao-724x1024.jpg 724w, https:\/\/web.ifac.edu.br\/incubac\/wp-content\/uploads\/sites\/49\/2019\/12\/Metodologia-de-Incubacao-768x1086.jpg 768w, https:\/\/web.ifac.edu.br\/incubac\/wp-content\/uploads\/sites\/49\/2019\/12\/Metodologia-de-Incubacao-1086x1536.jpg 1086w, https:\/\/web.ifac.edu.br\/incubac\/wp-content\/uploads\/sites\/49\/2019\/12\/Metodologia-de-Incubacao-1448x2048.jpg 1448w\" sizes=\"(max-width: 1811px) 100vw, 1811px\" \/>\t\t\t\t\t\t\t\t\t\t\t\t\t\t\t<\/div>\n\t\t\t\t<\/div>\n\t\t\t\t\t<\/div>\n\t\t<\/div>\n\t\t\t\t\t<\/div>\n\t\t<\/section>\n\t\t\t\t<section class=\"elementor-section elementor-top-section elementor-element elementor-element-5d9a51b1 elementor-section-boxed elementor-section-height-default elementor-section-height-default\" data-id=\"5d9a51b1\" data-element_type=\"section\" data-e-type=\"section\" data-settings=\"{&quot;background_background&quot;:&quot;classic&quot;,&quot;_ha_eqh_enable&quot;:false}\">\n\t\t\t\t\t\t<div class=\"elementor-container elementor-column-gap-default\">\n\t\t\t\t\t<div class=\"elementor-column elementor-col-100 elementor-top-column elementor-element elementor-element-778cd173\" data-id=\"778cd173\" data-element_type=\"column\" data-e-type=\"column\">\n\t\t\t<div class=\"elementor-widget-wrap elementor-element-populated\">\n\t\t\t\t\t\t<div class=\"elementor-element elementor-element-dde2847 elementor-tablet-align-center elementor-widget elementor-widget-button\" data-id=\"dde2847\" data-element_type=\"widget\" data-e-type=\"widget\" data-widget_type=\"button.default\">\n\t\t\t\t<div class=\"elementor-widget-container\">\n\t\t\t\t\t\t\t\t\t<div class=\"elementor-button-wrapper\">\n\t\t\t\t\t<a class=\"elementor-button elementor-button-link elementor-size-sm\" href=\"https:\/\/web.ifac.edu.br\/incubac\/\">\n\t\t\t\t\t\t<span class=\"elementor-button-content-wrapper\">\n\t\t\t\t\t\t\t\t\t<span class=\"elementor-button-text\">Voltar<\/span>\n\t\t\t\t\t<\/span>\n\t\t\t\t\t<\/a>\n\t\t\t\t<\/div>\n\t\t\t\t\t\t\t\t<\/div>\n\t\t\t\t<\/div>\n\t\t\t\t\t<\/div>\n\t\t<\/div>\n\t\t\t\t\t<\/div>\n\t\t<\/section>\n\t\t\t\t<section class=\"elementor-section elementor-top-section elementor-element elementor-element-c419218 elementor-section-boxed elementor-section-height-default elementor-section-height-default\" data-id=\"c419218\" data-element_type=\"section\" data-e-type=\"section\" data-settings=\"{&quot;_ha_eqh_enable&quot;:false}\">\n\t\t\t\t\t\t<div class=\"elementor-container elementor-column-gap-default\">\n\t\t\t\t\t<div class=\"elementor-column elementor-col-100 elementor-top-column elementor-element elementor-element-75b0697d\" data-id=\"75b0697d\" data-element_type=\"column\" data-e-type=\"column\">\n\t\t\t<div class=\"elementor-widget-wrap\">\n\t\t\t\t\t\t\t<\/div>\n\t\t<\/div>\n\t\t\t\t\t<\/div>\n\t\t<\/section>\n\t\t\t\t<\/div>\n\t\t","protected":false},"excerpt":{"rendered":"<p>Empreendimentos populares solid\u00e1rios A Metodologia de Incuba\u00e7\u00e3o de Empreendimentos populares solid\u00e1rios desenvolvida na Incubac, \u00e9 fundamentada no seguinte trip\u00e9: O trabalho como elemento central. A manuten\u00e7\u00e3o dos postos de trabalho . A acumula\u00e7\u00e3o subordinada ao atendimento das necessidades coletiva. Voltar<\/p>\n","protected":false},"author":15,"featured_media":0,"parent":0,"menu_order":0,"comment_status":"closed","ping_status":"closed","template":"","meta":{"footnotes":""},"class_list":["post-1855","page","type-page","status-publish","hentry"],"_links":{"self":[{"href":"https:\/\/web.ifac.edu.br\/incubac\/wp-json\/wp\/v2\/pages\/1855","targetHints":{"allow":["GET"]}}],"collection":[{"href":"https:\/\/web.ifac.edu.br\/incubac\/wp-json\/wp\/v2\/pages"}],"about":[{"href":"https:\/\/web.ifac.edu.br\/incubac\/wp-json\/wp\/v2\/types\/page"}],"author":[{"embeddable":true,"href":"https:\/\/web.ifac.edu.br\/incubac\/wp-json\/wp\/v2\/users\/15"}],"replies":[{"embeddable":true,"href":"https:\/\/web.ifac.edu.br\/incubac\/wp-json\/wp\/v2\/comments?post=1855"}],"version-history":[{"count":0,"href":"https:\/\/web.ifac.edu.br\/incubac\/wp-json\/wp\/v2\/pages\/1855\/revisions"}],"wp:attachment":[{"href":"https:\/\/web.ifac.edu.br\/incubac\/wp-json\/wp\/v2\/media?parent=1855"}],"curies":[{"name":"wp","href":"https:\/\/api.w.org\/{rel}","templated":true}]}}