{"id":1109,"date":"2019-06-05T14:55:52","date_gmt":"2019-06-05T19:55:52","guid":{"rendered":"http:\/\/web.ifac.edu.br\/incubac\/?page_id=1109"},"modified":"2019-06-24T18:23:05","modified_gmt":"2019-06-24T23:23:05","slug":"parceiros-da-incubac","status":"publish","type":"page","link":"https:\/\/web.ifac.edu.br\/incubac\/parceiros-da-incubac\/","title":{"rendered":"Parceiros da Incubac"},"content":{"rendered":"<p><img decoding=\"async\" class=\" wp-image-1112 alignleft\" src=\"https:\/\/web.ifac.edu.br\/incubac\/wp-content\/uploads\/sites\/49\/2019\/06\/ifac_completa_PNG.png\" alt=\"\" width=\"281\" height=\"54\" srcset=\"https:\/\/web.ifac.edu.br\/incubac\/wp-content\/uploads\/sites\/49\/2019\/06\/ifac_completa_PNG.png 1428w, https:\/\/web.ifac.edu.br\/incubac\/wp-content\/uploads\/sites\/49\/2019\/06\/ifac_completa_PNG-300x58.png 300w, https:\/\/web.ifac.edu.br\/incubac\/wp-content\/uploads\/sites\/49\/2019\/06\/ifac_completa_PNG-768x148.png 768w, https:\/\/web.ifac.edu.br\/incubac\/wp-content\/uploads\/sites\/49\/2019\/06\/ifac_completa_PNG-1024x197.png 1024w\" sizes=\"(max-width: 281px) 100vw, 281px\" \/><\/p>\n<h2 class=\"bc-list-item-title\">IFAC<\/h2>\n<p style=\"text-align: left\"><span style=\"font-weight: 400\">O Instituto Federal de Educa\u00e7\u00e3o, Ci\u00eancia e Tecnologia do Acre &#8211; IFAC foi criado pela Lei 11.892, de 29 de dezembro de 2008. Trata-se de uma institui\u00e7\u00e3o de educa\u00e7\u00e3o superior, b\u00e1sica e profissional, pluricurricular e multic\u00e2mpus, especializada em oferta de educa\u00e7\u00e3o profissional e tecnol\u00f3gica nas diferentes modalidades de ensino, com base na conjuga\u00e7\u00e3o de conhecimentos t\u00e9cnicos e tecnol\u00f3gicos em sua pr\u00e1tica pedag\u00f3gica.<\/span><\/p>\n<ul class=\"bc-icon-link-list bc-icon-link-list-sm\">\n<li><a title=\"Opens in a new tab or window.\" href=\"https:\/\/portal.ifac.edu.br\/\" target=\"_blank\" rel=\"noopener noreferrer\">https:\/\/portal.ifac.edu.br\/<\/a><\/li>\n<\/ul>\n<p>&nbsp;<\/p>\n<p><img decoding=\"async\" class=\" wp-image-1113 alignleft\" src=\"https:\/\/web.ifac.edu.br\/incubac\/wp-content\/uploads\/sites\/49\/2019\/06\/sebrae-logo-2.jpg\" alt=\"\" width=\"242\" height=\"171\" srcset=\"https:\/\/web.ifac.edu.br\/incubac\/wp-content\/uploads\/sites\/49\/2019\/06\/sebrae-logo-2.jpg 1600w, https:\/\/web.ifac.edu.br\/incubac\/wp-content\/uploads\/sites\/49\/2019\/06\/sebrae-logo-2-300x212.jpg 300w, https:\/\/web.ifac.edu.br\/incubac\/wp-content\/uploads\/sites\/49\/2019\/06\/sebrae-logo-2-768x543.jpg 768w, https:\/\/web.ifac.edu.br\/incubac\/wp-content\/uploads\/sites\/49\/2019\/06\/sebrae-logo-2-1024x724.jpg 1024w\" sizes=\"(max-width: 242px) 100vw, 242px\" \/><\/p>\n<h2 class=\"bc-list-item-title\">SEBRAE<\/h2>\n<p>O Servi\u00e7o Brasileiro de Apoio \u00e0s Micro e Pequenas Empresas \u00e9 uma entidade privada brasileira de servi\u00e7o social, sem fins lucrativos, criada em 1972, que objetiva a capacita\u00e7\u00e3o e a promo\u00e7\u00e3o do desenvolvimento econ\u00f4mico e competitividade de micro e pequenas empresas, estimulando o empreendedorismo no pa\u00eds.<\/p>\n<ul class=\"bc-icon-link-list bc-icon-link-list-sm\">\n<li><a title=\"Opens in a new tab or window.\" href=\"http:\/\/www.sebrae.com.br\/\" target=\"_blank\" rel=\"noopener noreferrer\">http:\/\/www.sebrae.com.br\/<\/a><\/li>\n<\/ul>\n<p>&nbsp;<\/p>\n<p><img fetchpriority=\"high\" decoding=\"async\" class=\"size-full wp-image-1111 alignleft\" src=\"https:\/\/web.ifac.edu.br\/incubac\/wp-content\/uploads\/sites\/49\/2019\/06\/cnpq.png\" alt=\"\" width=\"259\" height=\"195\" \/><\/p>\n<h2 class=\"bc-list-item-title\">CNPq<\/h2>\n<p style=\"text-align: left\">O Conselho Nacional de Desenvolvimento Cient\u00edfico e Tecnol\u00f3gico (CNPq), ag\u00eancia do Minist\u00e9rio da Ci\u00eancia, Tecnologia, Inova\u00e7\u00f5es e Comunica\u00e7\u00f5es (MCTIC), tem como principais atribui\u00e7\u00f5es fomentar a pesquisa cient\u00edfica e tecnol\u00f3gica e incentivar a forma\u00e7\u00e3o de pesquisadores brasileiros.<\/p>\n<ul class=\"bc-icon-link-list bc-icon-link-list-sm\">\n<li><a title=\"Opens in a new tab or window.\" href=\"http:\/\/cnpq.br\/\" target=\"_blank\" rel=\"noopener noreferrer\">http:\/\/cnpq.br\u00a0<\/a><\/li>\n<\/ul>\n<p><img loading=\"lazy\" decoding=\"async\" class=\"size-full wp-image-1236 alignleft\" src=\"https:\/\/web.ifac.edu.br\/incubac\/wp-content\/uploads\/sites\/49\/2019\/06\/logo-anprotec-site.png\" alt=\"\" width=\"250\" height=\"45\" \/><\/p>\n<p>&nbsp;<\/p>\n<h2>Anprotec<\/h2>\n<p>Criada em 1987, a Associa\u00e7\u00e3o Nacional de Entidades Promotoras de Empreendimentos Inovadores (Anprotec) re\u00fane cerca de 370 associados, entre incubadoras de empresas, parques tecnol\u00f3gicos, aceleradoras, coworkings, institui\u00e7\u00f5es de ensino e pesquisa, \u00f3rg\u00e3os p\u00fablicos e outras entidades ligadas ao empreendedorismo e \u00e0 inova\u00e7\u00e3o. L\u00edder do movimento no Brasil, a Associa\u00e7\u00e3o atua por meio da promo\u00e7\u00e3o de atividades de capacita\u00e7\u00e3o, articula\u00e7\u00e3o de pol\u00edticas p\u00fablicas e gera\u00e7\u00e3o e dissemina\u00e7\u00e3o de conhecimentos.<\/p>\n<ul>\n<li><a href=\"http:\/\/anprotec.org.br\/site\/\">http:\/\/anprotec.org.br\/site\/<\/a><\/li>\n<\/ul>\n","protected":false},"excerpt":{"rendered":"<p>IFAC O Instituto Federal de Educa\u00e7\u00e3o, Ci\u00eancia e Tecnologia do Acre &#8211; IFAC foi criado pela Lei 11.892, de 29 de dezembro de 2008. Trata-se de uma institui\u00e7\u00e3o de educa\u00e7\u00e3o superior, b\u00e1sica e profissional, pluricurricular e multic\u00e2mpus, especializada em oferta de educa\u00e7\u00e3o profissional e tecnol\u00f3gica nas diferentes modalidades de ensino, com base na conjuga\u00e7\u00e3o de [&hellip;]<\/p>\n","protected":false},"author":15,"featured_media":0,"parent":0,"menu_order":0,"comment_status":"closed","ping_status":"closed","template":"","meta":{"footnotes":""},"class_list":["post-1109","page","type-page","status-publish","hentry"],"_links":{"self":[{"href":"https:\/\/web.ifac.edu.br\/incubac\/wp-json\/wp\/v2\/pages\/1109","targetHints":{"allow":["GET"]}}],"collection":[{"href":"https:\/\/web.ifac.edu.br\/incubac\/wp-json\/wp\/v2\/pages"}],"about":[{"href":"https:\/\/web.ifac.edu.br\/incubac\/wp-json\/wp\/v2\/types\/page"}],"author":[{"embeddable":true,"href":"https:\/\/web.ifac.edu.br\/incubac\/wp-json\/wp\/v2\/users\/15"}],"replies":[{"embeddable":true,"href":"https:\/\/web.ifac.edu.br\/incubac\/wp-json\/wp\/v2\/comments?post=1109"}],"version-history":[{"count":0,"href":"https:\/\/web.ifac.edu.br\/incubac\/wp-json\/wp\/v2\/pages\/1109\/revisions"}],"wp:attachment":[{"href":"https:\/\/web.ifac.edu.br\/incubac\/wp-json\/wp\/v2\/media?parent=1109"}],"curies":[{"name":"wp","href":"https:\/\/api.w.org\/{rel}","templated":true}]}}