{"id":1092,"date":"2019-06-05T14:33:02","date_gmt":"2019-06-05T19:33:02","guid":{"rendered":"http:\/\/web.ifac.edu.br\/incubac\/?page_id=1092"},"modified":"2019-06-25T18:05:00","modified_gmt":"2019-06-25T23:05:00","slug":"sobre-a-incubac","status":"publish","type":"page","link":"https:\/\/web.ifac.edu.br\/incubac\/sobre-a-incubac\/","title":{"rendered":"Sobre a Incubac"},"content":{"rendered":"<p><img fetchpriority=\"high\" decoding=\"async\" class=\" wp-image-919 alignright\" src=\"https:\/\/web.ifac.edu.br\/incubac\/wp-content\/uploads\/sites\/49\/2019\/06\/incubac_frente.jpg\" alt=\"\" width=\"470\" height=\"313\" srcset=\"https:\/\/web.ifac.edu.br\/incubac\/wp-content\/uploads\/sites\/49\/2019\/06\/incubac_frente.jpg 4608w, https:\/\/web.ifac.edu.br\/incubac\/wp-content\/uploads\/sites\/49\/2019\/06\/incubac_frente-300x200.jpg 300w, https:\/\/web.ifac.edu.br\/incubac\/wp-content\/uploads\/sites\/49\/2019\/06\/incubac_frente-768x512.jpg 768w, https:\/\/web.ifac.edu.br\/incubac\/wp-content\/uploads\/sites\/49\/2019\/06\/incubac_frente-1024x683.jpg 1024w\" sizes=\"(max-width: 470px) 100vw, 470px\" \/>A <em><strong>Incubadora de Empreendimentos de Base Tecnol\u00f3gica e da Economia dos Setores Populares e Tradicional do Acre \u2013 INCUBAC<\/strong><\/em>, faz parte do N\u00facleo de Inova\u00e7\u00e3o Tecnol\u00f3gico do Ifac \u2013 NIT dentro da <strong>Pr\u00f3-reitoria de Pesquisa, Inova\u00e7\u00e3o e P\u00f3s-gradua\u00e7\u00e3o \u2013 PROINP<\/strong>. Esta localizada no IFAC &#8211; Campus Rio Branco, situado a Avenida Brasil, 920. Bairro Xavier Maia, Rio Branco Acre.<\/p>\n<p>Surge com o objetivo de colaborar no desenvolvimento econ\u00f4mico e social das diversas comunidades no estado do Acre, tendo como eixo central para esse desenvolvimento as pr\u00e1ticas e valores vinculados a economia solid\u00e1ria e a inova\u00e7\u00e3o tecnol\u00f3gica.<\/p>\n<p>Iniciou suas atividades no primeiro semestre de 2014 como um projeto de pesquisa e extens\u00e3o por meio de um edital do CNPq, Chamada Mcti\/Secis\/Tem\/Senaes\/Cnpq N\u00ba 89\/2013, que teve como primeiros esfor\u00e7os consolidar sua estrutura f\u00edsica e recursos humanos, a\u00e7\u00f5es estas imprescind\u00edveis no sentido de dar in\u00edcio aos processos objeto de sua voca\u00e7\u00e3o.<\/p>\n<p>Trata-se de uma incubadora mista, voltada para apoio a empreendimentos Econ\u00f4micos solid\u00e1rios e de Base Tecnol\u00f3gico, para isso desenvolveu duas metodologias de incuba\u00e7\u00e3o aplicada a cada tipo de empreendimento.<\/p>\n<p>&nbsp;<\/p>\n<p><strong>Em que acreditamos<br \/>\n<\/strong><em>Desenvolver a cultura empreendedora e da inova\u00e7\u00e3o.<\/em><\/p>\n<p>O incentivo da cultura empreendedora gera neg\u00f3cios transformadores, capazes de mudar pessoas e a realidade da sociedade. O suporte aos alunos, ex-alunos e a comunidade local, por meio de capacita\u00e7\u00e3o, mentoria, consultoria e monitoramento sistem\u00e1tico, possibilita uma amplia\u00e7\u00e3o da capacidade de inova\u00e7\u00e3o e surgimento de novos neg\u00f3cios.<\/p>\n<p>A transforma\u00e7\u00e3o da sociedade, por meio das caracter\u00edsticas empreendedora, faz com que haja melhoria de todo um conjunto de fatores, desde internos quanto externos.<\/p>\n<p>\u00c9 neste contexto que atua a INCUBAC: mais que uma incubadora, um mecanismo de inova\u00e7\u00e3o e promo\u00e7\u00e3o da cultura empreendedora.<\/p>\n<p style=\"padding-left: 40px;text-align: left\"><em><strong>Nossa miss\u00e3o<\/strong><\/em>\u00a0\u00e9 contribuir para o desenvolvimento econ\u00f4mico sustent\u00e1vel local e regional, atrav\u00e9s da difus\u00e3o da cultura do empreendedorismo, inova\u00e7\u00e3o tecnol\u00f3gica e social, fomentando a cria\u00e7\u00e3o de novos neg\u00f3cios inovadores<\/p>\n<p style=\"padding-left: 40px;text-align: left\"><strong>Nossa\u00a0<i>vis\u00e3o\u00a0<\/i><\/strong>\u00e9 ser reconhecidos regionalmente como fator chave do desenvolvimento e sustentabilidade de novos neg\u00f3cios, e ser refer\u00eancia em incuba\u00e7\u00e3o de empresas de base tecnol\u00f3gica e da economia dos setores populares e tradicionais.<\/p>\n<p style=\"padding-left: 40px;text-align: left\"><em><strong>Nossos Valores:\u00a0<\/strong><\/em>\u00c9tica -Empreendedorismo \u2013 Inova\u00e7\u00e3o \u2013 Coopera\u00e7\u00e3o \u2013 Profissionalismo \u2013 Sustentabilidade.<\/p>\n<p><strong>Rede de Conex\u00f5es<br \/>\n<\/strong><em>Um sistema de inova\u00e7\u00e3o alavancando neg\u00f3cios transformadores.<\/em><\/p>\n<p>A INCUBAC articula a\u00e7\u00f5es para o desenvolvimento regional e promove um ecossistema de alto valor, que promova a oportunidade de empresas fazerem neg\u00f3cios entre si e potencializarem o alcance de seus resultados. A colabora\u00e7\u00e3o e o networking s\u00e3o estrat\u00e9gicos para a cria\u00e7\u00e3o de um ecossistema de inova\u00e7\u00e3o que acompanha as transforma\u00e7\u00f5es do mundo e dos neg\u00f3cios.<\/p>\n<p>A INCUBAC, no papel de incubadora do IFAC, forma uma rede capaz de impulsionar novos neg\u00f3cios inspirados pelo perfil empreendedor dos seus alunos, pela pesquisa do Instituto e pelas parcerias com institui\u00e7\u00f5es fomentadoras do empreendedorismo e inova\u00e7\u00e3o.<\/p>\n<p>Um est\u00edmulo para o empreendedorismo \u00e0 frente do seu tempo.<\/p>\n<p><strong>\u00a0<\/strong><\/p>\n<p><strong>Pol\u00edtica De Atua\u00e7\u00e3o<\/strong><\/p>\n<p>A INCUBAC possui a\u00e7\u00f5es de acompanhamento e incuba\u00e7\u00e3o realizados na capital do Estado, e nas 5 (cinco) regionais do Acre, desenvolvendo atividade atualmente com empreendimentos que atuam nas \u00e1reas de Corte e costura, Alimento Regional, Doce derivados de leite e Polpas de frutas Regionais e Artesanato e Tecnologia da Informa\u00e7\u00e3o.<\/p>\n<p>Os grupos e empreendimentos solid\u00e1rios que contam com o apoio e assessoria da INCUBAC est\u00e3o localizados nas \u00e1reas perif\u00e9ricas da cidade e em \u00e1reas rurais do seu entorno.<\/p>\n<p>As a\u00e7\u00f5es de incuba\u00e7\u00e3o envolvem momentos de forma\u00e7\u00e3o, atividades de assessoria t\u00e9cnica e acompanhamento aos empreendimentos econ\u00f4micos solid\u00e1rios, at\u00e9 que estes alcancem patamares de sustentabilidade e viabilidade econ\u00f4mica, autonomia e seguran\u00e7a para alcan\u00e7arem autonomia, favorecendo \u00e0 emancipa\u00e7\u00e3o econ\u00f4mica, social, pol\u00edtica e cultural dos sujeitos envolvidos.<\/p>\n<p>As a\u00e7\u00f5es da INCUBADORA envolvem o olhar para o territ\u00f3rio em que est\u00e3o inseridos os empreendimentos econ\u00f4micos solid\u00e1rios. Neste caso, a estrat\u00e9gia principal \u00e9 a proposi\u00e7\u00e3o, discuss\u00e3o e implementa\u00e7\u00e3o de um boa Gest\u00e3o participativa, da dissemina\u00e7\u00e3o da autogest\u00e3o e do fortalecimento dos la\u00e7os sociais, de forma a estimular a produ\u00e7\u00e3o e a comercializa\u00e7\u00e3o de produtos no interior da comunidade, nas feiras regionais e no comercio local.<\/p>\n<p>J\u00e1 os empreendimentos de Base Tecnol\u00f3gica, contam com suporte e apoio de infraestrutura, assessoria e consultoria, por meio de uma equipe t\u00e9cnica e do uso das depend\u00eancia da Incubac por meio do programa de Incuba\u00e7\u00e3o residentes no IFAC\/Campus Rio Branco.<\/p>\n<hgroup class=\"page-title\"><\/hgroup>\n<ul>\n<li style=\"vertical-align: baseline\"><em><b><span style=\"font-size: 13.5pt;line-height: 107%;font-family: 'Arial',sans-serif;color: #555555\">Eventos organizados pela Incubac<\/span><\/b><\/em><\/li>\n<\/ul>\n","protected":false},"excerpt":{"rendered":"<p>A Incubadora de Empreendimentos de Base Tecnol\u00f3gica e da Economia dos Setores Populares e Tradicional do Acre \u2013 INCUBAC, faz parte do N\u00facleo de Inova\u00e7\u00e3o Tecnol\u00f3gico do Ifac \u2013 NIT dentro da Pr\u00f3-reitoria de Pesquisa, Inova\u00e7\u00e3o e P\u00f3s-gradua\u00e7\u00e3o \u2013 PROINP. Esta localizada no IFAC &#8211; Campus Rio Branco, situado a Avenida Brasil, 920. Bairro Xavier [&hellip;]<\/p>\n","protected":false},"author":15,"featured_media":0,"parent":0,"menu_order":0,"comment_status":"closed","ping_status":"closed","template":"","meta":{"footnotes":""},"class_list":["post-1092","page","type-page","status-publish","hentry"],"_links":{"self":[{"href":"https:\/\/web.ifac.edu.br\/incubac\/wp-json\/wp\/v2\/pages\/1092","targetHints":{"allow":["GET"]}}],"collection":[{"href":"https:\/\/web.ifac.edu.br\/incubac\/wp-json\/wp\/v2\/pages"}],"about":[{"href":"https:\/\/web.ifac.edu.br\/incubac\/wp-json\/wp\/v2\/types\/page"}],"author":[{"embeddable":true,"href":"https:\/\/web.ifac.edu.br\/incubac\/wp-json\/wp\/v2\/users\/15"}],"replies":[{"embeddable":true,"href":"https:\/\/web.ifac.edu.br\/incubac\/wp-json\/wp\/v2\/comments?post=1092"}],"version-history":[{"count":0,"href":"https:\/\/web.ifac.edu.br\/incubac\/wp-json\/wp\/v2\/pages\/1092\/revisions"}],"wp:attachment":[{"href":"https:\/\/web.ifac.edu.br\/incubac\/wp-json\/wp\/v2\/media?parent=1092"}],"curies":[{"name":"wp","href":"https:\/\/api.w.org\/{rel}","templated":true}]}}