{"id":830,"date":"2018-03-22T18:45:30","date_gmt":"2018-03-22T21:45:30","guid":{"rendered":"http:\/\/web.ifac.edu.br\/fnmat\/?page_id=830"},"modified":"2018-05-14T18:58:37","modified_gmt":"2018-05-14T21:58:37","slug":"resultados","status":"publish","type":"page","link":"https:\/\/web.ifac.edu.br\/fnmat\/resultados\/","title":{"rendered":"Resultados"},"content":{"rendered":"<ul>\n<li><strong><a href=\"http:\/\/web.ifac.edu.br\/fnmat\/wp-content\/uploads\/sites\/33\/2018\/03\/Homologa_parcial.pdf\" target=\"_blank\" rel=\"noopener\">HOMOLOGA\u00c7\u00c3O PARCIAL DOS TRABALHOS<\/a><\/strong><br \/>\n(<em>Publicado em 21 de mar\u00e7o de 2018<\/em>)<\/li>\n<\/ul>\n<p>&nbsp;<\/p>\n<ul>\n<li><strong><a href=\"http:\/\/web.ifac.edu.br\/fnmat\/wp-content\/uploads\/sites\/33\/2018\/04\/Homologa\u00e7\u00e3o-final.pdf\" target=\"_blank\" rel=\"noopener\">HOMOLOGA\u00c7\u00c3O FINAL DOS TRABALHOS<br \/>\n<\/a><\/strong>(<em>Publicado em 02 de abril de 2018<\/em>)<\/li>\n<\/ul>\n<p>&nbsp;<\/p>\n<ul>\n<li><strong><a href=\"http:\/\/web.ifac.edu.br\/fnmat\/wp-content\/uploads\/sites\/33\/2018\/05\/Homologa\u00e7\u00e3o-final-alterada-FINAL.pdf\" target=\"_blank\" rel=\"noopener\">HOMOLOGA\u00c7\u00c3O FINAL CORRIGIDA<br \/>\n<\/a><\/strong>(<em>Publicado em 10 de maio de 2018<\/em>)<\/li>\n<\/ul>\n","protected":false},"excerpt":{"rendered":"<p>HOMOLOGA\u00c7\u00c3O PARCIAL DOS TRABALHOS (Publicado em 21 de mar\u00e7o de 2018) &nbsp; HOMOLOGA\u00c7\u00c3O FINAL DOS TRABALHOS (Publicado em 02 de abril de 2018) &nbsp; HOMOLOGA\u00c7\u00c3O FINAL CORRIGIDA (Publicado em 10 de maio de 2018)<\/p>\n","protected":false},"author":15,"featured_media":0,"parent":0,"menu_order":0,"comment_status":"closed","ping_status":"closed","template":"","meta":{"footnotes":""},"class_list":["post-830","page","type-page","status-publish","hentry"],"_links":{"self":[{"href":"https:\/\/web.ifac.edu.br\/fnmat\/wp-json\/wp\/v2\/pages\/830","targetHints":{"allow":["GET"]}}],"collection":[{"href":"https:\/\/web.ifac.edu.br\/fnmat\/wp-json\/wp\/v2\/pages"}],"about":[{"href":"https:\/\/web.ifac.edu.br\/fnmat\/wp-json\/wp\/v2\/types\/page"}],"author":[{"embeddable":true,"href":"https:\/\/web.ifac.edu.br\/fnmat\/wp-json\/wp\/v2\/users\/15"}],"replies":[{"embeddable":true,"href":"https:\/\/web.ifac.edu.br\/fnmat\/wp-json\/wp\/v2\/comments?post=830"}],"version-history":[{"count":0,"href":"https:\/\/web.ifac.edu.br\/fnmat\/wp-json\/wp\/v2\/pages\/830\/revisions"}],"wp:attachment":[{"href":"https:\/\/web.ifac.edu.br\/fnmat\/wp-json\/wp\/v2\/media?parent=830"}],"curies":[{"name":"wp","href":"https:\/\/api.w.org\/{rel}","templated":true}]}}