{"id":27,"date":"2014-04-29T23:30:00","date_gmt":"2014-04-29T23:30:00","guid":{"rendered":"http:\/\/web.ifac.edu.br\/cvtagroecologia\/?page_id=27"},"modified":"2018-06-01T16:35:34","modified_gmt":"2018-06-01T19:35:34","slug":"projetos","status":"publish","type":"page","link":"https:\/\/web.ifac.edu.br\/cvtagroecologia\/projetos\/","title":{"rendered":"Projetos"},"content":{"rendered":"<ul>\n<li>Elabora\u00e7\u00e3o e divulga\u00e7\u00e3o de \u00a0document\u00e1rio sobre t\u00e9cnicas agroecol\u00f3gicas de produ\u00e7\u00e3o familiar;<\/li>\n<li>Valoriza\u00e7\u00e3o de produtos da s\u00f3cio biodiversidade: Conservacao gen\u00e9tica dos feij\u00f5es crioulos do Vale do Juru\u00e1 \u2013 AC;<\/li>\n<li>Apoio na publica\u00e7\u00e3o do livro e cartilha t\u00e9cnica sobre Agricultura de Base ecol\u00f3gica no Acre;<\/li>\n<li>Implanta\u00e7\u00e3o de unidades agroecol\u00f3gicas demonstrativas do IFAC no Campus Sena Madureira em projetos de ensino, pesquisa e extens\u00e3o;<\/li>\n<li>Apoio a realiza\u00e7\u00e3o da Semana de Org\u00e2nicos\/CPORG em 2013 e 3014;<\/li>\n<li>Apoio a realiza\u00e7\u00e3o do I Simp\u00f3sio de agroecologia do Acre em Cruzeiro do Sul &#8211; AC;<\/li>\n<li>Realiza\u00e7\u00e3o do diagn\u00f3stico tipo DRP\u00a0 e elaborado o PPC dos cursos FIC a partir da realidade do p\u00fablico-alvo de cada localidade;<\/li>\n<li>Capacita\u00e7\u00e3o de produtores\u00a0 via curso FIC em Cruzeiro do Sul, Sena Madureira, Rio Branco e Acrel\u00e2ndia;<\/li>\n<li>Realiza\u00e7\u00e3ode interc\u00e2mbios estaduais de trocas de experi\u00eancias agroecol\u00f3gicas\/org\u00e2nicas no Acre envolvendo (Agricultores, alunos, t\u00e9cnicos, professores e pesquisadores);<\/li>\n<li>Realiza\u00e7\u00e3o de interc\u00e2mbios interestaduais promovendo a trocas de experienciais entre agricultores, t\u00e9cnicos, professores, alunos e pesquisadores;<\/li>\n<li>Participa\u00e7\u00e3o em interc\u00e2mbios internacionais sendo um em Agrobiodiversidade na Col\u00f4mbia e outro no Peru junto ao IV Congresso Latino Americano de Agroecologia apesentando trabalhos t\u00e9cnicos-cient\u00edficos;<\/li>\n<li>Participa\u00e7\u00e3o no VIII CBAgroecologia em Porto Alegre, apesentando trabalhos t\u00e9cnicos-cient\u00edficos;<\/li>\n<li>Participa\u00e7\u00e3o no CONNEPI em Salvador, apesentando trabalhos t\u00e9cnicos-cient\u00edficos;<\/li>\n<li>Realiza\u00e7\u00e3o de diagn\u00f3stico, identifica\u00e7\u00e3o, mapeamento e sistematiza\u00e7\u00e3o das experi\u00eancias agroecol\u00f3gicas e org\u00e2nicas do Acre;<\/li>\n<li>Realiza\u00e7\u00e3o de experimentos agroecol\u00f3gicos nos seguintes temas: Aduba\u00e7\u00e3o verde, testes tecnol\u00f3gicos de feij\u00e3o crioulo, teste de supermagro em hortali\u00e7as folhosas, uso de manipueira como biofertilizante, controle de doen\u00e7as e pragas do feijoeiro crioulo, uso de caldas agroecol\u00f3gicas no combate de pragas e doen\u00e7as de hortali\u00e7as;<\/li>\n<li>Produ\u00e7\u00e3o de document\u00e1rio sobre t\u00e9cnicas agroecol\u00f3gicas;<\/li>\n<li>Publica\u00e7\u00e3o de cart\u00f5es e p\u00f4steres sobre a agrobiodiversidade de feij\u00f5es crioulos do Juru\u00e1;<\/li>\n<li>Publica\u00e7\u00e3o de livro e cartilha sobre Agricultura de Base Ecol\u00f3gica do Acre;<\/li>\n<\/ul>\n<p><img decoding=\"async\" class=\"alignleft size-full wp-image-32\" src=\"http:\/\/web.ifac.edu.br\/cvtagroecologia\/wp-content\/uploads\/sites\/40\/2014\/04\/projetos.jpg\" alt=\"projetos\" width=\"200\" height=\"200\" \/><\/p>\n<p>&nbsp;<\/p>\n<p>&nbsp;<\/p>\n<p>&nbsp;<\/p>\n<p>&nbsp;<\/p>\n","protected":false},"excerpt":{"rendered":"<p>Projetos executados ou apoiados pelo CVT Agroecologia.<\/p>\n","protected":false},"author":52,"featured_media":2176,"parent":0,"menu_order":0,"comment_status":"closed","ping_status":"open","template":"","meta":{"footnotes":""},"class_list":["post-27","page","type-page","status-publish","has-post-thumbnail","hentry"],"_links":{"self":[{"href":"https:\/\/web.ifac.edu.br\/cvtagroecologia\/wp-json\/wp\/v2\/pages\/27","targetHints":{"allow":["GET"]}}],"collection":[{"href":"https:\/\/web.ifac.edu.br\/cvtagroecologia\/wp-json\/wp\/v2\/pages"}],"about":[{"href":"https:\/\/web.ifac.edu.br\/cvtagroecologia\/wp-json\/wp\/v2\/types\/page"}],"author":[{"embeddable":true,"href":"https:\/\/web.ifac.edu.br\/cvtagroecologia\/wp-json\/wp\/v2\/users\/52"}],"replies":[{"embeddable":true,"href":"https:\/\/web.ifac.edu.br\/cvtagroecologia\/wp-json\/wp\/v2\/comments?post=27"}],"version-history":[{"count":0,"href":"https:\/\/web.ifac.edu.br\/cvtagroecologia\/wp-json\/wp\/v2\/pages\/27\/revisions"}],"wp:featuredmedia":[{"embeddable":true,"href":"https:\/\/web.ifac.edu.br\/cvtagroecologia\/wp-json\/wp\/v2\/media\/2176"}],"wp:attachment":[{"href":"https:\/\/web.ifac.edu.br\/cvtagroecologia\/wp-json\/wp\/v2\/media?parent=27"}],"curies":[{"name":"wp","href":"https:\/\/api.w.org\/{rel}","templated":true}]}}