{"id":22,"date":"2014-04-29T23:17:20","date_gmt":"2014-04-29T23:17:20","guid":{"rendered":"http:\/\/web.ifac.edu.br\/cvtagroecologia\/?page_id=22"},"modified":"2018-06-01T16:48:50","modified_gmt":"2018-06-01T19:48:50","slug":"eventos","status":"publish","type":"page","link":"https:\/\/web.ifac.edu.br\/cvtagroecologia\/eventos\/","title":{"rendered":"Eventos"},"content":{"rendered":"<ul class=\"lcp_catlist\" id=\"lcp_instance_0\"><li><a href=\"https:\/\/web.ifac.edu.br\/cvtagroecologia\/live-botanica-etnobotanica-e-agrobiodiversidade-no-acr\/\">LIVE &#8211; Bot\u00e2nica, Etnobot\u00e2nica e Agrobiodiversidade no Acre<\/a><\/li><li><a href=\"https:\/\/web.ifac.edu.br\/cvtagroecologia\/capacitacao-do-curso-fic-e-caravana-da-mandioca\/\">Capacita\u00e7\u00e3o do curso FIC e Caravana da Mandioca<\/a><\/li><li><a href=\"https:\/\/web.ifac.edu.br\/cvtagroecologia\/curo-fic-em-xapuri-cultivo-e-processamento-da-mandioca\/\">Curo FIC em Xapuri &#8211; Cultivo e processamento da mandioca<\/a><\/li><li><a href=\"https:\/\/web.ifac.edu.br\/cvtagroecologia\/2522-2\/\">Sa\u00edda das Caravanas da Agroecologia<\/a><\/li><li><a href=\"https:\/\/web.ifac.edu.br\/cvtagroecologia\/semana-dos-organicos-destaca-beneficios-dos-produtos-para-a-saude-e-o-meio-ambiente\/\">XV Semana dos Org\u00e2nicos destaca benef\u00edcios dos produtos para a sa\u00fade e o meio ambiente<\/a><\/li><li><a href=\"https:\/\/web.ifac.edu.br\/cvtagroecologia\/pesquisa-e-apresentada-no-vii-congresso-latino-americano-de-agroecologia-no-equador\/\">Pesquisa \u00e9 apresentada no VII Congresso Latino Americano de Agroecologia no Equador<\/a><\/li><li><a href=\"https:\/\/web.ifac.edu.br\/cvtagroecologia\/cvt-agroecologia-participa-da-semana-do-meio-ambiente-de-rio-branco\/\">CVT Agroecologia participa da Semana do Meio Ambiente de Rio Branco<\/a><\/li><li><a href=\"https:\/\/web.ifac.edu.br\/cvtagroecologia\/ifac-realiza-evento-em-comemoracao-ao-dia-mundial-do-meio-ambiente\/\">Ifac realiza evento em comemora\u00e7\u00e3o ao Dia Mundial do Meio Ambiente<\/a><\/li><li><a href=\"https:\/\/web.ifac.edu.br\/cvtagroecologia\/2260-2\/\">Ifac ir\u00e1 realizar evento em comemora\u00e7\u00e3o ao Dia Mundial do Meio Ambiente<\/a><\/li><li><a href=\"https:\/\/web.ifac.edu.br\/cvtagroecologia\/workshop-de-praticas-agroecologicas-e-encerrado-com-dia-de-campo\/\">Workshop de Pr\u00e1ticas Agroecol\u00f3gicas \u00e9 encerrado com dia de campo<\/a><\/li><\/ul>\n","protected":false},"excerpt":{"rendered":"<p>Eventos regionais e nacionais.<\/p>\n","protected":false},"author":52,"featured_media":2183,"parent":0,"menu_order":0,"comment_status":"closed","ping_status":"open","template":"","meta":{"footnotes":""},"class_list":["post-22","page","type-page","status-publish","has-post-thumbnail","hentry"],"_links":{"self":[{"href":"https:\/\/web.ifac.edu.br\/cvtagroecologia\/wp-json\/wp\/v2\/pages\/22","targetHints":{"allow":["GET"]}}],"collection":[{"href":"https:\/\/web.ifac.edu.br\/cvtagroecologia\/wp-json\/wp\/v2\/pages"}],"about":[{"href":"https:\/\/web.ifac.edu.br\/cvtagroecologia\/wp-json\/wp\/v2\/types\/page"}],"author":[{"embeddable":true,"href":"https:\/\/web.ifac.edu.br\/cvtagroecologia\/wp-json\/wp\/v2\/users\/52"}],"replies":[{"embeddable":true,"href":"https:\/\/web.ifac.edu.br\/cvtagroecologia\/wp-json\/wp\/v2\/comments?post=22"}],"version-history":[{"count":0,"href":"https:\/\/web.ifac.edu.br\/cvtagroecologia\/wp-json\/wp\/v2\/pages\/22\/revisions"}],"wp:featuredmedia":[{"embeddable":true,"href":"https:\/\/web.ifac.edu.br\/cvtagroecologia\/wp-json\/wp\/v2\/media\/2183"}],"wp:attachment":[{"href":"https:\/\/web.ifac.edu.br\/cvtagroecologia\/wp-json\/wp\/v2\/media?parent=22"}],"curies":[{"name":"wp","href":"https:\/\/api.w.org\/{rel}","templated":true}]}}