{"id":1317,"date":"2014-04-29T18:39:03","date_gmt":"2014-04-29T18:39:03","guid":{"rendered":"http:\/\/web.ifac.edu.br\/cvtagroecologia\/?page_id=6"},"modified":"2018-06-01T17:03:34","modified_gmt":"2018-06-01T20:03:34","slug":"inicial","status":"publish","type":"page","link":"https:\/\/web.ifac.edu.br\/cvtagroecologia\/","title":{"rendered":"In\u00edcio"},"content":{"rendered":"<div id=\"metaslider-id-1316\" style=\"max-width: 700px;\" class=\"ml-slider-3-107-0 metaslider metaslider-flex metaslider-1316 ml-slider has-dots-nav ms-theme-default\" role=\"region\" aria-label=\"New Slider\" data-height=\"450\" data-width=\"700\">\n    <div id=\"metaslider_container_1316\">\n        <div id=\"metaslider_1316\">\n            <ul class='slides'>\n                <li style=\"display: block; width: 100%;\" class=\"slide-2599 ms-image \" aria-roledescription=\"slide\" data-date=\"2019-11-15 19:46:18\" data-filename=\"xicba_header-591x380.jpg\" data-slide-type=\"image\"><a href=\"https:\/\/web.ifac.edu.br\/cvtagroecologia\/?p=2574&amp;preview=true\" target=\"_self\" aria-label=\"View Slide Details\" class=\"metaslider_image_link\"><img fetchpriority=\"high\" decoding=\"async\" src=\"https:\/\/web.ifac.edu.br\/cvtagroecologia\/wp-content\/uploads\/sites\/40\/2019\/11\/xicba_header-591x380.jpg\" height=\"450\" width=\"700\" alt=\"\" class=\"slider-1316 slide-2599 msDefaultImage\" title=\"xicba_header\" \/><\/a><div class=\"caption-wrap\"><div class=\"caption\">Equipe CVT Agroecologia participa do XI CBA<\/div><\/div><\/li>\n                <li style=\"display: none; width: 100%;\" class=\"slide-2626 ms-image \" aria-roledescription=\"slide\" data-date=\"2019-11-20 20:11:28\" data-filename=\"casa-de-farinha-modelo-scaled-700x450.jpg\" data-slide-type=\"image\"><a href=\"https:\/\/web.ifac.edu.br\/cvtagroecologia\/caravana-fic-cultivo-e-processamento-da-mandioca\/?preview_id=2600&amp;preview_nonce=9604cd9ed3&amp;_thumbnail_id=-1&amp;preview=true\" target=\"_self\" aria-label=\"View Slide Details\" class=\"metaslider_image_link\"><img decoding=\"async\" src=\"https:\/\/web.ifac.edu.br\/cvtagroecologia\/wp-content\/uploads\/sites\/40\/2019\/11\/casa-de-farinha-modelo-scaled-700x450.jpg\" height=\"450\" width=\"700\" alt=\"\" class=\"slider-1316 slide-2626 msDefaultImage\" title=\"casa de farinha modelo\" \/><\/a><div class=\"caption-wrap\"><div class=\"caption\">Caravana e Curso FIC \u2013 Cultivo e Processamento da Mandioca<\/div><\/div><\/li>\n                <li style=\"display: none; width: 100%;\" class=\"slide-2570 ms-image \" aria-roledescription=\"slide\" data-date=\"2019-10-08 12:09:31\" data-filename=\"IMG-20191007-WA0011-700x450.jpg\" data-slide-type=\"image\"><a href=\"https:\/\/web.ifac.edu.br\/cvtagroecologia\/?p=2557&amp;preview=true\" target=\"_self\" aria-label=\"View Slide Details\" class=\"metaslider_image_link\"><img decoding=\"async\" src=\"https:\/\/web.ifac.edu.br\/cvtagroecologia\/wp-content\/uploads\/sites\/40\/2019\/10\/IMG-20191007-WA0011-700x450.jpg\" height=\"450\" width=\"700\" alt=\"\" class=\"slider-1316 slide-2570 msDefaultImage\" title=\"IMG-20191007-WA0011\" \/><\/a><div class=\"caption-wrap\"><div class=\"caption\">\nCapacita\u00e7\u00e3o do curso FIC e Caravana da Mandioca\n<\/div><\/div><\/li>\n                <li style=\"display: none; width: 100%;\" class=\"slide-2520 ms-image \" aria-roledescription=\"slide\" data-date=\"2019-06-26 12:14:56\" data-filename=\"mandioca-700x450.jpg\" data-slide-type=\"image\"><a href=\"https:\/\/web.ifac.edu.br\/cvtagroecologia\/curo-fic-em-xapuri-cultivo-e-processamento-da-mandioca\/\" target=\"_self\" aria-label=\"View Slide Details\" class=\"metaslider_image_link\"><img loading=\"lazy\" decoding=\"async\" src=\"https:\/\/web.ifac.edu.br\/cvtagroecologia\/wp-content\/uploads\/sites\/40\/2019\/06\/mandioca-700x450.jpg\" height=\"450\" width=\"700\" alt=\"\" class=\"slider-1316 slide-2520 msDefaultImage\" title=\"mandioca\" \/><\/a><div class=\"caption-wrap\"><div class=\"caption\">Curo FIC em Xapuri \u2013 Cultivo e processamento da mandioca<\/div><\/div><\/li>\n                <li style=\"display: none; width: 100%;\" class=\"slide-2555 ms-image \" aria-roledescription=\"slide\" data-date=\"2019-08-07 13:18:31\" data-filename=\"IMG-20190624-WA0035-700x450.jpg\" data-slide-type=\"image\"><a href=\"https:\/\/web.ifac.edu.br\/cvtagroecologia\/2522-2\/?preview_id=2522&amp;preview_nonce=9279a4d67b&amp;_thumbnail_id=-1&amp;preview=true\" target=\"_self\" aria-label=\"View Slide Details\" class=\"metaslider_image_link\"><img loading=\"lazy\" decoding=\"async\" src=\"https:\/\/web.ifac.edu.br\/cvtagroecologia\/wp-content\/uploads\/sites\/40\/2019\/08\/IMG-20190624-WA0035-700x450.jpg\" height=\"450\" width=\"700\" alt=\"\" class=\"slider-1316 slide-2555 msDefaultImage\" title=\"IMG-20190624-WA0035\" \/><\/a><div class=\"caption-wrap\"><div class=\"caption\">\nSa\u00edda das Caravanas da Agroecologia\n<\/div><\/div><\/li>\n                <li style=\"display: none; width: 100%;\" class=\"slide-2510 ms-image \" aria-roledescription=\"slide\" data-date=\"2019-06-24 13:49:43\" data-filename=\"semanaorganicos-404x260.jpg\" data-slide-type=\"image\"><a href=\"https:\/\/web.ifac.edu.br\/cvtagroecologia\/semana-dos-organicos-destaca-beneficios-dos-produtos-para-a-saude-e-o-meio-ambiente\/\" target=\"_self\" aria-label=\"View Slide Details\" class=\"metaslider_image_link\"><img loading=\"lazy\" decoding=\"async\" src=\"https:\/\/web.ifac.edu.br\/cvtagroecologia\/wp-content\/uploads\/sites\/40\/2019\/06\/semanaorganicos-404x260.jpg\" height=\"450\" width=\"700\" alt=\"\" class=\"slider-1316 slide-2510 msDefaultImage\" title=\"semanaorganicos\" \/><\/a><div class=\"caption-wrap\"><div class=\"caption\">XV Semana dos Org\u00e2nicos destaca benef\u00edcios dos produtos para a sa\u00fade e o meio ambiente<\/div><\/div><\/li>\n                <li style=\"display: none; width: 100%;\" class=\"slide-2490 ms-image \" aria-roledescription=\"slide\" data-date=\"2019-05-03 12:55:15\" data-filename=\"bce53eca-7142-420f-8ce6-f12d294cbd4f-4-514x331.jpeg\" data-slide-type=\"image\"><a href=\"https:\/\/web.ifac.edu.br\/cvtagroecologia\/?p=2483&amp;preview=true\" target=\"_self\" aria-label=\"View Slide Details\" class=\"metaslider_image_link\"><img loading=\"lazy\" decoding=\"async\" src=\"https:\/\/web.ifac.edu.br\/cvtagroecologia\/wp-content\/uploads\/sites\/40\/2019\/05\/bce53eca-7142-420f-8ce6-f12d294cbd4f-4-514x331.jpeg\" height=\"450\" width=\"700\" alt=\"\" class=\"slider-1316 slide-2490 msDefaultImage\" title=\"bce53eca-7142-420f-8ce6-f12d294cbd4f\" \/><\/a><\/li>\n                <li style=\"display: none; width: 100%;\" class=\"slide-2481 ms-image \" aria-roledescription=\"slide\" data-date=\"2019-04-08 12:54:41\" data-filename=\"55541934_1673812406251082_3584305385680404480_n-700x450.jpg\" data-slide-type=\"image\"><a href=\"https:\/\/web.ifac.edu.br\/cvtagroecologia\/caravanas-agroecologicas\/\" target=\"_self\" aria-label=\"View Slide Details\" class=\"metaslider_image_link\"><img loading=\"lazy\" decoding=\"async\" src=\"https:\/\/web.ifac.edu.br\/cvtagroecologia\/wp-content\/uploads\/sites\/40\/2019\/04\/55541934_1673812406251082_3584305385680404480_n-700x450.jpg\" height=\"450\" width=\"700\" alt=\"\" class=\"slider-1316 slide-2481 msDefaultImage\" \/><\/a><\/li>\n                <li style=\"display: none; width: 100%;\" class=\"slide-2470 ms-image \" aria-roledescription=\"slide\" data-date=\"2019-03-18 11:49:43\" data-filename=\"CONVOCAT\u00d3RIA-700x450.png\" data-slide-type=\"image\"><a href=\"https:\/\/web.ifac.edu.br\/cvtagroecologia\/caravanas-agroecologicas-e-encontro-de-agroecologia-do-acre-2019\/\" target=\"_self\" aria-label=\"View Slide Details\" class=\"metaslider_image_link\"><img loading=\"lazy\" decoding=\"async\" src=\"https:\/\/web.ifac.edu.br\/cvtagroecologia\/wp-content\/uploads\/sites\/40\/2019\/03\/CONVOCAT\u00d3RIA-700x450.png\" height=\"450\" width=\"700\" alt=\"\" class=\"slider-1316 slide-2470 msDefaultImage\" title=\"CONVOCAT\u00d3RIA\" \/><\/a><\/li>\n                <li style=\"display: none; width: 100%;\" class=\"slide-2445 ms-image \" aria-roledescription=\"slide\" data-date=\"2018-10-17 11:38:38\" data-filename=\"20181003_131412-700x450.jpg\" data-slide-type=\"image\"><a href=\"https:\/\/web.ifac.edu.br\/cvtagroecologia\/pesquisa-e-apresentada-no-vii-congresso-latino-americano-de-agroecologia-no-equador\/\" target=\"_self\" aria-label=\"View Slide Details\" class=\"metaslider_image_link\"><img loading=\"lazy\" decoding=\"async\" src=\"https:\/\/web.ifac.edu.br\/cvtagroecologia\/wp-content\/uploads\/sites\/40\/2018\/10\/20181003_131412-700x450.jpg\" height=\"450\" width=\"700\" alt=\"\" class=\"slider-1316 slide-2445 msDefaultImage\" title=\"20181003_131412\" \/><\/a><\/li>\n                <li style=\"display: none; width: 100%;\" class=\"slide-2401 ms-image \" aria-roledescription=\"slide\" data-date=\"2018-08-02 13:15:45\" data-filename=\"DSC00071-700x450.jpg\" data-slide-type=\"image\"><a href=\"https:\/\/web.ifac.edu.br\/cvtagroecologia\/cvt-agroecologia-realiza-visita-no-polo-benfica\/\" target=\"_self\" aria-label=\"View Slide Details\" class=\"metaslider_image_link\"><img loading=\"lazy\" decoding=\"async\" src=\"https:\/\/web.ifac.edu.br\/cvtagroecologia\/wp-content\/uploads\/sites\/40\/2018\/08\/DSC00071-700x450.jpg\" height=\"450\" width=\"700\" alt=\"\" class=\"slider-1316 slide-2401 msDefaultImage\" title=\"DSC00071\" \/><\/a><\/li>\n                <li style=\"display: none; width: 100%;\" class=\"slide-2350 ms-image \" aria-roledescription=\"slide\" data-date=\"2018-06-14 11:06:55\" data-filename=\"DSC01040-700x450.jpg\" data-slide-type=\"image\"><a href=\"http:\/\/web.ifac.edu.br\/cvtagroecologia\/cvt-agroecologia-participa-da-semana-do-meio-ambiente-de-rio-branco\/\" target=\"_self\" aria-label=\"View Slide Details\" class=\"metaslider_image_link\"><img loading=\"lazy\" decoding=\"async\" src=\"https:\/\/web.ifac.edu.br\/cvtagroecologia\/wp-content\/uploads\/sites\/40\/2018\/06\/DSC01040-700x450.jpg\" height=\"450\" width=\"700\" alt=\"\" class=\"slider-1316 slide-2350 msDefaultImage\" title=\"DSC01040\" \/><\/a><div class=\"caption-wrap\"><div class=\"caption\">Paola Fernanda (Secret\u00e1ria Municipal de Meio Ambiente- SEMEIA), Cristina S\u00e1 (bolsista do CVT Agroecologia) e F\u00e1tima Nascimento (SEMEIA). Fonte: acervo do CVT Agroecologia<\/div><\/div><\/li>\n                <li style=\"display: none; width: 100%;\" class=\"slide-2272 ms-image \" aria-roledescription=\"slide\" data-date=\"2018-06-11 10:51:01\" data-filename=\"DSC_0048-001-700x450.jpg\" data-slide-type=\"image\"><a href=\"http:\/\/web.ifac.edu.br\/cvtagroecologia\/?p=2268&amp;preview=true\" target=\"_self\" aria-label=\"View Slide Details\" class=\"metaslider_image_link\"><img loading=\"lazy\" decoding=\"async\" src=\"https:\/\/web.ifac.edu.br\/cvtagroecologia\/wp-content\/uploads\/sites\/40\/2018\/06\/DSC_0048-001-700x450.jpg\" height=\"450\" width=\"700\" alt=\"\" class=\"slider-1316 slide-2272 msDefaultImage\" title=\"DSC_0048-001\" \/><\/a><\/li>\n                <li style=\"display: none; width: 100%;\" class=\"slide-2265 ms-image \" aria-roledescription=\"slide\" data-date=\"2018-06-11 10:39:46\" data-filename=\"logoifac-654x421.jpg\" data-slide-type=\"image\"><a href=\"http:\/\/web.ifac.edu.br\/cvtagroecologia\/2260-2\/\" target=\"_self\" aria-label=\"View Slide Details\" class=\"metaslider_image_link\"><img loading=\"lazy\" decoding=\"async\" src=\"https:\/\/web.ifac.edu.br\/cvtagroecologia\/wp-content\/uploads\/sites\/40\/2018\/06\/logoifac-654x421.jpg\" height=\"450\" width=\"700\" alt=\"\" class=\"slider-1316 slide-2265 msDefaultImage\" title=\"logoifac\" \/><\/a><\/li>\n                <li style=\"display: none; width: 100%;\" class=\"slide-2143 ms-image \" aria-roledescription=\"slide\" data-date=\"2018-06-01 12:58:37\" data-filename=\"campo-agroecologia1-700x450.jpg\" data-slide-type=\"image\"><a href=\"http:\/\/web.ifac.edu.br\/cvtagroecologia\/?p=2090&amp;preview=true\" target=\"_self\" aria-label=\"View Slide Details\" class=\"metaslider_image_link\"><img loading=\"lazy\" decoding=\"async\" src=\"https:\/\/web.ifac.edu.br\/cvtagroecologia\/wp-content\/uploads\/sites\/40\/2018\/06\/campo-agroecologia1-700x450.jpg\" height=\"450\" width=\"700\" alt=\"\" class=\"slider-1316 slide-2143 msDefaultImage\" title=\"campo-agroecologia1\" \/><\/a><\/li>\n                <li style=\"display: none; width: 100%;\" class=\"slide-2148 ms-image \" aria-roledescription=\"slide\" data-date=\"2018-06-01 13:11:44\" data-filename=\"Workshop-de-Prticas-Agroecolgicas-1_abertura-800x533-700x450.jpg\" data-slide-type=\"image\"><a href=\"http:\/\/web.ifac.edu.br\/cvtagroecologia\/?p=2084&amp;preview=true\" target=\"_self\" aria-label=\"View Slide Details\" class=\"metaslider_image_link\"><img loading=\"lazy\" decoding=\"async\" src=\"https:\/\/web.ifac.edu.br\/cvtagroecologia\/wp-content\/uploads\/sites\/40\/2018\/06\/Workshop-de-Prticas-Agroecolgicas-1_abertura-800x533-700x450.jpg\" height=\"450\" width=\"700\" alt=\"\" class=\"slider-1316 slide-2148 msDefaultImage\" title=\"Workshop-de-Prticas-Agroecolgicas-1_abertura-800x533\" \/><\/a><\/li>\n                <li style=\"display: none; width: 100%;\" class=\"slide-2150 ms-image \" aria-roledescription=\"slide\" data-date=\"2018-06-01 13:12:54\" data-filename=\"Workshop-agro-700x450.jpg\" data-slide-type=\"image\"><a href=\"http:\/\/web.ifac.edu.br\/cvtagroecologia\/?p=2072&amp;preview=true\" target=\"_self\" aria-label=\"View Slide Details\" class=\"metaslider_image_link\"><img loading=\"lazy\" decoding=\"async\" src=\"https:\/\/web.ifac.edu.br\/cvtagroecologia\/wp-content\/uploads\/sites\/40\/2018\/06\/Workshop-agro-700x450.jpg\" height=\"450\" width=\"700\" alt=\"\" class=\"slider-1316 slide-2150 msDefaultImage\" title=\"Workshop-agro\" \/><\/a><\/li>\n                <li style=\"display: none; width: 100%;\" class=\"slide-2251 ms-image \" aria-roledescription=\"slide\" data-date=\"2018-06-04 18:32:16\" data-filename=\"download-2-252x162.jpg\" data-slide-type=\"image\"><a href=\"http:\/\/web.ifac.edu.br\/cvtagroecologia\/projeto-de-manutencao-de-cvt-e-aprovado-pelo-cnpq\/\" target=\"_self\" aria-label=\"View Slide Details\" class=\"metaslider_image_link\"><img loading=\"lazy\" decoding=\"async\" src=\"https:\/\/web.ifac.edu.br\/cvtagroecologia\/wp-content\/uploads\/sites\/40\/2018\/06\/download-2-252x162.jpg\" height=\"450\" width=\"700\" alt=\"\" class=\"slider-1316 slide-2251 msDefaultImage\" title=\"download-2\" \/><\/a><\/li>\n                <li style=\"display: none; width: 100%;\" class=\"slide-2253 ms-image \" aria-roledescription=\"slide\" data-date=\"2018-06-04 18:34:39\" data-filename=\"Sem-ti\u0301tulo-3-700x450.png\" data-slide-type=\"image\"><a href=\"https:\/\/www.youtube.com\/watch?v=WhmlnuO21ZI&amp;feature=em-upload_owner\" target=\"_blank\" aria-label=\"View Slide Details\" class=\"metaslider_image_link\"><img loading=\"lazy\" decoding=\"async\" src=\"https:\/\/web.ifac.edu.br\/cvtagroecologia\/wp-content\/uploads\/sites\/40\/2018\/06\/Sem-ti\u0301tulo-3-700x450.png\" height=\"450\" width=\"700\" alt=\"\" class=\"slider-1316 slide-2253 msDefaultImage\" title=\"Sem-ti\u0301tulo-3\" \/><\/a><\/li>\n                <li style=\"display: none; width: 100%;\" class=\"slide-2646 ms-image \" aria-roledescription=\"slide\" data-date=\"2020-01-08 13:02:54\" data-filename=\"capa-do-livro-1-399x256.png\" data-slide-type=\"image\"><img loading=\"lazy\" decoding=\"async\" src=\"https:\/\/web.ifac.edu.br\/cvtagroecologia\/wp-content\/uploads\/sites\/40\/2020\/01\/capa-do-livro-1-399x256.png\" height=\"450\" width=\"700\" alt=\"\" class=\"slider-1316 slide-2646 msDefaultImage\" title=\"capa do livro\" \/><\/li>\n            <\/ul>\n        <\/div>\n        \n    <\/div>\n<\/div>\n","protected":false},"excerpt":{"rendered":"","protected":false},"author":52,"featured_media":0,"parent":0,"menu_order":0,"comment_status":"closed","ping_status":"open","template":"page-templates\/business.php","meta":{"footnotes":""},"class_list":["post-1317","page","type-page","status-publish","hentry"],"_links":{"self":[{"href":"https:\/\/web.ifac.edu.br\/cvtagroecologia\/wp-json\/wp\/v2\/pages\/1317","targetHints":{"allow":["GET"]}}],"collection":[{"href":"https:\/\/web.ifac.edu.br\/cvtagroecologia\/wp-json\/wp\/v2\/pages"}],"about":[{"href":"https:\/\/web.ifac.edu.br\/cvtagroecologia\/wp-json\/wp\/v2\/types\/page"}],"author":[{"embeddable":true,"href":"https:\/\/web.ifac.edu.br\/cvtagroecologia\/wp-json\/wp\/v2\/users\/52"}],"replies":[{"embeddable":true,"href":"https:\/\/web.ifac.edu.br\/cvtagroecologia\/wp-json\/wp\/v2\/comments?post=1317"}],"version-history":[{"count":0,"href":"https:\/\/web.ifac.edu.br\/cvtagroecologia\/wp-json\/wp\/v2\/pages\/1317\/revisions"}],"wp:attachment":[{"href":"https:\/\/web.ifac.edu.br\/cvtagroecologia\/wp-json\/wp\/v2\/media?parent=1317"}],"curies":[{"name":"wp","href":"https:\/\/api.w.org\/{rel}","templated":true}]}}