{"id":567,"date":"2017-11-08T08:10:09","date_gmt":"2017-11-08T13:10:09","guid":{"rendered":"http:\/\/web.ifac.edu.br\/conct\/?page_id=567"},"modified":"2023-07-03T10:33:06","modified_gmt":"2023-07-03T15:33:06","slug":"programacao","status":"publish","type":"page","link":"https:\/\/web.ifac.edu.br\/conct\/programacao\/","title":{"rendered":"PROGRAMA\u00c7\u00c3O"},"content":{"rendered":"<p>O VIII Congresso de Ci\u00eancia e Tecnologia do Ifac traz como tema &#8220;<em><strong>Intelig\u00eancia Coletiva: Desafios e perspectivas para forma\u00e7\u00e3o humana integral na EPT<\/strong><\/em>\u201d. Nessa edi\u00e7\u00e3o, a programa\u00e7\u00e3o contar\u00e1 com atividades coordenadas pelas Pr\u00f3-Reitorias de Ensino (Proen), Extens\u00e3o (Proex), Pesquisa, Inova\u00e7\u00e3o e P\u00f3s-Gradua\u00e7\u00e3o (Proinp), Diretoria Sist\u00eamica de Assist\u00eancia Estudantil (Dsaes), Assessoria de Rela\u00e7\u00f5es Internacionais (Arint), Editora Ifac (Edifac) e os campi Avan\u00e7ado Baixada do Sol, Cruzeiro do Sul, Rio Branco, Sena Madureira, Tarauac\u00e1 e Xapuri.<\/p>\n<p style=\"font-weight: 400\"><em>As atividades ser\u00e3o realizadas a partir das modalidades<\/em>:<\/p>\n<ul>\n<li class=\"Texto_Justificado\" dir=\"ltr\">VI Exposi\u00e7\u00e3o de Pesquisa Cient\u00edfica;<\/li>\n<li class=\"Texto_Justificado\" dir=\"ltr\">XIII Semin\u00e1rio de Inicia\u00e7\u00e3o Cient\u00edfica;<\/li>\n<li class=\"Texto_Justificado\" dir=\"ltr\">IX Semin\u00e1rio de P\u00f3s-gradua\u00e7\u00e3o;<\/li>\n<li class=\"Texto_Justificado\" dir=\"ltr\">Lan\u00e7amento de edi\u00e7\u00e3o da Revista Conex\u00e3o na Amaz\u00f4nia;<\/li>\n<li class=\"Texto_Justificado\" dir=\"ltr\">III Observat\u00f3rio dos Grupos de Pesquisa do Ifac;<\/li>\n<li class=\"Texto_Justificado\" dir=\"ltr\">Mostra de Projetos Tecnol\u00f3gicos e Produtos Makers do Ifac;<\/li>\n<li class=\"Texto_Justificado\" dir=\"ltr\">VIII Mostra Extens\u00e3o;<\/li>\n<li class=\"Texto_Justificado\" dir=\"ltr\">VIII Palco Cultural;<\/li>\n<li class=\"Texto_Justificado\" dir=\"ltr\">PIBID em A\u00e7\u00e3o;<\/li>\n<li class=\"Texto_Justificado\" dir=\"ltr\">Resid\u00eancia Pedag\u00f3gica em A\u00e7\u00e3o;<\/li>\n<li class=\"Texto_Justificado\" dir=\"ltr\">Relatos de Est\u00e1gio Curricular Supervisionado e Pr\u00e1ticas Profissionais;<\/li>\n<li class=\"Texto_Justificado\" dir=\"ltr\">Relatos de Pr\u00e1ticas Inclusivas;<\/li>\n<li class=\"Texto_Justificado\" dir=\"ltr\">Relatos de Pr\u00e1ticas Pedag\u00f3gicas;<\/li>\n<li dir=\"ltr\">Relatos de Monitoria;<\/li>\n<li dir=\"ltr\">II Semin\u00e1rio de Estudos Lingu\u00edsticos e Internacionaliza\u00e7\u00e3o;<\/li>\n<li dir=\"ltr\">VI Lan\u00e7amento Coletivo de Livros;<\/li>\n<\/ul>\n<p>Em breve a programa\u00e7\u00e3o completa ser\u00e1 divulgada <a href=\"https:\/\/eventos.ifac.edu.br\/evento\/viii-congresso-de-ciencia-e-tecnologia-do-instituto-federal-do-acre\/\" target=\"_blank\" rel=\"noopener\"><strong>aqui<\/strong><\/a>.<\/p>\n","protected":false},"excerpt":{"rendered":"<p>O VIII Congresso de Ci\u00eancia e Tecnologia do Ifac traz como tema &#8220;Intelig\u00eancia Coletiva: Desafios e perspectivas para forma\u00e7\u00e3o humana integral na EPT\u201d. Nessa edi\u00e7\u00e3o, a programa\u00e7\u00e3o contar\u00e1 com atividades coordenadas pelas Pr\u00f3-Reitorias de Ensino (Proen), Extens\u00e3o (Proex), Pesquisa, Inova\u00e7\u00e3o e P\u00f3s-Gradua\u00e7\u00e3o (Proinp), Diretoria Sist\u00eamica de Assist\u00eancia Estudantil (Dsaes), Assessoria de Rela\u00e7\u00f5es Internacionais (Arint), Editora [&hellip;]<\/p>\n","protected":false},"author":27,"featured_media":0,"parent":0,"menu_order":0,"comment_status":"closed","ping_status":"closed","template":"","meta":{"footnotes":""},"class_list":["post-567","page","type-page","status-publish","hentry"],"_links":{"self":[{"href":"https:\/\/web.ifac.edu.br\/conct\/wp-json\/wp\/v2\/pages\/567","targetHints":{"allow":["GET"]}}],"collection":[{"href":"https:\/\/web.ifac.edu.br\/conct\/wp-json\/wp\/v2\/pages"}],"about":[{"href":"https:\/\/web.ifac.edu.br\/conct\/wp-json\/wp\/v2\/types\/page"}],"author":[{"embeddable":true,"href":"https:\/\/web.ifac.edu.br\/conct\/wp-json\/wp\/v2\/users\/27"}],"replies":[{"embeddable":true,"href":"https:\/\/web.ifac.edu.br\/conct\/wp-json\/wp\/v2\/comments?post=567"}],"version-history":[{"count":0,"href":"https:\/\/web.ifac.edu.br\/conct\/wp-json\/wp\/v2\/pages\/567\/revisions"}],"wp:attachment":[{"href":"https:\/\/web.ifac.edu.br\/conct\/wp-json\/wp\/v2\/media?parent=567"}],"curies":[{"name":"wp","href":"https:\/\/api.w.org\/{rel}","templated":true}]}}