{"id":520,"date":"2017-11-03T13:25:18","date_gmt":"2017-11-03T18:25:18","guid":{"rendered":"http:\/\/web.ifac.edu.br\/conct\/?page_id=520"},"modified":"2023-07-03T10:20:23","modified_gmt":"2023-07-03T15:20:23","slug":"contato-informacoes","status":"publish","type":"page","link":"https:\/\/web.ifac.edu.br\/conct\/contato-informacoes\/","title":{"rendered":"CONTATOS"},"content":{"rendered":"<p>Para mais informa\u00e7\u00f5es, d\u00favidas ou esclarecimentos, entre em contato atrav\u00e9s dos e-mails:<\/p>\n<p>Comiss\u00e3o Organizadora VIII Conc&amp;t: <strong><a href=\"mailto:conct@ifac.edu.br\" target=\"_blank\" rel=\"noopener noreferrer\">conct@ifac.edu.br<\/a><\/strong>;<\/p>\n<p>Lan\u00e7amento Coletivo de Livros: <strong><a href=\"mailto:edifac@ifac.edu.br\" target=\"_blank\" rel=\"noopener\">edifac@ifac.edu.br<\/a> <\/strong>ou<strong> <a href=\"mailto:kelen.dantas@ifac.edu.br\" target=\"_blank\" rel=\"noopener\">kelen.dantas@ifac.edu.br<\/a><\/strong>;<\/p>\n","protected":false},"excerpt":{"rendered":"<p>Para mais informa\u00e7\u00f5es, d\u00favidas ou esclarecimentos, entre em contato atrav\u00e9s dos e-mails: Comiss\u00e3o Organizadora VIII Conc&amp;t: conct@ifac.edu.br; Lan\u00e7amento Coletivo de Livros: edifac@ifac.edu.br ou kelen.dantas@ifac.edu.br;<\/p>\n","protected":false},"author":15,"featured_media":0,"parent":0,"menu_order":0,"comment_status":"closed","ping_status":"closed","template":"","meta":{"footnotes":""},"class_list":["post-520","page","type-page","status-publish","hentry"],"_links":{"self":[{"href":"https:\/\/web.ifac.edu.br\/conct\/wp-json\/wp\/v2\/pages\/520","targetHints":{"allow":["GET"]}}],"collection":[{"href":"https:\/\/web.ifac.edu.br\/conct\/wp-json\/wp\/v2\/pages"}],"about":[{"href":"https:\/\/web.ifac.edu.br\/conct\/wp-json\/wp\/v2\/types\/page"}],"author":[{"embeddable":true,"href":"https:\/\/web.ifac.edu.br\/conct\/wp-json\/wp\/v2\/users\/15"}],"replies":[{"embeddable":true,"href":"https:\/\/web.ifac.edu.br\/conct\/wp-json\/wp\/v2\/comments?post=520"}],"version-history":[{"count":0,"href":"https:\/\/web.ifac.edu.br\/conct\/wp-json\/wp\/v2\/pages\/520\/revisions"}],"wp:attachment":[{"href":"https:\/\/web.ifac.edu.br\/conct\/wp-json\/wp\/v2\/media?parent=520"}],"curies":[{"name":"wp","href":"https:\/\/api.w.org\/{rel}","templated":true}]}}