{"id":516,"date":"2017-11-03T13:23:17","date_gmt":"2017-11-03T18:23:17","guid":{"rendered":"http:\/\/web.ifac.edu.br\/conct\/?page_id=516"},"modified":"2023-10-31T10:59:15","modified_gmt":"2023-10-31T15:59:15","slug":"submissao","status":"publish","type":"page","link":"https:\/\/web.ifac.edu.br\/conct\/submissao\/","title":{"rendered":"SUBMISS\u00d5ES"},"content":{"rendered":"<p><strong><a href=\"https:\/\/sei.ifac.edu.br\/sei\/publicacoes\/controlador_publicacoes.php?acao=publicacao_visualizar&amp;id_documento=808309&amp;id_orgao_publicacao=0\" target=\"_blank\" rel=\"noopener\">Edital 01\/2023 &#8211; VIII Conc&amp;t<\/a>;<\/strong><\/p>\n<p><strong><a href=\"https:\/\/sei.ifac.edu.br\/sei\/publicacoes\/controlador_publicacoes.php?acao=publicacao_visualizar&amp;id_documento=841612&amp;id_orgao_publicacao=0\" target=\"_blank\" rel=\"noopener\">Edital Complementar 01\/2023 &#8211; VIII Conc&amp;t<\/a><\/strong>;<\/p>\n<p><strong><a href=\"https:\/\/sei.ifac.edu.br\/sei\/publicacoes\/controlador_publicacoes.php?acao=publicacao_visualizar&amp;id_documento=867849&amp;id_orgao_publicacao=0\" target=\"_blank\" rel=\"noopener\">Edital Complementar 02\/2023 &#8211; VIII Conc&amp;t &#8211; Resultado Preliminar e Formato de Apresenta\u00e7\u00e3o de Trabalhos<\/a><\/strong>;<\/p>\n<p><a href=\"https:\/\/sei.ifac.edu.br\/sei\/publicacoes\/controlador_publicacoes.php?acao=publicacao_visualizar&amp;id_documento=871799&amp;id_orgao_publicacao=0\" target=\"_blank\" rel=\"noopener\"><strong>Edital Complementar 03\/2023 &#8211; VIII Conc&amp;t &#8211; Resultado Final para Apresenta\u00e7\u00e3o de Trabalhos<\/strong><\/a>;<\/p>\n<p><a href=\"https:\/\/sei.ifac.edu.br\/sei\/publicacoes\/controlador_publicacoes.php?acao=publicacao_visualizar&amp;id_documento=879684&amp;id_orgao_publicacao=0\" target=\"_blank\" rel=\"noopener\"><strong>Edital Complementar 04\/2023 &#8211; VIII Conc&amp;t &#8211; Datas e hor\u00e1rios para Apresenta\u00e7\u00e3o de Trabalhos<\/strong><\/a>;<\/p>\n<p>___________________________________________<\/p>\n<p><strong><a href=\"https:\/\/web.ifac.edu.br\/conct\/wp-content\/uploads\/sites\/34\/2023\/07\/CONCT_2023_Modelo_RESUMO-SIMPLES_.docx\" target=\"_blank\" rel=\"noopener\">Modelo de resumo simples para submiss\u00e3o &#8211; VIII Conc&amp;t<\/a><\/strong>;<\/p>\n<p><a href=\"https:\/\/web.ifac.edu.br\/conct\/wp-content\/uploads\/sites\/34\/2023\/09\/CONCT_2023_Modelo_Apresentacao_PALESTRANTE_-1.pptx\" target=\"_blank\" rel=\"noopener\"><strong>Modelo de apresenta\u00e7\u00e3o em Power Point &#8211; VIII Conc&amp;t<\/strong><\/a>;<\/p>\n<p><a href=\"https:\/\/web.ifac.edu.br\/conct\/wp-content\/uploads\/sites\/34\/2023\/09\/CONCT_2023_Modelo_Apresentacao_BANNER_.pptx\" target=\"_blank\" rel=\"noopener\"><strong>Modelo de apresenta\u00e7\u00e3o em Banner &#8211; VIII Conc&amp;t<\/strong><\/a>;<\/p>\n<p>___________________________________________<\/p>\n<p><span style=\"color: #000000\"><em><strong>Orienta\u00e7\u00f5es e normas para submiss\u00e3o de artigos completos e resumos simples:<\/strong><\/em><\/span><\/p>\n<p>Informa\u00e7\u00f5es para submiss\u00f5es nas modalidades: VI Exposi\u00e7\u00e3o de Pesquisa Cient\u00edfica; XIII Semin\u00e1rio de Inicia\u00e7\u00e3o Cient\u00edfica; III Observat\u00f3rio dos Grupos de Pesquisa do IFAC; Mostra de Projetos Tecnol\u00f3gicos e Produtos Makers do Ifac; VIII Mostra Extens\u00e3o; Relatos de Monitoria; Pibid em A\u00e7\u00e3o; Resid\u00eancia Pedag\u00f3gica em A\u00e7\u00e3o; Relatos de Est\u00e1gio Curricular Supervisionado e Pr\u00e1ticas Profissionais; Relatos de Pr\u00e1ticas Inclusivas; Relatos de Pr\u00e1ticas Pedag\u00f3gicas e II Semin\u00e1rio de Estudos Lingu\u00edsticos e Internacionaliza\u00e7\u00e3o:<\/p>\n<p>As submiss\u00f5es de resumos e artigos completos seguem at\u00e9 o dia 21\/08\/2023. Participantes que desejam submeter resumos simples devem clicar <strong><a href=\"https:\/\/eventos.ifac.edu.br\/evento\/viii-congresso-de-ciencia-e-tecnologia-do-instituto-federal-do-acre\/\" target=\"_blank\" rel=\"noopener\">aqui<\/a><\/strong>. As submiss\u00f5es de artigos completos devem ser realizadas na plataforma da <strong><a href=\"https:\/\/periodicos.ifac.edu.br\/index.php\/revistarca\" target=\"_blank\" rel=\"noopener\">Revista Conex\u00e3o na Amaz\u00f4nia<\/a><\/strong>.<\/p>\n<ul>\n<li>Ser\u00e1 aceito resumo simples redigido em l\u00edngua portuguesa e apresentado nos formatos descritos no edital.<\/li>\n<li>\u00a0N\u00e3o ser\u00e3o aceitos trabalhos fora das normas aqui estabelecidas;<\/li>\n<li>Depois de submetido, n\u00e3o ser\u00e3o aceitas altera\u00e7\u00f5es no documento enviado nem mesmo inclus\u00e3o ou retirada de nomes de autores ou coautores;<\/li>\n<li>O texto do resumo deve conter de 250 a 300 palavras e seguir as orienta\u00e7\u00f5es previstas no <a href=\"https:\/\/sei.ifac.edu.br\/sei\/publicacoes\/controlador_publicacoes.php?acao=publicacao_visualizar&amp;id_documento=808309&amp;id_orgao_publicacao=0\" target=\"_blank\" rel=\"noopener\">Edital 01\/2023 &#8211; VIII Conc&amp;t<\/a>;<\/li>\n<li>Os trabalhos submetidos ao IX Semin\u00e1rio de P\u00f3s-Gradua\u00e7\u00e3o ser\u00e3o na forma de artigo completo de acordo com as regras do subitem 8.3.3. do <a href=\"https:\/\/sei.ifac.edu.br\/sei\/publicacoes\/controlador_publicacoes.php?acao=publicacao_visualizar&amp;id_documento=808309&amp;id_orgao_publicacao=0\" target=\"_blank\" rel=\"noopener\">Edital 01\/2023 &#8211; VIII Conc&amp;t<\/a> e ser\u00e3o publicados em edi\u00e7\u00e3o especial na Revista Conex\u00e3o na Amaz\u00f4nia (RCA). A submiss\u00e3o e publica\u00e7\u00e3o dos referidos trabalhos ser\u00e3o realizadas diretamente na plataforma da revista RCA, pelo link:\u00a0 <a href=\"https:\/\/periodicos.ifac.edu.br\/index.php\/revistarca\" target=\"_blank\" rel=\"noopener\">https:\/\/periodicos.ifac.edu.br\/index.php\/revistarca<\/a>;<\/li>\n<li>Para apresenta\u00e7\u00e3o de trabalhos cient\u00edficos (VI Exposi\u00e7\u00e3o de Pesquisa Cient\u00edfica; XIII Semin\u00e1rio de Inicia\u00e7\u00e3o Cient\u00edfica; III Observat\u00f3rio dos Grupos de Pesquisa do IFAC; Mostra de Projetos Tecnol\u00f3gicos e Produtos Makers do Ifac), trabalhos de extens\u00e3o (VIII Mostra Extens\u00e3o) e, Relatos de Monitoria; Pibid em A\u00e7\u00e3o; Resid\u00eancia Pedag\u00f3gica em A\u00e7\u00e3o; Relatos de Est\u00e1gio Curricular Supervisionado e Pr\u00e1ticas Profissionais; Relatos de Pr\u00e1ticas Inclusivas; Relatos de Pr\u00e1ticas Pedag\u00f3gicas e II Semin\u00e1rio de Estudos Lingu\u00edsticos e Internacionaliza\u00e7\u00e3o, os autores dever\u00e3o elaborar e submeter resumos simples ou artigos completos, de acordo com <a href=\"https:\/\/sei.ifac.edu.br\/sei\/publicacoes\/controlador_publicacoes.php?acao=publicacao_visualizar&amp;id_documento=808309&amp;id_orgao_publicacao=0\" target=\"_blank\" rel=\"noopener\">Edital 01\/2023 &#8211; VIII Conc&amp;t<\/a>;<\/li>\n<li>O modelo e as orienta\u00e7\u00f5es para elabora\u00e7\u00e3o dos resumos est\u00e3o apresentados no Anexo II do <a href=\"https:\/\/sei.ifac.edu.br\/sei\/publicacoes\/controlador_publicacoes.php?acao=publicacao_visualizar&amp;id_documento=808309&amp;id_orgao_publicacao=0\" target=\"_blank\" rel=\"noopener\">Edital 01\/2023 &#8211; VIII Conc&amp;t<\/a>;<\/li>\n<\/ul>\n<p><strong><em>Normas para submiss\u00e3o de resumo simples e artigos cient\u00edficos:\u00a0<\/em><\/strong><\/p>\n<ul>\n<li>As submiss\u00f5es de resumos simples ter\u00e3o in\u00edcio em 01\/07\/2023 e t\u00e9rmino em 21\/08\/2023 \u00e0s 23h59min. N\u00e3o ser\u00e3o aceitos resumos simples enviados por qualquer outra fonte al\u00e9m do <a href=\"https:\/\/eventos.ifac.edu.br\/evento\/viii-congresso-de-ciencia-e-tecnologia-do-instituto-federal-do-acre\/\" target=\"_blank\" rel=\"noopener\">sistema dispon\u00edvel no site do VIII Conc&amp;t<\/a>, ou fora do prazo estipulado;<\/li>\n<li>N\u00e3o ser\u00e3o aceitos artigos enviados por qualquer outra fonte al\u00e9m da plataforma da revista (<a href=\"http:\/\/periodicos.ifac.edu.br\/index.php\/revistarca\/issue\/view\/2\"><em>http:\/\/periodicos.ifac.edu.br\/index.php\/revistarca\/issue\/view\/2<\/em><\/a>) ou fora do prazo estipulado em edital;<\/li>\n<li>N\u00e3o h\u00e1 limites para submiss\u00f5es como autor e coautor;<\/li>\n<li>Todos os coautores dever\u00e3o obrigatoriamente ser cadastrados no site\u00a0<a href=\"https:\/\/www.eventos.ifac.edu.br\/\"><em>https:\/\/www.eventos.ifac.edu.br<\/em><\/a>. N\u00e3o ser\u00e1 emitido quaisquer certificados para pessoas n\u00e3o cadastradas no evento.<\/li>\n<li>Para submiss\u00e3o de resumos, \u00e9 necess\u00e1rio o preenchimento completo do cadastro individual no sistema dispon\u00edvel no site do VIII CONC&amp;T, tanto pelos autores brasileiros quanto os estrangeiros.<\/li>\n<li>Os resumos dever\u00e3o ser submetidos exclusivamente atrav\u00e9s do <a href=\"https:\/\/eventos.ifac.edu.br\/evento\/viii-congresso-de-ciencia-e-tecnologia-do-instituto-federal-do-acre\/\" target=\"_blank\" rel=\"noopener\">sistema dispon\u00edvel no site do VIII CONC&amp;T<\/a>, seguindo rigorosamente as especifica\u00e7\u00f5es do presente no edital e dos procedimentos previstos no pr\u00f3prio sistema.<\/li>\n<li>Somente a modalidade IX Semin\u00e1rio de P\u00f3s-Gradua\u00e7\u00e3o ter\u00e1 a submiss\u00e3o em formato de artigo completo, conforme normas dispon\u00edveis no anexo I do<\/li>\n<li><a href=\"https:\/\/sei.ifac.edu.br\/sei\/publicacoes\/controlador_publicacoes.php?acao=publicacao_visualizar&amp;id_documento=808309&amp;id_orgao_publicacao=0\" target=\"_blank\" rel=\"noopener\">Edital 01\/2023 &#8211; VIII Conc&amp;t<\/a>.<\/li>\n<li>As demais modalidades de evento ter\u00e3o submiss\u00e3o em formato de resumo simples, com no m\u00e1ximo 250 palavras e m\u00e1ximo de 300 palavras, contendo obrigatoriamente informa\u00e7\u00f5es sobre a justificativa, o(s) objetivo(s), metodologia, resultados e discuss\u00e3o, conclus\u00f5es, conforme anexo II do <a href=\"https:\/\/sei.ifac.edu.br\/sei\/publicacoes\/controlador_publicacoes.php?acao=publicacao_visualizar&amp;id_documento=808309&amp;id_orgao_publicacao=0\" target=\"_blank\" rel=\"noopener\">Edital 01\/2023 &#8211; VIII Conc&amp;t<\/a>.<\/li>\n<li>Na submiss\u00e3o o autor deve enviar 02 arquivos, sendo um \u201ccom autoria\u201d e o outro \u201csem autoria\u201d, conforme anexo II presente no <a href=\"https:\/\/sei.ifac.edu.br\/sei\/publicacoes\/controlador_publicacoes.php?acao=publicacao_visualizar&amp;id_documento=808309&amp;id_orgao_publicacao=0\" target=\"_blank\" rel=\"noopener\">Edital 01\/2023 &#8211; VIII Conc&amp;t<\/a>.<\/li>\n<\/ul>\n<p><strong><em>Normas para Lan\u00e7amento Coletivo de Livros:\u00a0<\/em><\/strong><\/p>\n<ol>\n<li>As inscri\u00e7\u00f5es dever\u00e3o ser enviadas \u00e0 comiss\u00e3o organizadora no prazo de 21\/08 a 30\/09\/2023;<\/li>\n<li>A classifica\u00e7\u00e3o se dar\u00e1 por meio de ordem de inscri\u00e7\u00e3o. Os interessados dever\u00e3o encaminhar mensagem para o e-mail da Editora Ifac (edifac@ifac.edu.br) com a descri\u00e7\u00e3o do assunto: \u201cLan\u00e7amento coletivo de livros \u2013 VIII CONC&amp;T 2023\u201d. No conte\u00fado dever\u00e3o ser enviadas as seguintes informa\u00e7\u00f5es:<\/li>\n<\/ol>\n<ul>\n<li>Nome do(s) autor(es) ou organizador(es) e curr\u00edculo resumido;<\/li>\n<li>T\u00edtulo do livro;<\/li>\n<li>\u00c1rea do conhecimento;<\/li>\n<li>Imagem da capa do livro em PDF ou JPEG (em alta resolu\u00e7\u00e3o e defini\u00e7\u00e3o).<\/li>\n<\/ul>\n<p>Qualquer d\u00favida entrar em contato pelos e-mails\u00a0<em><a href=\"mailto:edifac@ifac.edu.br\">edifac@ifac.edu.br<\/a><\/em> e\u00a0<em><a href=\"mailto:kelen.dantas@ifac.edu.br\">kelen.dantas@ifac.edu.br<\/a><\/em>;<\/p>\n<div id=\"gtx-trans\">\n<div class=\"gtx-trans-icon\"><\/div>\n<\/div>\n","protected":false},"excerpt":{"rendered":"<p>Edital 01\/2023 &#8211; VIII Conc&amp;t; Edital Complementar 01\/2023 &#8211; VIII Conc&amp;t; Edital Complementar 02\/2023 &#8211; VIII Conc&amp;t &#8211; Resultado Preliminar e Formato de Apresenta\u00e7\u00e3o de Trabalhos; Edital Complementar 03\/2023 &#8211; VIII Conc&amp;t &#8211; Resultado Final para Apresenta\u00e7\u00e3o de Trabalhos; Edital Complementar 04\/2023 &#8211; VIII Conc&amp;t &#8211; Datas e hor\u00e1rios para Apresenta\u00e7\u00e3o de Trabalhos; ___________________________________________ Modelo [&hellip;]<\/p>\n","protected":false},"author":15,"featured_media":0,"parent":0,"menu_order":0,"comment_status":"closed","ping_status":"closed","template":"","meta":{"footnotes":""},"class_list":["post-516","page","type-page","status-publish","hentry"],"_links":{"self":[{"href":"https:\/\/web.ifac.edu.br\/conct\/wp-json\/wp\/v2\/pages\/516","targetHints":{"allow":["GET"]}}],"collection":[{"href":"https:\/\/web.ifac.edu.br\/conct\/wp-json\/wp\/v2\/pages"}],"about":[{"href":"https:\/\/web.ifac.edu.br\/conct\/wp-json\/wp\/v2\/types\/page"}],"author":[{"embeddable":true,"href":"https:\/\/web.ifac.edu.br\/conct\/wp-json\/wp\/v2\/users\/15"}],"replies":[{"embeddable":true,"href":"https:\/\/web.ifac.edu.br\/conct\/wp-json\/wp\/v2\/comments?post=516"}],"version-history":[{"count":0,"href":"https:\/\/web.ifac.edu.br\/conct\/wp-json\/wp\/v2\/pages\/516\/revisions"}],"wp:attachment":[{"href":"https:\/\/web.ifac.edu.br\/conct\/wp-json\/wp\/v2\/media?parent=516"}],"curies":[{"name":"wp","href":"https:\/\/api.w.org\/{rel}","templated":true}]}}