{"id":512,"date":"2017-11-03T13:19:49","date_gmt":"2017-11-03T18:19:49","guid":{"rendered":"http:\/\/web.ifac.edu.br\/conct\/?page_id=512"},"modified":"2023-07-03T10:19:52","modified_gmt":"2023-07-03T15:19:52","slug":"sobre-o-evento","status":"publish","type":"page","link":"https:\/\/web.ifac.edu.br\/conct\/sobre-o-evento\/","title":{"rendered":"SOBRE"},"content":{"rendered":"<p style=\"text-align: center\"><em><strong>VIII Conc&amp;t:<\/strong> <strong>Intelig\u00eancia Coletiva &#8211; Desafios e perspectivas para forma\u00e7\u00e3o humana integral na EPT<\/strong><\/em><\/p>\n<p>O VIII Congresso de Ci\u00eancia e Tecnologia do Ifac (VIII Conc&amp;t) \u00e9 um evento promovido pelo Instituto Federal do Acre (Ifac), por meio das Pr\u00f3-Reitorias de Pesquisa, Inova\u00e7\u00e3o e P\u00f3s-Gradua\u00e7\u00e3o (Proinp), Extens\u00e3o (Proex) e Ensino (Proen), da Diretoria Sist\u00eamica de Assist\u00eancia Estudantil (Dsaes), da Assessoria de Rela\u00e7\u00f5es Internacionais (Arint), dos seis campi da institui\u00e7\u00e3o, e com apoio do Conselho Nacional de Desenvolvimento Cient\u00edfico e Tecnol\u00f3gico (CNPq), Universidade Federal do Acre (Ufac) e Sebrae\/Acre.<\/p>\n<p>O objetivo do evento \u00e9 congregar a comunidade acad\u00eamica e profissional atuante em diversas \u00e1reas do conhecimento, promovendo a socializa\u00e7\u00e3o e a intera\u00e7\u00e3o entre todos que t\u00eam interesse e\/ou realizam projetos e a\u00e7\u00f5es no desenvolvimento da ci\u00eancia, tecnologia, inova\u00e7\u00e3o, p\u00f3s-gradua\u00e7\u00e3o, empreendedorismo, extens\u00e3o e educa\u00e7\u00e3o tecnol\u00f3gica, por meio da realiza\u00e7\u00e3o de atividades de car\u00e1ter cient\u00edfico, profissional, pol\u00edtico e cultural.<\/p>\n<p>Nesta edi\u00e7\u00e3o, o Congresso de Ci\u00eancia e Tecnologia do Ifac acontecer\u00e1 em <em><strong>formato presencial, no campus Rio Branco<\/strong><\/em>. As atividades ser\u00e3o realizadas entre os dias <em><strong>21, 22 e 23 de novembro<\/strong><\/em>.<\/p>\n<p>Por meio da apresenta\u00e7\u00e3o de trabalhos cient\u00edficos e de extens\u00e3o, estudantes, servidores e a comunidade poder\u00e3o participar do evento divulgando pesquisas e projetos por meio de apresenta\u00e7\u00f5es orais, em banners, publica\u00e7\u00e3o de artigos cient\u00edficos, como tamb\u00e9m integrar palestras, mesas redondas, oficinas e rodas de conversa.<\/p>\n","protected":false},"excerpt":{"rendered":"<p>VIII Conc&amp;t: Intelig\u00eancia Coletiva &#8211; Desafios e perspectivas para forma\u00e7\u00e3o humana integral na EPT O VIII Congresso de Ci\u00eancia e Tecnologia do Ifac (VIII Conc&amp;t) \u00e9 um evento promovido pelo Instituto Federal do Acre (Ifac), por meio das Pr\u00f3-Reitorias de Pesquisa, Inova\u00e7\u00e3o e P\u00f3s-Gradua\u00e7\u00e3o (Proinp), Extens\u00e3o (Proex) e Ensino (Proen), da Diretoria Sist\u00eamica de Assist\u00eancia [&hellip;]<\/p>\n","protected":false},"author":15,"featured_media":0,"parent":0,"menu_order":0,"comment_status":"closed","ping_status":"closed","template":"","meta":{"footnotes":""},"class_list":["post-512","page","type-page","status-publish","hentry"],"_links":{"self":[{"href":"https:\/\/web.ifac.edu.br\/conct\/wp-json\/wp\/v2\/pages\/512","targetHints":{"allow":["GET"]}}],"collection":[{"href":"https:\/\/web.ifac.edu.br\/conct\/wp-json\/wp\/v2\/pages"}],"about":[{"href":"https:\/\/web.ifac.edu.br\/conct\/wp-json\/wp\/v2\/types\/page"}],"author":[{"embeddable":true,"href":"https:\/\/web.ifac.edu.br\/conct\/wp-json\/wp\/v2\/users\/15"}],"replies":[{"embeddable":true,"href":"https:\/\/web.ifac.edu.br\/conct\/wp-json\/wp\/v2\/comments?post=512"}],"version-history":[{"count":0,"href":"https:\/\/web.ifac.edu.br\/conct\/wp-json\/wp\/v2\/pages\/512\/revisions"}],"wp:attachment":[{"href":"https:\/\/web.ifac.edu.br\/conct\/wp-json\/wp\/v2\/media?parent=512"}],"curies":[{"name":"wp","href":"https:\/\/api.w.org\/{rel}","templated":true}]}}